{"id":10,"date":"2022-02-10T22:25:45","date_gmt":"2022-02-11T03:25:45","guid":{"rendered":"https:\/\/routedesartsvs.wordpress.com\/?page_id=10"},"modified":"2025-04-28T11:49:26","modified_gmt":"2025-04-28T16:49:26","slug":"conseil-dadministration","status":"publish","type":"page","link":"https:\/\/routedesartsvaudreuilsoulanges.com\/en\/naissance-de-lo-b-n-l\/conseil-dadministration\/","title":{"rendered":"L&rsquo;\u00e9quipe"},"content":{"rendered":"<p>Notre organisme sans but lucratif est repr\u00e9sent\u00e9 par son conseil d\u2019administration et plusieurs b\u00e9n\u00e9voles qui s\u2019activent afin de dynamiser le monde culturel de la r\u00e9gion de Vaudreuil-Soulanges par ses activit\u00e9s li\u00e9es \u00e0 sa Route des arts. <\/p>\n\n\n\n<p>Voici la composition du conseil d&rsquo;administration.<\/p>\n\n\n\n<div style=\"height:51px\" aria-hidden=\"true\" class=\"wp-block-spacer\"><\/div>\n\n\n\n<div class=\"wp-block-media-text alignwide is-stacked-on-mobile\"><figure class=\"wp-block-media-text__media\"><img loading=\"lazy\" decoding=\"async\" width=\"388\" height=\"388\" src=\"https:\/\/routedesartsvaudreuilsoulanges.com\/wp-content\/uploads\/2024\/04\/LouiseSeguin.jpeg\" alt=\"\" class=\"wp-image-1529 size-full\" srcset=\"https:\/\/routedesartsvaudreuilsoulanges.com\/wp-content\/uploads\/2024\/04\/LouiseSeguin.jpeg 388w, https:\/\/routedesartsvaudreuilsoulanges.com\/wp-content\/uploads\/2024\/04\/LouiseSeguin-300x300.jpeg 300w, https:\/\/routedesartsvaudreuilsoulanges.com\/wp-content\/uploads\/2024\/04\/LouiseSeguin-150x150.jpeg 150w\" sizes=\"auto, (max-width: 388px) 100vw, 388px\" \/><\/figure><div class=\"wp-block-media-text__content\">\n<h2 class=\"wp-block-heading has-text-align-left\" id=\"louise-seguin\">Louise S\u00e9guin<\/h2>\n\n\n\n<p class=\"has-text-align-left\" style=\"font-size:16px\"><em>Pr\u00e9sidente du conseil d&rsquo;administration<\/em><\/p>\n\n\n\n<p class=\"has-text-align-left\" style=\"font-size:16px\">Louise S\u00e9guin, devenue joailli\u00e8re apr\u00e8s une longue carri\u00e8re r\u00e9ussie en gestion, a g\u00e9n\u00e9reusement accept\u00e9 le poste de pr\u00e9sidente de l&rsquo;organisme.<\/p>\n\n\n\n<p style=\"font-size:16px\"><\/p>\n\n\n\n<p class=\"has-text-align-left\" style=\"font-size:16px\"><\/p>\n<\/div><\/div>\n\n\n\n<div class=\"wp-block-media-text alignwide has-media-on-the-right is-stacked-on-mobile\"><div class=\"wp-block-media-text__content\">\n<h2 class=\"wp-block-heading has-text-align-left\" id=\"sonia-isabelle\">Sonia Isabelle<\/h2>\n\n\n\n<p class=\"has-text-align-left\" style=\"font-size:16px\"><em>Tr\u00e9sori\u00e8re<\/em><\/p>\n\n\n\n<p style=\"font-size:16px\">Sonia Isabelle est une artiste professionnelle en arts visuels du Qu\u00e9bec. Elle est dipl\u00f4m\u00e9e en Arts plastiques du C\u00e9gep de Valleyfield, au Baccalaur\u00e9at des Beaux-Arts (BFA), majeures en design graphique et illustration de l\u2019Universit\u00e9 Concordia ainsi que d\u2019une sp\u00e9cialisation en m\u00e9diation culturelle. Sonia a comme objectif de livrer, par des dessins d\u00e9taill\u00e9s au crayon graphite, un t\u00e9moignage visuel de son \u00e9poque et du rapport entre l\u2019humain et son environnement.<\/p>\n\n\n\n<p class=\"has-text-align-left\" style=\"font-size:16px\">Elle fait un retour au CA qui est grandement <\/p>\n<\/div><figure class=\"wp-block-media-text__media\"><img loading=\"lazy\" decoding=\"async\" width=\"1024\" height=\"1024\" src=\"https:\/\/routedesartsvaudreuilsoulanges.com\/wp-content\/uploads\/2025\/01\/Sonia_Isabelle_fev24-copie-1024x1024.jpg\" alt=\"\" class=\"wp-image-1990 size-full\" srcset=\"https:\/\/routedesartsvaudreuilsoulanges.com\/wp-content\/uploads\/2025\/01\/Sonia_Isabelle_fev24-copie-1024x1024.jpg 1024w, https:\/\/routedesartsvaudreuilsoulanges.com\/wp-content\/uploads\/2025\/01\/Sonia_Isabelle_fev24-copie-300x300.jpg 300w, https:\/\/routedesartsvaudreuilsoulanges.com\/wp-content\/uploads\/2025\/01\/Sonia_Isabelle_fev24-copie-150x150.jpg 150w, https:\/\/routedesartsvaudreuilsoulanges.com\/wp-content\/uploads\/2025\/01\/Sonia_Isabelle_fev24-copie-768x768.jpg 768w, https:\/\/routedesartsvaudreuilsoulanges.com\/wp-content\/uploads\/2025\/01\/Sonia_Isabelle_fev24-copie.jpg 1200w\" sizes=\"auto, (max-width: 1024px) 100vw, 1024px\" \/><\/figure><\/div>\n\n\n\n<div class=\"wp-block-media-text alignwide is-stacked-on-mobile\"><figure class=\"wp-block-media-text__media\"><img loading=\"lazy\" decoding=\"async\" width=\"1024\" height=\"1015\" src=\"https:\/\/routedesartsvaudreuilsoulanges.com\/wp-content\/uploads\/2023\/07\/KootChantal-2023-scaled-e1713817746638-1024x1015.jpg\" alt=\"\" class=\"wp-image-1271 size-full\" srcset=\"https:\/\/routedesartsvaudreuilsoulanges.com\/wp-content\/uploads\/2023\/07\/KootChantal-2023-scaled-e1713817746638-1024x1015.jpg 1024w, https:\/\/routedesartsvaudreuilsoulanges.com\/wp-content\/uploads\/2023\/07\/KootChantal-2023-scaled-e1713817746638-300x297.jpg 300w, https:\/\/routedesartsvaudreuilsoulanges.com\/wp-content\/uploads\/2023\/07\/KootChantal-2023-scaled-e1713817746638-150x150.jpg 150w, https:\/\/routedesartsvaudreuilsoulanges.com\/wp-content\/uploads\/2023\/07\/KootChantal-2023-scaled-e1713817746638-768x761.jpg 768w, https:\/\/routedesartsvaudreuilsoulanges.com\/wp-content\/uploads\/2023\/07\/KootChantal-2023-scaled-e1713817746638.jpg 1429w\" sizes=\"auto, (max-width: 1024px) 100vw, 1024px\" \/><\/figure><div class=\"wp-block-media-text__content\">\n<h2 class=\"wp-block-heading has-text-align-left\" id=\"edith-de-haerne\">Chantal Koot<\/h2>\n\n\n\n<p class=\"has-text-align-left\" style=\"font-size:16px\"><em>Secr\u00e9taire <\/em><\/p>\n\n\n\n<p style=\"font-size:16px\">Chantal Koot, sculptrice, a rejoint le CA \u00e0 l&rsquo;automne 2023. Gr\u00e2ce \u00e0 son exp\u00e9rience en gestion administrative dans diff\u00e9rents domaines tout au long de sa carri\u00e8re, elle apporte un soutien pr\u00e9cieux \u00e0 l&rsquo;organisation pour atteindre ses objectifs de promouvoir les artistes locaux.<\/p>\n\n\n\n<p style=\"font-size:16px\"><\/p>\n\n\n\n<p class=\"has-text-align-left\" style=\"font-size:16px\"><\/p>\n<\/div><\/div>\n\n\n\n<div class=\"wp-block-media-text alignwide has-media-on-the-right is-stacked-on-mobile\"><div class=\"wp-block-media-text__content\">\n<h2 class=\"wp-block-heading has-text-align-left\" id=\"edith-de-haerne\">Nathalie Dubois<\/h2>\n\n\n\n<p class=\"has-text-align-left\" style=\"font-size:16px\"><em>Administratrice<\/em><\/p>\n\n\n\n<p class=\"has-text-align-left\" style=\"font-size:16px\">Nathalie s&rsquo;est jointe au CA \u00e0 l&rsquo;automne 2023. En tant qu&rsquo;artiste accomplie en arts visuels, son expertise dans la gestion des m\u00e9dias sociaux nous apportera un soutien pr\u00e9cieux pour continuer \u00e0 progresser en tant qu&rsquo;organisme.<\/p>\n\n\n\n<p style=\"font-size:16px\"><\/p>\n<\/div><figure class=\"wp-block-media-text__media\"><img loading=\"lazy\" decoding=\"async\" width=\"1024\" height=\"1024\" src=\"https:\/\/routedesartsvaudreuilsoulanges.com\/wp-content\/uploads\/2024\/04\/NathalieDubois-1024x1024.jpg\" alt=\"\" class=\"wp-image-1528 size-full\" srcset=\"https:\/\/routedesartsvaudreuilsoulanges.com\/wp-content\/uploads\/2024\/04\/NathalieDubois-1024x1024.jpg 1024w, https:\/\/routedesartsvaudreuilsoulanges.com\/wp-content\/uploads\/2024\/04\/NathalieDubois-300x300.jpg 300w, https:\/\/routedesartsvaudreuilsoulanges.com\/wp-content\/uploads\/2024\/04\/NathalieDubois-150x150.jpg 150w, https:\/\/routedesartsvaudreuilsoulanges.com\/wp-content\/uploads\/2024\/04\/NathalieDubois-768x768.jpg 768w, https:\/\/routedesartsvaudreuilsoulanges.com\/wp-content\/uploads\/2024\/04\/NathalieDubois-1536x1536.jpg 1536w, https:\/\/routedesartsvaudreuilsoulanges.com\/wp-content\/uploads\/2024\/04\/NathalieDubois-2048x2048.jpg 2048w\" sizes=\"auto, (max-width: 1024px) 100vw, 1024px\" \/><\/figure><\/div>\n\n\n\n<div class=\"wp-block-media-text alignwide is-stacked-on-mobile\"><figure class=\"wp-block-media-text__media\"><img loading=\"lazy\" decoding=\"async\" width=\"1016\" height=\"1024\" src=\"https:\/\/routedesartsvaudreuilsoulanges.com\/wp-content\/uploads\/2024\/04\/JessandraGuindon-1016x1024.jpg\" alt=\"\" class=\"wp-image-1531 size-full\" srcset=\"https:\/\/routedesartsvaudreuilsoulanges.com\/wp-content\/uploads\/2024\/04\/JessandraGuindon-1016x1024.jpg 1016w, https:\/\/routedesartsvaudreuilsoulanges.com\/wp-content\/uploads\/2024\/04\/JessandraGuindon-298x300.jpg 298w, https:\/\/routedesartsvaudreuilsoulanges.com\/wp-content\/uploads\/2024\/04\/JessandraGuindon-150x150.jpg 150w, https:\/\/routedesartsvaudreuilsoulanges.com\/wp-content\/uploads\/2024\/04\/JessandraGuindon-768x774.jpg 768w, https:\/\/routedesartsvaudreuilsoulanges.com\/wp-content\/uploads\/2024\/04\/JessandraGuindon-1524x1536.jpg 1524w, https:\/\/routedesartsvaudreuilsoulanges.com\/wp-content\/uploads\/2024\/04\/JessandraGuindon.jpg 1536w\" sizes=\"auto, (max-width: 1016px) 100vw, 1016px\" \/><\/figure><div class=\"wp-block-media-text__content\">\n<h2 class=\"wp-block-heading has-text-align-left\" id=\"sonia-isabelle\">Jessandra Guindon<\/h2>\n\n\n\n<p><em>Administratrice<\/em><\/p>\n\n\n\n<p style=\"font-size:16px\">Jessandra, artiste multidisciplinaire, a \u00e9t\u00e9 nomm\u00e9e pour se joindre au CA en raison de ses id\u00e9es novatrices et de son \u00e9nergie contagieuse. Elle travaille chez DeSerres \u00e0 Vaudreuil et \u0153uvre sur plusieurs projets.<\/p>\n\n\n\n<p class=\"has-text-align-left\" style=\"font-size:16px\"><\/p>\n<\/div><\/div>\n\n\n\n<div class=\"wp-block-media-text has-media-on-the-right is-stacked-on-mobile\"><div class=\"wp-block-media-text__content\">\n<p><strong>Catherine Leroyer<\/strong><\/p>\n\n\n\n<p>Vice-Pr\u00e9sidente<\/p>\n\n\n\n<p style=\"font-size:16px\"><\/p>\n\n\n\n<p><\/p>\n<\/div><figure class=\"wp-block-media-text__media\"><img loading=\"lazy\" decoding=\"async\" width=\"848\" height=\"848\" src=\"https:\/\/routedesartsvaudreuilsoulanges.com\/wp-content\/uploads\/2025\/01\/467483582_3938314036388314_7964010899024242006_n.jpg\" alt=\"\" class=\"wp-image-1991 size-full\" srcset=\"https:\/\/routedesartsvaudreuilsoulanges.com\/wp-content\/uploads\/2025\/01\/467483582_3938314036388314_7964010899024242006_n.jpg 848w, https:\/\/routedesartsvaudreuilsoulanges.com\/wp-content\/uploads\/2025\/01\/467483582_3938314036388314_7964010899024242006_n-300x300.jpg 300w, https:\/\/routedesartsvaudreuilsoulanges.com\/wp-content\/uploads\/2025\/01\/467483582_3938314036388314_7964010899024242006_n-150x150.jpg 150w, https:\/\/routedesartsvaudreuilsoulanges.com\/wp-content\/uploads\/2025\/01\/467483582_3938314036388314_7964010899024242006_n-768x768.jpg 768w\" sizes=\"auto, (max-width: 848px) 100vw, 848px\" \/><\/figure><\/div>\n\n\n\n<hr class=\"wp-block-separator has-css-opacity\"\/>\n\n\n\n<h2 class=\"wp-block-heading has-text-align-center\" id=\"vous-voulez-travailler-avec-nous\">Vous voulez travailler avec nous\u00a0? <\/h2>\n\n\n\n<p class=\"has-text-align-center has-vivid-red-color has-text-color\"><strong><em>CONTACTEZ-NOUS !<\/em><\/strong> <\/p>\n\n\n\n<p class=\"has-text-align-center has-vivid-red-color has-text-color\">routedesartsvaudreuilsoulanges@gmail.com<\/p>\n\n\n\n<div style=\"height:100px\" aria-hidden=\"true\" class=\"wp-block-spacer\"><\/div>\n\n\n\n<hr class=\"wp-block-separator has-css-opacity\"\/>","protected":false},"excerpt":{"rendered":"<p>Notre organisme sans but lucratif est repr\u00e9sent\u00e9 par son conseil d\u2019administration et plusieurs b\u00e9n\u00e9voles qui s\u2019activent afin de dynamiser le monde culturel de la r\u00e9gion de Vaudreuil-Soulanges par ses activit\u00e9s li\u00e9es \u00e0 sa Route des arts. Voici la composition du conseil d&rsquo;administration. Louise S\u00e9guin Pr\u00e9sidente du conseil d&rsquo;administration Louise S\u00e9guin, devenue joailli\u00e8re apr\u00e8s une longue [&hellip;]<\/p>\n","protected":false},"author":1,"featured_media":0,"parent":112,"menu_order":1,"comment_status":"closed","ping_status":"closed","template":"","meta":{"footnotes":""},"class_list":["post-10","page","type-page","status-publish","hentry"],"_links":{"self":[{"href":"https:\/\/routedesartsvaudreuilsoulanges.com\/en\/wp-json\/wp\/v2\/pages\/10","targetHints":{"allow":["GET"]}}],"collection":[{"href":"https:\/\/routedesartsvaudreuilsoulanges.com\/en\/wp-json\/wp\/v2\/pages"}],"about":[{"href":"https:\/\/routedesartsvaudreuilsoulanges.com\/en\/wp-json\/wp\/v2\/types\/page"}],"author":[{"embeddable":true,"href":"https:\/\/routedesartsvaudreuilsoulanges.com\/en\/wp-json\/wp\/v2\/users\/1"}],"replies":[{"embeddable":true,"href":"https:\/\/routedesartsvaudreuilsoulanges.com\/en\/wp-json\/wp\/v2\/comments?post=10"}],"version-history":[{"count":23,"href":"https:\/\/routedesartsvaudreuilsoulanges.com\/en\/wp-json\/wp\/v2\/pages\/10\/revisions"}],"predecessor-version":[{"id":2399,"href":"https:\/\/routedesartsvaudreuilsoulanges.com\/en\/wp-json\/wp\/v2\/pages\/10\/revisions\/2399"}],"up":[{"embeddable":true,"href":"https:\/\/routedesartsvaudreuilsoulanges.com\/en\/wp-json\/wp\/v2\/pages\/112"}],"wp:attachment":[{"href":"https:\/\/routedesartsvaudreuilsoulanges.com\/en\/wp-json\/wp\/v2\/media?parent=10"}],"curies":[{"name":"wp","href":"https:\/\/api.w.org\/{rel}","templated":true}]}}