{"id":112,"date":"2022-02-11T09:13:55","date_gmt":"2022-02-11T14:13:55","guid":{"rendered":"https:\/\/routedesartsvs.wordpress.com\/?page_id=112"},"modified":"2025-04-28T11:51:13","modified_gmt":"2025-04-28T16:51:13","slug":"naissance-de-lo-b-n-l","status":"publish","type":"page","link":"https:\/\/routedesartsvaudreuilsoulanges.com\/en\/naissance-de-lo-b-n-l\/","title":{"rendered":"La RAVS"},"content":{"rendered":"<div class=\"wp-block-media-text alignwide is-stacked-on-mobile\" style=\"grid-template-columns:38% auto\"><figure class=\"wp-block-media-text__media\"><img loading=\"lazy\" decoding=\"async\" width=\"1024\" height=\"1024\" src=\"https:\/\/routedesartsvaudreuilsoulanges.com\/wp-content\/uploads\/2022\/02\/auteur-1024x1024.jpg\" alt=\"\" class=\"wp-image-176 size-full\" srcset=\"https:\/\/routedesartsvaudreuilsoulanges.com\/wp-content\/uploads\/2022\/02\/auteur-1024x1024.jpg 1024w, https:\/\/routedesartsvaudreuilsoulanges.com\/wp-content\/uploads\/2022\/02\/auteur-300x300.jpg 300w, https:\/\/routedesartsvaudreuilsoulanges.com\/wp-content\/uploads\/2022\/02\/auteur-150x150.jpg 150w, https:\/\/routedesartsvaudreuilsoulanges.com\/wp-content\/uploads\/2022\/02\/auteur-768x768.jpg 768w\" sizes=\"auto, (max-width: 1024px) 100vw, 1024px\" \/><\/figure><div class=\"wp-block-media-text__content\">\n<p><\/p>\n\n\n\n<p><strong>Qu\u2019est-ce que la Route des Arts de Vaudreuil-Soulanges (RAVS) ?<\/strong><\/p>\n\n\n\n<p>La Route des Arts de Vaudreuil-Soulanges est un organisme \u00e0 but non lucratif (OBNL) vou\u00e9 \u00e0 la promotion des artistes de la r\u00e9gion appartenant \u00e0 tous les domaines d\u2019art : les arts visuels, les m\u00e9tiers d\u2019art, les musiciens, les arts de la sc\u00e8ne, les arts m\u00e9diatiques, les lettres et la litt\u00e9rature. Nous organisons un \u00e9v\u00e9nement annuel pendant lequel des artistes choisis ouvrent la porte de leur atelier\/studio au grand public. Cette rencontre permet d\u2019\u00e9tablir un contact privil\u00e9gi\u00e9 en favorisant la communication et les \u00e9changes entre artistes et visiteurs sur les lieux m\u00eames de leur cr\u00e9ation.<\/p>\n<\/div><\/div>\n\n\n\n<div class=\"wp-block-media-text alignwide is-stacked-on-mobile\" style=\"grid-template-columns:38% auto\"><figure class=\"wp-block-media-text__media\"><img decoding=\"async\" src=\"https:\/\/routedesartsvaudreuilsoulanges.com\/wp-content\/uploads\/2022\/02\/bijoux-1024x1024.jpg\" alt=\"\" class=\"wp-image-178 size-full\"\/><\/figure><div class=\"wp-block-media-text__content\">\n<p><strong>Quand aura lieu la Route des Arts ?<\/strong><\/p>\n\n\n\n<p>Les dates pour 2025 seront annonc\u00e9es bient\u00f4t.<\/p>\n<\/div><\/div>\n\n\n\n<div class=\"wp-block-media-text alignwide is-stacked-on-mobile\" style=\"grid-template-columns:38% auto\"><figure class=\"wp-block-media-text__media\"><img loading=\"lazy\" decoding=\"async\" width=\"1024\" height=\"1024\" src=\"https:\/\/routedesartsvaudreuilsoulanges.com\/wp-content\/uploads\/2022\/02\/chant-1024x1024.jpg\" alt=\"\" class=\"wp-image-179 size-full\" srcset=\"https:\/\/routedesartsvaudreuilsoulanges.com\/wp-content\/uploads\/2022\/02\/chant-1024x1024.jpg 1024w, https:\/\/routedesartsvaudreuilsoulanges.com\/wp-content\/uploads\/2022\/02\/chant-300x300.jpg 300w, https:\/\/routedesartsvaudreuilsoulanges.com\/wp-content\/uploads\/2022\/02\/chant-150x150.jpg 150w, https:\/\/routedesartsvaudreuilsoulanges.com\/wp-content\/uploads\/2022\/02\/chant-768x768.jpg 768w, https:\/\/routedesartsvaudreuilsoulanges.com\/wp-content\/uploads\/2022\/02\/chant-1536x1536.jpg 1536w, https:\/\/routedesartsvaudreuilsoulanges.com\/wp-content\/uploads\/2022\/02\/chant-2048x2048.jpg 2048w\" sizes=\"auto, (max-width: 1024px) 100vw, 1024px\" \/><\/figure><div class=\"wp-block-media-text__content\">\n<p><strong>Qui est impliqu\u00e9<\/strong>?<\/p>\n\n\n\n<p>Un groupe de 7 artistes et passionn\u00e9s d\u2019arts constitue le noyau (conseil d\u2019administration) de l\u2019\u00e9quipe et plusieurs autres collaborateurs s\u2019affairent \u00e0 d\u00e9velopper tous les rouages n\u00e9cessaires pour le bon fonctionnement de l\u2019\u00e9v\u00e9nement. L&rsquo;objectif poursuivi par l&rsquo;\u00e9quipe est d\u2019offrir un \u00e9v\u00e9nement innovant et structurant qui d\u00e9montre la diversit\u00e9 et la qualit\u00e9 artistique qui se pratique sur le territoire.<\/p>\n<\/div><\/div>\n\n\n\n<div class=\"wp-block-media-text alignwide is-stacked-on-mobile\" style=\"grid-template-columns:38% auto\"><figure class=\"wp-block-media-text__media\"><img loading=\"lazy\" decoding=\"async\" width=\"1024\" height=\"1024\" src=\"https:\/\/routedesartsvaudreuilsoulanges.com\/wp-content\/uploads\/2022\/02\/clavier-1024x1024.jpg\" alt=\"\" class=\"wp-image-180 size-full\" srcset=\"https:\/\/routedesartsvaudreuilsoulanges.com\/wp-content\/uploads\/2022\/02\/clavier-1024x1024.jpg 1024w, https:\/\/routedesartsvaudreuilsoulanges.com\/wp-content\/uploads\/2022\/02\/clavier-300x300.jpg 300w, https:\/\/routedesartsvaudreuilsoulanges.com\/wp-content\/uploads\/2022\/02\/clavier-150x150.jpg 150w, https:\/\/routedesartsvaudreuilsoulanges.com\/wp-content\/uploads\/2022\/02\/clavier-768x768.jpg 768w, https:\/\/routedesartsvaudreuilsoulanges.com\/wp-content\/uploads\/2022\/02\/clavier-1536x1536.jpg 1536w, https:\/\/routedesartsvaudreuilsoulanges.com\/wp-content\/uploads\/2022\/02\/clavier-2048x2048.jpg 2048w\" sizes=\"auto, (max-width: 1024px) 100vw, 1024px\" \/><\/figure><div class=\"wp-block-media-text__content\">\n<p><strong>Comment s\u2019organise la Route<\/strong>?<\/p>\n\n\n\n<p>Un processus de s\u00e9lection invitant les artistes\/artisans \u00e0 soumettre leur candidature a lieu chaque ann\u00e9e. Le choix des artistes se fait par un comit\u00e9 de s\u00e9lection qui voit \u00e0 ce que l\u2019exp\u00e9rience des visiteurs soit diversifi\u00e9e, des plus int\u00e9ressante, et qu\u2019elle suscite de l\u2019\u00e9merveillement.<\/p>\n\n\n\n<p>Une fois les artistes choisis, les organisateurs planifient les activit\u00e9s et la publicit\u00e9 jusqu&rsquo;\u00e0 la date de l\u2019\u00e9v\u00e9nement en impliquant les artistes choisis.<\/p>\n<\/div><\/div>\n\n\n\n<div class=\"wp-block-media-text alignwide is-stacked-on-mobile\" style=\"grid-template-columns:38% auto\"><figure class=\"wp-block-media-text__media\"><img loading=\"lazy\" decoding=\"async\" width=\"1024\" height=\"1000\" src=\"https:\/\/routedesartsvaudreuilsoulanges.com\/wp-content\/uploads\/2022\/02\/danse-1024x1000.jpg\" alt=\"\" class=\"wp-image-181 size-full\" srcset=\"https:\/\/routedesartsvaudreuilsoulanges.com\/wp-content\/uploads\/2022\/02\/danse-1024x1000.jpg 1024w, https:\/\/routedesartsvaudreuilsoulanges.com\/wp-content\/uploads\/2022\/02\/danse-300x293.jpg 300w, https:\/\/routedesartsvaudreuilsoulanges.com\/wp-content\/uploads\/2022\/02\/danse-768x750.jpg 768w, https:\/\/routedesartsvaudreuilsoulanges.com\/wp-content\/uploads\/2022\/02\/danse-1536x1500.jpg 1536w, https:\/\/routedesartsvaudreuilsoulanges.com\/wp-content\/uploads\/2022\/02\/danse-2048x2001.jpg 2048w\" sizes=\"auto, (max-width: 1024px) 100vw, 1024px\" \/><\/figure><div class=\"wp-block-media-text__content\">\n<p><strong>Appel de candidatures<\/strong><\/p>\n\n\n\n<p>L\u2019appel de candidatures est effectu\u00e9 chaque ann\u00e9e et est annonc\u00e9 par infolettre et dans les m\u00e9dias sociaux. Nous invitons les artistes de tous les domaines des arts; arts visuels, m\u00e9tiers d\u2019art, musique, arts de la sc\u00e8ne et m\u00e9diatiques et la lettres et litt\u00e9rature \u00e0 poser leur candidature pour faire partie de la route des arts.<\/p>\n\n\n\n<p>Nous recherchons&nbsp;des artisans et artistes reconnus, exp\u00e9riment\u00e9s, qui d\u00e9montrent une ma\u00eetrise des techniques de l\u2019art qu\u2019il-elle pratique, qui sont habit\u00e9(e)s d\u2019une passion, qui d\u00e9sirent la partager et dont les \u0153uvres suscitent un int\u00e9r\u00eat, voire une \u00e9motion.<\/p>\n<\/div><\/div>\n\n\n\n<div class=\"wp-block-media-text alignwide is-stacked-on-mobile\" style=\"grid-template-columns:38% auto\"><figure class=\"wp-block-media-text__media\"><img loading=\"lazy\" decoding=\"async\" width=\"1024\" height=\"1024\" src=\"https:\/\/routedesartsvaudreuilsoulanges.com\/wp-content\/uploads\/2022\/02\/photo-1024x1024.jpg\" alt=\"\" class=\"wp-image-182 size-full\" srcset=\"https:\/\/routedesartsvaudreuilsoulanges.com\/wp-content\/uploads\/2022\/02\/photo-1024x1024.jpg 1024w, https:\/\/routedesartsvaudreuilsoulanges.com\/wp-content\/uploads\/2022\/02\/photo-300x300.jpg 300w, https:\/\/routedesartsvaudreuilsoulanges.com\/wp-content\/uploads\/2022\/02\/photo-150x150.jpg 150w, https:\/\/routedesartsvaudreuilsoulanges.com\/wp-content\/uploads\/2022\/02\/photo-768x768.jpg 768w, https:\/\/routedesartsvaudreuilsoulanges.com\/wp-content\/uploads\/2022\/02\/photo-1536x1536.jpg 1536w, https:\/\/routedesartsvaudreuilsoulanges.com\/wp-content\/uploads\/2022\/02\/photo-2048x2048.jpg 2048w\" sizes=\"auto, (max-width: 1024px) 100vw, 1024px\" \/><\/figure><div class=\"wp-block-media-text__content\">\n<p><strong>Communications<\/strong><\/p>\n\n\n\n<p>Nous souhaitons vous tenir inform\u00e9(e) des d\u00e9veloppements de ce projet culturel innovant pour notre r\u00e9gion. Parlez-en, incrivez-vous \u00e0 nos infolettres et abonnez-vous \u00e0 nos r\u00e9seaux sociaux.<\/p>\n\n\n\n<p>&nbsp;Vous pouvez, en tout temps, nous \u00e9crire \u00e0 <a rel=\"noreferrer noopener\" href=\"mailto:routedesartsvaudreuilsoulanges@gmail.com\" target=\"_blank\">routedesartsvaudreuilsoulanges@gmail.com<\/a> &nbsp;avec vos questions, commentaires et suggestions, il nous fera plaisir de vous lire et de vous r\u00e9pondre.<\/p>\n<\/div><\/div>\n\n\n\n<p><\/p>\n\n\n\n<p><\/p>\n\n\n\n<p><\/p>","protected":false},"excerpt":{"rendered":"<p>Qu\u2019est-ce que la Route des Arts de Vaudreuil-Soulanges (RAVS) ? La Route des Arts de Vaudreuil-Soulanges est un organisme \u00e0 but non lucratif (OBNL) vou\u00e9 \u00e0 la promotion des artistes de la r\u00e9gion appartenant \u00e0 tous les domaines d\u2019art : les arts visuels, les m\u00e9tiers d\u2019art, les musiciens, les arts de la sc\u00e8ne, les arts [&hellip;]<\/p>\n","protected":false},"author":1,"featured_media":0,"parent":0,"menu_order":0,"comment_status":"closed","ping_status":"closed","template":"","meta":{"footnotes":""},"class_list":["post-112","page","type-page","status-publish","hentry"],"_links":{"self":[{"href":"https:\/\/routedesartsvaudreuilsoulanges.com\/en\/wp-json\/wp\/v2\/pages\/112","targetHints":{"allow":["GET"]}}],"collection":[{"href":"https:\/\/routedesartsvaudreuilsoulanges.com\/en\/wp-json\/wp\/v2\/pages"}],"about":[{"href":"https:\/\/routedesartsvaudreuilsoulanges.com\/en\/wp-json\/wp\/v2\/types\/page"}],"author":[{"embeddable":true,"href":"https:\/\/routedesartsvaudreuilsoulanges.com\/en\/wp-json\/wp\/v2\/users\/1"}],"replies":[{"embeddable":true,"href":"https:\/\/routedesartsvaudreuilsoulanges.com\/en\/wp-json\/wp\/v2\/comments?post=112"}],"version-history":[{"count":10,"href":"https:\/\/routedesartsvaudreuilsoulanges.com\/en\/wp-json\/wp\/v2\/pages\/112\/revisions"}],"predecessor-version":[{"id":2401,"href":"https:\/\/routedesartsvaudreuilsoulanges.com\/en\/wp-json\/wp\/v2\/pages\/112\/revisions\/2401"}],"wp:attachment":[{"href":"https:\/\/routedesartsvaudreuilsoulanges.com\/en\/wp-json\/wp\/v2\/media?parent=112"}],"curies":[{"name":"wp","href":"https:\/\/api.w.org\/{rel}","templated":true}]}}