{"id":116,"date":"2023-02-06T07:03:06","date_gmt":"2023-02-06T12:03:06","guid":{"rendered":"https:\/\/routedesartsvs.wordpress.com\/?page_id=116"},"modified":"2026-04-13T14:25:24","modified_gmt":"2026-04-13T19:25:24","slug":"portfolio","status":"publish","type":"page","link":"https:\/\/routedesartsvaudreuilsoulanges.com\/en\/","title":{"rendered":"Welcome"},"content":{"rendered":"<h2 class=\"wp-block-heading has-text-align-center\">What's new?  <strong> <\/strong><\/h2>\n\n\n\n<p><strong>Call for Artists is now closed for the 2026 edition of the Vaudreuil-Soulanges Studio Tour.<\/strong><\/p>\n\n\n\n<ul class=\"wp-block-list\">\n<li>We are now proceeding with the evaluation of candidates for the 5th edition of the Vaudreuil-Soulanges Studio Tour.\n\nThe event will take place on September 19 and 20, 2026.<\/li>\n\n\n\n<li><strong>the event takes place on September 19 and 20, 2026<\/strong><\/li>\n<\/ul>\n\n\n\n<p><strong>Artists and Creators!!  Check out these call for artists!<\/strong><\/p>\n\n\n\n<p>Two calls for artists are ongoing:  Summer Collective Exhibition and \u00c0 vos pinceaux! pARTex! The exciting art competition.<\/p>\n\n\n\n<div class=\"wp-block-media-text is-stacked-on-mobile\"><figure class=\"wp-block-media-text__media\"><img loading=\"lazy\" decoding=\"async\" width=\"600\" height=\"503\" src=\"https:\/\/routedesartsvaudreuilsoulanges.com\/wp-content\/uploads\/2026\/04\/appeldecandidatureExpoextivale2026.jpg\" alt=\"\" class=\"wp-image-2628 size-full\" srcset=\"https:\/\/routedesartsvaudreuilsoulanges.com\/wp-content\/uploads\/2026\/04\/appeldecandidatureExpoextivale2026.jpg 600w, https:\/\/routedesartsvaudreuilsoulanges.com\/wp-content\/uploads\/2026\/04\/appeldecandidatureExpoextivale2026-300x252.jpg 300w, https:\/\/routedesartsvaudreuilsoulanges.com\/wp-content\/uploads\/2026\/04\/appeldecandidatureExpoextivale2026-14x12.jpg 14w\" sizes=\"auto, (max-width: 600px) 100vw, 600px\" \/><\/figure><div class=\"wp-block-media-text__content\">\n<p><strong>Date limite pour les inscriptions:<\/strong><\/p>\n\n\n\n<p><strong>17 mai 2026 minuit<\/strong><\/p>\n\n\n\n<p><a href=\"https:\/\/forms.gle\/pxdiTV4CBctSfxRF7\">JE M&rsquo;INSCRIS!<\/a><\/p>\n<\/div><\/div>\n\n\n\n<div class=\"wp-block-media-text has-media-on-the-right is-stacked-on-mobile\"><div class=\"wp-block-media-text__content\">\n<p><strong>Acceptance of candidates are on a first come first serve basis.<\/strong><\/p>\n\n\n\n<p>Hurry!  Limited spaces available for this exciting art competition.<\/p>\n\n\n\n<p>JE M&rsquo;INCRIS!!! Nous \u00e9crire \u00e0 info@ravs.ca<\/p>\n<\/div><figure class=\"wp-block-media-text__media\"><img loading=\"lazy\" decoding=\"async\" width=\"600\" height=\"503\" src=\"https:\/\/routedesartsvaudreuilsoulanges.com\/wp-content\/uploads\/2026\/04\/AVPPmai2026.jpg\" alt=\"\" class=\"wp-image-2630 size-full\" srcset=\"https:\/\/routedesartsvaudreuilsoulanges.com\/wp-content\/uploads\/2026\/04\/AVPPmai2026.jpg 600w, https:\/\/routedesartsvaudreuilsoulanges.com\/wp-content\/uploads\/2026\/04\/AVPPmai2026-300x252.jpg 300w, https:\/\/routedesartsvaudreuilsoulanges.com\/wp-content\/uploads\/2026\/04\/AVPPmai2026-14x12.jpg 14w\" sizes=\"auto, (max-width: 600px) 100vw, 600px\" \/><\/figure><\/div>\n\n\n\n<p class=\"has-pale-ocean-gradient-background has-background\"><strong>The Vaudreuil-Soulanges Studio Tour (RAVS) presents a cultural discovery trail offering the public the opportunity to visit several artisans' and artists' workshops while travelling the roads of the Vaudreuil-Soulanges region. This year the event took place on September 19 and 20, 2026. <\/strong> We also organize a variety of cultural activities allowing local artisans and artists to participate in group exhibitions, give workshops, and more\u2026<\/p>\n\n\n\n<p class=\"has-pale-ocean-gradient-background has-background\"><strong>For art lovers and those who want to discover how certain art forms are practiced, artists and craftspeople will welcome you to their studios to share their inspiration, creative process, and works. Are you curious to see how oil, wood, metal, acrylic, and other materials are worked? Come visit the studios and discover how artists and craftspeople work during the 2026 edition.  <\/strong><\/p>\n\n\n\n<p>****************************************************<\/p>\n\n\n\n<p class=\"has-text-align-center has-white-background-color has-background\">The last edition (2025) is available on-line<\/p>\n\n\n\n<div data-wp-interactive=\"core\/file\" class=\"wp-block-file\"><object data-wp-bind--hidden=\"!state.hasPdfPreview\" hidden class=\"wp-block-file__embed\" data=\"https:\/\/routedesartsvaudreuilsoulanges.com\/wp-content\/uploads\/2025\/08\/P24095_RouteArts_3000x_LR.pdf\" type=\"application\/pdf\" style=\"width:100%;height:600px\" aria-label=\"Embed of P24095_RouteArts_3000x_LR.\"><\/object><a id=\"wp-block-file--media-43f8ab73-ccc8-4ff9-890b-1f117a032c1f\" href=\"https:\/\/routedesartsvaudreuilsoulanges.com\/wp-content\/uploads\/2025\/08\/P24095_RouteArts_3000x_LR.pdf\">P24095_RouteArts_3000x_LR<\/a><a href=\"https:\/\/routedesartsvaudreuilsoulanges.com\/wp-content\/uploads\/2025\/08\/P24095_RouteArts_3000x_LR.pdf\" class=\"wp-block-file__button wp-element-button\" download aria-describedby=\"wp-block-file--media-43f8ab73-ccc8-4ff9-890b-1f117a032c1f\">T\u00e9l\u00e9charger<\/a><\/div>\n\n\n\n<div class=\"wp-block-group\"><div class=\"wp-block-group__inner-container is-layout-constrained wp-block-group-is-layout-constrained\"><\/div><\/div>\n\n\n\n<p><a href=\"http:\/\/eepurl.com\/hSBHQP\">Subscribe to our newsletter, <\/a>to be kept informed about our activities.  Better yet, become a member, it's free. <a href=\"https:\/\/forms.gle\/o27q9b2Y1tfwez6M8\">Become a member<\/a>You will be invited to all our activities and will be able to contribute as a volunteer or as members of our working committees. <\/p>\n\n\n\n<p><strong>****************************************************<\/strong><\/p>\n\n\n\n<p><\/p>","protected":false},"excerpt":{"rendered":"<p>Quoi de neuf? La p\u00e9riode de candidature pour l&rsquo;\u00e9dition 2026 de la Route des arts Vaudreuil-Soulanges est termin\u00e9e. Artistes et cr\u00e9ateurs! Veuillez consulter les deux appel de candidatures suivants! Deux appels sont ouverts pr\u00e9sentement: Exposition collective estivale et \u00c0 vos pinceaux! pARTez! Date limite pour les inscriptions: 17 mai 2026 minuit JE M&rsquo;INSCRIS! Premiers inscrits, [&hellip;]<\/p>\n","protected":false},"author":1,"featured_media":0,"parent":0,"menu_order":0,"comment_status":"closed","ping_status":"closed","template":"","meta":{"footnotes":""},"class_list":["post-116","page","type-page","status-publish","hentry"],"_links":{"self":[{"href":"https:\/\/routedesartsvaudreuilsoulanges.com\/en\/wp-json\/wp\/v2\/pages\/116","targetHints":{"allow":["GET"]}}],"collection":[{"href":"https:\/\/routedesartsvaudreuilsoulanges.com\/en\/wp-json\/wp\/v2\/pages"}],"about":[{"href":"https:\/\/routedesartsvaudreuilsoulanges.com\/en\/wp-json\/wp\/v2\/types\/page"}],"author":[{"embeddable":true,"href":"https:\/\/routedesartsvaudreuilsoulanges.com\/en\/wp-json\/wp\/v2\/users\/1"}],"replies":[{"embeddable":true,"href":"https:\/\/routedesartsvaudreuilsoulanges.com\/en\/wp-json\/wp\/v2\/comments?post=116"}],"version-history":[{"count":94,"href":"https:\/\/routedesartsvaudreuilsoulanges.com\/en\/wp-json\/wp\/v2\/pages\/116\/revisions"}],"predecessor-version":[{"id":2636,"href":"https:\/\/routedesartsvaudreuilsoulanges.com\/en\/wp-json\/wp\/v2\/pages\/116\/revisions\/2636"}],"wp:attachment":[{"href":"https:\/\/routedesartsvaudreuilsoulanges.com\/en\/wp-json\/wp\/v2\/media?parent=116"}],"curies":[{"name":"wp","href":"https:\/\/api.w.org\/{rel}","templated":true}]}}