{"id":126,"date":"2022-02-11T18:30:59","date_gmt":"2022-02-11T23:30:59","guid":{"rendered":"https:\/\/routedesartsvs.wordpress.com\/?page_id=126"},"modified":"2025-09-23T10:27:36","modified_gmt":"2025-09-23T15:27:36","slug":"nos-partenaires","status":"publish","type":"page","link":"https:\/\/routedesartsvaudreuilsoulanges.com\/en\/nos-partenaires\/","title":{"rendered":"Partenaires"},"content":{"rendered":"<h2 class=\"wp-block-heading\"><strong><em>Partenaire majeur<\/em><\/strong><\/h2>\n\n\n\n<p>En tant qu&rsquo;organisme sans but lucratif, le Route des arts de Vaudreuil-Soulanges contribue au dynamisme culturel de la belle r\u00e9gion de Vaudreuil-Soulanges gr\u00e2ce \u00e0 de nombreux et g\u00e9n\u00e9reux partenaires. <\/p>\n\n\n\n<p><img loading=\"lazy\" decoding=\"async\" width=\"300\" height=\"160\" class=\"wp-image-909\" style=\"width: 300px;\" src=\"https:\/\/routedesartsvaudreuilsoulanges.com\/wp-content\/uploads\/2022\/09\/cacvs-logo_2.png\" alt=\"\" srcset=\"https:\/\/routedesartsvaudreuilsoulanges.com\/wp-content\/uploads\/2022\/09\/cacvs-logo_2.png 376w, https:\/\/routedesartsvaudreuilsoulanges.com\/wp-content\/uploads\/2022\/09\/cacvs-logo_2-300x160.png 300w\" sizes=\"auto, (max-width: 300px) 100vw, 300px\" \/>&nbsp;<\/p>\n\n\n\n<p>Les partenaires \u00e9taient au rendez-vous en commen\u00e7ant avec le CACVS qui nous a fourni renseignements et conseils pour nous aider \u00e0 d\u00e9marrer et nous implanter.\u00a0 Gr\u00e2ce \u00e0 leur programme d\u2019innovation culturelle et num\u00e9rique (PICN) nous avons pu lancer l\u2019\u00e9v\u00e9nement.  De plus, le CACVS a octroy\u00e9 aux artistes et artisans une subvention pour les aider financi\u00e8rement \u00e0 participer \u00e0 la premi\u00e8re \u00e9dition (2022) de l\u2019\u00e9v\u00e9nement.<\/p>\n\n\n\n<p><img loading=\"lazy\" decoding=\"async\" width=\"300\" height=\"109\" class=\"wp-image-908\" style=\"width: 300px;\" src=\"https:\/\/routedesartsvaudreuilsoulanges.com\/wp-content\/uploads\/2022\/09\/VS_LOGO_HOR_RGB-1.jpg\" alt=\"\" srcset=\"https:\/\/routedesartsvaudreuilsoulanges.com\/wp-content\/uploads\/2022\/09\/VS_LOGO_HOR_RGB-1.jpg 847w, https:\/\/routedesartsvaudreuilsoulanges.com\/wp-content\/uploads\/2022\/09\/VS_LOGO_HOR_RGB-1-300x109.jpg 300w, https:\/\/routedesartsvaudreuilsoulanges.com\/wp-content\/uploads\/2022\/09\/VS_LOGO_HOR_RGB-1-768x280.jpg 768w\" sizes=\"auto, (max-width: 300px) 100vw, 300px\" \/><\/p>\n\n\n\n<p>D\u00e9veloppement \u00e9conomique Vaudreuil-Soulanges (DEV) est un organisme r\u00e9gional qui nous a \u00e9paul\u00e9 lors de la constitution de l\u2019OBNL, l\u2019aide qu\u2019ils fournissent aux entreprises de la r\u00e9gion est b\u00e9n\u00e9fique pour l\u2019activit\u00e9 \u00e9conomique et touristique. Leur aide et conseils professionnels nous permet de nous ancrer et de fournir une offre culturelle structurante et p\u00e9renne pour la r\u00e9gion. Cette aide nous aidera \u00e0 structurer l\u2019offre pour permettre aux artistes et artisans d\u2019avoir cette vitrine et d\u2019autres en devenir, pour les aider \u00e0 continuer \u00e0 pratiquer leur art.&nbsp; On oublie souvent que ces artistes et artisans sont des travailleurs autonomes qui contribuent \u00e0 l\u2019apport \u00e9conomique de la r\u00e9gion et ils la font rayonner au-del\u00e0 de nos fronti\u00e8res de part leur originalit\u00e9 et leur talent.<\/p>\n\n\n\n<h2 class=\"wp-block-heading\">***************************************************<\/h2>\n\n\n<div class=\"wp-block-image is-style-default\">\n<figure class=\"alignleft size-large\"><img loading=\"lazy\" decoding=\"async\" width=\"283\" height=\"85\" src=\"https:\/\/routedesartsvaudreuilsoulanges.com\/wp-content\/uploads\/2025\/04\/mRVS-edited.jpg\" alt=\"\" class=\"wp-image-2393\" srcset=\"https:\/\/routedesartsvaudreuilsoulanges.com\/wp-content\/uploads\/2025\/04\/mRVS-edited.jpg 283w, https:\/\/routedesartsvaudreuilsoulanges.com\/wp-content\/uploads\/2025\/04\/mRVS-edited-18x5.jpg 18w\" sizes=\"auto, (max-width: 283px) 100vw, 283px\" \/><\/figure>\n<\/div>\n\n\n<p><\/p>\n\n\n\n<p><\/p>\n\n\n\n<p><\/p>\n\n\n\n<p>Un partenaire inestimable se rajoute pour l&rsquo;\u00e9dition 2023 et continue de nous soutenir en 2025. Le Mus\u00e9e r\u00e9gional de Vaudreuil-Soulanges nous appuie en nous fournissant une vitrine pour mettre en valeur les artistes et artisans participants \u00e0 la route des arts. Les visiteurs de la route seront en mesure d&rsquo;avoir un aper\u00e7u de l&rsquo;offre et mieux planifier leurs visites d&rsquo;ateliers en visitant l&rsquo;exposition collective des artistes et artisans participant \u00e0 la RAVS 2025. Gr\u00e2ce au partenariat \u00e9tablit avec le Mus\u00e9e, nous pouvons vous offrir cette vitrine culturelle sur la Route des Arts de Vaudreuil-Soulanges.<\/p>\n\n\n\n<div style=\"height:45px\" aria-hidden=\"true\" class=\"wp-block-spacer\"><\/div>\n\n\n\n<h2 class=\"wp-block-heading\" id=\"des-partenaires-majeurs\">Merci de votre contribution<\/h2>","protected":false},"excerpt":{"rendered":"<p>Partenaire majeur En tant qu&rsquo;organisme sans but lucratif, le Route des arts de Vaudreuil-Soulanges contribue au dynamisme culturel de la belle r\u00e9gion de Vaudreuil-Soulanges gr\u00e2ce \u00e0 de nombreux et g\u00e9n\u00e9reux partenaires. &nbsp; Les partenaires \u00e9taient au rendez-vous en commen\u00e7ant avec le CACVS qui nous a fourni renseignements et conseils pour nous aider \u00e0 d\u00e9marrer et [&hellip;]<\/p>\n","protected":false},"author":1,"featured_media":0,"parent":0,"menu_order":0,"comment_status":"closed","ping_status":"closed","template":"","meta":{"footnotes":""},"class_list":["post-126","page","type-page","status-publish","hentry"],"_links":{"self":[{"href":"https:\/\/routedesartsvaudreuilsoulanges.com\/en\/wp-json\/wp\/v2\/pages\/126","targetHints":{"allow":["GET"]}}],"collection":[{"href":"https:\/\/routedesartsvaudreuilsoulanges.com\/en\/wp-json\/wp\/v2\/pages"}],"about":[{"href":"https:\/\/routedesartsvaudreuilsoulanges.com\/en\/wp-json\/wp\/v2\/types\/page"}],"author":[{"embeddable":true,"href":"https:\/\/routedesartsvaudreuilsoulanges.com\/en\/wp-json\/wp\/v2\/users\/1"}],"replies":[{"embeddable":true,"href":"https:\/\/routedesartsvaudreuilsoulanges.com\/en\/wp-json\/wp\/v2\/comments?post=126"}],"version-history":[{"count":20,"href":"https:\/\/routedesartsvaudreuilsoulanges.com\/en\/wp-json\/wp\/v2\/pages\/126\/revisions"}],"predecessor-version":[{"id":2587,"href":"https:\/\/routedesartsvaudreuilsoulanges.com\/en\/wp-json\/wp\/v2\/pages\/126\/revisions\/2587"}],"wp:attachment":[{"href":"https:\/\/routedesartsvaudreuilsoulanges.com\/en\/wp-json\/wp\/v2\/media?parent=126"}],"curies":[{"name":"wp","href":"https:\/\/api.w.org\/{rel}","templated":true}]}}