{"id":1576,"date":"2024-05-25T20:39:47","date_gmt":"2024-05-26T01:39:47","guid":{"rendered":"https:\/\/routedesartsvaudreuilsoulanges.com\/?page_id=1576"},"modified":"2024-07-01T15:33:14","modified_gmt":"2024-07-01T20:33:14","slug":"2024-marie-jose-gelinas","status":"publish","type":"page","link":"https:\/\/routedesartsvaudreuilsoulanges.com\/en\/2024-marie-jose-gelinas\/","title":{"rendered":"2024 MARIE-JOS\u00c9 G\u00c9LINAS"},"content":{"rendered":"<div class=\"wp-block-columns alignwide are-vertically-aligned-center is-layout-flex wp-container-core-columns-is-layout-9d6595d7 wp-block-columns-is-layout-flex\">\n<div class=\"wp-block-column is-vertically-aligned-center is-layout-flow wp-block-column-is-layout-flow\">\n<figure class=\"wp-block-image size-full is-resized\"><img loading=\"lazy\" decoding=\"async\" width=\"320\" height=\"288\" src=\"https:\/\/routedesartsvaudreuilsoulanges.com\/wp-content\/uploads\/2024\/07\/IMG_0043.jpg\" alt=\"\" class=\"wp-image-1910\" style=\"aspect-ratio:1;object-fit:cover;width:393px;height:auto\" srcset=\"https:\/\/routedesartsvaudreuilsoulanges.com\/wp-content\/uploads\/2024\/07\/IMG_0043.jpg 320w, https:\/\/routedesartsvaudreuilsoulanges.com\/wp-content\/uploads\/2024\/07\/IMG_0043-300x270.jpg 300w\" sizes=\"auto, (max-width: 320px) 100vw, 320px\" \/><\/figure>\n<\/div>\n\n\n\n<div class=\"wp-block-column is-vertically-aligned-center is-layout-flow wp-block-column-is-layout-flow\">\n<h3 class=\"wp-block-heading\">Domaine artistique : <strong>Artiste-peintre <\/strong><\/h3>\n\n\n\n<p><em>Marie Jos\u00e9 G\u00e9linas est autodidacte. Toujours curieuse, elle observe et interpr\u00e8te le monde qui l\u2019entoure. Chroniqueuse depuis toujours, elle garde un journal quotidien.<\/em><\/p>\n\n\n\n<p><em>Marie Jos\u00e9 est avant tout une artiste paysagiste. \u00c0 ses d\u00e9buts, elle peignait \u00e0 l\u2019huile les endroits qui l\u2019inspiraient.<\/em><\/p>\n\n\n\n<p><em>\u00c9ventuellement, elle s\u2019est rendue compte que son inspiration provenait de sa connexion au paysage.<\/em><\/p>\n\n\n\n<p><em>La nature qui l\u2019entoure nourrit son sentiment d\u2019appartenance. O\u00f9 qu\u2019elle soit, elle retrouve le fil qui la lie \u00e0 son monde int\u00e9rieur.<\/em><\/p>\n\n\n\n<p>Artistic field : <strong>Painter<\/strong><\/p>\n\n\n\n<p>Marie Jos\u00e9 G\u00e9linas is a self-taught artist. As an intensely curious person, she has always observed and interpreted the world around her. A lifelong diarist, she is a dedicated writer.<\/p>\n\n\n\n<p>Marie Jos\u00e9 is primarily a painter of landscapes. Early on, she painted impressionistic oil paintings, inspired by places that were meaningful to her.<\/p>\n\n\n\n<p>Over time, she realized that her source was the feeling she got when she was in the landscape.<\/p>\n\n\n\n<p>Being in nature restores her sense of belonging in this place, at this time. No matter where she is in the natural world, she can find that thread to her inner landscape.<\/p>\n\n\n\n<ul class=\"wp-block-social-links is-layout-flex wp-block-social-links-is-layout-flex\"><li class=\"wp-social-link wp-social-link-mail  wp-block-social-link\"><a href=\"mailto:m&#097;&#114;&#105;&#101;jo&#115;&#101;ge&#108;&#105;&#110;as&#064;&#103;&#109;&#097;&#105;&#108;.&#099;&#111;&#109;\" class=\"wp-block-social-link-anchor\"><svg width=\"24\" height=\"24\" viewbox=\"0 0 24 24\" version=\"1.1\" xmlns=\"http:\/\/www.w3.org\/2000\/svg\" aria-hidden=\"true\" focusable=\"false\"><path d=\"M19,5H5c-1.1,0-2,.9-2,2v10c0,1.1.9,2,2,2h14c1.1,0,2-.9,2-2V7c0-1.1-.9-2-2-2zm.5,12c0,.3-.2.5-.5.5H5c-.3,0-.5-.2-.5-.5V9.8l7.5,5.6,7.5-5.6V17zm0-9.1L12,13.6,4.5,7.9V7c0-.3.2-.5.5-.5h14c.3,0,.5.2.5.5v.9z\"><\/path><\/svg><span class=\"wp-block-social-link-label screen-reader-text\">Mail<\/span><\/a><\/li>\n\n<li class=\"wp-social-link wp-social-link-chain  wp-block-social-link\"><a href=\"https:\/\/www.surfacevessel.com\" class=\"wp-block-social-link-anchor\"><svg width=\"24\" height=\"24\" viewbox=\"0 0 24 24\" version=\"1.1\" xmlns=\"http:\/\/www.w3.org\/2000\/svg\" aria-hidden=\"true\" focusable=\"false\"><path d=\"M15.6,7.2H14v1.5h1.6c2,0,3.7,1.7,3.7,3.7s-1.7,3.7-3.7,3.7H14v1.5h1.6c2.8,0,5.2-2.3,5.2-5.2,0-2.9-2.3-5.2-5.2-5.2zM4.7,12.4c0-2,1.7-3.7,3.7-3.7H10V7.2H8.4c-2.9,0-5.2,2.3-5.2,5.2,0,2.9,2.3,5.2,5.2,5.2H10v-1.5H8.4c-2,0-3.7-1.7-3.7-3.7zm4.6.9h5.3v-1.5H9.3v1.5z\"><\/path><\/svg><span class=\"wp-block-social-link-label screen-reader-text\">Link<\/span><\/a><\/li>\n\n<li class=\"wp-social-link wp-social-link-instagram  wp-block-social-link\"><a href=\"https:\/\/www.instagram.com\/mariejosegelinasart\/\" class=\"wp-block-social-link-anchor\"><svg width=\"24\" height=\"24\" viewbox=\"0 0 24 24\" version=\"1.1\" xmlns=\"http:\/\/www.w3.org\/2000\/svg\" aria-hidden=\"true\" focusable=\"false\"><path d=\"M12,4.622c2.403,0,2.688,0.009,3.637,0.052c0.877,0.04,1.354,0.187,1.671,0.31c0.42,0.163,0.72,0.358,1.035,0.673 c0.315,0.315,0.51,0.615,0.673,1.035c0.123,0.317,0.27,0.794,0.31,1.671c0.043,0.949,0.052,1.234,0.052,3.637 s-0.009,2.688-0.052,3.637c-0.04,0.877-0.187,1.354-0.31,1.671c-0.163,0.42-0.358,0.72-0.673,1.035 c-0.315,0.315-0.615,0.51-1.035,0.673c-0.317,0.123-0.794,0.27-1.671,0.31c-0.949,0.043-1.233,0.052-3.637,0.052 s-2.688-0.009-3.637-0.052c-0.877-0.04-1.354-0.187-1.671-0.31c-0.42-0.163-0.72-0.358-1.035-0.673 c-0.315-0.315-0.51-0.615-0.673-1.035c-0.123-0.317-0.27-0.794-0.31-1.671C4.631,14.688,4.622,14.403,4.622,12 s0.009-2.688,0.052-3.637c0.04-0.877,0.187-1.354,0.31-1.671c0.163-0.42,0.358-0.72,0.673-1.035 c0.315-0.315,0.615-0.51,1.035-0.673c0.317-0.123,0.794-0.27,1.671-0.31C9.312,4.631,9.597,4.622,12,4.622 M12,3 C9.556,3,9.249,3.01,8.289,3.054C7.331,3.098,6.677,3.25,6.105,3.472C5.513,3.702,5.011,4.01,4.511,4.511 c-0.5,0.5-0.808,1.002-1.038,1.594C3.25,6.677,3.098,7.331,3.054,8.289C3.01,9.249,3,9.556,3,12c0,2.444,0.01,2.751,0.054,3.711 c0.044,0.958,0.196,1.612,0.418,2.185c0.23,0.592,0.538,1.094,1.038,1.594c0.5,0.5,1.002,0.808,1.594,1.038 c0.572,0.222,1.227,0.375,2.185,0.418C9.249,20.99,9.556,21,12,21s2.751-0.01,3.711-0.054c0.958-0.044,1.612-0.196,2.185-0.418 c0.592-0.23,1.094-0.538,1.594-1.038c0.5-0.5,0.808-1.002,1.038-1.594c0.222-0.572,0.375-1.227,0.418-2.185 C20.99,14.751,21,14.444,21,12s-0.01-2.751-0.054-3.711c-0.044-0.958-0.196-1.612-0.418-2.185c-0.23-0.592-0.538-1.094-1.038-1.594 c-0.5-0.5-1.002-0.808-1.594-1.038c-0.572-0.222-1.227-0.375-2.185-0.418C14.751,3.01,14.444,3,12,3L12,3z M12,7.378 c-2.552,0-4.622,2.069-4.622,4.622S9.448,16.622,12,16.622s4.622-2.069,4.622-4.622S14.552,7.378,12,7.378z M12,15 c-1.657,0-3-1.343-3-3s1.343-3,3-3s3,1.343,3,3S13.657,15,12,15z M16.804,6.116c-0.596,0-1.08,0.484-1.08,1.08 s0.484,1.08,1.08,1.08c0.596,0,1.08-0.484,1.08-1.08S17.401,6.116,16.804,6.116z\"><\/path><\/svg><span class=\"wp-block-social-link-label screen-reader-text\">Instagram<\/span><\/a><\/li><\/ul>\n<\/div>\n<\/div>\n\n\n\n<div style=\"height:40px\" aria-hidden=\"true\" class=\"wp-block-spacer\"><\/div>\n\n\n\n<figure class=\"wp-block-gallery has-nested-images columns-default is-cropped wp-block-gallery-1 is-layout-flex wp-block-gallery-is-layout-flex\">\n<figure class=\"wp-block-image size-full\"><img loading=\"lazy\" decoding=\"async\" width=\"320\" height=\"240\" data-id=\"1649\" src=\"https:\/\/routedesartsvaudreuilsoulanges.com\/wp-content\/uploads\/2024\/05\/Gelinas-villagepietonnierjpg.jpg\" alt=\"\" class=\"wp-image-1649\" srcset=\"https:\/\/routedesartsvaudreuilsoulanges.com\/wp-content\/uploads\/2024\/05\/Gelinas-villagepietonnierjpg.jpg 320w, https:\/\/routedesartsvaudreuilsoulanges.com\/wp-content\/uploads\/2024\/05\/Gelinas-villagepietonnierjpg-300x225.jpg 300w\" sizes=\"auto, (max-width: 320px) 100vw, 320px\" \/><\/figure>\n\n\n\n<figure class=\"wp-block-image size-full\"><img loading=\"lazy\" decoding=\"async\" width=\"316\" height=\"240\" data-id=\"1648\" src=\"https:\/\/routedesartsvaudreuilsoulanges.com\/wp-content\/uploads\/2024\/05\/Gelinas-LaVague.jpeg\" alt=\"\" class=\"wp-image-1648\" srcset=\"https:\/\/routedesartsvaudreuilsoulanges.com\/wp-content\/uploads\/2024\/05\/Gelinas-LaVague.jpeg 316w, https:\/\/routedesartsvaudreuilsoulanges.com\/wp-content\/uploads\/2024\/05\/Gelinas-LaVague-300x228.jpeg 300w\" sizes=\"auto, (max-width: 316px) 100vw, 316px\" \/><\/figure>\n\n\n\n<figure class=\"wp-block-image size-full\"><img loading=\"lazy\" decoding=\"async\" width=\"320\" height=\"235\" data-id=\"1647\" src=\"https:\/\/routedesartsvaudreuilsoulanges.com\/wp-content\/uploads\/2024\/05\/Gelinas-Facadederocher.jpeg\" alt=\"\" class=\"wp-image-1647\" srcset=\"https:\/\/routedesartsvaudreuilsoulanges.com\/wp-content\/uploads\/2024\/05\/Gelinas-Facadederocher.jpeg 320w, https:\/\/routedesartsvaudreuilsoulanges.com\/wp-content\/uploads\/2024\/05\/Gelinas-Facadederocher-300x220.jpeg 300w\" sizes=\"auto, (max-width: 320px) 100vw, 320px\" \/><\/figure>\n\n\n\n<figure class=\"wp-block-image size-full\"><img loading=\"lazy\" decoding=\"async\" width=\"240\" height=\"240\" data-id=\"1646\" src=\"https:\/\/routedesartsvaudreuilsoulanges.com\/wp-content\/uploads\/2024\/05\/gelinas_5_2024.jpg\" alt=\"\" class=\"wp-image-1646\" srcset=\"https:\/\/routedesartsvaudreuilsoulanges.com\/wp-content\/uploads\/2024\/05\/gelinas_5_2024.jpg 240w, https:\/\/routedesartsvaudreuilsoulanges.com\/wp-content\/uploads\/2024\/05\/gelinas_5_2024-150x150.jpg 150w\" sizes=\"auto, (max-width: 240px) 100vw, 240px\" \/><\/figure>\n\n\n\n<figure class=\"wp-block-image size-full\"><img loading=\"lazy\" decoding=\"async\" width=\"320\" height=\"240\" data-id=\"1645\" src=\"https:\/\/routedesartsvaudreuilsoulanges.com\/wp-content\/uploads\/2024\/05\/Gelinasmonjardinjpeg.jpeg\" alt=\"\" class=\"wp-image-1645\" srcset=\"https:\/\/routedesartsvaudreuilsoulanges.com\/wp-content\/uploads\/2024\/05\/Gelinasmonjardinjpeg.jpeg 320w, https:\/\/routedesartsvaudreuilsoulanges.com\/wp-content\/uploads\/2024\/05\/Gelinasmonjardinjpeg-300x225.jpeg 300w\" sizes=\"auto, (max-width: 320px) 100vw, 320px\" \/><\/figure>\n<\/figure>\n\n\n<div class=\"wp-block-image\">\n<figure class=\"aligncenter size-full\"><img loading=\"lazy\" decoding=\"async\" width=\"240\" height=\"240\" src=\"https:\/\/routedesartsvaudreuilsoulanges.com\/wp-content\/uploads\/2024\/07\/Gelinas_2024_6.jpg\" alt=\"\" class=\"wp-image-1909\" srcset=\"https:\/\/routedesartsvaudreuilsoulanges.com\/wp-content\/uploads\/2024\/07\/Gelinas_2024_6.jpg 240w, https:\/\/routedesartsvaudreuilsoulanges.com\/wp-content\/uploads\/2024\/07\/Gelinas_2024_6-150x150.jpg 150w\" sizes=\"auto, (max-width: 240px) 100vw, 240px\" \/><\/figure>\n<\/div>","protected":false},"excerpt":{"rendered":"<p>Domaine artistique : Artiste-peintre Marie Jos\u00e9 G\u00e9linas est autodidacte. Toujours curieuse, elle observe et interpr\u00e8te le monde qui l\u2019entoure. Chroniqueuse depuis toujours, elle garde un journal quotidien. Marie Jos\u00e9 est avant tout une artiste paysagiste. \u00c0 ses d\u00e9buts, elle peignait \u00e0 l\u2019huile les endroits qui l\u2019inspiraient. \u00c9ventuellement, elle s\u2019est rendue compte que son inspiration provenait [&hellip;]<\/p>\n","protected":false},"author":1,"featured_media":0,"parent":0,"menu_order":0,"comment_status":"closed","ping_status":"closed","template":"","meta":{"footnotes":""},"class_list":["post-1576","page","type-page","status-publish","hentry"],"_links":{"self":[{"href":"https:\/\/routedesartsvaudreuilsoulanges.com\/en\/wp-json\/wp\/v2\/pages\/1576","targetHints":{"allow":["GET"]}}],"collection":[{"href":"https:\/\/routedesartsvaudreuilsoulanges.com\/en\/wp-json\/wp\/v2\/pages"}],"about":[{"href":"https:\/\/routedesartsvaudreuilsoulanges.com\/en\/wp-json\/wp\/v2\/types\/page"}],"author":[{"embeddable":true,"href":"https:\/\/routedesartsvaudreuilsoulanges.com\/en\/wp-json\/wp\/v2\/users\/1"}],"replies":[{"embeddable":true,"href":"https:\/\/routedesartsvaudreuilsoulanges.com\/en\/wp-json\/wp\/v2\/comments?post=1576"}],"version-history":[{"count":3,"href":"https:\/\/routedesartsvaudreuilsoulanges.com\/en\/wp-json\/wp\/v2\/pages\/1576\/revisions"}],"predecessor-version":[{"id":1911,"href":"https:\/\/routedesartsvaudreuilsoulanges.com\/en\/wp-json\/wp\/v2\/pages\/1576\/revisions\/1911"}],"wp:attachment":[{"href":"https:\/\/routedesartsvaudreuilsoulanges.com\/en\/wp-json\/wp\/v2\/media?parent=1576"}],"curies":[{"name":"wp","href":"https:\/\/api.w.org\/{rel}","templated":true}]}}