{"id":1610,"date":"2024-05-25T20:39:52","date_gmt":"2024-05-26T01:39:52","guid":{"rendered":"https:\/\/routedesartsvaudreuilsoulanges.com\/?page_id=1610"},"modified":"2024-05-25T20:39:52","modified_gmt":"2024-05-26T01:39:52","slug":"2024-louise-seguin","status":"publish","type":"page","link":"https:\/\/routedesartsvaudreuilsoulanges.com\/en\/2024-louise-seguin\/","title":{"rendered":"2024 LOUISE S\u00c9GUIN"},"content":{"rendered":"<figure class=\"wp-block-image alignfull size-full\"><img loading=\"lazy\" decoding=\"async\" width=\"1242\" height=\"780\" src=\"https:\/\/routedesartsvaudreuilsoulanges.com\/wp-content\/uploads\/2022\/02\/bijoux-e1716683110648.jpg\" alt=\"\" class=\"wp-image-178\" srcset=\"https:\/\/routedesartsvaudreuilsoulanges.com\/wp-content\/uploads\/2022\/02\/bijoux-e1716683110648.jpg 1242w, https:\/\/routedesartsvaudreuilsoulanges.com\/wp-content\/uploads\/2022\/02\/bijoux-e1716683110648-300x188.jpg 300w, https:\/\/routedesartsvaudreuilsoulanges.com\/wp-content\/uploads\/2022\/02\/bijoux-e1716683110648-1024x643.jpg 1024w, https:\/\/routedesartsvaudreuilsoulanges.com\/wp-content\/uploads\/2022\/02\/bijoux-e1716683110648-768x482.jpg 768w\" sizes=\"auto, (max-width: 1242px) 100vw, 1242px\" \/><\/figure>\n\n\n\n<div class=\"wp-block-columns alignwide are-vertically-aligned-center is-layout-flex wp-container-core-columns-is-layout-9d6595d7 wp-block-columns-is-layout-flex\">\n<div class=\"wp-block-column is-vertically-aligned-center is-layout-flow wp-block-column-is-layout-flow\">\n<figure class=\"wp-block-image size-full is-resized\"><img loading=\"lazy\" decoding=\"async\" width=\"633\" height=\"657\" src=\"https:\/\/routedesartsvaudreuilsoulanges.com\/wp-content\/uploads\/2024\/05\/Capture-decran-2024-05-13-170133.png\" alt=\"\" class=\"wp-image-1788\" style=\"aspect-ratio:1;object-fit:cover;width:393px;height:auto\" srcset=\"https:\/\/routedesartsvaudreuilsoulanges.com\/wp-content\/uploads\/2024\/05\/Capture-decran-2024-05-13-170133.png 633w, https:\/\/routedesartsvaudreuilsoulanges.com\/wp-content\/uploads\/2024\/05\/Capture-decran-2024-05-13-170133-289x300.png 289w\" sizes=\"auto, (max-width: 633px) 100vw, 633px\" \/><\/figure>\n<\/div>\n\n\n\n<div class=\"wp-block-column is-vertically-aligned-center is-layout-flow wp-block-column-is-layout-flow\">\n<h3 class=\"wp-block-heading\">Louise S\u00e9guin<\/h3>\n\n\n\n<p>Domaine artistique : <strong>M\u00e9tiers d&rsquo;arts &#8211; Joailli\u00e8re<\/strong><\/p>\n\n\n\n<p><em>Louise S\u00e9guin \u0153uvre majoritairement dans le domaine de la cr\u00e9ation de bijoux et accessoires et travaille les m\u00e9taux tels que l\u2019argent pur, l\u2019argent sterling, l\u2019or, le cuivre, le bronze, le laiton et autres m\u00e9taux recycl\u00e9s en utilisant plusieurs techniques de joaillerie traditionnelles et contemporaines. Elle privil\u00e9gie les techniques de finition de surface telles que la fusion, les textures, les patines, l\u2019\u00e9mail et l\u2019application d\u2019or. Elle cr\u00e9e des pi\u00e8ces uniques inspir\u00e9es de diff\u00e9rents mat\u00e9riaux bruts et recycl\u00e9s. Ses cr\u00e9ations sont toutes diff\u00e9rentes les unes des autres et elle affectionne plus particuli\u00e8rement le cuivre. Elle combine plusieurs techniques dans ses pi\u00e8ces ce qui en font des bijoux d\u2019exception.<br>Son atelier \/boutique\/salle de cours est situ\u00e9 \u00e0 Saint-Lazare.<\/em><\/p>\n\n\n\n<ul class=\"wp-block-social-links is-layout-flex wp-block-social-links-is-layout-flex\"><li class=\"wp-social-link wp-social-link-mail  wp-block-social-link\"><a href=\"mailto:lo&#117;&#105;&#115;&#101;.&#115;eg&#117;&#105;n&#064;&#103;ma&#105;l&#046;&#099;&#111;m\" class=\"wp-block-social-link-anchor\"><svg width=\"24\" height=\"24\" viewbox=\"0 0 24 24\" version=\"1.1\" xmlns=\"http:\/\/www.w3.org\/2000\/svg\" aria-hidden=\"true\" focusable=\"false\"><path d=\"M19,5H5c-1.1,0-2,.9-2,2v10c0,1.1.9,2,2,2h14c1.1,0,2-.9,2-2V7c0-1.1-.9-2-2-2zm.5,12c0,.3-.2.5-.5.5H5c-.3,0-.5-.2-.5-.5V9.8l7.5,5.6,7.5-5.6V17zm0-9.1L12,13.6,4.5,7.9V7c0-.3.2-.5.5-.5h14c.3,0,.5.2.5.5v.9z\"><\/path><\/svg><span class=\"wp-block-social-link-label screen-reader-text\">Mail<\/span><\/a><\/li>\n\n<li class=\"wp-social-link wp-social-link-chain  wp-block-social-link\"><a href=\"https:\/\/www.bijouxartlou.ca\/fr\" class=\"wp-block-social-link-anchor\"><svg width=\"24\" height=\"24\" viewbox=\"0 0 24 24\" version=\"1.1\" xmlns=\"http:\/\/www.w3.org\/2000\/svg\" aria-hidden=\"true\" focusable=\"false\"><path d=\"M15.6,7.2H14v1.5h1.6c2,0,3.7,1.7,3.7,3.7s-1.7,3.7-3.7,3.7H14v1.5h1.6c2.8,0,5.2-2.3,5.2-5.2,0-2.9-2.3-5.2-5.2-5.2zM4.7,12.4c0-2,1.7-3.7,3.7-3.7H10V7.2H8.4c-2.9,0-5.2,2.3-5.2,5.2,0,2.9,2.3,5.2,5.2,5.2H10v-1.5H8.4c-2,0-3.7-1.7-3.7-3.7zm4.6.9h5.3v-1.5H9.3v1.5z\"><\/path><\/svg><span class=\"wp-block-social-link-label screen-reader-text\">Link<\/span><\/a><\/li>\n\n<li class=\"wp-social-link wp-social-link-instagram  wp-block-social-link\"><a href=\"https:\/\/www.instagram.com\/seguin.louise\/\" class=\"wp-block-social-link-anchor\"><svg width=\"24\" height=\"24\" viewbox=\"0 0 24 24\" version=\"1.1\" xmlns=\"http:\/\/www.w3.org\/2000\/svg\" aria-hidden=\"true\" focusable=\"false\"><path d=\"M12,4.622c2.403,0,2.688,0.009,3.637,0.052c0.877,0.04,1.354,0.187,1.671,0.31c0.42,0.163,0.72,0.358,1.035,0.673 c0.315,0.315,0.51,0.615,0.673,1.035c0.123,0.317,0.27,0.794,0.31,1.671c0.043,0.949,0.052,1.234,0.052,3.637 s-0.009,2.688-0.052,3.637c-0.04,0.877-0.187,1.354-0.31,1.671c-0.163,0.42-0.358,0.72-0.673,1.035 c-0.315,0.315-0.615,0.51-1.035,0.673c-0.317,0.123-0.794,0.27-1.671,0.31c-0.949,0.043-1.233,0.052-3.637,0.052 s-2.688-0.009-3.637-0.052c-0.877-0.04-1.354-0.187-1.671-0.31c-0.42-0.163-0.72-0.358-1.035-0.673 c-0.315-0.315-0.51-0.615-0.673-1.035c-0.123-0.317-0.27-0.794-0.31-1.671C4.631,14.688,4.622,14.403,4.622,12 s0.009-2.688,0.052-3.637c0.04-0.877,0.187-1.354,0.31-1.671c0.163-0.42,0.358-0.72,0.673-1.035 c0.315-0.315,0.615-0.51,1.035-0.673c0.317-0.123,0.794-0.27,1.671-0.31C9.312,4.631,9.597,4.622,12,4.622 M12,3 C9.556,3,9.249,3.01,8.289,3.054C7.331,3.098,6.677,3.25,6.105,3.472C5.513,3.702,5.011,4.01,4.511,4.511 c-0.5,0.5-0.808,1.002-1.038,1.594C3.25,6.677,3.098,7.331,3.054,8.289C3.01,9.249,3,9.556,3,12c0,2.444,0.01,2.751,0.054,3.711 c0.044,0.958,0.196,1.612,0.418,2.185c0.23,0.592,0.538,1.094,1.038,1.594c0.5,0.5,1.002,0.808,1.594,1.038 c0.572,0.222,1.227,0.375,2.185,0.418C9.249,20.99,9.556,21,12,21s2.751-0.01,3.711-0.054c0.958-0.044,1.612-0.196,2.185-0.418 c0.592-0.23,1.094-0.538,1.594-1.038c0.5-0.5,0.808-1.002,1.038-1.594c0.222-0.572,0.375-1.227,0.418-2.185 C20.99,14.751,21,14.444,21,12s-0.01-2.751-0.054-3.711c-0.044-0.958-0.196-1.612-0.418-2.185c-0.23-0.592-0.538-1.094-1.038-1.594 c-0.5-0.5-1.002-0.808-1.594-1.038c-0.572-0.222-1.227-0.375-2.185-0.418C14.751,3.01,14.444,3,12,3L12,3z M12,7.378 c-2.552,0-4.622,2.069-4.622,4.622S9.448,16.622,12,16.622s4.622-2.069,4.622-4.622S14.552,7.378,12,7.378z M12,15 c-1.657,0-3-1.343-3-3s1.343-3,3-3s3,1.343,3,3S13.657,15,12,15z M16.804,6.116c-0.596,0-1.08,0.484-1.08,1.08 s0.484,1.08,1.08,1.08c0.596,0,1.08-0.484,1.08-1.08S17.401,6.116,16.804,6.116z\"><\/path><\/svg><span class=\"wp-block-social-link-label screen-reader-text\">Instagram<\/span><\/a><\/li>\n\n<li class=\"wp-social-link wp-social-link-facebook  wp-block-social-link\"><a href=\"https:\/\/www.facebook.com\/bijouxartlou\" class=\"wp-block-social-link-anchor\"><svg width=\"24\" height=\"24\" viewbox=\"0 0 24 24\" version=\"1.1\" xmlns=\"http:\/\/www.w3.org\/2000\/svg\" aria-hidden=\"true\" focusable=\"false\"><path d=\"M12 2C6.5 2 2 6.5 2 12c0 5 3.7 9.1 8.4 9.9v-7H7.9V12h2.5V9.8c0-2.5 1.5-3.9 3.8-3.9 1.1 0 2.2.2 2.2.2v2.5h-1.3c-1.2 0-1.6.8-1.6 1.6V12h2.8l-.4 2.9h-2.3v7C18.3 21.1 22 17 22 12c0-5.5-4.5-10-10-10z\"><\/path><\/svg><span class=\"wp-block-social-link-label screen-reader-text\">Facebook<\/span><\/a><\/li><\/ul>\n<\/div>\n<\/div>\n\n\n\n<div style=\"height:40px\" aria-hidden=\"true\" class=\"wp-block-spacer\"><\/div>\n\n\n\n<figure class=\"wp-block-gallery has-nested-images columns-default is-cropped wp-block-gallery-1 is-layout-flex wp-block-gallery-is-layout-flex\">\n<figure class=\"wp-block-image size-large\"><img loading=\"lazy\" decoding=\"async\" width=\"1024\" height=\"1024\" data-id=\"1792\" src=\"https:\/\/routedesartsvaudreuilsoulanges.com\/wp-content\/uploads\/2024\/05\/Louiseseguin_2024_4-1024x1024.jpg\" alt=\"\" class=\"wp-image-1792\" srcset=\"https:\/\/routedesartsvaudreuilsoulanges.com\/wp-content\/uploads\/2024\/05\/Louiseseguin_2024_4-1024x1024.jpg 1024w, https:\/\/routedesartsvaudreuilsoulanges.com\/wp-content\/uploads\/2024\/05\/Louiseseguin_2024_4-300x300.jpg 300w, https:\/\/routedesartsvaudreuilsoulanges.com\/wp-content\/uploads\/2024\/05\/Louiseseguin_2024_4-150x150.jpg 150w, https:\/\/routedesartsvaudreuilsoulanges.com\/wp-content\/uploads\/2024\/05\/Louiseseguin_2024_4-768x768.jpg 768w, https:\/\/routedesartsvaudreuilsoulanges.com\/wp-content\/uploads\/2024\/05\/Louiseseguin_2024_4-1536x1536.jpg 1536w, https:\/\/routedesartsvaudreuilsoulanges.com\/wp-content\/uploads\/2024\/05\/Louiseseguin_2024_4-2048x2048.jpg 2048w\" sizes=\"auto, (max-width: 1024px) 100vw, 1024px\" \/><\/figure>\n\n\n\n<figure class=\"wp-block-image size-large\"><img loading=\"lazy\" decoding=\"async\" width=\"576\" height=\"1024\" data-id=\"1791\" src=\"https:\/\/routedesartsvaudreuilsoulanges.com\/wp-content\/uploads\/2024\/05\/louiseseguin_2024_3-576x1024.jpg\" alt=\"\" class=\"wp-image-1791\" srcset=\"https:\/\/routedesartsvaudreuilsoulanges.com\/wp-content\/uploads\/2024\/05\/louiseseguin_2024_3-576x1024.jpg 576w, https:\/\/routedesartsvaudreuilsoulanges.com\/wp-content\/uploads\/2024\/05\/louiseseguin_2024_3-169x300.jpg 169w, https:\/\/routedesartsvaudreuilsoulanges.com\/wp-content\/uploads\/2024\/05\/louiseseguin_2024_3-768x1365.jpg 768w, https:\/\/routedesartsvaudreuilsoulanges.com\/wp-content\/uploads\/2024\/05\/louiseseguin_2024_3-864x1536.jpg 864w, https:\/\/routedesartsvaudreuilsoulanges.com\/wp-content\/uploads\/2024\/05\/louiseseguin_2024_3-1152x2048.jpg 1152w, https:\/\/routedesartsvaudreuilsoulanges.com\/wp-content\/uploads\/2024\/05\/louiseseguin_2024_3-scaled.jpg 1440w\" sizes=\"auto, (max-width: 576px) 100vw, 576px\" \/><\/figure>\n\n\n\n<figure class=\"wp-block-image size-large\"><img loading=\"lazy\" decoding=\"async\" width=\"576\" height=\"1024\" data-id=\"1790\" src=\"https:\/\/routedesartsvaudreuilsoulanges.com\/wp-content\/uploads\/2024\/05\/louiseseguin_2024_2-576x1024.jpg\" alt=\"\" class=\"wp-image-1790\" srcset=\"https:\/\/routedesartsvaudreuilsoulanges.com\/wp-content\/uploads\/2024\/05\/louiseseguin_2024_2-576x1024.jpg 576w, https:\/\/routedesartsvaudreuilsoulanges.com\/wp-content\/uploads\/2024\/05\/louiseseguin_2024_2-169x300.jpg 169w, https:\/\/routedesartsvaudreuilsoulanges.com\/wp-content\/uploads\/2024\/05\/louiseseguin_2024_2-768x1365.jpg 768w, https:\/\/routedesartsvaudreuilsoulanges.com\/wp-content\/uploads\/2024\/05\/louiseseguin_2024_2-864x1536.jpg 864w, https:\/\/routedesartsvaudreuilsoulanges.com\/wp-content\/uploads\/2024\/05\/louiseseguin_2024_2-1152x2048.jpg 1152w, https:\/\/routedesartsvaudreuilsoulanges.com\/wp-content\/uploads\/2024\/05\/louiseseguin_2024_2-scaled.jpg 1440w\" sizes=\"auto, (max-width: 576px) 100vw, 576px\" \/><\/figure>\n\n\n\n<figure class=\"wp-block-image size-large\"><img loading=\"lazy\" decoding=\"async\" width=\"734\" height=\"1024\" data-id=\"1789\" src=\"https:\/\/routedesartsvaudreuilsoulanges.com\/wp-content\/uploads\/2024\/05\/louiseseguin_2024_1-734x1024.jpg\" alt=\"\" class=\"wp-image-1789\" srcset=\"https:\/\/routedesartsvaudreuilsoulanges.com\/wp-content\/uploads\/2024\/05\/louiseseguin_2024_1-734x1024.jpg 734w, https:\/\/routedesartsvaudreuilsoulanges.com\/wp-content\/uploads\/2024\/05\/louiseseguin_2024_1-215x300.jpg 215w, https:\/\/routedesartsvaudreuilsoulanges.com\/wp-content\/uploads\/2024\/05\/louiseseguin_2024_1-768x1072.jpg 768w, https:\/\/routedesartsvaudreuilsoulanges.com\/wp-content\/uploads\/2024\/05\/louiseseguin_2024_1-1101x1536.jpg 1101w, https:\/\/routedesartsvaudreuilsoulanges.com\/wp-content\/uploads\/2024\/05\/louiseseguin_2024_1.jpg 1433w\" sizes=\"auto, (max-width: 734px) 100vw, 734px\" \/><\/figure>\n\n\n\n<figure class=\"wp-block-image size-full\"><img loading=\"lazy\" decoding=\"async\" width=\"436\" height=\"693\" data-id=\"1787\" src=\"https:\/\/routedesartsvaudreuilsoulanges.com\/wp-content\/uploads\/2024\/05\/Louiseseguin_2024_5.jpg\" alt=\"\" class=\"wp-image-1787\" srcset=\"https:\/\/routedesartsvaudreuilsoulanges.com\/wp-content\/uploads\/2024\/05\/Louiseseguin_2024_5.jpg 436w, https:\/\/routedesartsvaudreuilsoulanges.com\/wp-content\/uploads\/2024\/05\/Louiseseguin_2024_5-189x300.jpg 189w\" sizes=\"auto, (max-width: 436px) 100vw, 436px\" \/><\/figure>\n<\/figure>","protected":false},"excerpt":{"rendered":"<p>Louise S\u00e9guin Domaine artistique : M\u00e9tiers d&rsquo;arts &#8211; Joailli\u00e8re Louise S\u00e9guin \u0153uvre majoritairement dans le domaine de la cr\u00e9ation de bijoux et accessoires et travaille les m\u00e9taux tels que l\u2019argent pur, l\u2019argent sterling, l\u2019or, le cuivre, le bronze, le laiton et autres m\u00e9taux recycl\u00e9s en utilisant plusieurs techniques de joaillerie traditionnelles et contemporaines. Elle privil\u00e9gie [&hellip;]<\/p>\n","protected":false},"author":1,"featured_media":0,"parent":0,"menu_order":0,"comment_status":"closed","ping_status":"closed","template":"","meta":{"footnotes":""},"class_list":["post-1610","page","type-page","status-publish","hentry"],"_links":{"self":[{"href":"https:\/\/routedesartsvaudreuilsoulanges.com\/en\/wp-json\/wp\/v2\/pages\/1610","targetHints":{"allow":["GET"]}}],"collection":[{"href":"https:\/\/routedesartsvaudreuilsoulanges.com\/en\/wp-json\/wp\/v2\/pages"}],"about":[{"href":"https:\/\/routedesartsvaudreuilsoulanges.com\/en\/wp-json\/wp\/v2\/types\/page"}],"author":[{"embeddable":true,"href":"https:\/\/routedesartsvaudreuilsoulanges.com\/en\/wp-json\/wp\/v2\/users\/1"}],"replies":[{"embeddable":true,"href":"https:\/\/routedesartsvaudreuilsoulanges.com\/en\/wp-json\/wp\/v2\/comments?post=1610"}],"version-history":[{"count":4,"href":"https:\/\/routedesartsvaudreuilsoulanges.com\/en\/wp-json\/wp\/v2\/pages\/1610\/revisions"}],"predecessor-version":[{"id":1795,"href":"https:\/\/routedesartsvaudreuilsoulanges.com\/en\/wp-json\/wp\/v2\/pages\/1610\/revisions\/1795"}],"wp:attachment":[{"href":"https:\/\/routedesartsvaudreuilsoulanges.com\/en\/wp-json\/wp\/v2\/media?parent=1610"}],"curies":[{"name":"wp","href":"https:\/\/api.w.org\/{rel}","templated":true}]}}