{"id":2007,"date":"2025-04-10T20:45:09","date_gmt":"2025-04-11T01:45:09","guid":{"rendered":"https:\/\/routedesartsvaudreuilsoulanges.com\/?page_id=2007"},"modified":"2025-08-13T13:40:41","modified_gmt":"2025-08-13T18:40:41","slug":"mission-vision-valeurs","status":"publish","type":"page","link":"https:\/\/routedesartsvaudreuilsoulanges.com\/en\/mission-vision-valeurs\/","title":{"rendered":"Mission &#8211; Vision \u2013 Valeurs"},"content":{"rendered":"<h2 class=\"wp-block-heading\"><strong>NOTRE MISSION<\/strong><\/h2>\n\n\n\n<p>La route des Arts Vaudreuil Soulanges promeut le rayonnement, la promotion et la diffusion de l\u2019art et ses pratiques sous toutes ses formes. Elle pr\u00e9sente un lien dynamique entre les artistes et artisans, les amateurs d\u2019art et le grand public en favorisant les rencontres et les \u00e9changes dans les espaces de cr\u00e9ation ou dans d\u2019autres lieux.<\/p>\n\n\n\n<h2 class=\"wp-block-heading\"><strong>NOTRE VISION<\/strong><\/h2>\n\n\n\n<p>La Route des Arts sera un moteur dynamique de d\u00e9veloppement culturel, social et \u00e9conomique de la r\u00e9gion. Elle sera connue, reconnue et appr\u00e9ci\u00e9e pour son r\u00f4le d\u00e9terminant liant entre eux; les artistes et les artisans avec la communaut\u00e9 d\u2019ici et d\u2019ailleurs.<\/p>\n\n\n\n<h2 class=\"wp-block-heading\"><strong>NOS VALEURS<\/strong><\/h2>\n\n\n\n<p>Au c\u0153ur de notre vision et notre mission, nos valeurs sont garantes du succ\u00e8s et de la p\u00e9rennit\u00e9 de <em>La Route des Arts<\/em>. L\u2019organisme, par son conseil d\u2019administration, ses membres et ses b\u00e9n\u00e9voles partageront ces valeurs.<\/p>\n\n\n\n<figure class=\"wp-block-table\"><table class=\"has-fixed-layout\"><thead><tr><td><strong>VALEURS<\/strong><\/td><td><strong>R\u00c9SULTANTES<\/strong><\/td><\/tr><\/thead><tbody><tr><td>Cr\u00e9ativit\u00e9<\/td><td>Innovation, solutions, ouverture d\u2019esprit, stimulation<\/td><\/tr><tr><td>Honn\u00eatet\u00e9<\/td><td>Authenticit\u00e9, int\u00e9grit\u00e9, transparence<\/td><\/tr><tr><td>Rassembleur<\/td><td>Bienveillance, accessibilit\u00e9, inclusivit\u00e9, convivialit\u00e9, disponibilit\u00e9<\/td><\/tr><tr><td>Proactivit\u00e9<\/td><td>Am\u00e9lioration continue, performance, r\u00e9sultats<\/td><\/tr><tr><td>Professionnalisme<\/td><td>Connaissances, expertises, rigueur, discipline Qualit\u00e9&nbsp;: constance dans l\u2019action<\/td><\/tr><tr><td>Organisation<\/td><td>Clart\u00e9, structure, efficacit\u00e9, efficience, productivit\u00e9, mesure, p\u00e9rennit\u00e9<\/td><\/tr><\/tbody><\/table><\/figure>","protected":false},"excerpt":{"rendered":"<p>NOTRE MISSION La route des Arts Vaudreuil Soulanges promeut le rayonnement, la promotion et la diffusion de l\u2019art et ses pratiques sous toutes ses formes. Elle pr\u00e9sente un lien dynamique entre les artistes et artisans, les amateurs d\u2019art et le grand public en favorisant les rencontres et les \u00e9changes dans les espaces de cr\u00e9ation ou [&hellip;]<\/p>\n","protected":false},"author":1,"featured_media":0,"parent":0,"menu_order":0,"comment_status":"closed","ping_status":"closed","template":"","meta":{"footnotes":""},"class_list":["post-2007","page","type-page","status-publish","hentry"],"_links":{"self":[{"href":"https:\/\/routedesartsvaudreuilsoulanges.com\/en\/wp-json\/wp\/v2\/pages\/2007","targetHints":{"allow":["GET"]}}],"collection":[{"href":"https:\/\/routedesartsvaudreuilsoulanges.com\/en\/wp-json\/wp\/v2\/pages"}],"about":[{"href":"https:\/\/routedesartsvaudreuilsoulanges.com\/en\/wp-json\/wp\/v2\/types\/page"}],"author":[{"embeddable":true,"href":"https:\/\/routedesartsvaudreuilsoulanges.com\/en\/wp-json\/wp\/v2\/users\/1"}],"replies":[{"embeddable":true,"href":"https:\/\/routedesartsvaudreuilsoulanges.com\/en\/wp-json\/wp\/v2\/comments?post=2007"}],"version-history":[{"count":2,"href":"https:\/\/routedesartsvaudreuilsoulanges.com\/en\/wp-json\/wp\/v2\/pages\/2007\/revisions"}],"predecessor-version":[{"id":2524,"href":"https:\/\/routedesartsvaudreuilsoulanges.com\/en\/wp-json\/wp\/v2\/pages\/2007\/revisions\/2524"}],"wp:attachment":[{"href":"https:\/\/routedesartsvaudreuilsoulanges.com\/en\/wp-json\/wp\/v2\/media?parent=2007"}],"curies":[{"name":"wp","href":"https:\/\/api.w.org\/{rel}","templated":true}]}}