{"id":2011,"date":"2025-04-19T19:11:30","date_gmt":"2025-04-20T00:11:30","guid":{"rendered":"https:\/\/routedesartsvaudreuilsoulanges.com\/?page_id=2011"},"modified":"2025-04-22T22:08:06","modified_gmt":"2025-04-23T03:08:06","slug":"2025-francine-bertrand","status":"publish","type":"page","link":"https:\/\/routedesartsvaudreuilsoulanges.com\/en\/2025-francine-bertrand\/","title":{"rendered":"2025 Francine Bertrand"},"content":{"rendered":"<div class=\"wp-block-group alignfull is-content-justification-center\" style=\"margin-top:0;margin-bottom:0;padding-top:calc( 0.5 * var(--wp--style--root--padding-right, var(--wp--custom--gap--horizontal)));padding-right:var(--wp--style--root--padding-right, var(--wp--custom--gap--horizontal));padding-bottom:calc( 0.5 * var(--wp--style--root--padding-right, var(--wp--custom--gap--horizontal)));padding-left:var(--wp--style--root--padding-left, var(--wp--custom--gap--horizontal))\"><div class=\"wp-block-group__inner-container is-layout-constrained wp-container-core-group-is-layout-b073b61b wp-block-group-is-layout-constrained\">\n<div style=\"height:calc( 0.25 * var(--wp--style--root--padding-right, var(--wp--custom--gap--horizontal)))\" aria-hidden=\"true\" class=\"wp-block-spacer\"><\/div>\n\n\n<div class=\"wp-block-image\">\n<figure class=\"aligncenter size-full is-resized has-custom-border\"><img loading=\"lazy\" decoding=\"async\" width=\"1060\" height=\"1060\" src=\"https:\/\/routedesartsvaudreuilsoulanges.com\/wp-content\/uploads\/2025\/04\/IMG_2911-e1745033029208.jpg\" alt=\"\" class=\"wp-image-2230\" style=\"border-radius:100em;object-fit:cover;width:267px;height:auto\" srcset=\"https:\/\/routedesartsvaudreuilsoulanges.com\/wp-content\/uploads\/2025\/04\/IMG_2911-e1745033029208.jpg 1060w, https:\/\/routedesartsvaudreuilsoulanges.com\/wp-content\/uploads\/2025\/04\/IMG_2911-e1745033029208-300x300.jpg 300w, https:\/\/routedesartsvaudreuilsoulanges.com\/wp-content\/uploads\/2025\/04\/IMG_2911-e1745033029208-1024x1024.jpg 1024w, https:\/\/routedesartsvaudreuilsoulanges.com\/wp-content\/uploads\/2025\/04\/IMG_2911-e1745033029208-150x150.jpg 150w, https:\/\/routedesartsvaudreuilsoulanges.com\/wp-content\/uploads\/2025\/04\/IMG_2911-e1745033029208-768x768.jpg 768w\" sizes=\"auto, (max-width: 1060px) 100vw, 1060px\" \/><\/figure>\n<\/div>\n\n\n<div class=\"wp-block-group alignwide\"><div class=\"wp-block-group__inner-container is-layout-constrained wp-container-core-group-is-layout-ea1a8c23 wp-block-group-is-layout-constrained\">\n<h2 class=\"wp-block-heading has-text-align-center has-ast-global-color-2-color has-text-color\">Francine Bertrand<\/h2>\n\n\n\n<p>Domaine artistique : <strong>Arts visuels<\/strong><\/p>\n\n\n\n<h3 class=\"wp-block-heading has-text-align-left\">Bio<\/h3>\n\n\n\n<p class=\"has-text-align-left\">J\u2019ai d\u00e9but\u00e9 la peinture \u00e0 l\u2019huile en 1991. Mon professeur \u00e0 cette \u00e9poque \u00e9tait Tanya Axiuk , artiste connue elle avait sa galerie et son \u00e9cole \u00e0 Pincourt. Par la suite j\u2019ai \u00e9tudi\u00e9 avec Rita Shellard, artiste connue de St Lazare. Comme je d\u00e9sirait peindre des animaux j\u2019ai \u00e9tudi\u00e9 avec Manon Labelle, peintre animali\u00e8re \u00e0 Pincourt,. Plus tard j\u2019ai pris des cours avec Carlo Consentino, artiste professionnel \u00e0 l\u2019\u00eele Bizard pour am\u00e9liorer mes ombres et lumi\u00e8res. J\u2019ai aussi \u00e9tudi\u00e9 avec Isabelle Turcotte deux \u00e0 trois sessions. De plus, j\u2019ai particip\u00e9 \u00e0 plusieurs ateliers de cr\u00e9ation. M\u00eame apr\u00e8s toutes ces ann\u00e9es je continue \u00e0 peindre et \u00e0 m\u2019am\u00e9liorer.<\/p>\n\n\n\n<h3 class=\"wp-block-heading\">D\u00e9marche<\/h3>\n\n\n\n<p>Originaire de Rigaud, j\u2019ai d\u00e9velopp\u00e9 mon talent pour la peinture depuis plus de 30 ans. On peut observer dans mes toiles beaucoup d\u2019\u00e9motions, de passion et d\u2019amour..<\/p>\n\n\n\n<p>L\u2019huile est mon m\u00e9dium favori. Je suis sensible \u00e0 tout ce qui touche la beaut\u00e9 de la nature. J\u2019ai exp\u00e9riment\u00e9 d\u2019autres m\u00e9diums et techniques, dont l\u2019acrylique, l\u2019aquarelle, le wipe out, peinture faux vitrail et encre et alcool.<\/p>\n\n\n\n<p>Passionn\u00e9e et sensible, je souhaite que mes \u0153uvres refl\u00e8tent mon int\u00e9riorit\u00e9 individuelle et ma simplicit\u00e9.<\/p>\n\n\n\n<ul class=\"wp-block-social-links has-normal-icon-size is-style-logos-only is-content-justification-center is-nowrap is-layout-flex wp-container-core-social-links-is-layout-40fab40b wp-block-social-links-is-layout-flex\"><li class=\"wp-social-link wp-social-link-mail  wp-block-social-link\"><a href=\"mailto:fr&#097;nci&#110;&#101;b&#101;r&#116;&#114;&#097;nd&#064;vi&#100;eot&#114;on.ca\" class=\"wp-block-social-link-anchor\"><svg width=\"24\" height=\"24\" viewbox=\"0 0 24 24\" version=\"1.1\" xmlns=\"http:\/\/www.w3.org\/2000\/svg\" aria-hidden=\"true\" focusable=\"false\"><path d=\"M19,5H5c-1.1,0-2,.9-2,2v10c0,1.1.9,2,2,2h14c1.1,0,2-.9,2-2V7c0-1.1-.9-2-2-2zm.5,12c0,.3-.2.5-.5.5H5c-.3,0-.5-.2-.5-.5V9.8l7.5,5.6,7.5-5.6V17zm0-9.1L12,13.6,4.5,7.9V7c0-.3.2-.5.5-.5h14c.3,0,.5.2.5.5v.9z\"><\/path><\/svg><span class=\"wp-block-social-link-label screen-reader-text\">Mail<\/span><\/a><\/li>\n\n<li class=\"wp-social-link wp-social-link-facebook  wp-block-social-link\"><a href=\"https:\/\/www.facebook.com\/francine.bertrand.311\" class=\"wp-block-social-link-anchor\"><svg width=\"24\" height=\"24\" viewbox=\"0 0 24 24\" version=\"1.1\" xmlns=\"http:\/\/www.w3.org\/2000\/svg\" aria-hidden=\"true\" focusable=\"false\"><path d=\"M12 2C6.5 2 2 6.5 2 12c0 5 3.7 9.1 8.4 9.9v-7H7.9V12h2.5V9.8c0-2.5 1.5-3.9 3.8-3.9 1.1 0 2.2.2 2.2.2v2.5h-1.3c-1.2 0-1.6.8-1.6 1.6V12h2.8l-.4 2.9h-2.3v7C18.3 21.1 22 17 22 12c0-5.5-4.5-10-10-10z\"><\/path><\/svg><span class=\"wp-block-social-link-label screen-reader-text\">Facebook<\/span><\/a><\/li><\/ul>\n\n\n\n<div style=\"height:38px\" aria-hidden=\"true\" class=\"wp-block-spacer\"><\/div>\n<\/div><\/div>\n<\/div><\/div>\n\n\n\n<h3 class=\"wp-block-heading\">Un avant go\u00fbt de ses oeuvres<\/h3>\n\n\n\n<figure class=\"wp-block-gallery has-nested-images columns-default is-cropped wp-block-gallery-1 is-layout-flex wp-block-gallery-is-layout-flex\">\n<figure class=\"wp-block-image size-large\"><img loading=\"lazy\" decoding=\"async\" width=\"502\" height=\"640\" data-id=\"2013\" src=\"https:\/\/routedesartsvaudreuilsoulanges.com\/wp-content\/uploads\/2025\/04\/IMG_1506.jpg\" alt=\"\" class=\"wp-image-2013\" srcset=\"https:\/\/routedesartsvaudreuilsoulanges.com\/wp-content\/uploads\/2025\/04\/IMG_1506.jpg 502w, https:\/\/routedesartsvaudreuilsoulanges.com\/wp-content\/uploads\/2025\/04\/IMG_1506-235x300.jpg 235w\" sizes=\"auto, (max-width: 502px) 100vw, 502px\" \/><\/figure>\n\n\n\n<figure class=\"wp-block-image size-large\"><img loading=\"lazy\" decoding=\"async\" width=\"479\" height=\"640\" data-id=\"2014\" src=\"https:\/\/routedesartsvaudreuilsoulanges.com\/wp-content\/uploads\/2025\/04\/IMG_3533.jpg\" alt=\"\" class=\"wp-image-2014\" srcset=\"https:\/\/routedesartsvaudreuilsoulanges.com\/wp-content\/uploads\/2025\/04\/IMG_3533.jpg 479w, https:\/\/routedesartsvaudreuilsoulanges.com\/wp-content\/uploads\/2025\/04\/IMG_3533-225x300.jpg 225w\" sizes=\"auto, (max-width: 479px) 100vw, 479px\" \/><\/figure>\n\n\n\n<figure class=\"wp-block-image size-large\"><img loading=\"lazy\" decoding=\"async\" width=\"640\" height=\"512\" data-id=\"2015\" src=\"https:\/\/routedesartsvaudreuilsoulanges.com\/wp-content\/uploads\/2025\/04\/IMG_4979.jpg\" alt=\"\" class=\"wp-image-2015\" srcset=\"https:\/\/routedesartsvaudreuilsoulanges.com\/wp-content\/uploads\/2025\/04\/IMG_4979.jpg 640w, https:\/\/routedesartsvaudreuilsoulanges.com\/wp-content\/uploads\/2025\/04\/IMG_4979-300x240.jpg 300w\" sizes=\"auto, (max-width: 640px) 100vw, 640px\" \/><\/figure>\n\n\n\n<figure class=\"wp-block-image size-large\"><img loading=\"lazy\" decoding=\"async\" width=\"640\" height=\"510\" data-id=\"2016\" src=\"https:\/\/routedesartsvaudreuilsoulanges.com\/wp-content\/uploads\/2025\/04\/IMG_5376.jpg\" alt=\"\" class=\"wp-image-2016\" srcset=\"https:\/\/routedesartsvaudreuilsoulanges.com\/wp-content\/uploads\/2025\/04\/IMG_5376.jpg 640w, https:\/\/routedesartsvaudreuilsoulanges.com\/wp-content\/uploads\/2025\/04\/IMG_5376-300x239.jpg 300w\" sizes=\"auto, (max-width: 640px) 100vw, 640px\" \/><\/figure>\n\n\n\n<figure class=\"wp-block-image size-large\"><img loading=\"lazy\" decoding=\"async\" width=\"516\" height=\"640\" data-id=\"2017\" src=\"https:\/\/routedesartsvaudreuilsoulanges.com\/wp-content\/uploads\/2025\/04\/IMG_6925.jpg\" alt=\"\" class=\"wp-image-2017\" srcset=\"https:\/\/routedesartsvaudreuilsoulanges.com\/wp-content\/uploads\/2025\/04\/IMG_6925.jpg 516w, https:\/\/routedesartsvaudreuilsoulanges.com\/wp-content\/uploads\/2025\/04\/IMG_6925-242x300.jpg 242w\" sizes=\"auto, (max-width: 516px) 100vw, 516px\" \/><\/figure>\n<\/figure>","protected":false},"excerpt":{"rendered":"<p>Francine Bertrand Domaine artistique : Arts visuels Bio J\u2019ai d\u00e9but\u00e9 la peinture \u00e0 l\u2019huile en 1991. Mon professeur \u00e0 cette \u00e9poque \u00e9tait Tanya Axiuk , artiste connue elle avait sa galerie et son \u00e9cole \u00e0 Pincourt. Par la suite j\u2019ai \u00e9tudi\u00e9 avec Rita Shellard, artiste connue de St Lazare. Comme je d\u00e9sirait peindre des animaux [&hellip;]<\/p>\n","protected":false},"author":1,"featured_media":0,"parent":0,"menu_order":0,"comment_status":"closed","ping_status":"closed","template":"","meta":{"footnotes":""},"class_list":["post-2011","page","type-page","status-publish","hentry"],"_links":{"self":[{"href":"https:\/\/routedesartsvaudreuilsoulanges.com\/en\/wp-json\/wp\/v2\/pages\/2011","targetHints":{"allow":["GET"]}}],"collection":[{"href":"https:\/\/routedesartsvaudreuilsoulanges.com\/en\/wp-json\/wp\/v2\/pages"}],"about":[{"href":"https:\/\/routedesartsvaudreuilsoulanges.com\/en\/wp-json\/wp\/v2\/types\/page"}],"author":[{"embeddable":true,"href":"https:\/\/routedesartsvaudreuilsoulanges.com\/en\/wp-json\/wp\/v2\/users\/1"}],"replies":[{"embeddable":true,"href":"https:\/\/routedesartsvaudreuilsoulanges.com\/en\/wp-json\/wp\/v2\/comments?post=2011"}],"version-history":[{"count":11,"href":"https:\/\/routedesartsvaudreuilsoulanges.com\/en\/wp-json\/wp\/v2\/pages\/2011\/revisions"}],"predecessor-version":[{"id":2325,"href":"https:\/\/routedesartsvaudreuilsoulanges.com\/en\/wp-json\/wp\/v2\/pages\/2011\/revisions\/2325"}],"wp:attachment":[{"href":"https:\/\/routedesartsvaudreuilsoulanges.com\/en\/wp-json\/wp\/v2\/media?parent=2011"}],"curies":[{"name":"wp","href":"https:\/\/api.w.org\/{rel}","templated":true}]}}