{"id":2171,"date":"2025-04-19T19:12:47","date_gmt":"2025-04-20T00:12:47","guid":{"rendered":"https:\/\/routedesartsvaudreuilsoulanges.com\/?page_id=2171"},"modified":"2025-09-18T10:57:17","modified_gmt":"2025-09-18T15:57:17","slug":"2025-jacinthe-durand","status":"publish","type":"page","link":"https:\/\/routedesartsvaudreuilsoulanges.com\/en\/2025-jacinthe-durand\/","title":{"rendered":"2025 Jacinthe Durand &#8211; ***Atelier non-disponible pour les visites***"},"content":{"rendered":"<div class=\"wp-block-group alignfull is-content-justification-center\" style=\"margin-top:0;margin-bottom:0;padding-top:calc( 0.5 * var(--wp--style--root--padding-right, var(--wp--custom--gap--horizontal)));padding-right:var(--wp--style--root--padding-right, var(--wp--custom--gap--horizontal));padding-bottom:calc( 0.5 * var(--wp--style--root--padding-right, var(--wp--custom--gap--horizontal)));padding-left:var(--wp--style--root--padding-left, var(--wp--custom--gap--horizontal))\"><div class=\"wp-block-group__inner-container is-layout-constrained wp-container-core-group-is-layout-b073b61b wp-block-group-is-layout-constrained\">\n<div style=\"height:0px\" aria-hidden=\"true\" class=\"wp-block-spacer\"><\/div>\n\n\n<div class=\"wp-block-image\">\n<figure class=\"aligncenter size-full is-resized has-custom-border\"><img decoding=\"async\" src=\"https:\/\/routedesartsvaudreuilsoulanges.com\/wp-content\/uploads\/2025\/04\/Jacinthe-Durand.png\" alt=\"\" class=\"wp-image-2353\" style=\"border-radius:100em;object-fit:cover;width:267px;height:auto\"\/><\/figure>\n<\/div>\n\n\n<div class=\"wp-block-group alignwide\"><div class=\"wp-block-group__inner-container is-layout-constrained wp-container-core-group-is-layout-ea1a8c23 wp-block-group-is-layout-constrained\">\n<h2 class=\"wp-block-heading has-text-align-center has-ast-global-color-2-color has-text-color\">Jacinthe Durand<\/h2>\n\n\n\n<p>Domaine artistique : <strong>artiste multidisciplinaire<\/strong><\/p>\n\n\n\n<h3 class=\"wp-block-heading\">Bio<\/h3>\n\n\n\n<p>Jacinthe Durand (r\u00e9sidente de Saint-Lazare) est une artiste multidisciplinaire, (sculpture, dessin, peinture, calligraphie, et images num\u00e9riques).<\/p>\n\n\n\n<p>Elle \u00e9volue dans le monde de l\u2019image \u00e0 travers une longue carri\u00e8re de designer graphique et de directrice artistique, illustratrice et enseignante ( design graphique, typographie, illustration, dessin d\u2019observation et de mod\u00e8le vivant au Coll\u00e8ge Salette \u00e0 Montr\u00e9al ).<\/p>\n\n\n\n<p>Elle poss\u00e8de un DEC en sciences humaines, une attestation en arts plastiques, elle poursuit ensuite des \u00e9tudes en enseignement des arts plastiques \u00e0 l\u2019UQAM. D&rsquo;autres formations s\u2019ajoutent \u00e0 son C.V. (design graphique num\u00e9rique et illustration au Coll\u00e8ge Salette).<br>Sa curiosit\u00e9 l\u2019am\u00e8ne \u00e0 poursuivre ses apprentissages avec des formations en continue : cours priv\u00e9 en photographie, s\u00e9rigraphie, enluminure et calligraphie, logiciel de montage, initiation au cin\u00e9ma 4D, initiation \u00e0 l\u2019IA.<\/p>\n\n\n\n<p>Elle a organis\u00e9 aussi plusieurs \u00e9v\u00e8nements &#8211; expo en art et art de la sc\u00e8ne mettant en valeur la cr\u00e9ativit\u00e9 de ses \u00e9tudiants. Avide de culture artistique, (musique, art contemporain, danse contemporaine, arts technologiques) sa vie \u00e0 Montr\u00e9al a \u00e9t\u00e9 un terreau fertile pour son inspiration, un bagage aussi important que les formations, par la richesse de son contenu.<\/p>\n\n\n\n<h3 class=\"wp-block-heading\">D\u00e9marche<\/h3>\n\n\n\n<p>Je suis un peu polymathe, ce qui veut dire que je travaille avec plusieurs mediums, ma d\u00e9marche s&rsquo;inspire de mes r\u00e9flexions et \u00e9crits sur la soci\u00e9t\u00e9, l&rsquo;histoire, l&rsquo;actualit\u00e9, et est transposer par la sculpture, le collage ou l&rsquo;art num\u00e9rique, en parole visuelle \u00e0 transmettre aux gens, un langage universel.<\/p>\n\n\n\n<ul class=\"wp-block-social-links has-normal-icon-size is-style-logos-only is-content-justification-center is-nowrap is-layout-flex wp-container-core-social-links-is-layout-40fab40b wp-block-social-links-is-layout-flex\"><li class=\"wp-social-link wp-social-link-mail  wp-block-social-link\"><a href=\"mailto:&#106;&#097;&#115;s.d&#117;ra&#110;d&#064;&#103;&#109;a&#105;&#108;&#046;&#099;&#111;&#109;\" class=\"wp-block-social-link-anchor\"><svg width=\"24\" height=\"24\" viewbox=\"0 0 24 24\" version=\"1.1\" xmlns=\"http:\/\/www.w3.org\/2000\/svg\" aria-hidden=\"true\" focusable=\"false\"><path d=\"M19,5H5c-1.1,0-2,.9-2,2v10c0,1.1.9,2,2,2h14c1.1,0,2-.9,2-2V7c0-1.1-.9-2-2-2zm.5,12c0,.3-.2.5-.5.5H5c-.3,0-.5-.2-.5-.5V9.8l7.5,5.6,7.5-5.6V17zm0-9.1L12,13.6,4.5,7.9V7c0-.3.2-.5.5-.5h14c.3,0,.5.2.5.5v.9z\"><\/path><\/svg><span class=\"wp-block-social-link-label screen-reader-text\">Mail<\/span><\/a><\/li>\n\n<li class=\"wp-social-link wp-social-link-facebook  wp-block-social-link\"><a href=\"https:\/\/www.facebook.com\/profile.php?id=100074875175250\" class=\"wp-block-social-link-anchor\"><svg width=\"24\" height=\"24\" viewbox=\"0 0 24 24\" version=\"1.1\" xmlns=\"http:\/\/www.w3.org\/2000\/svg\" aria-hidden=\"true\" focusable=\"false\"><path d=\"M12 2C6.5 2 2 6.5 2 12c0 5 3.7 9.1 8.4 9.9v-7H7.9V12h2.5V9.8c0-2.5 1.5-3.9 3.8-3.9 1.1 0 2.2.2 2.2.2v2.5h-1.3c-1.2 0-1.6.8-1.6 1.6V12h2.8l-.4 2.9h-2.3v7C18.3 21.1 22 17 22 12c0-5.5-4.5-10-10-10z\"><\/path><\/svg><span class=\"wp-block-social-link-label screen-reader-text\">Facebook<\/span><\/a><\/li>\n\n<li class=\"wp-social-link wp-social-link-chain  wp-block-social-link\"><a href=\"https:\/\/%20https:\/\/jacinthe-durand-bdcr.squarespace.com\/\" class=\"wp-block-social-link-anchor\"><svg width=\"24\" height=\"24\" viewbox=\"0 0 24 24\" version=\"1.1\" xmlns=\"http:\/\/www.w3.org\/2000\/svg\" aria-hidden=\"true\" focusable=\"false\"><path d=\"M15.6,7.2H14v1.5h1.6c2,0,3.7,1.7,3.7,3.7s-1.7,3.7-3.7,3.7H14v1.5h1.6c2.8,0,5.2-2.3,5.2-5.2,0-2.9-2.3-5.2-5.2-5.2zM4.7,12.4c0-2,1.7-3.7,3.7-3.7H10V7.2H8.4c-2.9,0-5.2,2.3-5.2,5.2,0,2.9,2.3,5.2,5.2,5.2H10v-1.5H8.4c-2,0-3.7-1.7-3.7-3.7zm4.6.9h5.3v-1.5H9.3v1.5z\"><\/path><\/svg><span class=\"wp-block-social-link-label screen-reader-text\">Link<\/span><\/a><\/li><\/ul>\n\n\n\n<div style=\"height:38px\" aria-hidden=\"true\" class=\"wp-block-spacer\"><\/div>\n<\/div><\/div>\n<\/div><\/div>\n\n\n\n<h3 class=\"wp-block-heading\">Un avant go\u00fbt de ses \u0153uvres<\/h3>\n\n\n\n<figure class=\"wp-block-gallery has-nested-images columns-default is-cropped wp-block-gallery-1 is-layout-flex wp-block-gallery-is-layout-flex\">\n<figure class=\"wp-block-image size-full\"><img loading=\"lazy\" decoding=\"async\" width=\"562\" height=\"800\" data-id=\"2174\" src=\"https:\/\/routedesartsvaudreuilsoulanges.com\/wp-content\/uploads\/2025\/04\/J.DURAND-4.jpg\" alt=\"\" class=\"wp-image-2174\" srcset=\"https:\/\/routedesartsvaudreuilsoulanges.com\/wp-content\/uploads\/2025\/04\/J.DURAND-4.jpg 562w, https:\/\/routedesartsvaudreuilsoulanges.com\/wp-content\/uploads\/2025\/04\/J.DURAND-4-211x300.jpg 211w\" sizes=\"auto, (max-width: 562px) 100vw, 562px\" \/><\/figure>\n\n\n\n<figure class=\"wp-block-image size-full\"><img loading=\"lazy\" decoding=\"async\" width=\"1500\" height=\"2000\" data-id=\"2175\" src=\"https:\/\/routedesartsvaudreuilsoulanges.com\/wp-content\/uploads\/2025\/04\/mirocassodinsky-scaled-e1745027454915.jpg\" alt=\"\" class=\"wp-image-2175\"\/><\/figure>\n\n\n\n<figure class=\"wp-block-image size-full\"><img loading=\"lazy\" decoding=\"async\" width=\"1405\" height=\"2000\" data-id=\"2176\" src=\"https:\/\/routedesartsvaudreuilsoulanges.com\/wp-content\/uploads\/2025\/04\/xavier-atypique-scaled-e1745027469851.jpg\" alt=\"\" class=\"wp-image-2176\"\/><\/figure>\n\n\n\n<figure class=\"wp-block-image size-full\"><img loading=\"lazy\" decoding=\"async\" width=\"1224\" height=\"1632\" data-id=\"2173\" src=\"https:\/\/routedesartsvaudreuilsoulanges.com\/wp-content\/uploads\/2025\/04\/IRM12-serie.jpg\" alt=\"\" class=\"wp-image-2173\" srcset=\"https:\/\/routedesartsvaudreuilsoulanges.com\/wp-content\/uploads\/2025\/04\/IRM12-serie.jpg 1224w, https:\/\/routedesartsvaudreuilsoulanges.com\/wp-content\/uploads\/2025\/04\/IRM12-serie-225x300.jpg 225w, https:\/\/routedesartsvaudreuilsoulanges.com\/wp-content\/uploads\/2025\/04\/IRM12-serie-768x1024.jpg 768w, https:\/\/routedesartsvaudreuilsoulanges.com\/wp-content\/uploads\/2025\/04\/IRM12-serie-1152x1536.jpg 1152w, https:\/\/routedesartsvaudreuilsoulanges.com\/wp-content\/uploads\/2025\/04\/IRM12-serie-480x640.jpg 480w\" sizes=\"auto, (max-width: 1224px) 100vw, 1224px\" \/><\/figure>\n\n\n\n<figure class=\"wp-block-image size-full\"><img loading=\"lazy\" decoding=\"async\" width=\"1500\" height=\"2000\" data-id=\"2172\" src=\"https:\/\/routedesartsvaudreuilsoulanges.com\/wp-content\/uploads\/2025\/04\/IMG_1760-scaled-e1745027413667.jpeg\" alt=\"\" class=\"wp-image-2172\"\/><\/figure>\n<\/figure>","protected":false},"excerpt":{"rendered":"<p>Jacinthe Durand Domaine artistique : artiste multidisciplinaire Bio Jacinthe Durand (r\u00e9sidente de Saint-Lazare) est une artiste multidisciplinaire, (sculpture, dessin, peinture, calligraphie, et images num\u00e9riques). Elle \u00e9volue dans le monde de l\u2019image \u00e0 travers une longue carri\u00e8re de designer graphique et de directrice artistique, illustratrice et enseignante ( design graphique, typographie, illustration, dessin d\u2019observation et de [&hellip;]<\/p>\n","protected":false},"author":1,"featured_media":0,"parent":0,"menu_order":0,"comment_status":"closed","ping_status":"closed","template":"","meta":{"footnotes":""},"class_list":["post-2171","page","type-page","status-publish","hentry"],"_links":{"self":[{"href":"https:\/\/routedesartsvaudreuilsoulanges.com\/en\/wp-json\/wp\/v2\/pages\/2171","targetHints":{"allow":["GET"]}}],"collection":[{"href":"https:\/\/routedesartsvaudreuilsoulanges.com\/en\/wp-json\/wp\/v2\/pages"}],"about":[{"href":"https:\/\/routedesartsvaudreuilsoulanges.com\/en\/wp-json\/wp\/v2\/types\/page"}],"author":[{"embeddable":true,"href":"https:\/\/routedesartsvaudreuilsoulanges.com\/en\/wp-json\/wp\/v2\/users\/1"}],"replies":[{"embeddable":true,"href":"https:\/\/routedesartsvaudreuilsoulanges.com\/en\/wp-json\/wp\/v2\/comments?post=2171"}],"version-history":[{"count":8,"href":"https:\/\/routedesartsvaudreuilsoulanges.com\/en\/wp-json\/wp\/v2\/pages\/2171\/revisions"}],"predecessor-version":[{"id":2549,"href":"https:\/\/routedesartsvaudreuilsoulanges.com\/en\/wp-json\/wp\/v2\/pages\/2171\/revisions\/2549"}],"wp:attachment":[{"href":"https:\/\/routedesartsvaudreuilsoulanges.com\/en\/wp-json\/wp\/v2\/media?parent=2171"}],"curies":[{"name":"wp","href":"https:\/\/api.w.org\/{rel}","templated":true}]}}