{"id":2195,"date":"2025-04-19T19:22:47","date_gmt":"2025-04-20T00:22:47","guid":{"rendered":"https:\/\/routedesartsvaudreuilsoulanges.com\/?page_id=2195"},"modified":"2025-05-07T20:20:12","modified_gmt":"2025-05-08T01:20:12","slug":"2025-sarah-murphy","status":"publish","type":"page","link":"https:\/\/routedesartsvaudreuilsoulanges.com\/en\/2025-sarah-murphy\/","title":{"rendered":"2025 Sarah Murphy"},"content":{"rendered":"<div class=\"wp-block-group alignfull is-content-justification-center\" style=\"margin-top:0;margin-bottom:0;padding-top:calc( 0.5 * var(--wp--style--root--padding-right, var(--wp--custom--gap--horizontal)));padding-right:var(--wp--style--root--padding-right, var(--wp--custom--gap--horizontal));padding-bottom:calc( 0.5 * var(--wp--style--root--padding-right, var(--wp--custom--gap--horizontal)));padding-left:var(--wp--style--root--padding-left, var(--wp--custom--gap--horizontal))\"><div class=\"wp-block-group__inner-container is-layout-constrained wp-container-core-group-is-layout-b073b61b wp-block-group-is-layout-constrained\">\n<div style=\"height:0px\" aria-hidden=\"true\" class=\"wp-block-spacer\"><\/div>\n\n\n<div class=\"wp-block-image\">\n<figure class=\"aligncenter size-full is-resized has-custom-border\"><img loading=\"lazy\" decoding=\"async\" width=\"184\" height=\"184\" src=\"https:\/\/routedesartsvaudreuilsoulanges.com\/wp-content\/uploads\/2025\/04\/Sarah-Murphy-e1745608095619.png\" alt=\"\" class=\"wp-image-2354\" style=\"border-radius:100em;object-fit:cover;width:267px;height:auto\" srcset=\"https:\/\/routedesartsvaudreuilsoulanges.com\/wp-content\/uploads\/2025\/04\/Sarah-Murphy-e1745608095619.png 184w, https:\/\/routedesartsvaudreuilsoulanges.com\/wp-content\/uploads\/2025\/04\/Sarah-Murphy-e1745608095619-150x150.png 150w\" sizes=\"auto, (max-width: 184px) 100vw, 184px\" \/><\/figure>\n<\/div>\n\n\n<div class=\"wp-block-group alignwide\"><div class=\"wp-block-group__inner-container is-layout-constrained wp-container-core-group-is-layout-ea1a8c23 wp-block-group-is-layout-constrained\">\n<h2 class=\"wp-block-heading has-text-align-center has-ast-global-color-2-color has-text-color\">Sarah Murphy<\/h2>\n\n\n\n<p>Domaine artistique : <strong>Arts visuels, artisanat, arts du spectacle\/m\u00e9dias, danse, danse et culture flamenco<\/strong><\/p>\n\n\n\n<h3 class=\"wp-block-heading\">Bio \/ D\u00e9marche<\/h3>\n\n\n\n<p>Je viens d&rsquo;une famille de th\u00e9\u00e2tre et d&rsquo;artistes ; l&rsquo;art et la musique \u00e9taient partout. Naturellement dou\u00e9 et form\u00e9 avec l&rsquo;ajout de 3 ann\u00e9es de master classes avec le grand ma\u00eetre Ming Ma en pinceau chinois, aquarelle. J&rsquo;incorpore la technique contemporaine occidentale avec la technique de l&rsquo;aquarelle au pinceau chinois oriental.<br>Je me concentre sur la couleur, la forme et l&rsquo;imagination. Mon style, le \u00ab r\u00e9alisme magique \u00bb, fusionne ces expressions. J&rsquo;aime cr\u00e9er mon propre langage, qui va au-del\u00e0 des contraintes stylistiques et capture un esprit intense et ludique qui est exotique et sexuellement invitant\u2026 les fleurs \u00e9panouies sont une tapisserie passionn\u00e9e. J&rsquo;aime passer de la nature morte au figuratif sans compromettre mon identit\u00e9 color\u00e9e caract\u00e9ristique.<\/p>\n\n\n\n<ul class=\"wp-block-social-links has-normal-icon-size is-style-logos-only is-content-justification-center is-nowrap is-layout-flex wp-container-core-social-links-is-layout-40fab40b wp-block-social-links-is-layout-flex\"><li class=\"wp-social-link wp-social-link-mail  wp-block-social-link\"><a href=\"mailto:&#102;&#108;&#097;&#109;&#101;&#110;&#099;&#111;d&#097;&#114;&#108;i&#110;g&#064;i&#099;&#108;&#111;ud.c&#111;&#109;\" class=\"wp-block-social-link-anchor\"><svg width=\"24\" height=\"24\" viewbox=\"0 0 24 24\" version=\"1.1\" xmlns=\"http:\/\/www.w3.org\/2000\/svg\" aria-hidden=\"true\" focusable=\"false\"><path d=\"M19,5H5c-1.1,0-2,.9-2,2v10c0,1.1.9,2,2,2h14c1.1,0,2-.9,2-2V7c0-1.1-.9-2-2-2zm.5,12c0,.3-.2.5-.5.5H5c-.3,0-.5-.2-.5-.5V9.8l7.5,5.6,7.5-5.6V17zm0-9.1L12,13.6,4.5,7.9V7c0-.3.2-.5.5-.5h14c.3,0,.5.2.5.5v.9z\"><\/path><\/svg><span class=\"wp-block-social-link-label screen-reader-text\">Mail<\/span><\/a><\/li>\n\n<li class=\"wp-social-link wp-social-link-facebook  wp-block-social-link\"><a href=\"https:\/\/www.facebook.com\/sarahmurphyartmontreal\" class=\"wp-block-social-link-anchor\"><svg width=\"24\" height=\"24\" viewbox=\"0 0 24 24\" version=\"1.1\" xmlns=\"http:\/\/www.w3.org\/2000\/svg\" aria-hidden=\"true\" focusable=\"false\"><path d=\"M12 2C6.5 2 2 6.5 2 12c0 5 3.7 9.1 8.4 9.9v-7H7.9V12h2.5V9.8c0-2.5 1.5-3.9 3.8-3.9 1.1 0 2.2.2 2.2.2v2.5h-1.3c-1.2 0-1.6.8-1.6 1.6V12h2.8l-.4 2.9h-2.3v7C18.3 21.1 22 17 22 12c0-5.5-4.5-10-10-10z\"><\/path><\/svg><span class=\"wp-block-social-link-label screen-reader-text\">Facebook<\/span><\/a><\/li><\/ul>\n\n\n\n<div style=\"height:38px\" aria-hidden=\"true\" class=\"wp-block-spacer\"><\/div>\n<\/div><\/div>\n<\/div><\/div>\n\n\n\n<h3 class=\"wp-block-heading\">Un avant go\u00fbt de ses oeuvres<\/h3>\n\n\n\n<figure class=\"wp-block-gallery has-nested-images columns-default is-cropped wp-block-gallery-1 is-layout-flex wp-block-gallery-is-layout-flex\">\n<figure class=\"wp-block-image size-full\"><img loading=\"lazy\" decoding=\"async\" width=\"637\" height=\"480\" data-id=\"2196\" src=\"https:\/\/routedesartsvaudreuilsoulanges.com\/wp-content\/uploads\/2025\/04\/cid_3BE16F22-476E-49C3-88A6-370CFF566051.jpg\" alt=\"\" class=\"wp-image-2196\" srcset=\"https:\/\/routedesartsvaudreuilsoulanges.com\/wp-content\/uploads\/2025\/04\/cid_3BE16F22-476E-49C3-88A6-370CFF566051.jpg 637w, https:\/\/routedesartsvaudreuilsoulanges.com\/wp-content\/uploads\/2025\/04\/cid_3BE16F22-476E-49C3-88A6-370CFF566051-300x226.jpg 300w\" sizes=\"auto, (max-width: 637px) 100vw, 637px\" \/><\/figure>\n\n\n\n<figure class=\"wp-block-image size-full\"><img loading=\"lazy\" decoding=\"async\" width=\"640\" height=\"481\" data-id=\"2197\" src=\"https:\/\/routedesartsvaudreuilsoulanges.com\/wp-content\/uploads\/2025\/04\/cid_248C8D4A-88F2-4797-A0A2-5B49D4D1514A.jpg\" alt=\"\" class=\"wp-image-2197\" srcset=\"https:\/\/routedesartsvaudreuilsoulanges.com\/wp-content\/uploads\/2025\/04\/cid_248C8D4A-88F2-4797-A0A2-5B49D4D1514A.jpg 640w, https:\/\/routedesartsvaudreuilsoulanges.com\/wp-content\/uploads\/2025\/04\/cid_248C8D4A-88F2-4797-A0A2-5B49D4D1514A-300x225.jpg 300w\" sizes=\"auto, (max-width: 640px) 100vw, 640px\" \/><\/figure>\n\n\n\n<figure class=\"wp-block-image size-full\"><img loading=\"lazy\" decoding=\"async\" width=\"480\" height=\"634\" data-id=\"2198\" src=\"https:\/\/routedesartsvaudreuilsoulanges.com\/wp-content\/uploads\/2025\/04\/cid_A51799AE-8283-4659-83D0-8D65369CFE8B.jpg\" alt=\"\" class=\"wp-image-2198\" srcset=\"https:\/\/routedesartsvaudreuilsoulanges.com\/wp-content\/uploads\/2025\/04\/cid_A51799AE-8283-4659-83D0-8D65369CFE8B.jpg 480w, https:\/\/routedesartsvaudreuilsoulanges.com\/wp-content\/uploads\/2025\/04\/cid_A51799AE-8283-4659-83D0-8D65369CFE8B-227x300.jpg 227w\" sizes=\"auto, (max-width: 480px) 100vw, 480px\" \/><\/figure>\n\n\n\n<figure class=\"wp-block-image size-full\"><img loading=\"lazy\" decoding=\"async\" width=\"640\" height=\"440\" data-id=\"2199\" src=\"https:\/\/routedesartsvaudreuilsoulanges.com\/wp-content\/uploads\/2025\/04\/cid_C391D495-EC4C-4DB1-8E39-CDAE3E9FF68E.jpg\" alt=\"\" class=\"wp-image-2199\" srcset=\"https:\/\/routedesartsvaudreuilsoulanges.com\/wp-content\/uploads\/2025\/04\/cid_C391D495-EC4C-4DB1-8E39-CDAE3E9FF68E.jpg 640w, https:\/\/routedesartsvaudreuilsoulanges.com\/wp-content\/uploads\/2025\/04\/cid_C391D495-EC4C-4DB1-8E39-CDAE3E9FF68E-300x206.jpg 300w\" sizes=\"auto, (max-width: 640px) 100vw, 640px\" \/><\/figure>\n\n\n\n<figure class=\"wp-block-image size-full\"><img loading=\"lazy\" decoding=\"async\" width=\"640\" height=\"379\" data-id=\"2200\" src=\"https:\/\/routedesartsvaudreuilsoulanges.com\/wp-content\/uploads\/2025\/04\/1-1.jpg\" alt=\"\" class=\"wp-image-2200\" srcset=\"https:\/\/routedesartsvaudreuilsoulanges.com\/wp-content\/uploads\/2025\/04\/1-1.jpg 640w, https:\/\/routedesartsvaudreuilsoulanges.com\/wp-content\/uploads\/2025\/04\/1-1-300x178.jpg 300w\" sizes=\"auto, (max-width: 640px) 100vw, 640px\" \/><\/figure>\n<\/figure>","protected":false},"excerpt":{"rendered":"<p>Sarah Murphy Domaine artistique : Arts visuels, artisanat, arts du spectacle\/m\u00e9dias, danse, danse et culture flamenco Bio \/ D\u00e9marche Je viens d&rsquo;une famille de th\u00e9\u00e2tre et d&rsquo;artistes ; l&rsquo;art et la musique \u00e9taient partout. Naturellement dou\u00e9 et form\u00e9 avec l&rsquo;ajout de 3 ann\u00e9es de master classes avec le grand ma\u00eetre Ming Ma en pinceau chinois, [&hellip;]<\/p>\n","protected":false},"author":1,"featured_media":0,"parent":0,"menu_order":0,"comment_status":"closed","ping_status":"closed","template":"","meta":{"footnotes":""},"class_list":["post-2195","page","type-page","status-publish","hentry"],"_links":{"self":[{"href":"https:\/\/routedesartsvaudreuilsoulanges.com\/en\/wp-json\/wp\/v2\/pages\/2195","targetHints":{"allow":["GET"]}}],"collection":[{"href":"https:\/\/routedesartsvaudreuilsoulanges.com\/en\/wp-json\/wp\/v2\/pages"}],"about":[{"href":"https:\/\/routedesartsvaudreuilsoulanges.com\/en\/wp-json\/wp\/v2\/types\/page"}],"author":[{"embeddable":true,"href":"https:\/\/routedesartsvaudreuilsoulanges.com\/en\/wp-json\/wp\/v2\/users\/1"}],"replies":[{"embeddable":true,"href":"https:\/\/routedesartsvaudreuilsoulanges.com\/en\/wp-json\/wp\/v2\/comments?post=2195"}],"version-history":[{"count":5,"href":"https:\/\/routedesartsvaudreuilsoulanges.com\/en\/wp-json\/wp\/v2\/pages\/2195\/revisions"}],"predecessor-version":[{"id":2471,"href":"https:\/\/routedesartsvaudreuilsoulanges.com\/en\/wp-json\/wp\/v2\/pages\/2195\/revisions\/2471"}],"wp:attachment":[{"href":"https:\/\/routedesartsvaudreuilsoulanges.com\/en\/wp-json\/wp\/v2\/media?parent=2195"}],"curies":[{"name":"wp","href":"https:\/\/api.w.org\/{rel}","templated":true}]}}