{"id":2221,"date":"2025-04-19T19:16:09","date_gmt":"2025-04-20T00:16:09","guid":{"rendered":"https:\/\/routedesartsvaudreuilsoulanges.com\/?page_id=2221"},"modified":"2025-05-07T20:46:50","modified_gmt":"2025-05-08T01:46:50","slug":"2025-loretta-waltz","status":"publish","type":"page","link":"https:\/\/routedesartsvaudreuilsoulanges.com\/en\/2025-loretta-waltz\/","title":{"rendered":"2025 Loretta Waltz"},"content":{"rendered":"<div class=\"wp-block-group alignfull is-content-justification-center\" style=\"margin-top:0;margin-bottom:0;padding-top:calc( 0.5 * var(--wp--style--root--padding-right, var(--wp--custom--gap--horizontal)));padding-right:var(--wp--style--root--padding-right, var(--wp--custom--gap--horizontal));padding-bottom:calc( 0.5 * var(--wp--style--root--padding-right, var(--wp--custom--gap--horizontal)));padding-left:var(--wp--style--root--padding-left, var(--wp--custom--gap--horizontal))\"><div class=\"wp-block-group__inner-container is-layout-constrained wp-container-core-group-is-layout-b073b61b wp-block-group-is-layout-constrained\">\n<div style=\"height:0px\" aria-hidden=\"true\" class=\"wp-block-spacer\"><\/div>\n\n\n<div class=\"wp-block-image\">\n<figure class=\"aligncenter size-full is-resized has-custom-border\"><img loading=\"lazy\" decoding=\"async\" width=\"281\" height=\"281\" src=\"https:\/\/routedesartsvaudreuilsoulanges.com\/wp-content\/uploads\/2025\/04\/Loretta-Walz.png\" alt=\"\" class=\"wp-image-2357\" style=\"border-radius:100em;object-fit:cover;width:267px;height:auto\" srcset=\"https:\/\/routedesartsvaudreuilsoulanges.com\/wp-content\/uploads\/2025\/04\/Loretta-Walz.png 281w, https:\/\/routedesartsvaudreuilsoulanges.com\/wp-content\/uploads\/2025\/04\/Loretta-Walz-150x150.png 150w\" sizes=\"auto, (max-width: 281px) 100vw, 281px\" \/><\/figure>\n<\/div>\n\n\n<div class=\"wp-block-group alignwide\"><div class=\"wp-block-group__inner-container is-layout-constrained wp-container-core-group-is-layout-ea1a8c23 wp-block-group-is-layout-constrained\">\n<h2 class=\"wp-block-heading has-text-align-center has-ast-global-color-2-color has-text-color\">Loretta Waltz<\/h2>\n\n\n\n<p>Domaine artistique : <strong>Arts visuels, m\u00e9tier d&rsquo;arts<\/strong><\/p>\n\n\n\n<h3 class=\"wp-block-heading\">Bio \/ d\u00e9marche<\/h3>\n\n\n\n<p>Que ce soit en lan\u00e7ant un tour, en sculptant de l&rsquo;argile ou en peignant un tableau, j&rsquo;essaie d&rsquo;aller au-del\u00e0 et de pousser mon travail jusqu&rsquo;aux confins de ma cr\u00e9ativit\u00e9. Je consid\u00e8re mon travail comme exploratoire et mon processus est une s\u00e9rie de probl\u00e8mes qui doivent \u00eatre r\u00e9solus jusqu&rsquo;\u00e0 ce que j&rsquo;atteigne un point o\u00f9 je sens que c&rsquo;est \u00ab fait \u00bb et qu&rsquo;il est temps de passer \u00e0 l&rsquo;\u0153uvre suivante. Je ne consid\u00e8re pas mes \u0153uvres comme distinctes les unes des autres, car chacune fait partie de mon parcours artistique.<br>L&rsquo;art figuratif est l&rsquo;\u00e9tude des \u00e9motions et des manifestations physiques de ces \u00e9motions. En tant qu&rsquo;artiste figuratif, je consid\u00e8re le corps comme une expression visible qui mat\u00e9rialise l&rsquo;\u00e9poque \u00e0 laquelle nous vivons et ce que nous traversons.<br>J&rsquo;\u00e9tudie la nature et les humains, ainsi que leurs relations mutuelles. Dans le cadre d&rsquo;une exposition, je consid\u00e8re mes \u0153uvres comme des tableaux figuratifs, repr\u00e9sentant la vie \u00e0 un moment donn\u00e9 dans le temps et l&rsquo;espace.<\/p>\n\n\n\n<ul class=\"wp-block-social-links has-normal-icon-size is-style-logos-only is-content-justification-center is-nowrap is-layout-flex wp-container-core-social-links-is-layout-40fab40b wp-block-social-links-is-layout-flex\"><li class=\"wp-social-link wp-social-link-mail  wp-block-social-link\"><a href=\"mailto:&#108;o&#114;&#101;t&#116;&#097;j&#119;&#097;lz&#064;g&#109;&#097;il&#046;&#099;o&#109;\" class=\"wp-block-social-link-anchor\"><svg width=\"24\" height=\"24\" viewbox=\"0 0 24 24\" version=\"1.1\" xmlns=\"http:\/\/www.w3.org\/2000\/svg\" aria-hidden=\"true\" focusable=\"false\"><path d=\"M19,5H5c-1.1,0-2,.9-2,2v10c0,1.1.9,2,2,2h14c1.1,0,2-.9,2-2V7c0-1.1-.9-2-2-2zm.5,12c0,.3-.2.5-.5.5H5c-.3,0-.5-.2-.5-.5V9.8l7.5,5.6,7.5-5.6V17zm0-9.1L12,13.6,4.5,7.9V7c0-.3.2-.5.5-.5h14c.3,0,.5.2.5.5v.9z\"><\/path><\/svg><span class=\"wp-block-social-link-label screen-reader-text\">Mail<\/span><\/a><\/li>\n\n<li class=\"wp-social-link wp-social-link-chain  wp-block-social-link\"><a href=\"https:\/\/espialstudio.com\/home.html\" class=\"wp-block-social-link-anchor\"><svg width=\"24\" height=\"24\" viewbox=\"0 0 24 24\" version=\"1.1\" xmlns=\"http:\/\/www.w3.org\/2000\/svg\" aria-hidden=\"true\" focusable=\"false\"><path d=\"M15.6,7.2H14v1.5h1.6c2,0,3.7,1.7,3.7,3.7s-1.7,3.7-3.7,3.7H14v1.5h1.6c2.8,0,5.2-2.3,5.2-5.2,0-2.9-2.3-5.2-5.2-5.2zM4.7,12.4c0-2,1.7-3.7,3.7-3.7H10V7.2H8.4c-2.9,0-5.2,2.3-5.2,5.2,0,2.9,2.3,5.2,5.2,5.2H10v-1.5H8.4c-2,0-3.7-1.7-3.7-3.7zm4.6.9h5.3v-1.5H9.3v1.5z\"><\/path><\/svg><span class=\"wp-block-social-link-label screen-reader-text\">Link<\/span><\/a><\/li>\n\n<li class=\"wp-social-link wp-social-link-instagram  wp-block-social-link\"><a href=\"https:\/\/www.instagram.com\/walzlj\/\" class=\"wp-block-social-link-anchor\"><svg width=\"24\" height=\"24\" viewbox=\"0 0 24 24\" version=\"1.1\" xmlns=\"http:\/\/www.w3.org\/2000\/svg\" aria-hidden=\"true\" focusable=\"false\"><path d=\"M12,4.622c2.403,0,2.688,0.009,3.637,0.052c0.877,0.04,1.354,0.187,1.671,0.31c0.42,0.163,0.72,0.358,1.035,0.673 c0.315,0.315,0.51,0.615,0.673,1.035c0.123,0.317,0.27,0.794,0.31,1.671c0.043,0.949,0.052,1.234,0.052,3.637 s-0.009,2.688-0.052,3.637c-0.04,0.877-0.187,1.354-0.31,1.671c-0.163,0.42-0.358,0.72-0.673,1.035 c-0.315,0.315-0.615,0.51-1.035,0.673c-0.317,0.123-0.794,0.27-1.671,0.31c-0.949,0.043-1.233,0.052-3.637,0.052 s-2.688-0.009-3.637-0.052c-0.877-0.04-1.354-0.187-1.671-0.31c-0.42-0.163-0.72-0.358-1.035-0.673 c-0.315-0.315-0.51-0.615-0.673-1.035c-0.123-0.317-0.27-0.794-0.31-1.671C4.631,14.688,4.622,14.403,4.622,12 s0.009-2.688,0.052-3.637c0.04-0.877,0.187-1.354,0.31-1.671c0.163-0.42,0.358-0.72,0.673-1.035 c0.315-0.315,0.615-0.51,1.035-0.673c0.317-0.123,0.794-0.27,1.671-0.31C9.312,4.631,9.597,4.622,12,4.622 M12,3 C9.556,3,9.249,3.01,8.289,3.054C7.331,3.098,6.677,3.25,6.105,3.472C5.513,3.702,5.011,4.01,4.511,4.511 c-0.5,0.5-0.808,1.002-1.038,1.594C3.25,6.677,3.098,7.331,3.054,8.289C3.01,9.249,3,9.556,3,12c0,2.444,0.01,2.751,0.054,3.711 c0.044,0.958,0.196,1.612,0.418,2.185c0.23,0.592,0.538,1.094,1.038,1.594c0.5,0.5,1.002,0.808,1.594,1.038 c0.572,0.222,1.227,0.375,2.185,0.418C9.249,20.99,9.556,21,12,21s2.751-0.01,3.711-0.054c0.958-0.044,1.612-0.196,2.185-0.418 c0.592-0.23,1.094-0.538,1.594-1.038c0.5-0.5,0.808-1.002,1.038-1.594c0.222-0.572,0.375-1.227,0.418-2.185 C20.99,14.751,21,14.444,21,12s-0.01-2.751-0.054-3.711c-0.044-0.958-0.196-1.612-0.418-2.185c-0.23-0.592-0.538-1.094-1.038-1.594 c-0.5-0.5-1.002-0.808-1.594-1.038c-0.572-0.222-1.227-0.375-2.185-0.418C14.751,3.01,14.444,3,12,3L12,3z M12,7.378 c-2.552,0-4.622,2.069-4.622,4.622S9.448,16.622,12,16.622s4.622-2.069,4.622-4.622S14.552,7.378,12,7.378z M12,15 c-1.657,0-3-1.343-3-3s1.343-3,3-3s3,1.343,3,3S13.657,15,12,15z M16.804,6.116c-0.596,0-1.08,0.484-1.08,1.08 s0.484,1.08,1.08,1.08c0.596,0,1.08-0.484,1.08-1.08S17.401,6.116,16.804,6.116z\"><\/path><\/svg><span class=\"wp-block-social-link-label screen-reader-text\">Instagram<\/span><\/a><\/li><\/ul>\n\n\n\n<div style=\"height:38px\" aria-hidden=\"true\" class=\"wp-block-spacer\"><\/div>\n<\/div><\/div>\n<\/div><\/div>\n\n\n\n<h3 class=\"wp-block-heading\">Un avant go\u00fbt de ses oeuvres<\/h3>\n\n\n\n<figure class=\"wp-block-gallery has-nested-images columns-default is-cropped wp-block-gallery-1 is-layout-flex wp-block-gallery-is-layout-flex\">\n<figure class=\"wp-block-image size-full\"><img loading=\"lazy\" decoding=\"async\" width=\"1480\" height=\"1974\" data-id=\"2222\" src=\"https:\/\/routedesartsvaudreuilsoulanges.com\/wp-content\/uploads\/2025\/04\/Walz2025-1.jpeg\" alt=\"\" class=\"wp-image-2222\" srcset=\"https:\/\/routedesartsvaudreuilsoulanges.com\/wp-content\/uploads\/2025\/04\/Walz2025-1.jpeg 1480w, https:\/\/routedesartsvaudreuilsoulanges.com\/wp-content\/uploads\/2025\/04\/Walz2025-1-225x300.jpeg 225w, https:\/\/routedesartsvaudreuilsoulanges.com\/wp-content\/uploads\/2025\/04\/Walz2025-1-768x1024.jpeg 768w, https:\/\/routedesartsvaudreuilsoulanges.com\/wp-content\/uploads\/2025\/04\/Walz2025-1-1152x1536.jpeg 1152w, https:\/\/routedesartsvaudreuilsoulanges.com\/wp-content\/uploads\/2025\/04\/Walz2025-1-480x640.jpeg 480w\" sizes=\"auto, (max-width: 1480px) 100vw, 1480px\" \/><\/figure>\n\n\n\n<figure class=\"wp-block-image size-full\"><img loading=\"lazy\" decoding=\"async\" width=\"1920\" height=\"2560\" data-id=\"2223\" src=\"https:\/\/routedesartsvaudreuilsoulanges.com\/wp-content\/uploads\/2025\/04\/Walz2025-2-scaled.jpg\" alt=\"\" class=\"wp-image-2223\" srcset=\"https:\/\/routedesartsvaudreuilsoulanges.com\/wp-content\/uploads\/2025\/04\/Walz2025-2-scaled.jpg 1920w, https:\/\/routedesartsvaudreuilsoulanges.com\/wp-content\/uploads\/2025\/04\/Walz2025-2-225x300.jpg 225w, https:\/\/routedesartsvaudreuilsoulanges.com\/wp-content\/uploads\/2025\/04\/Walz2025-2-768x1024.jpg 768w, https:\/\/routedesartsvaudreuilsoulanges.com\/wp-content\/uploads\/2025\/04\/Walz2025-2-1152x1536.jpg 1152w, https:\/\/routedesartsvaudreuilsoulanges.com\/wp-content\/uploads\/2025\/04\/Walz2025-2-1536x2048.jpg 1536w, https:\/\/routedesartsvaudreuilsoulanges.com\/wp-content\/uploads\/2025\/04\/Walz2025-2-480x640.jpg 480w\" sizes=\"auto, (max-width: 1920px) 100vw, 1920px\" \/><\/figure>\n\n\n\n<figure class=\"wp-block-image size-full\"><img loading=\"lazy\" decoding=\"async\" width=\"640\" height=\"427\" data-id=\"2224\" src=\"https:\/\/routedesartsvaudreuilsoulanges.com\/wp-content\/uploads\/2025\/04\/Walz2025-3.jpeg\" alt=\"\" class=\"wp-image-2224\" srcset=\"https:\/\/routedesartsvaudreuilsoulanges.com\/wp-content\/uploads\/2025\/04\/Walz2025-3.jpeg 640w, https:\/\/routedesartsvaudreuilsoulanges.com\/wp-content\/uploads\/2025\/04\/Walz2025-3-300x200.jpeg 300w\" sizes=\"auto, (max-width: 640px) 100vw, 640px\" \/><\/figure>\n\n\n\n<figure class=\"wp-block-image size-full\"><img loading=\"lazy\" decoding=\"async\" width=\"960\" height=\"1280\" data-id=\"2225\" src=\"https:\/\/routedesartsvaudreuilsoulanges.com\/wp-content\/uploads\/2025\/04\/Walz2025-4.jpg\" alt=\"\" class=\"wp-image-2225\" srcset=\"https:\/\/routedesartsvaudreuilsoulanges.com\/wp-content\/uploads\/2025\/04\/Walz2025-4.jpg 960w, https:\/\/routedesartsvaudreuilsoulanges.com\/wp-content\/uploads\/2025\/04\/Walz2025-4-225x300.jpg 225w, https:\/\/routedesartsvaudreuilsoulanges.com\/wp-content\/uploads\/2025\/04\/Walz2025-4-768x1024.jpg 768w, https:\/\/routedesartsvaudreuilsoulanges.com\/wp-content\/uploads\/2025\/04\/Walz2025-4-480x640.jpg 480w\" sizes=\"auto, (max-width: 960px) 100vw, 960px\" \/><\/figure>\n<\/figure>","protected":false},"excerpt":{"rendered":"<p>Loretta Waltz Domaine artistique : Arts visuels, m\u00e9tier d&rsquo;arts Bio \/ d\u00e9marche Que ce soit en lan\u00e7ant un tour, en sculptant de l&rsquo;argile ou en peignant un tableau, j&rsquo;essaie d&rsquo;aller au-del\u00e0 et de pousser mon travail jusqu&rsquo;aux confins de ma cr\u00e9ativit\u00e9. Je consid\u00e8re mon travail comme exploratoire et mon processus est une s\u00e9rie de probl\u00e8mes [&hellip;]<\/p>\n","protected":false},"author":1,"featured_media":0,"parent":0,"menu_order":0,"comment_status":"closed","ping_status":"closed","template":"","meta":{"footnotes":""},"class_list":["post-2221","page","type-page","status-publish","hentry"],"_links":{"self":[{"href":"https:\/\/routedesartsvaudreuilsoulanges.com\/en\/wp-json\/wp\/v2\/pages\/2221","targetHints":{"allow":["GET"]}}],"collection":[{"href":"https:\/\/routedesartsvaudreuilsoulanges.com\/en\/wp-json\/wp\/v2\/pages"}],"about":[{"href":"https:\/\/routedesartsvaudreuilsoulanges.com\/en\/wp-json\/wp\/v2\/types\/page"}],"author":[{"embeddable":true,"href":"https:\/\/routedesartsvaudreuilsoulanges.com\/en\/wp-json\/wp\/v2\/users\/1"}],"replies":[{"embeddable":true,"href":"https:\/\/routedesartsvaudreuilsoulanges.com\/en\/wp-json\/wp\/v2\/comments?post=2221"}],"version-history":[{"count":5,"href":"https:\/\/routedesartsvaudreuilsoulanges.com\/en\/wp-json\/wp\/v2\/pages\/2221\/revisions"}],"predecessor-version":[{"id":2474,"href":"https:\/\/routedesartsvaudreuilsoulanges.com\/en\/wp-json\/wp\/v2\/pages\/2221\/revisions\/2474"}],"wp:attachment":[{"href":"https:\/\/routedesartsvaudreuilsoulanges.com\/en\/wp-json\/wp\/v2\/media?parent=2221"}],"curies":[{"name":"wp","href":"https:\/\/api.w.org\/{rel}","templated":true}]}}