{"id":2450,"date":"2025-05-07T18:26:24","date_gmt":"2025-05-07T23:26:24","guid":{"rendered":"https:\/\/routedesartsvaudreuilsoulanges.com\/?page_id=2450"},"modified":"2025-05-07T18:26:24","modified_gmt":"2025-05-07T23:26:24","slug":"2025-denise-desjardins","status":"publish","type":"page","link":"https:\/\/routedesartsvaudreuilsoulanges.com\/en\/2025-denise-desjardins\/","title":{"rendered":"2025 Denise Desjardins"},"content":{"rendered":"<div class=\"wp-block-group alignfull is-content-justification-center\" style=\"margin-top:0;margin-bottom:0;padding-top:calc( 0.5 * var(--wp--style--root--padding-right, var(--wp--custom--gap--horizontal)));padding-right:var(--wp--style--root--padding-right, var(--wp--custom--gap--horizontal));padding-bottom:calc( 0.5 * var(--wp--style--root--padding-right, var(--wp--custom--gap--horizontal)));padding-left:var(--wp--style--root--padding-left, var(--wp--custom--gap--horizontal))\"><div class=\"wp-block-group__inner-container is-layout-constrained wp-container-core-group-is-layout-b073b61b wp-block-group-is-layout-constrained\">\n<div style=\"height:0px\" aria-hidden=\"true\" class=\"wp-block-spacer\"><\/div>\n\n\n<div class=\"wp-block-image\">\n<figure class=\"aligncenter size-full is-resized has-custom-border\"><img loading=\"lazy\" decoding=\"async\" width=\"122\" height=\"122\" src=\"https:\/\/routedesartsvaudreuilsoulanges.com\/wp-content\/uploads\/2025\/05\/Denise-Desjardins.jpg\" alt=\"\" class=\"wp-image-2451\" style=\"border-radius:100em;object-fit:cover;width:267px;height:auto\" srcset=\"https:\/\/routedesartsvaudreuilsoulanges.com\/wp-content\/uploads\/2025\/05\/Denise-Desjardins.jpg 122w, https:\/\/routedesartsvaudreuilsoulanges.com\/wp-content\/uploads\/2025\/05\/Denise-Desjardins-12x12.jpg 12w\" sizes=\"auto, (max-width: 122px) 100vw, 122px\" \/><\/figure>\n<\/div>\n\n\n<div class=\"wp-block-group alignwide\"><div class=\"wp-block-group__inner-container is-layout-constrained wp-container-core-group-is-layout-ea1a8c23 wp-block-group-is-layout-constrained\">\n<h2 class=\"wp-block-heading has-text-align-center has-ast-global-color-2-color has-text-color\">Denise Desjardins<\/h2>\n\n\n\n<h3 class=\"wp-block-heading\">Domaine artistique : <strong>Arts visuels<\/strong><\/h3>\n\n\n\n<p>Passionn\u00e9e par le dessin et la peinture depuis son enfance, elle a perfectionn\u00e9 son art aupr\u00e8s des ma\u00eetres Leslie Shalk, Patrick Landsley et Gentile Tondino. Cette coloriste privil\u00e9gie les champs de fleurs et les jardins intimes mais est aussi reconnue pour ses portraits. Sa facture impressionniste r\u00e9v\u00e8le une recherche vers l\u2019essence des choses<em>.<\/em><\/p>\n\n\n\n<div style=\"height:38px\" aria-hidden=\"true\" class=\"wp-block-spacer\"><\/div>\n<\/div><\/div>\n<\/div><\/div>\n\n\n\n<h2 class=\"wp-block-heading\">Un avant go\u00fbt de ses oeuvres<\/h2>\n\n\n\n<figure class=\"wp-block-gallery has-nested-images columns-default is-cropped wp-block-gallery-1 is-layout-flex wp-block-gallery-is-layout-flex\">\n<figure class=\"wp-block-image size-full\"><img loading=\"lazy\" decoding=\"async\" width=\"1920\" height=\"2560\" data-id=\"1810\" src=\"https:\/\/routedesartsvaudreuilsoulanges.com\/wp-content\/uploads\/2024\/05\/IMG_0991-scaled.jpg\" alt=\"\" class=\"wp-image-1810\" srcset=\"https:\/\/routedesartsvaudreuilsoulanges.com\/wp-content\/uploads\/2024\/05\/IMG_0991-scaled.jpg 1920w, https:\/\/routedesartsvaudreuilsoulanges.com\/wp-content\/uploads\/2024\/05\/IMG_0991-225x300.jpg 225w, https:\/\/routedesartsvaudreuilsoulanges.com\/wp-content\/uploads\/2024\/05\/IMG_0991-768x1024.jpg 768w, https:\/\/routedesartsvaudreuilsoulanges.com\/wp-content\/uploads\/2024\/05\/IMG_0991-1152x1536.jpg 1152w, https:\/\/routedesartsvaudreuilsoulanges.com\/wp-content\/uploads\/2024\/05\/IMG_0991-1536x2048.jpg 1536w, https:\/\/routedesartsvaudreuilsoulanges.com\/wp-content\/uploads\/2024\/05\/IMG_0991-480x640.jpg 480w\" sizes=\"auto, (max-width: 1920px) 100vw, 1920px\" \/><\/figure>\n\n\n\n<figure class=\"wp-block-image size-full\"><img loading=\"lazy\" decoding=\"async\" width=\"2360\" height=\"2560\" data-id=\"1809\" src=\"https:\/\/routedesartsvaudreuilsoulanges.com\/wp-content\/uploads\/2024\/05\/Desjardins2023_6-copie-scaled.jpg\" alt=\"\" class=\"wp-image-1809\" srcset=\"https:\/\/routedesartsvaudreuilsoulanges.com\/wp-content\/uploads\/2024\/05\/Desjardins2023_6-copie-scaled.jpg 2360w, https:\/\/routedesartsvaudreuilsoulanges.com\/wp-content\/uploads\/2024\/05\/Desjardins2023_6-copie-277x300.jpg 277w, https:\/\/routedesartsvaudreuilsoulanges.com\/wp-content\/uploads\/2024\/05\/Desjardins2023_6-copie-944x1024.jpg 944w, https:\/\/routedesartsvaudreuilsoulanges.com\/wp-content\/uploads\/2024\/05\/Desjardins2023_6-copie-768x833.jpg 768w, https:\/\/routedesartsvaudreuilsoulanges.com\/wp-content\/uploads\/2024\/05\/Desjardins2023_6-copie-1416x1536.jpg 1416w, https:\/\/routedesartsvaudreuilsoulanges.com\/wp-content\/uploads\/2024\/05\/Desjardins2023_6-copie-1888x2048.jpg 1888w\" sizes=\"auto, (max-width: 2360px) 100vw, 2360px\" \/><\/figure>\n\n\n\n<figure class=\"wp-block-image size-full\"><img loading=\"lazy\" decoding=\"async\" width=\"2024\" height=\"1648\" data-id=\"1808\" src=\"https:\/\/routedesartsvaudreuilsoulanges.com\/wp-content\/uploads\/2024\/05\/Desjardins2023_5-copie.jpg\" alt=\"\" class=\"wp-image-1808\" srcset=\"https:\/\/routedesartsvaudreuilsoulanges.com\/wp-content\/uploads\/2024\/05\/Desjardins2023_5-copie.jpg 2024w, https:\/\/routedesartsvaudreuilsoulanges.com\/wp-content\/uploads\/2024\/05\/Desjardins2023_5-copie-300x244.jpg 300w, https:\/\/routedesartsvaudreuilsoulanges.com\/wp-content\/uploads\/2024\/05\/Desjardins2023_5-copie-1024x834.jpg 1024w, https:\/\/routedesartsvaudreuilsoulanges.com\/wp-content\/uploads\/2024\/05\/Desjardins2023_5-copie-768x625.jpg 768w, https:\/\/routedesartsvaudreuilsoulanges.com\/wp-content\/uploads\/2024\/05\/Desjardins2023_5-copie-1536x1251.jpg 1536w\" sizes=\"auto, (max-width: 2024px) 100vw, 2024px\" \/><\/figure>\n\n\n\n<figure class=\"wp-block-image size-full\"><img loading=\"lazy\" decoding=\"async\" width=\"1695\" height=\"2079\" data-id=\"1806\" src=\"https:\/\/routedesartsvaudreuilsoulanges.com\/wp-content\/uploads\/2024\/05\/Desjardins2023_2-copie.jpg\" alt=\"\" class=\"wp-image-1806\" srcset=\"https:\/\/routedesartsvaudreuilsoulanges.com\/wp-content\/uploads\/2024\/05\/Desjardins2023_2-copie.jpg 1695w, https:\/\/routedesartsvaudreuilsoulanges.com\/wp-content\/uploads\/2024\/05\/Desjardins2023_2-copie-245x300.jpg 245w, https:\/\/routedesartsvaudreuilsoulanges.com\/wp-content\/uploads\/2024\/05\/Desjardins2023_2-copie-835x1024.jpg 835w, https:\/\/routedesartsvaudreuilsoulanges.com\/wp-content\/uploads\/2024\/05\/Desjardins2023_2-copie-768x942.jpg 768w, https:\/\/routedesartsvaudreuilsoulanges.com\/wp-content\/uploads\/2024\/05\/Desjardins2023_2-copie-1252x1536.jpg 1252w, https:\/\/routedesartsvaudreuilsoulanges.com\/wp-content\/uploads\/2024\/05\/Desjardins2023_2-copie-1670x2048.jpg 1670w\" sizes=\"auto, (max-width: 1695px) 100vw, 1695px\" \/><\/figure>\n\n\n\n<figure class=\"wp-block-image size-full\"><img loading=\"lazy\" decoding=\"async\" width=\"1916\" height=\"2560\" data-id=\"1805\" src=\"https:\/\/routedesartsvaudreuilsoulanges.com\/wp-content\/uploads\/2024\/05\/Desjardins2023_1-copie-scaled.jpg\" alt=\"\" class=\"wp-image-1805\" srcset=\"https:\/\/routedesartsvaudreuilsoulanges.com\/wp-content\/uploads\/2024\/05\/Desjardins2023_1-copie-scaled.jpg 1916w, https:\/\/routedesartsvaudreuilsoulanges.com\/wp-content\/uploads\/2024\/05\/Desjardins2023_1-copie-225x300.jpg 225w, https:\/\/routedesartsvaudreuilsoulanges.com\/wp-content\/uploads\/2024\/05\/Desjardins2023_1-copie-766x1024.jpg 766w, https:\/\/routedesartsvaudreuilsoulanges.com\/wp-content\/uploads\/2024\/05\/Desjardins2023_1-copie-768x1026.jpg 768w, https:\/\/routedesartsvaudreuilsoulanges.com\/wp-content\/uploads\/2024\/05\/Desjardins2023_1-copie-1150x1536.jpg 1150w, https:\/\/routedesartsvaudreuilsoulanges.com\/wp-content\/uploads\/2024\/05\/Desjardins2023_1-copie-1533x2048.jpg 1533w, https:\/\/routedesartsvaudreuilsoulanges.com\/wp-content\/uploads\/2024\/05\/Desjardins2023_1-copie-480x640.jpg 480w\" sizes=\"auto, (max-width: 1916px) 100vw, 1916px\" \/><\/figure>\n<\/figure>","protected":false},"excerpt":{"rendered":"<p>Denise Desjardins Domaine artistique : Arts visuels Passionn\u00e9e par le dessin et la peinture depuis son enfance, elle a perfectionn\u00e9 son art aupr\u00e8s des ma\u00eetres Leslie Shalk, Patrick Landsley et Gentile Tondino. Cette coloriste privil\u00e9gie les champs de fleurs et les jardins intimes mais est aussi reconnue pour ses portraits. Sa facture impressionniste r\u00e9v\u00e8le une [&hellip;]<\/p>\n","protected":false},"author":1,"featured_media":0,"parent":0,"menu_order":0,"comment_status":"closed","ping_status":"closed","template":"","meta":{"footnotes":""},"class_list":["post-2450","page","type-page","status-publish","hentry"],"_links":{"self":[{"href":"https:\/\/routedesartsvaudreuilsoulanges.com\/en\/wp-json\/wp\/v2\/pages\/2450","targetHints":{"allow":["GET"]}}],"collection":[{"href":"https:\/\/routedesartsvaudreuilsoulanges.com\/en\/wp-json\/wp\/v2\/pages"}],"about":[{"href":"https:\/\/routedesartsvaudreuilsoulanges.com\/en\/wp-json\/wp\/v2\/types\/page"}],"author":[{"embeddable":true,"href":"https:\/\/routedesartsvaudreuilsoulanges.com\/en\/wp-json\/wp\/v2\/users\/1"}],"replies":[{"embeddable":true,"href":"https:\/\/routedesartsvaudreuilsoulanges.com\/en\/wp-json\/wp\/v2\/comments?post=2450"}],"version-history":[{"count":1,"href":"https:\/\/routedesartsvaudreuilsoulanges.com\/en\/wp-json\/wp\/v2\/pages\/2450\/revisions"}],"predecessor-version":[{"id":2452,"href":"https:\/\/routedesartsvaudreuilsoulanges.com\/en\/wp-json\/wp\/v2\/pages\/2450\/revisions\/2452"}],"wp:attachment":[{"href":"https:\/\/routedesartsvaudreuilsoulanges.com\/en\/wp-json\/wp\/v2\/media?parent=2450"}],"curies":[{"name":"wp","href":"https:\/\/api.w.org\/{rel}","templated":true}]}}