{"id":2552,"date":"2025-09-18T11:30:39","date_gmt":"2025-09-18T16:30:39","guid":{"rendered":"https:\/\/routedesartsvaudreuilsoulanges.com\/?page_id=2552"},"modified":"2025-09-18T11:30:40","modified_gmt":"2025-09-18T16:30:40","slug":"2025-yves-duschesneau","status":"publish","type":"page","link":"https:\/\/routedesartsvaudreuilsoulanges.com\/en\/2025-yves-duschesneau\/","title":{"rendered":"2025 YVES DUSCHESNEAU"},"content":{"rendered":"<div class=\"wp-block-image\">\n<figure class=\"aligncenter size-large is-resized\"><img loading=\"lazy\" decoding=\"async\" width=\"801\" height=\"1024\" src=\"https:\/\/routedesartsvaudreuilsoulanges.com\/wp-content\/uploads\/2025\/09\/Yves-Yves-Duchesneau-2-801x1024.jpg\" alt=\"\" class=\"wp-image-2553\" style=\"width:221px;height:auto\" srcset=\"https:\/\/routedesartsvaudreuilsoulanges.com\/wp-content\/uploads\/2025\/09\/Yves-Yves-Duchesneau-2-801x1024.jpg 801w, https:\/\/routedesartsvaudreuilsoulanges.com\/wp-content\/uploads\/2025\/09\/Yves-Yves-Duchesneau-2-235x300.jpg 235w, https:\/\/routedesartsvaudreuilsoulanges.com\/wp-content\/uploads\/2025\/09\/Yves-Yves-Duchesneau-2-768x982.jpg 768w, https:\/\/routedesartsvaudreuilsoulanges.com\/wp-content\/uploads\/2025\/09\/Yves-Yves-Duchesneau-2-9x12.jpg 9w, https:\/\/routedesartsvaudreuilsoulanges.com\/wp-content\/uploads\/2025\/09\/Yves-Yves-Duchesneau-2.jpg 948w\" sizes=\"auto, (max-width: 801px) 100vw, 801px\" \/><\/figure>\n<\/div>\n\n\n<p class=\"has-text-align-center\"><strong>Yves Duchesneau <\/strong><\/p>\n\n\n\n<p class=\"has-text-align-center\"><strong>Domaine artistique:  Arts visuels<\/strong><\/p>\n\n\n\n<p><strong>BIO<\/strong><\/p>\n\n\n\n<p>J&rsquo;ai suivi mon premier cours de peinture \u00e0 14 ans, j&rsquo;ai r\u00e9alis\u00e9 quelques tableaux, sans plus. Je n&rsquo;ai pas peint lors de ma vie active, trop occup\u00e9 avec les exigences du travail etc&#8230; C&rsquo;est lors de la pand\u00e9mie que je me suis consacr\u00e9 \u00e0 vraiment apprendre les techniques et d\u00e9but\u00e9 \u00e0 peindre s\u00e9rieusement. Les r\u00e9seaux sociaux m&rsquo;ont \u00e9t\u00e9 tr\u00e8s utile afin d&rsquo;apprendre des techniques et depuis 4 ans, j&rsquo;ai r\u00e9alis\u00e9 une soixantaine de tableaux, majoritairement des paysages et des oiseaux. Je peins \u00e0 l&rsquo;huile sur diff\u00e9rents supports.<\/p>\n\n\n\n<p><strong>D\u00c9MARCHE<\/strong><\/p>\n\n\n\n<p>Bonjour \u00e0 tous et bienvenue dans mon monde artistique. J&rsquo;adore visiter et nourrir mon esprit cr\u00e9atif des beaux paysages que la nature nous offre. J&rsquo;adore d\u00e9nicher de beaux endroits et je m&rsquo;applique \u00e0 les peindre le plus fid\u00e8lement possible, afin de donner l&rsquo;impression d&rsquo;y \u00eatre. Si vous regardez un de mes tableaux, dites vous que cet endroit existe.<\/p>\n\n\n\n<ul class=\"wp-block-social-links aligncenter is-layout-flex wp-block-social-links-is-layout-flex\"><\/ul>\n\n\n\n<p><strong>VOICI UN APER\u00c7U DE SES OEUVRES<\/strong><\/p>\n\n\n\n<figure class=\"wp-block-gallery has-nested-images columns-default is-cropped wp-block-gallery-1 is-layout-flex wp-block-gallery-is-layout-flex\">\n<figure class=\"wp-block-image size-large\"><img loading=\"lazy\" decoding=\"async\" width=\"808\" height=\"1024\" data-id=\"2559\" src=\"https:\/\/routedesartsvaudreuilsoulanges.com\/wp-content\/uploads\/2025\/09\/Duchesneau2025-1-1-808x1024.jpg\" alt=\"\" class=\"wp-image-2559\" srcset=\"https:\/\/routedesartsvaudreuilsoulanges.com\/wp-content\/uploads\/2025\/09\/Duchesneau2025-1-1-808x1024.jpg 808w, https:\/\/routedesartsvaudreuilsoulanges.com\/wp-content\/uploads\/2025\/09\/Duchesneau2025-1-1-237x300.jpg 237w, https:\/\/routedesartsvaudreuilsoulanges.com\/wp-content\/uploads\/2025\/09\/Duchesneau2025-1-1-768x973.jpg 768w, https:\/\/routedesartsvaudreuilsoulanges.com\/wp-content\/uploads\/2025\/09\/Duchesneau2025-1-1-1212x1536.jpg 1212w, https:\/\/routedesartsvaudreuilsoulanges.com\/wp-content\/uploads\/2025\/09\/Duchesneau2025-1-1-1616x2048.jpg 1616w, https:\/\/routedesartsvaudreuilsoulanges.com\/wp-content\/uploads\/2025\/09\/Duchesneau2025-1-1-9x12.jpg 9w, https:\/\/routedesartsvaudreuilsoulanges.com\/wp-content\/uploads\/2025\/09\/Duchesneau2025-1-1-scaled.jpg 2020w\" sizes=\"auto, (max-width: 808px) 100vw, 808px\" \/><\/figure>\n\n\n\n<figure class=\"wp-block-image size-large\"><img loading=\"lazy\" decoding=\"async\" width=\"1024\" height=\"761\" data-id=\"2560\" src=\"https:\/\/routedesartsvaudreuilsoulanges.com\/wp-content\/uploads\/2025\/09\/Duchesneau2025-2-2-1024x761.jpg\" alt=\"\" class=\"wp-image-2560\" srcset=\"https:\/\/routedesartsvaudreuilsoulanges.com\/wp-content\/uploads\/2025\/09\/Duchesneau2025-2-2-1024x761.jpg 1024w, https:\/\/routedesartsvaudreuilsoulanges.com\/wp-content\/uploads\/2025\/09\/Duchesneau2025-2-2-300x223.jpg 300w, https:\/\/routedesartsvaudreuilsoulanges.com\/wp-content\/uploads\/2025\/09\/Duchesneau2025-2-2-768x570.jpg 768w, https:\/\/routedesartsvaudreuilsoulanges.com\/wp-content\/uploads\/2025\/09\/Duchesneau2025-2-2-1536x1141.jpg 1536w, https:\/\/routedesartsvaudreuilsoulanges.com\/wp-content\/uploads\/2025\/09\/Duchesneau2025-2-2-2048x1521.jpg 2048w, https:\/\/routedesartsvaudreuilsoulanges.com\/wp-content\/uploads\/2025\/09\/Duchesneau2025-2-2-16x12.jpg 16w\" sizes=\"auto, (max-width: 1024px) 100vw, 1024px\" \/><\/figure>\n\n\n\n<figure class=\"wp-block-image size-large\"><img loading=\"lazy\" decoding=\"async\" width=\"1024\" height=\"804\" data-id=\"2557\" src=\"https:\/\/routedesartsvaudreuilsoulanges.com\/wp-content\/uploads\/2025\/09\/Duchesneau2025-3-1-1024x804.jpg\" alt=\"\" class=\"wp-image-2557\" srcset=\"https:\/\/routedesartsvaudreuilsoulanges.com\/wp-content\/uploads\/2025\/09\/Duchesneau2025-3-1-1024x804.jpg 1024w, https:\/\/routedesartsvaudreuilsoulanges.com\/wp-content\/uploads\/2025\/09\/Duchesneau2025-3-1-300x235.jpg 300w, https:\/\/routedesartsvaudreuilsoulanges.com\/wp-content\/uploads\/2025\/09\/Duchesneau2025-3-1-768x603.jpg 768w, https:\/\/routedesartsvaudreuilsoulanges.com\/wp-content\/uploads\/2025\/09\/Duchesneau2025-3-1-1536x1206.jpg 1536w, https:\/\/routedesartsvaudreuilsoulanges.com\/wp-content\/uploads\/2025\/09\/Duchesneau2025-3-1-2048x1608.jpg 2048w, https:\/\/routedesartsvaudreuilsoulanges.com\/wp-content\/uploads\/2025\/09\/Duchesneau2025-3-1-15x12.jpg 15w\" sizes=\"auto, (max-width: 1024px) 100vw, 1024px\" \/><\/figure>\n\n\n\n<figure class=\"wp-block-image size-large\"><img loading=\"lazy\" decoding=\"async\" width=\"1007\" height=\"1024\" data-id=\"2556\" src=\"https:\/\/routedesartsvaudreuilsoulanges.com\/wp-content\/uploads\/2025\/09\/Duchesneau2025-4-1-1007x1024.jpg\" alt=\"\" class=\"wp-image-2556\" srcset=\"https:\/\/routedesartsvaudreuilsoulanges.com\/wp-content\/uploads\/2025\/09\/Duchesneau2025-4-1-1007x1024.jpg 1007w, https:\/\/routedesartsvaudreuilsoulanges.com\/wp-content\/uploads\/2025\/09\/Duchesneau2025-4-1-295x300.jpg 295w, https:\/\/routedesartsvaudreuilsoulanges.com\/wp-content\/uploads\/2025\/09\/Duchesneau2025-4-1-768x781.jpg 768w, https:\/\/routedesartsvaudreuilsoulanges.com\/wp-content\/uploads\/2025\/09\/Duchesneau2025-4-1-1511x1536.jpg 1511w, https:\/\/routedesartsvaudreuilsoulanges.com\/wp-content\/uploads\/2025\/09\/Duchesneau2025-4-1-2015x2048.jpg 2015w, https:\/\/routedesartsvaudreuilsoulanges.com\/wp-content\/uploads\/2025\/09\/Duchesneau2025-4-1-12x12.jpg 12w\" sizes=\"auto, (max-width: 1007px) 100vw, 1007px\" \/><\/figure>\n\n\n\n<figure class=\"wp-block-image size-large\"><img loading=\"lazy\" decoding=\"async\" width=\"1024\" height=\"852\" data-id=\"2555\" src=\"https:\/\/routedesartsvaudreuilsoulanges.com\/wp-content\/uploads\/2025\/09\/Duchesneau2025-5-1-1024x852.jpg\" alt=\"\" class=\"wp-image-2555\" srcset=\"https:\/\/routedesartsvaudreuilsoulanges.com\/wp-content\/uploads\/2025\/09\/Duchesneau2025-5-1-1024x852.jpg 1024w, https:\/\/routedesartsvaudreuilsoulanges.com\/wp-content\/uploads\/2025\/09\/Duchesneau2025-5-1-300x250.jpg 300w, https:\/\/routedesartsvaudreuilsoulanges.com\/wp-content\/uploads\/2025\/09\/Duchesneau2025-5-1-768x639.jpg 768w, https:\/\/routedesartsvaudreuilsoulanges.com\/wp-content\/uploads\/2025\/09\/Duchesneau2025-5-1-1536x1278.jpg 1536w, https:\/\/routedesartsvaudreuilsoulanges.com\/wp-content\/uploads\/2025\/09\/Duchesneau2025-5-1-2048x1704.jpg 2048w, https:\/\/routedesartsvaudreuilsoulanges.com\/wp-content\/uploads\/2025\/09\/Duchesneau2025-5-1-14x12.jpg 14w\" sizes=\"auto, (max-width: 1024px) 100vw, 1024px\" \/><\/figure>\n<\/figure>","protected":false},"excerpt":{"rendered":"<p>Yves Duchesneau Domaine artistique: Arts visuels BIO J&rsquo;ai suivi mon premier cours de peinture \u00e0 14 ans, j&rsquo;ai r\u00e9alis\u00e9 quelques tableaux, sans plus. Je n&rsquo;ai pas peint lors de ma vie active, trop occup\u00e9 avec les exigences du travail etc&#8230; C&rsquo;est lors de la pand\u00e9mie que je me suis consacr\u00e9 \u00e0 vraiment apprendre les techniques [&hellip;]<\/p>\n","protected":false},"author":1,"featured_media":0,"parent":0,"menu_order":0,"comment_status":"closed","ping_status":"closed","template":"","meta":{"footnotes":""},"class_list":["post-2552","page","type-page","status-publish","hentry"],"_links":{"self":[{"href":"https:\/\/routedesartsvaudreuilsoulanges.com\/en\/wp-json\/wp\/v2\/pages\/2552","targetHints":{"allow":["GET"]}}],"collection":[{"href":"https:\/\/routedesartsvaudreuilsoulanges.com\/en\/wp-json\/wp\/v2\/pages"}],"about":[{"href":"https:\/\/routedesartsvaudreuilsoulanges.com\/en\/wp-json\/wp\/v2\/types\/page"}],"author":[{"embeddable":true,"href":"https:\/\/routedesartsvaudreuilsoulanges.com\/en\/wp-json\/wp\/v2\/users\/1"}],"replies":[{"embeddable":true,"href":"https:\/\/routedesartsvaudreuilsoulanges.com\/en\/wp-json\/wp\/v2\/comments?post=2552"}],"version-history":[{"count":2,"href":"https:\/\/routedesartsvaudreuilsoulanges.com\/en\/wp-json\/wp\/v2\/pages\/2552\/revisions"}],"predecessor-version":[{"id":2561,"href":"https:\/\/routedesartsvaudreuilsoulanges.com\/en\/wp-json\/wp\/v2\/pages\/2552\/revisions\/2561"}],"wp:attachment":[{"href":"https:\/\/routedesartsvaudreuilsoulanges.com\/en\/wp-json\/wp\/v2\/media?parent=2552"}],"curies":[{"name":"wp","href":"https:\/\/api.w.org\/{rel}","templated":true}]}}