{"id":2777,"date":"2026-05-05T11:16:35","date_gmt":"2026-05-05T16:16:35","guid":{"rendered":"https:\/\/routedesartsvaudreuilsoulanges.com\/?page_id=2777"},"modified":"2026-05-05T11:16:36","modified_gmt":"2026-05-05T16:16:36","slug":"2026-francine-crevier","status":"publish","type":"page","link":"https:\/\/routedesartsvaudreuilsoulanges.com\/en\/2026-francine-crevier\/","title":{"rendered":"2026 Francine Crevier"},"content":{"rendered":"<div class=\"wp-block-media-text is-stacked-on-mobile\"><figure class=\"wp-block-media-text__media\"><img loading=\"lazy\" decoding=\"async\" width=\"955\" height=\"1024\" src=\"https:\/\/routedesartsvaudreuilsoulanges.com\/wp-content\/uploads\/2026\/05\/Crevier-Francine-Francine-Crevier-955x1024.jpg\" alt=\"\" class=\"wp-image-2668 size-full\" srcset=\"https:\/\/routedesartsvaudreuilsoulanges.com\/wp-content\/uploads\/2026\/05\/Crevier-Francine-Francine-Crevier-955x1024.jpg 955w, https:\/\/routedesartsvaudreuilsoulanges.com\/wp-content\/uploads\/2026\/05\/Crevier-Francine-Francine-Crevier-280x300.jpg 280w, https:\/\/routedesartsvaudreuilsoulanges.com\/wp-content\/uploads\/2026\/05\/Crevier-Francine-Francine-Crevier-768x823.jpg 768w, https:\/\/routedesartsvaudreuilsoulanges.com\/wp-content\/uploads\/2026\/05\/Crevier-Francine-Francine-Crevier-1433x1536.jpg 1433w, https:\/\/routedesartsvaudreuilsoulanges.com\/wp-content\/uploads\/2026\/05\/Crevier-Francine-Francine-Crevier-11x12.jpg 11w, https:\/\/routedesartsvaudreuilsoulanges.com\/wp-content\/uploads\/2026\/05\/Crevier-Francine-Francine-Crevier.jpg 1504w\" sizes=\"auto, (max-width: 955px) 100vw, 955px\" \/><\/figure><div class=\"wp-block-media-text__content\">\n<h2 class=\"wp-block-heading\">Francine Crevier<\/h2>\n\n\n\n<h4 class=\"wp-block-heading\"><strong>Domaine artistique :&nbsp;<strong>Arts visuels<\/strong><\/strong><\/h4>\n\n\n\n<ul class=\"wp-block-social-links is-layout-flex wp-block-social-links-is-layout-flex\"><li class=\"wp-social-link wp-social-link-mail  wp-block-social-link\"><a href=\"mailto:&#102;&#114;a&#110;c&#105;&#110;e_cr&#101;vi&#101;r&#064;y&#097;hoo.c&#097;\" class=\"wp-block-social-link-anchor\"><svg width=\"24\" height=\"24\" viewbox=\"0 0 24 24\" version=\"1.1\" xmlns=\"http:\/\/www.w3.org\/2000\/svg\" aria-hidden=\"true\" focusable=\"false\"><path d=\"M19,5H5c-1.1,0-2,.9-2,2v10c0,1.1.9,2,2,2h14c1.1,0,2-.9,2-2V7c0-1.1-.9-2-2-2zm.5,12c0,.3-.2.5-.5.5H5c-.3,0-.5-.2-.5-.5V9.8l7.5,5.6,7.5-5.6V17zm0-9.1L12,13.6,4.5,7.9V7c0-.3.2-.5.5-.5h14c.3,0,.5.2.5.5v.9z\"><\/path><\/svg><span class=\"wp-block-social-link-label screen-reader-text\">Mail<\/span><\/a><\/li>\n\n<li class=\"wp-social-link wp-social-link-facebook  wp-block-social-link\"><a href=\"https:\/\/www.facebook.com\/FrancineCrevierArtiste\" class=\"wp-block-social-link-anchor\"><svg width=\"24\" height=\"24\" viewbox=\"0 0 24 24\" version=\"1.1\" xmlns=\"http:\/\/www.w3.org\/2000\/svg\" aria-hidden=\"true\" focusable=\"false\"><path d=\"M12 2C6.5 2 2 6.5 2 12c0 5 3.7 9.1 8.4 9.9v-7H7.9V12h2.5V9.8c0-2.5 1.5-3.9 3.8-3.9 1.1 0 2.2.2 2.2.2v2.5h-1.3c-1.2 0-1.6.8-1.6 1.6V12h2.8l-.4 2.9h-2.3v7C18.3 21.1 22 17 22 12c0-5.5-4.5-10-10-10z\"><\/path><\/svg><span class=\"wp-block-social-link-label screen-reader-text\">Facebook<\/span><\/a><\/li><\/ul>\n\n\n\n<p>Visitez l\u00e0 \u00e0 l&rsquo;\u00c9difice Laurier-L\u00e9ger :<\/p>\n\n\n\n<p>199 rue Principale et au 195 rue Principale, Les Coteaux<\/p>\n<\/div><\/div>\n\n\n\n<div style=\"height:66px\" aria-hidden=\"true\" class=\"wp-block-spacer\"><\/div>\n\n\n\n<h2 class=\"wp-block-heading\">Biographie \/ d\u00e9marche<\/h2>\n\n\n\n<p>L\u2019aquarelle est un m\u00e9dium qui me permet une certaine libert\u00e9 tant par la couleur, la forme ainsi que le r\u00e9sultat du m\u00e9lange eau et pigment. Je m\u2019inspire beaucoup de mon jardin, de mes voyage pour d\u00e9velopper mon style ainsi qu\u2019une r\u00e9flexion sur la beaut\u00e9 de la nature.<\/p>\n\n\n\n<p>Ceci est ma fa\u00e7on d\u2019offrir aux gens un moment de r\u00e9pit, de r\u00eave et m\u00eame de pur bonheur.<\/p>\n\n\n\n<p>Exp\u00e9rience en administration et carri\u00e8re dans le domaine du contr\u00f4le a\u00e9rien. Passionn\u00e9e par les arts visuels depuis ma jeune enfance, j\u2019ai d\u00e9velopp\u00e9 ma formation en explorant diff\u00e9rents m\u00e9diums(aquarelle, paverpol, mosa\u00efque, encre \u00e8 l&rsquo;alcohol etc.) aupr\u00e8s d\u2019artistes professionnels. Apprendre et explorer repr\u00e9sente pour moi un d\u00e9sir int\u00e9rieur.<\/p>\n\n\n\n<div style=\"height:66px\" aria-hidden=\"true\" class=\"wp-block-spacer\"><\/div>\n\n\n\n<h2 class=\"wp-block-heading\"><strong>Un avant go\u00fbt de ses oeuvres<\/strong><\/h2>\n\n\n\n<figure class=\"wp-block-gallery has-nested-images columns-default is-cropped wp-block-gallery-1 is-layout-flex wp-block-gallery-is-layout-flex\">\n<figure class=\"wp-block-image size-full\"><img loading=\"lazy\" decoding=\"async\" width=\"480\" height=\"360\" data-id=\"2672\" src=\"https:\/\/routedesartsvaudreuilsoulanges.com\/wp-content\/uploads\/2026\/05\/Crevier-Francine-Tout-en-fraicheur-Aquarelle-17-X-22-.jpg\" alt=\"\" class=\"wp-image-2672\" srcset=\"https:\/\/routedesartsvaudreuilsoulanges.com\/wp-content\/uploads\/2026\/05\/Crevier-Francine-Tout-en-fraicheur-Aquarelle-17-X-22-.jpg 480w, https:\/\/routedesartsvaudreuilsoulanges.com\/wp-content\/uploads\/2026\/05\/Crevier-Francine-Tout-en-fraicheur-Aquarelle-17-X-22--300x225.jpg 300w, https:\/\/routedesartsvaudreuilsoulanges.com\/wp-content\/uploads\/2026\/05\/Crevier-Francine-Tout-en-fraicheur-Aquarelle-17-X-22--16x12.jpg 16w\" sizes=\"auto, (max-width: 480px) 100vw, 480px\" \/><\/figure>\n\n\n\n<figure class=\"wp-block-image size-full\"><img loading=\"lazy\" decoding=\"async\" width=\"480\" height=\"421\" data-id=\"2671\" src=\"https:\/\/routedesartsvaudreuilsoulanges.com\/wp-content\/uploads\/2026\/05\/Crevier-Francine-Pot-fleuri-Aquarelle-14-X-16-.jpg\" alt=\"\" class=\"wp-image-2671\" srcset=\"https:\/\/routedesartsvaudreuilsoulanges.com\/wp-content\/uploads\/2026\/05\/Crevier-Francine-Pot-fleuri-Aquarelle-14-X-16-.jpg 480w, https:\/\/routedesartsvaudreuilsoulanges.com\/wp-content\/uploads\/2026\/05\/Crevier-Francine-Pot-fleuri-Aquarelle-14-X-16--300x263.jpg 300w, https:\/\/routedesartsvaudreuilsoulanges.com\/wp-content\/uploads\/2026\/05\/Crevier-Francine-Pot-fleuri-Aquarelle-14-X-16--14x12.jpg 14w\" sizes=\"auto, (max-width: 480px) 100vw, 480px\" \/><\/figure>\n\n\n\n<figure class=\"wp-block-image size-full\"><img loading=\"lazy\" decoding=\"async\" width=\"960\" height=\"468\" data-id=\"2669\" src=\"https:\/\/routedesartsvaudreuilsoulanges.com\/wp-content\/uploads\/2026\/05\/Crevier-Francine-Champs-fleuri-Aquarelle-12-X-24-.jpg\" alt=\"\" class=\"wp-image-2669\" srcset=\"https:\/\/routedesartsvaudreuilsoulanges.com\/wp-content\/uploads\/2026\/05\/Crevier-Francine-Champs-fleuri-Aquarelle-12-X-24-.jpg 960w, https:\/\/routedesartsvaudreuilsoulanges.com\/wp-content\/uploads\/2026\/05\/Crevier-Francine-Champs-fleuri-Aquarelle-12-X-24--300x146.jpg 300w, https:\/\/routedesartsvaudreuilsoulanges.com\/wp-content\/uploads\/2026\/05\/Crevier-Francine-Champs-fleuri-Aquarelle-12-X-24--768x374.jpg 768w, https:\/\/routedesartsvaudreuilsoulanges.com\/wp-content\/uploads\/2026\/05\/Crevier-Francine-Champs-fleuri-Aquarelle-12-X-24--18x9.jpg 18w\" sizes=\"auto, (max-width: 960px) 100vw, 960px\" \/><\/figure>\n\n\n\n<figure class=\"wp-block-image size-large\"><img loading=\"lazy\" decoding=\"async\" width=\"764\" height=\"1024\" data-id=\"2667\" src=\"https:\/\/routedesartsvaudreuilsoulanges.com\/wp-content\/uploads\/2026\/05\/Crevier-Francine-La-vie-en-rose-24-X-20--764x1024.jpeg\" alt=\"\" class=\"wp-image-2667\" srcset=\"https:\/\/routedesartsvaudreuilsoulanges.com\/wp-content\/uploads\/2026\/05\/Crevier-Francine-La-vie-en-rose-24-X-20--764x1024.jpeg 764w, https:\/\/routedesartsvaudreuilsoulanges.com\/wp-content\/uploads\/2026\/05\/Crevier-Francine-La-vie-en-rose-24-X-20--224x300.jpeg 224w, https:\/\/routedesartsvaudreuilsoulanges.com\/wp-content\/uploads\/2026\/05\/Crevier-Francine-La-vie-en-rose-24-X-20--768x1029.jpeg 768w, https:\/\/routedesartsvaudreuilsoulanges.com\/wp-content\/uploads\/2026\/05\/Crevier-Francine-La-vie-en-rose-24-X-20--1147x1536.jpeg 1147w, https:\/\/routedesartsvaudreuilsoulanges.com\/wp-content\/uploads\/2026\/05\/Crevier-Francine-La-vie-en-rose-24-X-20--1529x2048.jpeg 1529w, https:\/\/routedesartsvaudreuilsoulanges.com\/wp-content\/uploads\/2026\/05\/Crevier-Francine-La-vie-en-rose-24-X-20--9x12.jpeg 9w, https:\/\/routedesartsvaudreuilsoulanges.com\/wp-content\/uploads\/2026\/05\/Crevier-Francine-La-vie-en-rose-24-X-20-.jpeg 1634w\" sizes=\"auto, (max-width: 764px) 100vw, 764px\" \/><\/figure>\n\n\n\n<figure class=\"wp-block-image size-full\"><img loading=\"lazy\" decoding=\"async\" width=\"400\" height=\"485\" data-id=\"2670\" src=\"https:\/\/routedesartsvaudreuilsoulanges.com\/wp-content\/uploads\/2026\/05\/Crevier-Francine-Epanouies-Aquarelle-20X16-.jpg\" alt=\"\" class=\"wp-image-2670\" srcset=\"https:\/\/routedesartsvaudreuilsoulanges.com\/wp-content\/uploads\/2026\/05\/Crevier-Francine-Epanouies-Aquarelle-20X16-.jpg 400w, https:\/\/routedesartsvaudreuilsoulanges.com\/wp-content\/uploads\/2026\/05\/Crevier-Francine-Epanouies-Aquarelle-20X16--247x300.jpg 247w, https:\/\/routedesartsvaudreuilsoulanges.com\/wp-content\/uploads\/2026\/05\/Crevier-Francine-Epanouies-Aquarelle-20X16--10x12.jpg 10w\" sizes=\"auto, (max-width: 400px) 100vw, 400px\" \/><\/figure>\n<\/figure>","protected":false},"excerpt":{"rendered":"<p>Biographie \/ d\u00e9marche L\u2019aquarelle est un m\u00e9dium qui me permet une certaine libert\u00e9 tant par la couleur, la forme ainsi que le r\u00e9sultat du m\u00e9lange eau et pigment. Je m\u2019inspire beaucoup de mon jardin, de mes voyage pour d\u00e9velopper mon style ainsi qu\u2019une r\u00e9flexion sur la beaut\u00e9 de la nature. Ceci est ma fa\u00e7on d\u2019offrir [&hellip;]<\/p>\n","protected":false},"author":1,"featured_media":0,"parent":0,"menu_order":0,"comment_status":"closed","ping_status":"closed","template":"","meta":{"footnotes":""},"class_list":["post-2777","page","type-page","status-publish","hentry"],"_links":{"self":[{"href":"https:\/\/routedesartsvaudreuilsoulanges.com\/en\/wp-json\/wp\/v2\/pages\/2777","targetHints":{"allow":["GET"]}}],"collection":[{"href":"https:\/\/routedesartsvaudreuilsoulanges.com\/en\/wp-json\/wp\/v2\/pages"}],"about":[{"href":"https:\/\/routedesartsvaudreuilsoulanges.com\/en\/wp-json\/wp\/v2\/types\/page"}],"author":[{"embeddable":true,"href":"https:\/\/routedesartsvaudreuilsoulanges.com\/en\/wp-json\/wp\/v2\/users\/1"}],"replies":[{"embeddable":true,"href":"https:\/\/routedesartsvaudreuilsoulanges.com\/en\/wp-json\/wp\/v2\/comments?post=2777"}],"version-history":[{"count":2,"href":"https:\/\/routedesartsvaudreuilsoulanges.com\/en\/wp-json\/wp\/v2\/pages\/2777\/revisions"}],"predecessor-version":[{"id":2835,"href":"https:\/\/routedesartsvaudreuilsoulanges.com\/en\/wp-json\/wp\/v2\/pages\/2777\/revisions\/2835"}],"wp:attachment":[{"href":"https:\/\/routedesartsvaudreuilsoulanges.com\/en\/wp-json\/wp\/v2\/media?parent=2777"}],"curies":[{"name":"wp","href":"https:\/\/api.w.org\/{rel}","templated":true}]}}