{"id":2781,"date":"2026-05-05T11:19:53","date_gmt":"2026-05-05T16:19:53","guid":{"rendered":"https:\/\/routedesartsvaudreuilsoulanges.com\/?page_id=2781"},"modified":"2026-05-05T11:19:53","modified_gmt":"2026-05-05T16:19:53","slug":"2026-oceane-giguere","status":"publish","type":"page","link":"https:\/\/routedesartsvaudreuilsoulanges.com\/en\/2026-oceane-giguere\/","title":{"rendered":"2026 Oc\u00e9ane Gigu\u00e8re"},"content":{"rendered":"<div class=\"wp-block-media-text is-stacked-on-mobile\"><figure class=\"wp-block-media-text__media\"><img loading=\"lazy\" decoding=\"async\" width=\"683\" height=\"1024\" src=\"https:\/\/routedesartsvaudreuilsoulanges.com\/wp-content\/uploads\/2026\/05\/Giguere-Oceane-IMG_3895--683x1024.jpeg\" alt=\"\" class=\"wp-image-2680 size-full\" srcset=\"https:\/\/routedesartsvaudreuilsoulanges.com\/wp-content\/uploads\/2026\/05\/Giguere-Oceane-IMG_3895--683x1024.jpeg 683w, https:\/\/routedesartsvaudreuilsoulanges.com\/wp-content\/uploads\/2026\/05\/Giguere-Oceane-IMG_3895--200x300.jpeg 200w, https:\/\/routedesartsvaudreuilsoulanges.com\/wp-content\/uploads\/2026\/05\/Giguere-Oceane-IMG_3895--768x1152.jpeg 768w, https:\/\/routedesartsvaudreuilsoulanges.com\/wp-content\/uploads\/2026\/05\/Giguere-Oceane-IMG_3895--8x12.jpeg 8w, https:\/\/routedesartsvaudreuilsoulanges.com\/wp-content\/uploads\/2026\/05\/Giguere-Oceane-IMG_3895-.jpeg 1000w\" sizes=\"auto, (max-width: 683px) 100vw, 683px\" \/><\/figure><div class=\"wp-block-media-text__content\">\n<h2 class=\"wp-block-heading\">Oc\u00e9ane Gigu\u00e8re<\/h2>\n\n\n\n<h4 class=\"wp-block-heading\"><strong>Domaine artistique :&nbsp;<strong>Arts visuels, M\u00e9tiers d&rsquo;arts, Arts num\u00e9riques<\/strong><\/strong><\/h4>\n\n\n\n<ul class=\"wp-block-social-links is-layout-flex wp-block-social-links-is-layout-flex\"><li class=\"wp-social-link wp-social-link-mail  wp-block-social-link\"><a href=\"mailto:oc&#097;&#110;e&#046;&#103;igu&#101;&#114;&#101;&#064;gmai&#108;&#046;&#099;&#111;&#109;\" class=\"wp-block-social-link-anchor\"><svg width=\"24\" height=\"24\" viewbox=\"0 0 24 24\" version=\"1.1\" xmlns=\"http:\/\/www.w3.org\/2000\/svg\" aria-hidden=\"true\" focusable=\"false\"><path d=\"M19,5H5c-1.1,0-2,.9-2,2v10c0,1.1.9,2,2,2h14c1.1,0,2-.9,2-2V7c0-1.1-.9-2-2-2zm.5,12c0,.3-.2.5-.5.5H5c-.3,0-.5-.2-.5-.5V9.8l7.5,5.6,7.5-5.6V17zm0-9.1L12,13.6,4.5,7.9V7c0-.3.2-.5.5-.5h14c.3,0,.5.2.5.5v.9z\"><\/path><\/svg><span class=\"wp-block-social-link-label screen-reader-text\">Mail<\/span><\/a><\/li>\n\n\n\n<li class=\"wp-social-link wp-social-link-instagram  wp-block-social-link\"><a href=\"https:\/\/www.instagram.com\/haut_ces_ane\/\" class=\"wp-block-social-link-anchor\"><svg width=\"24\" height=\"24\" viewbox=\"0 0 24 24\" version=\"1.1\" xmlns=\"http:\/\/www.w3.org\/2000\/svg\" aria-hidden=\"true\" focusable=\"false\"><path d=\"M12,4.622c2.403,0,2.688,0.009,3.637,0.052c0.877,0.04,1.354,0.187,1.671,0.31c0.42,0.163,0.72,0.358,1.035,0.673 c0.315,0.315,0.51,0.615,0.673,1.035c0.123,0.317,0.27,0.794,0.31,1.671c0.043,0.949,0.052,1.234,0.052,3.637 s-0.009,2.688-0.052,3.637c-0.04,0.877-0.187,1.354-0.31,1.671c-0.163,0.42-0.358,0.72-0.673,1.035 c-0.315,0.315-0.615,0.51-1.035,0.673c-0.317,0.123-0.794,0.27-1.671,0.31c-0.949,0.043-1.233,0.052-3.637,0.052 s-2.688-0.009-3.637-0.052c-0.877-0.04-1.354-0.187-1.671-0.31c-0.42-0.163-0.72-0.358-1.035-0.673 c-0.315-0.315-0.51-0.615-0.673-1.035c-0.123-0.317-0.27-0.794-0.31-1.671C4.631,14.688,4.622,14.403,4.622,12 s0.009-2.688,0.052-3.637c0.04-0.877,0.187-1.354,0.31-1.671c0.163-0.42,0.358-0.72,0.673-1.035 c0.315-0.315,0.615-0.51,1.035-0.673c0.317-0.123,0.794-0.27,1.671-0.31C9.312,4.631,9.597,4.622,12,4.622 M12,3 C9.556,3,9.249,3.01,8.289,3.054C7.331,3.098,6.677,3.25,6.105,3.472C5.513,3.702,5.011,4.01,4.511,4.511 c-0.5,0.5-0.808,1.002-1.038,1.594C3.25,6.677,3.098,7.331,3.054,8.289C3.01,9.249,3,9.556,3,12c0,2.444,0.01,2.751,0.054,3.711 c0.044,0.958,0.196,1.612,0.418,2.185c0.23,0.592,0.538,1.094,1.038,1.594c0.5,0.5,1.002,0.808,1.594,1.038 c0.572,0.222,1.227,0.375,2.185,0.418C9.249,20.99,9.556,21,12,21s2.751-0.01,3.711-0.054c0.958-0.044,1.612-0.196,2.185-0.418 c0.592-0.23,1.094-0.538,1.594-1.038c0.5-0.5,0.808-1.002,1.038-1.594c0.222-0.572,0.375-1.227,0.418-2.185 C20.99,14.751,21,14.444,21,12s-0.01-2.751-0.054-3.711c-0.044-0.958-0.196-1.612-0.418-2.185c-0.23-0.592-0.538-1.094-1.038-1.594 c-0.5-0.5-1.002-0.808-1.594-1.038c-0.572-0.222-1.227-0.375-2.185-0.418C14.751,3.01,14.444,3,12,3L12,3z M12,7.378 c-2.552,0-4.622,2.069-4.622,4.622S9.448,16.622,12,16.622s4.622-2.069,4.622-4.622S14.552,7.378,12,7.378z M12,15 c-1.657,0-3-1.343-3-3s1.343-3,3-3s3,1.343,3,3S13.657,15,12,15z M16.804,6.116c-0.596,0-1.08,0.484-1.08,1.08 s0.484,1.08,1.08,1.08c0.596,0,1.08-0.484,1.08-1.08S17.401,6.116,16.804,6.116z\"><\/path><\/svg><span class=\"wp-block-social-link-label screen-reader-text\">Instagram<\/span><\/a><\/li><\/ul>\n\n\n\n<p>Visitez l\u00e0 \u00e0 l&rsquo;\u00c9difice Laurier-L\u00e9ger :<\/p>\n\n\n\n<p>199 rue Principale et au 195 rue Principale, Les Coteaux<\/p>\n<\/div><\/div>\n\n\n\n<div style=\"height:66px\" aria-hidden=\"true\" class=\"wp-block-spacer\"><\/div>\n\n\n\n<h2 class=\"wp-block-heading\">Biographie \/ d\u00e9marche<\/h2>\n\n\n\n<p>Artiste tatoueuse autodidacte depuis trois ans, actuellement bas\u00e9e au studio priv\u00e9 La Shop Chaos<\/p>\n\n\n\n<p>Depuis mon plus jeune \u00e2ge, je suis fascin\u00e9e par l\u2019art sous toutes ses formes. J\u2019ai toujours aim\u00e9 transmettre des \u00e9motions \u00e0 travers mes cr\u00e9ations et cr\u00e9er un lien authentique avec les gens.<\/p>\n\n\n\n<p>Avec le temps, j\u2019ai d\u00e9velopp\u00e9 une v\u00e9ritable passion pour l\u2019art corporel. J\u2019ai commenc\u00e9 par le maquillage et les effets sp\u00e9ciaux, une exp\u00e9rience qui m\u2019a naturellement men\u00e9e vers le m\u00e9tier d\u2019artiste tatoueuse, l\u00e0 o\u00f9 je m\u2019\u00e9panouis pleinement aujourd\u2019hui.<\/p>\n\n\n\n<p>Autodidacte, j\u2019ai pris le temps de comprendre l\u2019essence du tatouage et de perfectionner ma technique afin de d\u00e9velopper mon propre style illustratif. Ma d\u00e9marche artistique s\u2019inspire principalement de la nature \u2014 animaux, plantes, insectes \u2014 \u00e0 laquelle j\u2019ajoute une touche alternative et punk qui refl\u00e8te ma personnalit\u00e9.<\/p>\n\n\n\n<p>Passionn\u00e9e d\u2019histoire, je puise \u00e9galement mon inspiration dans les objets anciens qui nous entourent au quotidien. J\u2019\u00e9prouve un immense plaisir \u00e0 int\u00e9grer diff\u00e9rentes textures et jeux d\u2019ombres dans mes tatouages, ce qui, selon moi, leur conf\u00e8re une dimension encore plus unique et vivante.<\/p>\n\n\n\n<p><em>Since a young age, I have been fascinated by art in all its forms. I have always loved expressing emotions through my creations and building an authentic connection with people.<\/em><\/p>\n\n\n\n<p><em>Over time, I developed a true passion for body art. I began with makeup and special effects, an experience that naturally led me to become a tattoo artist \u2014 where I now feel fully fulfilled.<\/em><\/p>\n\n\n\n<p><em>Self-taught, I took the time to understand the essence of tattooing and refine my technique in order to develop my own illustrative style. My artistic approach is mainly inspired by nature \u2014 animals, plants, insects \u2014 to which I add an alternative, punk touch that reflects my personality.<\/em><\/p>\n\n\n\n<p><em>Passionate about history, I also draw inspiration from antique objects that surround us in our daily lives. I take great pleasure in incorporating different textures and shading into my tattoos, which, in my opinion, gives them an even more unique and vibrant dimension.<\/em><\/p>\n\n\n\n<div style=\"height:66px\" aria-hidden=\"true\" class=\"wp-block-spacer\"><\/div>\n\n\n\n<h2 class=\"wp-block-heading\"><strong>Un avant go\u00fbt de ses oeuvres<\/strong><\/h2>\n\n\n\n<figure class=\"wp-block-gallery has-nested-images columns-default is-cropped wp-block-gallery-1 is-layout-flex wp-block-gallery-is-layout-flex\">\n<figure class=\"wp-block-image size-large\"><img loading=\"lazy\" decoding=\"async\" width=\"1024\" height=\"1024\" data-id=\"2681\" src=\"https:\/\/routedesartsvaudreuilsoulanges.com\/wp-content\/uploads\/2026\/05\/Giguere-Oceane-IMG_6564--1024x1024.jpeg\" alt=\"\" class=\"wp-image-2681\" srcset=\"https:\/\/routedesartsvaudreuilsoulanges.com\/wp-content\/uploads\/2026\/05\/Giguere-Oceane-IMG_6564--1024x1024.jpeg 1024w, https:\/\/routedesartsvaudreuilsoulanges.com\/wp-content\/uploads\/2026\/05\/Giguere-Oceane-IMG_6564--300x300.jpeg 300w, https:\/\/routedesartsvaudreuilsoulanges.com\/wp-content\/uploads\/2026\/05\/Giguere-Oceane-IMG_6564--150x150.jpeg 150w, https:\/\/routedesartsvaudreuilsoulanges.com\/wp-content\/uploads\/2026\/05\/Giguere-Oceane-IMG_6564--768x768.jpeg 768w, https:\/\/routedesartsvaudreuilsoulanges.com\/wp-content\/uploads\/2026\/05\/Giguere-Oceane-IMG_6564--12x12.jpeg 12w, https:\/\/routedesartsvaudreuilsoulanges.com\/wp-content\/uploads\/2026\/05\/Giguere-Oceane-IMG_6564-.jpeg 1500w\" sizes=\"auto, (max-width: 1024px) 100vw, 1024px\" \/><\/figure>\n\n\n\n<figure class=\"wp-block-image size-large\"><img loading=\"lazy\" decoding=\"async\" width=\"1024\" height=\"1024\" data-id=\"2682\" src=\"https:\/\/routedesartsvaudreuilsoulanges.com\/wp-content\/uploads\/2026\/05\/Giguere-Oceane-IMG_8388--1024x1024.jpeg\" alt=\"\" class=\"wp-image-2682\" srcset=\"https:\/\/routedesartsvaudreuilsoulanges.com\/wp-content\/uploads\/2026\/05\/Giguere-Oceane-IMG_8388--1024x1024.jpeg 1024w, https:\/\/routedesartsvaudreuilsoulanges.com\/wp-content\/uploads\/2026\/05\/Giguere-Oceane-IMG_8388--300x300.jpeg 300w, https:\/\/routedesartsvaudreuilsoulanges.com\/wp-content\/uploads\/2026\/05\/Giguere-Oceane-IMG_8388--150x150.jpeg 150w, https:\/\/routedesartsvaudreuilsoulanges.com\/wp-content\/uploads\/2026\/05\/Giguere-Oceane-IMG_8388--768x768.jpeg 768w, https:\/\/routedesartsvaudreuilsoulanges.com\/wp-content\/uploads\/2026\/05\/Giguere-Oceane-IMG_8388--12x12.jpeg 12w, https:\/\/routedesartsvaudreuilsoulanges.com\/wp-content\/uploads\/2026\/05\/Giguere-Oceane-IMG_8388-.jpeg 1500w\" sizes=\"auto, (max-width: 1024px) 100vw, 1024px\" \/><\/figure>\n\n\n\n<figure class=\"wp-block-image size-large\"><img loading=\"lazy\" decoding=\"async\" width=\"1024\" height=\"1024\" data-id=\"2679\" src=\"https:\/\/routedesartsvaudreuilsoulanges.com\/wp-content\/uploads\/2026\/05\/Giguere-Oceane-Illustration_sans_titre--1024x1024.jpeg\" alt=\"\" class=\"wp-image-2679\" srcset=\"https:\/\/routedesartsvaudreuilsoulanges.com\/wp-content\/uploads\/2026\/05\/Giguere-Oceane-Illustration_sans_titre--1024x1024.jpeg 1024w, https:\/\/routedesartsvaudreuilsoulanges.com\/wp-content\/uploads\/2026\/05\/Giguere-Oceane-Illustration_sans_titre--300x300.jpeg 300w, https:\/\/routedesartsvaudreuilsoulanges.com\/wp-content\/uploads\/2026\/05\/Giguere-Oceane-Illustration_sans_titre--150x150.jpeg 150w, https:\/\/routedesartsvaudreuilsoulanges.com\/wp-content\/uploads\/2026\/05\/Giguere-Oceane-Illustration_sans_titre--768x768.jpeg 768w, https:\/\/routedesartsvaudreuilsoulanges.com\/wp-content\/uploads\/2026\/05\/Giguere-Oceane-Illustration_sans_titre--1536x1536.jpeg 1536w, https:\/\/routedesartsvaudreuilsoulanges.com\/wp-content\/uploads\/2026\/05\/Giguere-Oceane-Illustration_sans_titre--12x12.jpeg 12w, https:\/\/routedesartsvaudreuilsoulanges.com\/wp-content\/uploads\/2026\/05\/Giguere-Oceane-Illustration_sans_titre-.jpeg 1620w\" sizes=\"auto, (max-width: 1024px) 100vw, 1024px\" \/><\/figure>\n\n\n\n<figure class=\"wp-block-image size-large\"><img loading=\"lazy\" decoding=\"async\" width=\"1024\" height=\"1024\" data-id=\"2684\" src=\"https:\/\/routedesartsvaudreuilsoulanges.com\/wp-content\/uploads\/2026\/05\/Giguere-Oceane-IMG_9503--1024x1024.jpeg\" alt=\"\" class=\"wp-image-2684\" srcset=\"https:\/\/routedesartsvaudreuilsoulanges.com\/wp-content\/uploads\/2026\/05\/Giguere-Oceane-IMG_9503--1024x1024.jpeg 1024w, https:\/\/routedesartsvaudreuilsoulanges.com\/wp-content\/uploads\/2026\/05\/Giguere-Oceane-IMG_9503--300x300.jpeg 300w, https:\/\/routedesartsvaudreuilsoulanges.com\/wp-content\/uploads\/2026\/05\/Giguere-Oceane-IMG_9503--150x150.jpeg 150w, https:\/\/routedesartsvaudreuilsoulanges.com\/wp-content\/uploads\/2026\/05\/Giguere-Oceane-IMG_9503--768x768.jpeg 768w, https:\/\/routedesartsvaudreuilsoulanges.com\/wp-content\/uploads\/2026\/05\/Giguere-Oceane-IMG_9503--12x12.jpeg 12w, https:\/\/routedesartsvaudreuilsoulanges.com\/wp-content\/uploads\/2026\/05\/Giguere-Oceane-IMG_9503-.jpeg 1500w\" sizes=\"auto, (max-width: 1024px) 100vw, 1024px\" \/><\/figure>\n\n\n\n<figure class=\"wp-block-image size-large\"><img loading=\"lazy\" decoding=\"async\" width=\"1024\" height=\"1024\" data-id=\"2683\" src=\"https:\/\/routedesartsvaudreuilsoulanges.com\/wp-content\/uploads\/2026\/05\/Giguere-Oceane-IMG_9059--1024x1024.jpeg\" alt=\"\" class=\"wp-image-2683\" srcset=\"https:\/\/routedesartsvaudreuilsoulanges.com\/wp-content\/uploads\/2026\/05\/Giguere-Oceane-IMG_9059--1024x1024.jpeg 1024w, https:\/\/routedesartsvaudreuilsoulanges.com\/wp-content\/uploads\/2026\/05\/Giguere-Oceane-IMG_9059--300x300.jpeg 300w, https:\/\/routedesartsvaudreuilsoulanges.com\/wp-content\/uploads\/2026\/05\/Giguere-Oceane-IMG_9059--150x150.jpeg 150w, https:\/\/routedesartsvaudreuilsoulanges.com\/wp-content\/uploads\/2026\/05\/Giguere-Oceane-IMG_9059--768x768.jpeg 768w, https:\/\/routedesartsvaudreuilsoulanges.com\/wp-content\/uploads\/2026\/05\/Giguere-Oceane-IMG_9059--12x12.jpeg 12w, https:\/\/routedesartsvaudreuilsoulanges.com\/wp-content\/uploads\/2026\/05\/Giguere-Oceane-IMG_9059-.jpeg 1500w\" sizes=\"auto, (max-width: 1024px) 100vw, 1024px\" \/><\/figure>\n<\/figure>","protected":false},"excerpt":{"rendered":"<p>Biographie \/ d\u00e9marche Artiste tatoueuse autodidacte depuis trois ans, actuellement bas\u00e9e au studio priv\u00e9 La Shop Chaos Depuis mon plus jeune \u00e2ge, je suis fascin\u00e9e par l\u2019art sous toutes ses formes. J\u2019ai toujours aim\u00e9 transmettre des \u00e9motions \u00e0 travers mes cr\u00e9ations et cr\u00e9er un lien authentique avec les gens. Avec le temps, j\u2019ai d\u00e9velopp\u00e9 une [&hellip;]<\/p>\n","protected":false},"author":1,"featured_media":0,"parent":0,"menu_order":0,"comment_status":"closed","ping_status":"closed","template":"","meta":{"footnotes":""},"class_list":["post-2781","page","type-page","status-publish","hentry"],"_links":{"self":[{"href":"https:\/\/routedesartsvaudreuilsoulanges.com\/en\/wp-json\/wp\/v2\/pages\/2781","targetHints":{"allow":["GET"]}}],"collection":[{"href":"https:\/\/routedesartsvaudreuilsoulanges.com\/en\/wp-json\/wp\/v2\/pages"}],"about":[{"href":"https:\/\/routedesartsvaudreuilsoulanges.com\/en\/wp-json\/wp\/v2\/types\/page"}],"author":[{"embeddable":true,"href":"https:\/\/routedesartsvaudreuilsoulanges.com\/en\/wp-json\/wp\/v2\/users\/1"}],"replies":[{"embeddable":true,"href":"https:\/\/routedesartsvaudreuilsoulanges.com\/en\/wp-json\/wp\/v2\/comments?post=2781"}],"version-history":[{"count":2,"href":"https:\/\/routedesartsvaudreuilsoulanges.com\/en\/wp-json\/wp\/v2\/pages\/2781\/revisions"}],"predecessor-version":[{"id":2843,"href":"https:\/\/routedesartsvaudreuilsoulanges.com\/en\/wp-json\/wp\/v2\/pages\/2781\/revisions\/2843"}],"wp:attachment":[{"href":"https:\/\/routedesartsvaudreuilsoulanges.com\/en\/wp-json\/wp\/v2\/media?parent=2781"}],"curies":[{"name":"wp","href":"https:\/\/api.w.org\/{rel}","templated":true}]}}