{"id":2785,"date":"2026-05-05T11:20:25","date_gmt":"2026-05-05T16:20:25","guid":{"rendered":"https:\/\/routedesartsvaudreuilsoulanges.com\/?page_id=2785"},"modified":"2026-05-05T11:22:42","modified_gmt":"2026-05-05T16:22:42","slug":"2026-sonia-isabelle","status":"publish","type":"page","link":"https:\/\/routedesartsvaudreuilsoulanges.com\/en\/2026-sonia-isabelle\/","title":{"rendered":"2026 Sonia Isabelle"},"content":{"rendered":"<div class=\"wp-block-media-text is-stacked-on-mobile\"><figure class=\"wp-block-media-text__media\"><img loading=\"lazy\" decoding=\"async\" width=\"1008\" height=\"1024\" src=\"https:\/\/routedesartsvaudreuilsoulanges.com\/wp-content\/uploads\/2026\/05\/SoniaIsabelle26-1008x1024.jpg\" alt=\"\" class=\"wp-image-2845 size-full\" srcset=\"https:\/\/routedesartsvaudreuilsoulanges.com\/wp-content\/uploads\/2026\/05\/SoniaIsabelle26-1008x1024.jpg 1008w, https:\/\/routedesartsvaudreuilsoulanges.com\/wp-content\/uploads\/2026\/05\/SoniaIsabelle26-295x300.jpg 295w, https:\/\/routedesartsvaudreuilsoulanges.com\/wp-content\/uploads\/2026\/05\/SoniaIsabelle26-768x781.jpg 768w, https:\/\/routedesartsvaudreuilsoulanges.com\/wp-content\/uploads\/2026\/05\/SoniaIsabelle26-12x12.jpg 12w, https:\/\/routedesartsvaudreuilsoulanges.com\/wp-content\/uploads\/2026\/05\/SoniaIsabelle26.jpg 1473w\" sizes=\"auto, (max-width: 1008px) 100vw, 1008px\" \/><\/figure><div class=\"wp-block-media-text__content\">\n<h2 class=\"wp-block-heading\">Sonia Isabelle<\/h2>\n\n\n\n<h4 class=\"wp-block-heading\"><strong>Domaine artistique :&nbsp;<strong>Arts visuels<\/strong><\/strong><\/h4>\n\n\n\n<ul class=\"wp-block-social-links is-layout-flex wp-block-social-links-is-layout-flex\"><li class=\"wp-social-link wp-social-link-mail  wp-block-social-link\"><a href=\"mailto:i&#110;fo&#064;&#115;on&#105;a&#105;&#115;a&#098;elle.c&#097;\" class=\"wp-block-social-link-anchor\"><svg width=\"24\" height=\"24\" viewbox=\"0 0 24 24\" version=\"1.1\" xmlns=\"http:\/\/www.w3.org\/2000\/svg\" aria-hidden=\"true\" focusable=\"false\"><path d=\"M19,5H5c-1.1,0-2,.9-2,2v10c0,1.1.9,2,2,2h14c1.1,0,2-.9,2-2V7c0-1.1-.9-2-2-2zm.5,12c0,.3-.2.5-.5.5H5c-.3,0-.5-.2-.5-.5V9.8l7.5,5.6,7.5-5.6V17zm0-9.1L12,13.6,4.5,7.9V7c0-.3.2-.5.5-.5h14c.3,0,.5.2.5.5v.9z\"><\/path><\/svg><span class=\"wp-block-social-link-label screen-reader-text\">Mail<\/span><\/a><\/li>\n\n<li class=\"wp-social-link wp-social-link-chain  wp-block-social-link\"><a href=\"https:\/\/soniaisabelle.ca\/\" class=\"wp-block-social-link-anchor\"><svg width=\"24\" height=\"24\" viewbox=\"0 0 24 24\" version=\"1.1\" xmlns=\"http:\/\/www.w3.org\/2000\/svg\" aria-hidden=\"true\" focusable=\"false\"><path d=\"M15.6,7.2H14v1.5h1.6c2,0,3.7,1.7,3.7,3.7s-1.7,3.7-3.7,3.7H14v1.5h1.6c2.8,0,5.2-2.3,5.2-5.2,0-2.9-2.3-5.2-5.2-5.2zM4.7,12.4c0-2,1.7-3.7,3.7-3.7H10V7.2H8.4c-2.9,0-5.2,2.3-5.2,5.2,0,2.9,2.3,5.2,5.2,5.2H10v-1.5H8.4c-2,0-3.7-1.7-3.7-3.7zm4.6.9h5.3v-1.5H9.3v1.5z\"><\/path><\/svg><span class=\"wp-block-social-link-label screen-reader-text\">Link<\/span><\/a><\/li>\n\n<li class=\"wp-social-link wp-social-link-facebook  wp-block-social-link\"><a href=\"https:\/\/www.facebook.com\/soniaisabelleart\/\" class=\"wp-block-social-link-anchor\"><svg width=\"24\" height=\"24\" viewbox=\"0 0 24 24\" version=\"1.1\" xmlns=\"http:\/\/www.w3.org\/2000\/svg\" aria-hidden=\"true\" focusable=\"false\"><path d=\"M12 2C6.5 2 2 6.5 2 12c0 5 3.7 9.1 8.4 9.9v-7H7.9V12h2.5V9.8c0-2.5 1.5-3.9 3.8-3.9 1.1 0 2.2.2 2.2.2v2.5h-1.3c-1.2 0-1.6.8-1.6 1.6V12h2.8l-.4 2.9h-2.3v7C18.3 21.1 22 17 22 12c0-5.5-4.5-10-10-10z\"><\/path><\/svg><span class=\"wp-block-social-link-label screen-reader-text\">Facebook<\/span><\/a><\/li>\n\n<li class=\"wp-social-link wp-social-link-instagram  wp-block-social-link\"><a href=\"https:\/\/www.instagram.com\/soniaisabelleart\/\" class=\"wp-block-social-link-anchor\"><svg width=\"24\" height=\"24\" viewbox=\"0 0 24 24\" version=\"1.1\" xmlns=\"http:\/\/www.w3.org\/2000\/svg\" aria-hidden=\"true\" focusable=\"false\"><path d=\"M12,4.622c2.403,0,2.688,0.009,3.637,0.052c0.877,0.04,1.354,0.187,1.671,0.31c0.42,0.163,0.72,0.358,1.035,0.673 c0.315,0.315,0.51,0.615,0.673,1.035c0.123,0.317,0.27,0.794,0.31,1.671c0.043,0.949,0.052,1.234,0.052,3.637 s-0.009,2.688-0.052,3.637c-0.04,0.877-0.187,1.354-0.31,1.671c-0.163,0.42-0.358,0.72-0.673,1.035 c-0.315,0.315-0.615,0.51-1.035,0.673c-0.317,0.123-0.794,0.27-1.671,0.31c-0.949,0.043-1.233,0.052-3.637,0.052 s-2.688-0.009-3.637-0.052c-0.877-0.04-1.354-0.187-1.671-0.31c-0.42-0.163-0.72-0.358-1.035-0.673 c-0.315-0.315-0.51-0.615-0.673-1.035c-0.123-0.317-0.27-0.794-0.31-1.671C4.631,14.688,4.622,14.403,4.622,12 s0.009-2.688,0.052-3.637c0.04-0.877,0.187-1.354,0.31-1.671c0.163-0.42,0.358-0.72,0.673-1.035 c0.315-0.315,0.615-0.51,1.035-0.673c0.317-0.123,0.794-0.27,1.671-0.31C9.312,4.631,9.597,4.622,12,4.622 M12,3 C9.556,3,9.249,3.01,8.289,3.054C7.331,3.098,6.677,3.25,6.105,3.472C5.513,3.702,5.011,4.01,4.511,4.511 c-0.5,0.5-0.808,1.002-1.038,1.594C3.25,6.677,3.098,7.331,3.054,8.289C3.01,9.249,3,9.556,3,12c0,2.444,0.01,2.751,0.054,3.711 c0.044,0.958,0.196,1.612,0.418,2.185c0.23,0.592,0.538,1.094,1.038,1.594c0.5,0.5,1.002,0.808,1.594,1.038 c0.572,0.222,1.227,0.375,2.185,0.418C9.249,20.99,9.556,21,12,21s2.751-0.01,3.711-0.054c0.958-0.044,1.612-0.196,2.185-0.418 c0.592-0.23,1.094-0.538,1.594-1.038c0.5-0.5,0.808-1.002,1.038-1.594c0.222-0.572,0.375-1.227,0.418-2.185 C20.99,14.751,21,14.444,21,12s-0.01-2.751-0.054-3.711c-0.044-0.958-0.196-1.612-0.418-2.185c-0.23-0.592-0.538-1.094-1.038-1.594 c-0.5-0.5-1.002-0.808-1.594-1.038c-0.572-0.222-1.227-0.375-2.185-0.418C14.751,3.01,14.444,3,12,3L12,3z M12,7.378 c-2.552,0-4.622,2.069-4.622,4.622S9.448,16.622,12,16.622s4.622-2.069,4.622-4.622S14.552,7.378,12,7.378z M12,15 c-1.657,0-3-1.343-3-3s1.343-3,3-3s3,1.343,3,3S13.657,15,12,15z M16.804,6.116c-0.596,0-1.08,0.484-1.08,1.08 s0.484,1.08,1.08,1.08c0.596,0,1.08-0.484,1.08-1.08S17.401,6.116,16.804,6.116z\"><\/path><\/svg><span class=\"wp-block-social-link-label screen-reader-text\">Instagram<\/span><\/a><\/li>\n\n<li class=\"wp-social-link wp-social-link-linkedin  wp-block-social-link\"><a href=\"https:\/\/www.linkedin.com\/in\/soniaisabelleart\/\" class=\"wp-block-social-link-anchor\"><svg width=\"24\" height=\"24\" viewbox=\"0 0 24 24\" version=\"1.1\" xmlns=\"http:\/\/www.w3.org\/2000\/svg\" aria-hidden=\"true\" focusable=\"false\"><path d=\"M19.7,3H4.3C3.582,3,3,3.582,3,4.3v15.4C3,20.418,3.582,21,4.3,21h15.4c0.718,0,1.3-0.582,1.3-1.3V4.3 C21,3.582,20.418,3,19.7,3z M8.339,18.338H5.667v-8.59h2.672V18.338z M7.004,8.574c-0.857,0-1.549-0.694-1.549-1.548 c0-0.855,0.691-1.548,1.549-1.548c0.854,0,1.547,0.694,1.547,1.548C8.551,7.881,7.858,8.574,7.004,8.574z M18.339,18.338h-2.669 v-4.177c0-0.996-0.017-2.278-1.387-2.278c-1.389,0-1.601,1.086-1.601,2.206v4.249h-2.667v-8.59h2.559v1.174h0.037 c0.356-0.675,1.227-1.387,2.526-1.387c2.703,0,3.203,1.779,3.203,4.092V18.338z\"><\/path><\/svg><span class=\"wp-block-social-link-label screen-reader-text\">LinkedIn<\/span><\/a><\/li>\n\n<li class=\"wp-social-link wp-social-link-tiktok  wp-block-social-link\"><a href=\"https:\/\/www.tiktok.com\/@sonia.isabelle.art\" class=\"wp-block-social-link-anchor\"><svg width=\"24\" height=\"24\" viewbox=\"0 0 32 32\" version=\"1.1\" xmlns=\"http:\/\/www.w3.org\/2000\/svg\" aria-hidden=\"true\" focusable=\"false\"><path d=\"M16.708 0.027c1.745-0.027 3.48-0.011 5.213-0.027 0.105 2.041 0.839 4.12 2.333 5.563 1.491 1.479 3.6 2.156 5.652 2.385v5.369c-1.923-0.063-3.855-0.463-5.6-1.291-0.76-0.344-1.468-0.787-2.161-1.24-0.009 3.896 0.016 7.787-0.025 11.667-0.104 1.864-0.719 3.719-1.803 5.255-1.744 2.557-4.771 4.224-7.88 4.276-1.907 0.109-3.812-0.411-5.437-1.369-2.693-1.588-4.588-4.495-4.864-7.615-0.032-0.667-0.043-1.333-0.016-1.984 0.24-2.537 1.495-4.964 3.443-6.615 2.208-1.923 5.301-2.839 8.197-2.297 0.027 1.975-0.052 3.948-0.052 5.923-1.323-0.428-2.869-0.308-4.025 0.495-0.844 0.547-1.485 1.385-1.819 2.333-0.276 0.676-0.197 1.427-0.181 2.145 0.317 2.188 2.421 4.027 4.667 3.828 1.489-0.016 2.916-0.88 3.692-2.145 0.251-0.443 0.532-0.896 0.547-1.417 0.131-2.385 0.079-4.76 0.095-7.145 0.011-5.375-0.016-10.735 0.025-16.093z\" \/><\/svg><span class=\"wp-block-social-link-label screen-reader-text\">TikTok<\/span><\/a><\/li>\n\n<li class=\"wp-social-link wp-social-link-youtube  wp-block-social-link\"><a href=\"https:\/\/www.youtube.com\/@soniaisabelleart\" class=\"wp-block-social-link-anchor\"><svg width=\"24\" height=\"24\" viewbox=\"0 0 24 24\" version=\"1.1\" xmlns=\"http:\/\/www.w3.org\/2000\/svg\" aria-hidden=\"true\" focusable=\"false\"><path d=\"M21.8,8.001c0,0-0.195-1.378-0.795-1.985c-0.76-0.797-1.613-0.801-2.004-0.847c-2.799-0.202-6.997-0.202-6.997-0.202 h-0.009c0,0-4.198,0-6.997,0.202C4.608,5.216,3.756,5.22,2.995,6.016C2.395,6.623,2.2,8.001,2.2,8.001S2,9.62,2,11.238v1.517 c0,1.618,0.2,3.237,0.2,3.237s0.195,1.378,0.795,1.985c0.761,0.797,1.76,0.771,2.205,0.855c1.6,0.153,6.8,0.201,6.8,0.201 s4.203-0.006,7.001-0.209c0.391-0.047,1.243-0.051,2.004-0.847c0.6-0.607,0.795-1.985,0.795-1.985s0.2-1.618,0.2-3.237v-1.517 C22,9.62,21.8,8.001,21.8,8.001z M9.935,14.594l-0.001-5.62l5.404,2.82L9.935,14.594z\"><\/path><\/svg><span class=\"wp-block-social-link-label screen-reader-text\">YouTube<\/span><\/a><\/li><\/ul>\n\n\n\n<p>Visitez l\u00e0 \u00e0 son atelier situ\u00e9 au :<\/p>\n\n\n\n<p>988, chemin du Fleuve, Les C\u00e8dres, Qc J7T 1B6<\/p>\n<\/div><\/div>\n\n\n\n<div style=\"height:66px\" aria-hidden=\"true\" class=\"wp-block-spacer\"><\/div>\n\n\n\n<h2 class=\"wp-block-heading\">Biographie \/ d\u00e9marche<\/h2>\n\n\n\n<p><strong>Biographie<\/strong><\/p>\n\n\n\n<p>R\u00e9sidente de Les C\u00e8dres au Qu\u00e9bec, Sonia Isabelle est dipl\u00f4m\u00e9e en Arts visuels du C\u00e9gep de Valleyfield et au Baccalaur\u00e9at des Beaux-Arts avec majeures en design graphique et illustration, de l\u2019Universit\u00e9 Concordia ainsi que d\u2019une sp\u00e9cialisation en m\u00e9diation culturelle.<br>Artiste prim\u00e9e, son travail est pr\u00e9sent\u00e9 \u00e0 l\u2019occasion d&rsquo;expositions r\u00e9gionales, nationales ainsi qu\u2019\u00e0 l\u2019international.<br>On retrouve ses \u0153uvres au sein de diverses collections publiques, corporatives et priv\u00e9es.<\/p>\n\n\n\n<p><em>A resident of Les C\u00e8dres, Quebec, Sonia Isabelle holds a degree in Visual Arts from C\u00e9gep de Valleyfield and a Bachelor of Fine Arts from Concordia University, with majors in graphic design and illustration, as well as a specialization in cultural mediation.<br>An award-winning artist, her work is featured in regional, national, and international exhibitions.<br>Her works can be found in various public, corporate, and private collections.<\/em><\/p>\n\n\n\n<p><strong>D\u00e9marche<\/strong><\/p>\n\n\n\n<p>J\u2019\u00e9prouve une fascination pour les gens. Le travail que je poursuis est de reproduire, avec authenticit\u00e9, des moments de la vie quotidienne croqu\u00e9s sur le vif. Au-del\u00e0 d\u2019une simple repr\u00e9sentation, je m\u2019exerce \u00e0 faire ressortir l\u2019\u00e9motion \u00e9manant de mon protagoniste.<br>Inspir\u00e9e par le travail des photographes de rue du XXe si\u00e8cle telles Sabine Weiss et Vivian Maier, dans mon travail je cherche \u00e0 livrer un t\u00e9moignage visuel sensible et honn\u00eate de mon \u00e9poque et du rapport entre l\u2019humain et son environnement.<br>Avec mon portable, je capte des sc\u00e8nes qui retiennent mon attention et qui servent de base \u00e0 mon processus cr\u00e9atif. Inspir\u00e9e par ces photos prises spontan\u00e9ment alors que je c\u00f4toie anonymement mon sujet dans son milieu de vie, je cherche \u00e0 mettre en lumi\u00e8re des th\u00e9matiques qui traduisent la r\u00e9alit\u00e9 de mon \u00e9poque.<br>Comme m\u00e9dium, l\u2019utilisation du crayon graphite me permet de r\u00e9aliser des \u0153uvres finement d\u00e9taill\u00e9es. Peu \u00e0 peu, le noir et le blanc se d\u00e9clinent en teintes infinies d\u00e9voilant formes, textures et lumi\u00e8re. \u00c0 ces teintes monochromes qui mettent le sujet \u00e0 l\u2019avant-plan, seront parfois ajout\u00e9es des zones color\u00e9es.<\/p>\n\n\n\n<p><em>I&rsquo;m fascinated by people. My aim is to reproduce, with authenticity, moments of everyday life. Beyond simple representation, I strive to bring out the emotion emanating from my protagonist.<br>Inspired by the work of twentieth-century street photographers such as Sabine Weiss and Vivian Maier, in my work I seek to deliver a sensitive and honest visual testimony to my times and to the relationship between humans and their environment.<br>Using my cell phone, I capture scenes that capture my attention and serve as the basis for my creative process. Inspired by these spontaneous photos, taken as I walk anonymously alongside my subject in his or her environment, I seek to highlight themes that reflect the reality of my time.<br>Using graphite pencil as my medium, I create finely detailed works. Little by little, black and white are broken down into infinite hues, revealing shapes, textures and light. To these monochrome hues, which bring the subject to the fore, I sometimes add colored areas.<\/em><\/p>\n\n\n\n<div style=\"height:66px\" aria-hidden=\"true\" class=\"wp-block-spacer\"><\/div>\n\n\n\n<h2 class=\"wp-block-heading\"><strong>Un avant go\u00fbt de ses oeuvres<\/strong><\/h2>\n\n\n\n<figure class=\"wp-block-gallery has-nested-images columns-default is-cropped wp-block-gallery-1 is-layout-flex wp-block-gallery-is-layout-flex\">\n<figure class=\"wp-block-image size-large\"><img loading=\"lazy\" decoding=\"async\" width=\"746\" height=\"1024\" data-id=\"2690\" src=\"https:\/\/routedesartsvaudreuilsoulanges.com\/wp-content\/uploads\/2026\/05\/Isabelle-Sonia-Bien-naitre--746x1024.jpg\" alt=\"\" class=\"wp-image-2690\" srcset=\"https:\/\/routedesartsvaudreuilsoulanges.com\/wp-content\/uploads\/2026\/05\/Isabelle-Sonia-Bien-naitre--746x1024.jpg 746w, https:\/\/routedesartsvaudreuilsoulanges.com\/wp-content\/uploads\/2026\/05\/Isabelle-Sonia-Bien-naitre--219x300.jpg 219w, https:\/\/routedesartsvaudreuilsoulanges.com\/wp-content\/uploads\/2026\/05\/Isabelle-Sonia-Bien-naitre--768x1054.jpg 768w, https:\/\/routedesartsvaudreuilsoulanges.com\/wp-content\/uploads\/2026\/05\/Isabelle-Sonia-Bien-naitre--9x12.jpg 9w, https:\/\/routedesartsvaudreuilsoulanges.com\/wp-content\/uploads\/2026\/05\/Isabelle-Sonia-Bien-naitre-.jpg 1093w\" sizes=\"auto, (max-width: 746px) 100vw, 746px\" \/><\/figure>\n\n\n\n<figure class=\"wp-block-image size-large\"><img loading=\"lazy\" decoding=\"async\" width=\"798\" height=\"1024\" data-id=\"2691\" src=\"https:\/\/routedesartsvaudreuilsoulanges.com\/wp-content\/uploads\/2026\/05\/Isabelle-Sonia-le-cadeau--798x1024.jpg\" alt=\"\" class=\"wp-image-2691\" srcset=\"https:\/\/routedesartsvaudreuilsoulanges.com\/wp-content\/uploads\/2026\/05\/Isabelle-Sonia-le-cadeau--798x1024.jpg 798w, https:\/\/routedesartsvaudreuilsoulanges.com\/wp-content\/uploads\/2026\/05\/Isabelle-Sonia-le-cadeau--234x300.jpg 234w, https:\/\/routedesartsvaudreuilsoulanges.com\/wp-content\/uploads\/2026\/05\/Isabelle-Sonia-le-cadeau--768x985.jpg 768w, https:\/\/routedesartsvaudreuilsoulanges.com\/wp-content\/uploads\/2026\/05\/Isabelle-Sonia-le-cadeau--9x12.jpg 9w, https:\/\/routedesartsvaudreuilsoulanges.com\/wp-content\/uploads\/2026\/05\/Isabelle-Sonia-le-cadeau-.jpg 1169w\" sizes=\"auto, (max-width: 798px) 100vw, 798px\" \/><\/figure>\n\n\n\n<figure class=\"wp-block-image size-large\"><img loading=\"lazy\" decoding=\"async\" width=\"1024\" height=\"764\" data-id=\"2693\" src=\"https:\/\/routedesartsvaudreuilsoulanges.com\/wp-content\/uploads\/2026\/05\/Isabelle-Sonia-Tram-28-Lisbon--1024x764.jpg\" alt=\"\" class=\"wp-image-2693\" srcset=\"https:\/\/routedesartsvaudreuilsoulanges.com\/wp-content\/uploads\/2026\/05\/Isabelle-Sonia-Tram-28-Lisbon--1024x764.jpg 1024w, https:\/\/routedesartsvaudreuilsoulanges.com\/wp-content\/uploads\/2026\/05\/Isabelle-Sonia-Tram-28-Lisbon--300x224.jpg 300w, https:\/\/routedesartsvaudreuilsoulanges.com\/wp-content\/uploads\/2026\/05\/Isabelle-Sonia-Tram-28-Lisbon--768x573.jpg 768w, https:\/\/routedesartsvaudreuilsoulanges.com\/wp-content\/uploads\/2026\/05\/Isabelle-Sonia-Tram-28-Lisbon--16x12.jpg 16w, https:\/\/routedesartsvaudreuilsoulanges.com\/wp-content\/uploads\/2026\/05\/Isabelle-Sonia-Tram-28-Lisbon-.jpg 1500w\" sizes=\"auto, (max-width: 1024px) 100vw, 1024px\" \/><\/figure>\n\n\n\n<figure class=\"wp-block-image size-large\"><img loading=\"lazy\" decoding=\"async\" width=\"1024\" height=\"819\" data-id=\"2692\" src=\"https:\/\/routedesartsvaudreuilsoulanges.com\/wp-content\/uploads\/2026\/05\/Isabelle-Sonia-Sous_le_marronnier-1024x819.jpg\" alt=\"\" class=\"wp-image-2692\" srcset=\"https:\/\/routedesartsvaudreuilsoulanges.com\/wp-content\/uploads\/2026\/05\/Isabelle-Sonia-Sous_le_marronnier-1024x819.jpg 1024w, https:\/\/routedesartsvaudreuilsoulanges.com\/wp-content\/uploads\/2026\/05\/Isabelle-Sonia-Sous_le_marronnier-300x240.jpg 300w, https:\/\/routedesartsvaudreuilsoulanges.com\/wp-content\/uploads\/2026\/05\/Isabelle-Sonia-Sous_le_marronnier-768x614.jpg 768w, https:\/\/routedesartsvaudreuilsoulanges.com\/wp-content\/uploads\/2026\/05\/Isabelle-Sonia-Sous_le_marronnier-15x12.jpg 15w, https:\/\/routedesartsvaudreuilsoulanges.com\/wp-content\/uploads\/2026\/05\/Isabelle-Sonia-Sous_le_marronnier.jpg 1500w\" sizes=\"auto, (max-width: 1024px) 100vw, 1024px\" \/><\/figure>\n\n\n\n<figure class=\"wp-block-image size-large\"><img loading=\"lazy\" decoding=\"async\" width=\"1013\" height=\"1024\" data-id=\"2694\" src=\"https:\/\/routedesartsvaudreuilsoulanges.com\/wp-content\/uploads\/2026\/05\/Isabelle-Sonia-Port-au-beau-fixe-graphite-sur-papier-30x30-1-1013x1024.jpg\" alt=\"\" class=\"wp-image-2694\" srcset=\"https:\/\/routedesartsvaudreuilsoulanges.com\/wp-content\/uploads\/2026\/05\/Isabelle-Sonia-Port-au-beau-fixe-graphite-sur-papier-30x30-1-1013x1024.jpg 1013w, https:\/\/routedesartsvaudreuilsoulanges.com\/wp-content\/uploads\/2026\/05\/Isabelle-Sonia-Port-au-beau-fixe-graphite-sur-papier-30x30-1-297x300.jpg 297w, https:\/\/routedesartsvaudreuilsoulanges.com\/wp-content\/uploads\/2026\/05\/Isabelle-Sonia-Port-au-beau-fixe-graphite-sur-papier-30x30-1-768x776.jpg 768w, https:\/\/routedesartsvaudreuilsoulanges.com\/wp-content\/uploads\/2026\/05\/Isabelle-Sonia-Port-au-beau-fixe-graphite-sur-papier-30x30-1-12x12.jpg 12w, https:\/\/routedesartsvaudreuilsoulanges.com\/wp-content\/uploads\/2026\/05\/Isabelle-Sonia-Port-au-beau-fixe-graphite-sur-papier-30x30-1.jpg 1187w\" sizes=\"auto, (max-width: 1013px) 100vw, 1013px\" \/><\/figure>\n<\/figure>","protected":false},"excerpt":{"rendered":"<p>Biographie \/ d\u00e9marche Biographie R\u00e9sidente de Les C\u00e8dres au Qu\u00e9bec, Sonia Isabelle est dipl\u00f4m\u00e9e en Arts visuels du C\u00e9gep de Valleyfield et au Baccalaur\u00e9at des Beaux-Arts avec majeures en design graphique et illustration, de l\u2019Universit\u00e9 Concordia ainsi que d\u2019une sp\u00e9cialisation en m\u00e9diation culturelle.Artiste prim\u00e9e, son travail est pr\u00e9sent\u00e9 \u00e0 l\u2019occasion d&rsquo;expositions r\u00e9gionales, nationales ainsi qu\u2019\u00e0 [&hellip;]<\/p>\n","protected":false},"author":1,"featured_media":0,"parent":0,"menu_order":0,"comment_status":"closed","ping_status":"closed","template":"","meta":{"footnotes":""},"class_list":["post-2785","page","type-page","status-publish","hentry"],"_links":{"self":[{"href":"https:\/\/routedesartsvaudreuilsoulanges.com\/en\/wp-json\/wp\/v2\/pages\/2785","targetHints":{"allow":["GET"]}}],"collection":[{"href":"https:\/\/routedesartsvaudreuilsoulanges.com\/en\/wp-json\/wp\/v2\/pages"}],"about":[{"href":"https:\/\/routedesartsvaudreuilsoulanges.com\/en\/wp-json\/wp\/v2\/types\/page"}],"author":[{"embeddable":true,"href":"https:\/\/routedesartsvaudreuilsoulanges.com\/en\/wp-json\/wp\/v2\/users\/1"}],"replies":[{"embeddable":true,"href":"https:\/\/routedesartsvaudreuilsoulanges.com\/en\/wp-json\/wp\/v2\/comments?post=2785"}],"version-history":[{"count":3,"href":"https:\/\/routedesartsvaudreuilsoulanges.com\/en\/wp-json\/wp\/v2\/pages\/2785\/revisions"}],"predecessor-version":[{"id":2846,"href":"https:\/\/routedesartsvaudreuilsoulanges.com\/en\/wp-json\/wp\/v2\/pages\/2785\/revisions\/2846"}],"wp:attachment":[{"href":"https:\/\/routedesartsvaudreuilsoulanges.com\/en\/wp-json\/wp\/v2\/media?parent=2785"}],"curies":[{"name":"wp","href":"https:\/\/api.w.org\/{rel}","templated":true}]}}