{"id":2787,"date":"2026-05-05T11:13:25","date_gmt":"2026-05-05T16:13:25","guid":{"rendered":"https:\/\/routedesartsvaudreuilsoulanges.com\/?page_id=2787"},"modified":"2026-05-05T11:13:25","modified_gmt":"2026-05-05T16:13:25","slug":"2026-chantal-koot","status":"publish","type":"page","link":"https:\/\/routedesartsvaudreuilsoulanges.com\/en\/2026-chantal-koot\/","title":{"rendered":"2026 Chantal Koot"},"content":{"rendered":"<div class=\"wp-block-media-text is-stacked-on-mobile\"><figure class=\"wp-block-media-text__media\"><img loading=\"lazy\" decoding=\"async\" width=\"902\" height=\"1024\" src=\"https:\/\/routedesartsvaudreuilsoulanges.com\/wp-content\/uploads\/2024\/06\/KootChantal-2023-edited-902x1024.jpg\" alt=\"\" class=\"wp-image-1896 size-full\" srcset=\"https:\/\/routedesartsvaudreuilsoulanges.com\/wp-content\/uploads\/2024\/06\/KootChantal-2023-edited-902x1024.jpg 902w, https:\/\/routedesartsvaudreuilsoulanges.com\/wp-content\/uploads\/2024\/06\/KootChantal-2023-edited-264x300.jpg 264w, https:\/\/routedesartsvaudreuilsoulanges.com\/wp-content\/uploads\/2024\/06\/KootChantal-2023-edited-768x872.jpg 768w, https:\/\/routedesartsvaudreuilsoulanges.com\/wp-content\/uploads\/2024\/06\/KootChantal-2023-edited-1353x1536.jpg 1353w, https:\/\/routedesartsvaudreuilsoulanges.com\/wp-content\/uploads\/2024\/06\/KootChantal-2023-edited-1804x2048.jpg 1804w\" sizes=\"auto, (max-width: 902px) 100vw, 902px\" \/><\/figure><div class=\"wp-block-media-text__content\">\n<h2 class=\"wp-block-heading\">Chantal Koot<\/h2>\n\n\n\n<h4 class=\"wp-block-heading\"><strong>Domaine artistique :&nbsp;<strong>Sculpture<\/strong><\/strong><\/h4>\n\n\n\n<ul class=\"wp-block-social-links is-layout-flex wp-block-social-links-is-layout-flex\"><li class=\"wp-social-link wp-social-link-mail  wp-block-social-link\"><a href=\"mailto:c&#104;&#097;&#110;tal.m&#046;&#107;&#111;&#111;t&#064;g&#109;&#097;&#105;l.co&#109;\" class=\"wp-block-social-link-anchor\"><svg width=\"24\" height=\"24\" viewbox=\"0 0 24 24\" version=\"1.1\" xmlns=\"http:\/\/www.w3.org\/2000\/svg\" aria-hidden=\"true\" focusable=\"false\"><path d=\"M19,5H5c-1.1,0-2,.9-2,2v10c0,1.1.9,2,2,2h14c1.1,0,2-.9,2-2V7c0-1.1-.9-2-2-2zm.5,12c0,.3-.2.5-.5.5H5c-.3,0-.5-.2-.5-.5V9.8l7.5,5.6,7.5-5.6V17zm0-9.1L12,13.6,4.5,7.9V7c0-.3.2-.5.5-.5h14c.3,0,.5.2.5.5v.9z\"><\/path><\/svg><span class=\"wp-block-social-link-label screen-reader-text\">Mail<\/span><\/a><\/li>\n\n<li class=\"wp-social-link wp-social-link-chain  wp-block-social-link\"><a href=\"https:\/\/www.ckoot.ca\" class=\"wp-block-social-link-anchor\"><svg width=\"24\" height=\"24\" viewbox=\"0 0 24 24\" version=\"1.1\" xmlns=\"http:\/\/www.w3.org\/2000\/svg\" aria-hidden=\"true\" focusable=\"false\"><path d=\"M15.6,7.2H14v1.5h1.6c2,0,3.7,1.7,3.7,3.7s-1.7,3.7-3.7,3.7H14v1.5h1.6c2.8,0,5.2-2.3,5.2-5.2,0-2.9-2.3-5.2-5.2-5.2zM4.7,12.4c0-2,1.7-3.7,3.7-3.7H10V7.2H8.4c-2.9,0-5.2,2.3-5.2,5.2,0,2.9,2.3,5.2,5.2,5.2H10v-1.5H8.4c-2,0-3.7-1.7-3.7-3.7zm4.6.9h5.3v-1.5H9.3v1.5z\"><\/path><\/svg><span class=\"wp-block-social-link-label screen-reader-text\">Link<\/span><\/a><\/li>\n\n<li class=\"wp-social-link wp-social-link-facebook  wp-block-social-link\"><a href=\"https:\/\/www.facebook.com\/profile.php?id=100094487688414\" class=\"wp-block-social-link-anchor\"><svg width=\"24\" height=\"24\" viewbox=\"0 0 24 24\" version=\"1.1\" xmlns=\"http:\/\/www.w3.org\/2000\/svg\" aria-hidden=\"true\" focusable=\"false\"><path d=\"M12 2C6.5 2 2 6.5 2 12c0 5 3.7 9.1 8.4 9.9v-7H7.9V12h2.5V9.8c0-2.5 1.5-3.9 3.8-3.9 1.1 0 2.2.2 2.2.2v2.5h-1.3c-1.2 0-1.6.8-1.6 1.6V12h2.8l-.4 2.9h-2.3v7C18.3 21.1 22 17 22 12c0-5.5-4.5-10-10-10z\"><\/path><\/svg><span class=\"wp-block-social-link-label screen-reader-text\">Facebook<\/span><\/a><\/li>\n\n<li class=\"wp-social-link wp-social-link-instagram  wp-block-social-link\"><a href=\"https:\/\/www.instagram.com\/ckoot\/\" class=\"wp-block-social-link-anchor\"><svg width=\"24\" height=\"24\" viewbox=\"0 0 24 24\" version=\"1.1\" xmlns=\"http:\/\/www.w3.org\/2000\/svg\" aria-hidden=\"true\" focusable=\"false\"><path d=\"M12,4.622c2.403,0,2.688,0.009,3.637,0.052c0.877,0.04,1.354,0.187,1.671,0.31c0.42,0.163,0.72,0.358,1.035,0.673 c0.315,0.315,0.51,0.615,0.673,1.035c0.123,0.317,0.27,0.794,0.31,1.671c0.043,0.949,0.052,1.234,0.052,3.637 s-0.009,2.688-0.052,3.637c-0.04,0.877-0.187,1.354-0.31,1.671c-0.163,0.42-0.358,0.72-0.673,1.035 c-0.315,0.315-0.615,0.51-1.035,0.673c-0.317,0.123-0.794,0.27-1.671,0.31c-0.949,0.043-1.233,0.052-3.637,0.052 s-2.688-0.009-3.637-0.052c-0.877-0.04-1.354-0.187-1.671-0.31c-0.42-0.163-0.72-0.358-1.035-0.673 c-0.315-0.315-0.51-0.615-0.673-1.035c-0.123-0.317-0.27-0.794-0.31-1.671C4.631,14.688,4.622,14.403,4.622,12 s0.009-2.688,0.052-3.637c0.04-0.877,0.187-1.354,0.31-1.671c0.163-0.42,0.358-0.72,0.673-1.035 c0.315-0.315,0.615-0.51,1.035-0.673c0.317-0.123,0.794-0.27,1.671-0.31C9.312,4.631,9.597,4.622,12,4.622 M12,3 C9.556,3,9.249,3.01,8.289,3.054C7.331,3.098,6.677,3.25,6.105,3.472C5.513,3.702,5.011,4.01,4.511,4.511 c-0.5,0.5-0.808,1.002-1.038,1.594C3.25,6.677,3.098,7.331,3.054,8.289C3.01,9.249,3,9.556,3,12c0,2.444,0.01,2.751,0.054,3.711 c0.044,0.958,0.196,1.612,0.418,2.185c0.23,0.592,0.538,1.094,1.038,1.594c0.5,0.5,1.002,0.808,1.594,1.038 c0.572,0.222,1.227,0.375,2.185,0.418C9.249,20.99,9.556,21,12,21s2.751-0.01,3.711-0.054c0.958-0.044,1.612-0.196,2.185-0.418 c0.592-0.23,1.094-0.538,1.594-1.038c0.5-0.5,0.808-1.002,1.038-1.594c0.222-0.572,0.375-1.227,0.418-2.185 C20.99,14.751,21,14.444,21,12s-0.01-2.751-0.054-3.711c-0.044-0.958-0.196-1.612-0.418-2.185c-0.23-0.592-0.538-1.094-1.038-1.594 c-0.5-0.5-1.002-0.808-1.594-1.038c-0.572-0.222-1.227-0.375-2.185-0.418C14.751,3.01,14.444,3,12,3L12,3z M12,7.378 c-2.552,0-4.622,2.069-4.622,4.622S9.448,16.622,12,16.622s4.622-2.069,4.622-4.622S14.552,7.378,12,7.378z M12,15 c-1.657,0-3-1.343-3-3s1.343-3,3-3s3,1.343,3,3S13.657,15,12,15z M16.804,6.116c-0.596,0-1.08,0.484-1.08,1.08 s0.484,1.08,1.08,1.08c0.596,0,1.08-0.484,1.08-1.08S17.401,6.116,16.804,6.116z\"><\/path><\/svg><span class=\"wp-block-social-link-label screen-reader-text\">Instagram<\/span><\/a><\/li><\/ul>\n\n\n\n<p>Visitez l\u00e0 \u00e0 son atelier situ\u00e9 au :<\/p>\n\n\n\n<p>5196, rue S\u00e9guin, Vaudreuil-Dorion, QC J7V 0K2<\/p>\n<\/div><\/div>\n\n\n\n<div style=\"height:66px\" aria-hidden=\"true\" class=\"wp-block-spacer\"><\/div>\n\n\n\n<h2 class=\"wp-block-heading\">Biographie \/ d\u00e9marche<\/h2>\n\n\n\n<p>Chantal d\u00e9couvre la sculpture avec mati\u00e8res recycl\u00e9es en 2016 lorsqu\u2019elle s\u2019\u00e9merveille d\u2019une sculpture d\u2019une danseuse lors de l\u2019exposition l\u2019Art au Vignoble. Quelques mois plus tard, elle retrouve cette m\u00eame sculpture et son artiste lors d\u2019une visite d\u2019ateliers \u00e0 Saint-Lazare. Ayant toujours ador\u00e9 d\u00e9couvrir des sculptures lors de ses explorations urbaines, les mus\u00e9es ou parcs sans jamais imaginer en cr\u00e9er elle-m\u00eame, elle d\u00e9cide d\u2019entreprendre des cours afin d\u2019apprendre comment travailler les tissus recycl\u00e9s avec le durcisseur de textiles Paverpol. Elle explore divers autres m\u00e9diums artistiques mais, rapidement, la sculpture \u00e0 partir de mati\u00e8res r\u00e9cup\u00e9r\u00e9es s\u2019impose comme son v\u00e9ritable langage cr\u00e9atif puisque cela s\u2019allie \u00e0 son engagement profond envers la revalorisation des mat\u00e9riaux. En 2022, elle obtient sa certification Paverpol et poursuit l\u2019enrichissement de sa pratique \u00e0 travers des formations sp\u00e9cialis\u00e9es, des \u00e9changes avec des artistes de disciplines vari\u00e9es et les d\u00e9fis cr\u00e9atifs de la sculpture.<\/p>\n\n\n\n<p><strong>D\u00e9marche<\/strong><\/p>\n\n\n\n<p>Je cr\u00e9e des sculptures \u00e0 partir de mati\u00e8res r\u00e9cup\u00e9r\u00e9es parce que je crois profond\u00e9ment que ce que l\u2019on consid\u00e8re comme \u00ab\u202fus\u00e9\u202f\u00bb, \u00ab\u202fd\u00e9pass\u00e9\u202f\u00bb ou \u00ab\u202fjetable\u202f\u00bb porte encore une beaut\u00e9, une m\u00e9moire et un potentiel immense. Les dentelles et tissus naturels, les objets oubli\u00e9s ou destin\u00e9s aux d\u00e9chets deviennent, entre mes mains, des pr\u00e9sences durables qui c\u00e9l\u00e8brent le travail pass\u00e9, la patience des gestes artisanaux et la valeur des mati\u00e8res que l\u2019on a trop vite tendance \u00e0 gaspiller.<\/p>\n\n\n\n<p>Mon processus est un acte de pr\u00e9servation et de revalorisation. Je r\u00e9cup\u00e8re, je trie, je transforme, je sculpte. En les assemblant, je cherche \u00e0 r\u00e9v\u00e9ler leurs textures autrement, \u00e0 offrir un nouveau regard sur ce que nous c\u00f4toyons sans le voir. \u00c0 travers mes sculptures, je veux rappeler que la beaut\u00e9 se trouve dans les choses ordinaires, dans les mati\u00e8res modestes, dans les traces du pass\u00e9 \u2026 que ce soit des objets, des dentelles, des lainages, du denim, des vieux t-shirts trou\u00e9es et tach\u00e9s ou autres tissus textur\u00e9s. Mon travail propose un ralentissement du regard, une attention port\u00e9e aux qualit\u00e9s souvent invisibilis\u00e9es des mati\u00e8res modestes.<\/p>\n\n\n\n<div style=\"height:66px\" aria-hidden=\"true\" class=\"wp-block-spacer\"><\/div>\n\n\n\n<h2 class=\"wp-block-heading\"><strong>Un avant go\u00fbt de ses oeuvres<\/strong><\/h2>\n\n\n\n<figure class=\"wp-block-gallery has-nested-images columns-default is-cropped wp-block-gallery-1 is-layout-flex wp-block-gallery-is-layout-flex\">\n<figure class=\"wp-block-image size-large\"><img loading=\"lazy\" decoding=\"async\" width=\"683\" height=\"1024\" data-id=\"2697\" src=\"https:\/\/routedesartsvaudreuilsoulanges.com\/wp-content\/uploads\/2026\/05\/Koot-2026-3-Dame-Jeanne-au-jardin-683x1024.jpg\" alt=\"\" class=\"wp-image-2697\" srcset=\"https:\/\/routedesartsvaudreuilsoulanges.com\/wp-content\/uploads\/2026\/05\/Koot-2026-3-Dame-Jeanne-au-jardin-683x1024.jpg 683w, https:\/\/routedesartsvaudreuilsoulanges.com\/wp-content\/uploads\/2026\/05\/Koot-2026-3-Dame-Jeanne-au-jardin-200x300.jpg 200w, https:\/\/routedesartsvaudreuilsoulanges.com\/wp-content\/uploads\/2026\/05\/Koot-2026-3-Dame-Jeanne-au-jardin-768x1152.jpg 768w, https:\/\/routedesartsvaudreuilsoulanges.com\/wp-content\/uploads\/2026\/05\/Koot-2026-3-Dame-Jeanne-au-jardin-1024x1536.jpg 1024w, https:\/\/routedesartsvaudreuilsoulanges.com\/wp-content\/uploads\/2026\/05\/Koot-2026-3-Dame-Jeanne-au-jardin-8x12.jpg 8w, https:\/\/routedesartsvaudreuilsoulanges.com\/wp-content\/uploads\/2026\/05\/Koot-2026-3-Dame-Jeanne-au-jardin.jpg 1280w\" sizes=\"auto, (max-width: 683px) 100vw, 683px\" \/><\/figure>\n\n\n\n<figure class=\"wp-block-image size-large\"><img loading=\"lazy\" decoding=\"async\" width=\"683\" height=\"1024\" data-id=\"2699\" src=\"https:\/\/routedesartsvaudreuilsoulanges.com\/wp-content\/uploads\/2026\/05\/Koot-2026-5-Ensemble-pour-la-vie-683x1024.jpg\" alt=\"\" class=\"wp-image-2699\" srcset=\"https:\/\/routedesartsvaudreuilsoulanges.com\/wp-content\/uploads\/2026\/05\/Koot-2026-5-Ensemble-pour-la-vie-683x1024.jpg 683w, https:\/\/routedesartsvaudreuilsoulanges.com\/wp-content\/uploads\/2026\/05\/Koot-2026-5-Ensemble-pour-la-vie-200x300.jpg 200w, https:\/\/routedesartsvaudreuilsoulanges.com\/wp-content\/uploads\/2026\/05\/Koot-2026-5-Ensemble-pour-la-vie-768x1152.jpg 768w, https:\/\/routedesartsvaudreuilsoulanges.com\/wp-content\/uploads\/2026\/05\/Koot-2026-5-Ensemble-pour-la-vie-8x12.jpg 8w, https:\/\/routedesartsvaudreuilsoulanges.com\/wp-content\/uploads\/2026\/05\/Koot-2026-5-Ensemble-pour-la-vie.jpg 1000w\" sizes=\"auto, (max-width: 683px) 100vw, 683px\" \/><\/figure>\n\n\n\n<figure class=\"wp-block-image size-large\"><img loading=\"lazy\" decoding=\"async\" width=\"1024\" height=\"1024\" data-id=\"2698\" src=\"https:\/\/routedesartsvaudreuilsoulanges.com\/wp-content\/uploads\/2026\/05\/Koot-2026-4-Hibou-curieux-1024x1024.jpg\" alt=\"\" class=\"wp-image-2698\" srcset=\"https:\/\/routedesartsvaudreuilsoulanges.com\/wp-content\/uploads\/2026\/05\/Koot-2026-4-Hibou-curieux-1024x1024.jpg 1024w, https:\/\/routedesartsvaudreuilsoulanges.com\/wp-content\/uploads\/2026\/05\/Koot-2026-4-Hibou-curieux-300x300.jpg 300w, https:\/\/routedesartsvaudreuilsoulanges.com\/wp-content\/uploads\/2026\/05\/Koot-2026-4-Hibou-curieux-150x150.jpg 150w, https:\/\/routedesartsvaudreuilsoulanges.com\/wp-content\/uploads\/2026\/05\/Koot-2026-4-Hibou-curieux-768x768.jpg 768w, https:\/\/routedesartsvaudreuilsoulanges.com\/wp-content\/uploads\/2026\/05\/Koot-2026-4-Hibou-curieux-12x12.jpg 12w, https:\/\/routedesartsvaudreuilsoulanges.com\/wp-content\/uploads\/2026\/05\/Koot-2026-4-Hibou-curieux.jpg 1500w\" sizes=\"auto, (max-width: 1024px) 100vw, 1024px\" \/><\/figure>\n\n\n\n<figure class=\"wp-block-image size-large\"><img loading=\"lazy\" decoding=\"async\" width=\"683\" height=\"1024\" data-id=\"2696\" src=\"https:\/\/routedesartsvaudreuilsoulanges.com\/wp-content\/uploads\/2026\/05\/Koot-2026-2-Fee-des-fleurs-683x1024.jpg\" alt=\"\" class=\"wp-image-2696\" srcset=\"https:\/\/routedesartsvaudreuilsoulanges.com\/wp-content\/uploads\/2026\/05\/Koot-2026-2-Fee-des-fleurs-683x1024.jpg 683w, https:\/\/routedesartsvaudreuilsoulanges.com\/wp-content\/uploads\/2026\/05\/Koot-2026-2-Fee-des-fleurs-200x300.jpg 200w, https:\/\/routedesartsvaudreuilsoulanges.com\/wp-content\/uploads\/2026\/05\/Koot-2026-2-Fee-des-fleurs-768x1152.jpg 768w, https:\/\/routedesartsvaudreuilsoulanges.com\/wp-content\/uploads\/2026\/05\/Koot-2026-2-Fee-des-fleurs-8x12.jpg 8w, https:\/\/routedesartsvaudreuilsoulanges.com\/wp-content\/uploads\/2026\/05\/Koot-2026-2-Fee-des-fleurs.jpg 1000w\" sizes=\"auto, (max-width: 683px) 100vw, 683px\" \/><\/figure>\n\n\n\n<figure class=\"wp-block-image size-large\"><img loading=\"lazy\" decoding=\"async\" width=\"683\" height=\"1024\" data-id=\"2695\" src=\"https:\/\/routedesartsvaudreuilsoulanges.com\/wp-content\/uploads\/2026\/05\/Koot-2026-1-Premiere-neige-683x1024.jpg\" alt=\"\" class=\"wp-image-2695\" srcset=\"https:\/\/routedesartsvaudreuilsoulanges.com\/wp-content\/uploads\/2026\/05\/Koot-2026-1-Premiere-neige-683x1024.jpg 683w, https:\/\/routedesartsvaudreuilsoulanges.com\/wp-content\/uploads\/2026\/05\/Koot-2026-1-Premiere-neige-200x300.jpg 200w, https:\/\/routedesartsvaudreuilsoulanges.com\/wp-content\/uploads\/2026\/05\/Koot-2026-1-Premiere-neige-768x1152.jpg 768w, https:\/\/routedesartsvaudreuilsoulanges.com\/wp-content\/uploads\/2026\/05\/Koot-2026-1-Premiere-neige-8x12.jpg 8w, https:\/\/routedesartsvaudreuilsoulanges.com\/wp-content\/uploads\/2026\/05\/Koot-2026-1-Premiere-neige.jpg 1000w\" sizes=\"auto, (max-width: 683px) 100vw, 683px\" \/><\/figure>\n<\/figure>","protected":false},"excerpt":{"rendered":"<p>Biographie \/ d\u00e9marche Chantal d\u00e9couvre la sculpture avec mati\u00e8res recycl\u00e9es en 2016 lorsqu\u2019elle s\u2019\u00e9merveille d\u2019une sculpture d\u2019une danseuse lors de l\u2019exposition l\u2019Art au Vignoble. Quelques mois plus tard, elle retrouve cette m\u00eame sculpture et son artiste lors d\u2019une visite d\u2019ateliers \u00e0 Saint-Lazare. Ayant toujours ador\u00e9 d\u00e9couvrir des sculptures lors de ses explorations urbaines, les mus\u00e9es [&hellip;]<\/p>\n","protected":false},"author":1,"featured_media":0,"parent":0,"menu_order":0,"comment_status":"closed","ping_status":"closed","template":"","meta":{"footnotes":""},"class_list":["post-2787","page","type-page","status-publish","hentry"],"_links":{"self":[{"href":"https:\/\/routedesartsvaudreuilsoulanges.com\/en\/wp-json\/wp\/v2\/pages\/2787","targetHints":{"allow":["GET"]}}],"collection":[{"href":"https:\/\/routedesartsvaudreuilsoulanges.com\/en\/wp-json\/wp\/v2\/pages"}],"about":[{"href":"https:\/\/routedesartsvaudreuilsoulanges.com\/en\/wp-json\/wp\/v2\/types\/page"}],"author":[{"embeddable":true,"href":"https:\/\/routedesartsvaudreuilsoulanges.com\/en\/wp-json\/wp\/v2\/users\/1"}],"replies":[{"embeddable":true,"href":"https:\/\/routedesartsvaudreuilsoulanges.com\/en\/wp-json\/wp\/v2\/comments?post=2787"}],"version-history":[{"count":2,"href":"https:\/\/routedesartsvaudreuilsoulanges.com\/en\/wp-json\/wp\/v2\/pages\/2787\/revisions"}],"predecessor-version":[{"id":2829,"href":"https:\/\/routedesartsvaudreuilsoulanges.com\/en\/wp-json\/wp\/v2\/pages\/2787\/revisions\/2829"}],"wp:attachment":[{"href":"https:\/\/routedesartsvaudreuilsoulanges.com\/en\/wp-json\/wp\/v2\/media?parent=2787"}],"curies":[{"name":"wp","href":"https:\/\/api.w.org\/{rel}","templated":true}]}}