{"id":2810,"date":"2026-05-05T11:17:04","date_gmt":"2026-05-05T16:17:04","guid":{"rendered":"https:\/\/routedesartsvaudreuilsoulanges.com\/?page_id=2810"},"modified":"2026-05-05T12:14:16","modified_gmt":"2026-05-05T17:14:16","slug":"2026-jean-guy-sarrazin","status":"publish","type":"page","link":"https:\/\/routedesartsvaudreuilsoulanges.com\/en\/2026-jean-guy-sarrazin\/","title":{"rendered":"2026 Jean-Guy Sarrazin"},"content":{"rendered":"<div class=\"wp-block-media-text is-stacked-on-mobile\"><figure class=\"wp-block-media-text__media\"><img loading=\"lazy\" decoding=\"async\" width=\"958\" height=\"958\" src=\"https:\/\/routedesartsvaudreuilsoulanges.com\/wp-content\/uploads\/2025\/05\/IMG_1635.jpg\" alt=\"\" class=\"wp-image-2447 size-full\" srcset=\"https:\/\/routedesartsvaudreuilsoulanges.com\/wp-content\/uploads\/2025\/05\/IMG_1635.jpg 958w, https:\/\/routedesartsvaudreuilsoulanges.com\/wp-content\/uploads\/2025\/05\/IMG_1635-300x300.jpg 300w, https:\/\/routedesartsvaudreuilsoulanges.com\/wp-content\/uploads\/2025\/05\/IMG_1635-150x150.jpg 150w, https:\/\/routedesartsvaudreuilsoulanges.com\/wp-content\/uploads\/2025\/05\/IMG_1635-768x768.jpg 768w, https:\/\/routedesartsvaudreuilsoulanges.com\/wp-content\/uploads\/2025\/05\/IMG_1635-12x12.jpg 12w\" sizes=\"auto, (max-width: 958px) 100vw, 958px\" \/><\/figure><div class=\"wp-block-media-text__content\">\n<h2 class=\"wp-block-heading\">Jean-Guy Sarrazin<\/h2>\n\n\n\n<h4 class=\"wp-block-heading\"><strong>Domaine artistique :&nbsp;<strong>Arts visuels<\/strong><\/strong><\/h4>\n\n\n\n<ul class=\"wp-block-social-links is-layout-flex wp-block-social-links-is-layout-flex\"><li class=\"wp-social-link wp-social-link-mail  wp-block-social-link\"><a href=\"mailto:&#106;&#046;&#103;.&#115;&#097;r&#114;&#097;&#122;i&#110;&#064;v&#105;deo&#116;r&#111;n&#046;&#099;&#097;\" class=\"wp-block-social-link-anchor\"><svg width=\"24\" height=\"24\" viewbox=\"0 0 24 24\" version=\"1.1\" xmlns=\"http:\/\/www.w3.org\/2000\/svg\" aria-hidden=\"true\" focusable=\"false\"><path d=\"M19,5H5c-1.1,0-2,.9-2,2v10c0,1.1.9,2,2,2h14c1.1,0,2-.9,2-2V7c0-1.1-.9-2-2-2zm.5,12c0,.3-.2.5-.5.5H5c-.3,0-.5-.2-.5-.5V9.8l7.5,5.6,7.5-5.6V17zm0-9.1L12,13.6,4.5,7.9V7c0-.3.2-.5.5-.5h14c.3,0,.5.2.5.5v.9z\"><\/path><\/svg><span class=\"wp-block-social-link-label screen-reader-text\">Mail<\/span><\/a><\/li><\/ul>\n\n\n\n<p>Visitez le \u00e0 l&rsquo;\u00c9difice Laurier-L\u00e9ger :<\/p>\n\n\n\n<p>199 rue Principale et au 195 rue Principale, Les Coteaux<\/p>\n<\/div><\/div>\n\n\n\n<div style=\"height:66px\" aria-hidden=\"true\" class=\"wp-block-spacer\"><\/div>\n\n\n\n<h2 class=\"wp-block-heading\">Biographie \/ d\u00e9marche<\/h2>\n\n\n\n<p>Je pratique la sculpture sur bois principalement d\u2019oiseaux qui se trouvent au Qu\u00e9bec grandeur nature et peint \u00e0 la main. Maintenant a la retraite depuis 15 ans je suis heureux d\u2019avoir d\u00e9but\u00e9 ce hobby dans la quarantaine.<\/p>\n\n\n\n<p>Je sculpte des oiseaux en bois et je les peint \u00e0 la main. La grande majorit\u00e9 de mes oiseaux sont qu\u00e9b\u00e9cois.<\/p>\n\n\n\n<div style=\"height:66px\" aria-hidden=\"true\" class=\"wp-block-spacer\"><\/div>\n\n\n\n<h2 class=\"wp-block-heading\"><strong>Un avant go\u00fbt de ses oeuvres<\/strong><\/h2>\n\n\n\n<figure class=\"wp-block-gallery has-nested-images columns-default is-cropped wp-block-gallery-1 is-layout-flex wp-block-gallery-is-layout-flex\">\n<figure class=\"wp-block-image size-large\"><img loading=\"lazy\" decoding=\"async\" width=\"770\" height=\"1024\" data-id=\"2749\" src=\"https:\/\/routedesartsvaudreuilsoulanges.com\/wp-content\/uploads\/2026\/05\/IMG_1849-Jean-Guy-Sarrazin-770x1024.png\" alt=\"\" class=\"wp-image-2749\" srcset=\"https:\/\/routedesartsvaudreuilsoulanges.com\/wp-content\/uploads\/2026\/05\/IMG_1849-Jean-Guy-Sarrazin-770x1024.png 770w, https:\/\/routedesartsvaudreuilsoulanges.com\/wp-content\/uploads\/2026\/05\/IMG_1849-Jean-Guy-Sarrazin-226x300.png 226w, https:\/\/routedesartsvaudreuilsoulanges.com\/wp-content\/uploads\/2026\/05\/IMG_1849-Jean-Guy-Sarrazin-768x1021.png 768w, https:\/\/routedesartsvaudreuilsoulanges.com\/wp-content\/uploads\/2026\/05\/IMG_1849-Jean-Guy-Sarrazin-9x12.png 9w, https:\/\/routedesartsvaudreuilsoulanges.com\/wp-content\/uploads\/2026\/05\/IMG_1849-Jean-Guy-Sarrazin.png 846w\" sizes=\"auto, (max-width: 770px) 100vw, 770px\" \/><\/figure>\n\n\n\n<figure class=\"wp-block-image size-large\"><img loading=\"lazy\" decoding=\"async\" width=\"1024\" height=\"768\" data-id=\"2750\" src=\"https:\/\/routedesartsvaudreuilsoulanges.com\/wp-content\/uploads\/2026\/05\/IMG_2069-Jean-Guy-Sarrazin-1024x768.png\" alt=\"\" class=\"wp-image-2750\" srcset=\"https:\/\/routedesartsvaudreuilsoulanges.com\/wp-content\/uploads\/2026\/05\/IMG_2069-Jean-Guy-Sarrazin-1024x768.png 1024w, https:\/\/routedesartsvaudreuilsoulanges.com\/wp-content\/uploads\/2026\/05\/IMG_2069-Jean-Guy-Sarrazin-300x225.png 300w, https:\/\/routedesartsvaudreuilsoulanges.com\/wp-content\/uploads\/2026\/05\/IMG_2069-Jean-Guy-Sarrazin-768x576.png 768w, https:\/\/routedesartsvaudreuilsoulanges.com\/wp-content\/uploads\/2026\/05\/IMG_2069-Jean-Guy-Sarrazin-16x12.png 16w, https:\/\/routedesartsvaudreuilsoulanges.com\/wp-content\/uploads\/2026\/05\/IMG_2069-Jean-Guy-Sarrazin.png 1500w\" sizes=\"auto, (max-width: 1024px) 100vw, 1024px\" \/><\/figure>\n\n\n\n<figure class=\"wp-block-image size-large\"><img loading=\"lazy\" decoding=\"async\" width=\"768\" height=\"1024\" data-id=\"2751\" src=\"https:\/\/routedesartsvaudreuilsoulanges.com\/wp-content\/uploads\/2026\/05\/IMG_2115-Jean-Guy-Sarrazin-768x1024.png\" alt=\"\" class=\"wp-image-2751\" srcset=\"https:\/\/routedesartsvaudreuilsoulanges.com\/wp-content\/uploads\/2026\/05\/IMG_2115-Jean-Guy-Sarrazin-768x1024.png 768w, https:\/\/routedesartsvaudreuilsoulanges.com\/wp-content\/uploads\/2026\/05\/IMG_2115-Jean-Guy-Sarrazin-225x300.png 225w, https:\/\/routedesartsvaudreuilsoulanges.com\/wp-content\/uploads\/2026\/05\/IMG_2115-Jean-Guy-Sarrazin-9x12.png 9w, https:\/\/routedesartsvaudreuilsoulanges.com\/wp-content\/uploads\/2026\/05\/IMG_2115-Jean-Guy-Sarrazin-480x640.png 480w, https:\/\/routedesartsvaudreuilsoulanges.com\/wp-content\/uploads\/2026\/05\/IMG_2115-Jean-Guy-Sarrazin.png 1125w\" sizes=\"auto, (max-width: 768px) 100vw, 768px\" \/><\/figure>\n\n\n\n<figure class=\"wp-block-image size-large\"><img loading=\"lazy\" decoding=\"async\" width=\"1024\" height=\"768\" data-id=\"2748\" src=\"https:\/\/routedesartsvaudreuilsoulanges.com\/wp-content\/uploads\/2026\/05\/IMG_1770-Jean-Guy-Sarrazin-1024x768.jpeg\" alt=\"\" class=\"wp-image-2748\" srcset=\"https:\/\/routedesartsvaudreuilsoulanges.com\/wp-content\/uploads\/2026\/05\/IMG_1770-Jean-Guy-Sarrazin-1024x768.jpeg 1024w, https:\/\/routedesartsvaudreuilsoulanges.com\/wp-content\/uploads\/2026\/05\/IMG_1770-Jean-Guy-Sarrazin-300x225.jpeg 300w, https:\/\/routedesartsvaudreuilsoulanges.com\/wp-content\/uploads\/2026\/05\/IMG_1770-Jean-Guy-Sarrazin-768x576.jpeg 768w, https:\/\/routedesartsvaudreuilsoulanges.com\/wp-content\/uploads\/2026\/05\/IMG_1770-Jean-Guy-Sarrazin-1536x1152.jpeg 1536w, https:\/\/routedesartsvaudreuilsoulanges.com\/wp-content\/uploads\/2026\/05\/IMG_1770-Jean-Guy-Sarrazin-16x12.jpeg 16w, https:\/\/routedesartsvaudreuilsoulanges.com\/wp-content\/uploads\/2026\/05\/IMG_1770-Jean-Guy-Sarrazin.jpeg 1738w\" sizes=\"auto, (max-width: 1024px) 100vw, 1024px\" \/><\/figure>\n\n\n\n<figure class=\"wp-block-image size-large\"><img loading=\"lazy\" decoding=\"async\" width=\"685\" height=\"1024\" data-id=\"2752\" src=\"https:\/\/routedesartsvaudreuilsoulanges.com\/wp-content\/uploads\/2026\/05\/IMG_2520-Jean-Guy-Sarrazin-685x1024.jpeg\" alt=\"\" class=\"wp-image-2752\" srcset=\"https:\/\/routedesartsvaudreuilsoulanges.com\/wp-content\/uploads\/2026\/05\/IMG_2520-Jean-Guy-Sarrazin-685x1024.jpeg 685w, https:\/\/routedesartsvaudreuilsoulanges.com\/wp-content\/uploads\/2026\/05\/IMG_2520-Jean-Guy-Sarrazin-201x300.jpeg 201w, https:\/\/routedesartsvaudreuilsoulanges.com\/wp-content\/uploads\/2026\/05\/IMG_2520-Jean-Guy-Sarrazin-768x1149.jpeg 768w, https:\/\/routedesartsvaudreuilsoulanges.com\/wp-content\/uploads\/2026\/05\/IMG_2520-Jean-Guy-Sarrazin-8x12.jpeg 8w, https:\/\/routedesartsvaudreuilsoulanges.com\/wp-content\/uploads\/2026\/05\/IMG_2520-Jean-Guy-Sarrazin.jpeg 1003w\" sizes=\"auto, (max-width: 685px) 100vw, 685px\" \/><\/figure>\n<\/figure>","protected":false},"excerpt":{"rendered":"<p>Biographie \/ d\u00e9marche Je pratique la sculpture sur bois principalement d\u2019oiseaux qui se trouvent au Qu\u00e9bec grandeur nature et peint \u00e0 la main. Maintenant a la retraite depuis 15 ans je suis heureux d\u2019avoir d\u00e9but\u00e9 ce hobby dans la quarantaine. Je sculpte des oiseaux en bois et je les peint \u00e0 la main. La grande [&hellip;]<\/p>\n","protected":false},"author":1,"featured_media":0,"parent":0,"menu_order":0,"comment_status":"closed","ping_status":"closed","template":"","meta":{"footnotes":""},"class_list":["post-2810","page","type-page","status-publish","hentry"],"_links":{"self":[{"href":"https:\/\/routedesartsvaudreuilsoulanges.com\/en\/wp-json\/wp\/v2\/pages\/2810","targetHints":{"allow":["GET"]}}],"collection":[{"href":"https:\/\/routedesartsvaudreuilsoulanges.com\/en\/wp-json\/wp\/v2\/pages"}],"about":[{"href":"https:\/\/routedesartsvaudreuilsoulanges.com\/en\/wp-json\/wp\/v2\/types\/page"}],"author":[{"embeddable":true,"href":"https:\/\/routedesartsvaudreuilsoulanges.com\/en\/wp-json\/wp\/v2\/users\/1"}],"replies":[{"embeddable":true,"href":"https:\/\/routedesartsvaudreuilsoulanges.com\/en\/wp-json\/wp\/v2\/comments?post=2810"}],"version-history":[{"count":3,"href":"https:\/\/routedesartsvaudreuilsoulanges.com\/en\/wp-json\/wp\/v2\/pages\/2810\/revisions"}],"predecessor-version":[{"id":2862,"href":"https:\/\/routedesartsvaudreuilsoulanges.com\/en\/wp-json\/wp\/v2\/pages\/2810\/revisions\/2862"}],"wp:attachment":[{"href":"https:\/\/routedesartsvaudreuilsoulanges.com\/en\/wp-json\/wp\/v2\/media?parent=2810"}],"curies":[{"name":"wp","href":"https:\/\/api.w.org\/{rel}","templated":true}]}}