{"id":2814,"date":"2026-05-05T11:18:40","date_gmt":"2026-05-05T16:18:40","guid":{"rendered":"https:\/\/routedesartsvaudreuilsoulanges.com\/?page_id=2814"},"modified":"2026-05-05T11:18:40","modified_gmt":"2026-05-05T16:18:40","slug":"2026-martin-seguin","status":"publish","type":"page","link":"https:\/\/routedesartsvaudreuilsoulanges.com\/en\/2026-martin-seguin\/","title":{"rendered":"2026 Martin S\u00e9guin"},"content":{"rendered":"<div class=\"wp-block-media-text is-stacked-on-mobile\"><figure class=\"wp-block-media-text__media\"><img loading=\"lazy\" decoding=\"async\" width=\"1024\" height=\"1024\" src=\"https:\/\/routedesartsvaudreuilsoulanges.com\/wp-content\/uploads\/2025\/04\/martin-seguin-1024x1024.jpg\" alt=\"\" class=\"wp-image-2112 size-full\" srcset=\"https:\/\/routedesartsvaudreuilsoulanges.com\/wp-content\/uploads\/2025\/04\/martin-seguin-1024x1024.jpg 1024w, https:\/\/routedesartsvaudreuilsoulanges.com\/wp-content\/uploads\/2025\/04\/martin-seguin-300x300.jpg 300w, https:\/\/routedesartsvaudreuilsoulanges.com\/wp-content\/uploads\/2025\/04\/martin-seguin-150x150.jpg 150w, https:\/\/routedesartsvaudreuilsoulanges.com\/wp-content\/uploads\/2025\/04\/martin-seguin-768x768.jpg 768w, https:\/\/routedesartsvaudreuilsoulanges.com\/wp-content\/uploads\/2025\/04\/martin-seguin.jpg 1032w\" sizes=\"auto, (max-width: 1024px) 100vw, 1024px\" \/><\/figure><div class=\"wp-block-media-text__content\">\n<h2 class=\"wp-block-heading\">Martin S\u00e9guin<\/h2>\n\n\n\n<h4 class=\"wp-block-heading\"><strong>Domaine artistique :&nbsp;<strong>Arts visuels, Tournage sur bois<\/strong><\/strong><\/h4>\n\n\n\n<ul class=\"wp-block-social-links is-layout-flex wp-block-social-links-is-layout-flex\"><li class=\"wp-social-link wp-social-link-mail  wp-block-social-link\"><a href=\"mailto:&#109;s&#101;&#103;&#117;i&#110;&#064;p&#097;r&#108;&#111;&#110;sb&#111;&#105;s&#046;&#099;om\" class=\"wp-block-social-link-anchor\"><svg width=\"24\" height=\"24\" viewbox=\"0 0 24 24\" version=\"1.1\" xmlns=\"http:\/\/www.w3.org\/2000\/svg\" aria-hidden=\"true\" focusable=\"false\"><path d=\"M19,5H5c-1.1,0-2,.9-2,2v10c0,1.1.9,2,2,2h14c1.1,0,2-.9,2-2V7c0-1.1-.9-2-2-2zm.5,12c0,.3-.2.5-.5.5H5c-.3,0-.5-.2-.5-.5V9.8l7.5,5.6,7.5-5.6V17zm0-9.1L12,13.6,4.5,7.9V7c0-.3.2-.5.5-.5h14c.3,0,.5.2.5.5v.9z\"><\/path><\/svg><span class=\"wp-block-social-link-label screen-reader-text\">Mail<\/span><\/a><\/li>\n\n<li class=\"wp-social-link wp-social-link-chain  wp-block-social-link\"><a href=\"http:\/\/parlonsbois.com\" class=\"wp-block-social-link-anchor\"><svg width=\"24\" height=\"24\" viewbox=\"0 0 24 24\" version=\"1.1\" xmlns=\"http:\/\/www.w3.org\/2000\/svg\" aria-hidden=\"true\" focusable=\"false\"><path d=\"M15.6,7.2H14v1.5h1.6c2,0,3.7,1.7,3.7,3.7s-1.7,3.7-3.7,3.7H14v1.5h1.6c2.8,0,5.2-2.3,5.2-5.2,0-2.9-2.3-5.2-5.2-5.2zM4.7,12.4c0-2,1.7-3.7,3.7-3.7H10V7.2H8.4c-2.9,0-5.2,2.3-5.2,5.2,0,2.9,2.3,5.2,5.2,5.2H10v-1.5H8.4c-2,0-3.7-1.7-3.7-3.7zm4.6.9h5.3v-1.5H9.3v1.5z\"><\/path><\/svg><span class=\"wp-block-social-link-label screen-reader-text\">Link<\/span><\/a><\/li>\n\n<li class=\"wp-social-link wp-social-link-facebook  wp-block-social-link\"><a href=\"https:\/\/www.facebook.com\/ParlonsBois\" class=\"wp-block-social-link-anchor\"><svg width=\"24\" height=\"24\" viewbox=\"0 0 24 24\" version=\"1.1\" xmlns=\"http:\/\/www.w3.org\/2000\/svg\" aria-hidden=\"true\" focusable=\"false\"><path d=\"M12 2C6.5 2 2 6.5 2 12c0 5 3.7 9.1 8.4 9.9v-7H7.9V12h2.5V9.8c0-2.5 1.5-3.9 3.8-3.9 1.1 0 2.2.2 2.2.2v2.5h-1.3c-1.2 0-1.6.8-1.6 1.6V12h2.8l-.4 2.9h-2.3v7C18.3 21.1 22 17 22 12c0-5.5-4.5-10-10-10z\"><\/path><\/svg><span class=\"wp-block-social-link-label screen-reader-text\">Facebook<\/span><\/a><\/li>\n\n<li class=\"wp-social-link wp-social-link-youtube  wp-block-social-link\"><a href=\"https:\/\/www.youtube.com\/@ParlonsBoisMartinSeguin\" class=\"wp-block-social-link-anchor\"><svg width=\"24\" height=\"24\" viewbox=\"0 0 24 24\" version=\"1.1\" xmlns=\"http:\/\/www.w3.org\/2000\/svg\" aria-hidden=\"true\" focusable=\"false\"><path d=\"M21.8,8.001c0,0-0.195-1.378-0.795-1.985c-0.76-0.797-1.613-0.801-2.004-0.847c-2.799-0.202-6.997-0.202-6.997-0.202 h-0.009c0,0-4.198,0-6.997,0.202C4.608,5.216,3.756,5.22,2.995,6.016C2.395,6.623,2.2,8.001,2.2,8.001S2,9.62,2,11.238v1.517 c0,1.618,0.2,3.237,0.2,3.237s0.195,1.378,0.795,1.985c0.761,0.797,1.76,0.771,2.205,0.855c1.6,0.153,6.8,0.201,6.8,0.201 s4.203-0.006,7.001-0.209c0.391-0.047,1.243-0.051,2.004-0.847c0.6-0.607,0.795-1.985,0.795-1.985s0.2-1.618,0.2-3.237v-1.517 C22,9.62,21.8,8.001,21.8,8.001z M9.935,14.594l-0.001-5.62l5.404,2.82L9.935,14.594z\"><\/path><\/svg><span class=\"wp-block-social-link-label screen-reader-text\">YouTube<\/span><\/a><\/li><\/ul>\n\n\n\n<p>Visitez le \u00e0 son atelier situ\u00e9 au :<\/p>\n\n\n\n<p>83 Rue de l&rsquo;H\u00f4tel de Ville, Les C\u00e8dres, Qc.<\/p>\n<\/div><\/div>\n\n\n\n<div style=\"height:66px\" aria-hidden=\"true\" class=\"wp-block-spacer\"><\/div>\n\n\n\n<h2 class=\"wp-block-heading\">Biographie \/ d\u00e9marche<\/h2>\n\n\n\n<p>Passionn\u00e9 et vulgarisateur chevronn\u00e9, Martin S\u00e9guin est la voix derri\u00e8re Parlons Bois, une plateforme d\u00e9di\u00e9e au partage du savoir-faire de l\u2019\u00e9b\u00e9nisterie. \u00c0 travers son site et sa cha\u00eene YouTube, il allie l&rsquo;artisanat traditionnel aux technologies modernes pour inspirer une communaut\u00e9 de cr\u00e9ateurs.<br>Son style ? Un m\u00e9lange unique de pr\u00e9cision technique et d&rsquo;authenticit\u00e9. Dans son atelier, Martin casse les codes : il manie les outils avec la force de l&rsquo;artisan tout en affichant un style personnel distinctif, marqu\u00e9 par ses fid\u00e8les chandail orange. C\u2019est cette signature, entre robustesse et douceur, qui d\u00e9finit son approche : transformer le bois avec rigueur, sans jamais perdre sa touche d&rsquo;originalit\u00e9.<br>\u2022 Mission : D\u00e9mocratiser le travail du bois, du tournage \u00e0 la CNC.<br>\u2022 Signature : Un \u00e9quilibre parfait entre l&rsquo;expertise brute et une esth\u00e9tique singuli\u00e8re.<\/p>\n\n\n\n<p><strong>D\u00e9marche<\/strong><\/p>\n\n\n\n<p>\u00ab Je suis Martin S\u00e9guin, Artisan \u00c9b\u00e9niste, l&rsquo;artisan derri\u00e8re Parlons Bois.<br>Fort d&rsquo;une solide expertise, je conjugue le savoir-faire traditionnel de l&rsquo;\u00e9b\u00e9nisterie aux techniques modernes comme le tournage sur bois et la technologie CNC.<br>Mon atelier donne vie \u00e0 une vaste gamme de cr\u00e9ations : du mobilier contemporain sur mesure (armoires, comptoirs, meubles d&rsquo;int\u00e9rieur) aux objets d&rsquo;artisanat uniques et fonctionnels, tels que les bols tourn\u00e9s, les stylos en bois et les planches \u00e0 d\u00e9couper. Mon engagement est de transformer le bois en pi\u00e8ces durables et \u00e9l\u00e9gantes, tout en partageant la beaut\u00e9 de cet art avec la communaut\u00e9 Parlons Bois. \u00bb<\/p>\n\n\n\n<p><em>\u201cI\u2019m Martin S\u00e9guin, a cabinetmaker and the artisan behind Parlons Bois.<\/em><\/p>\n\n\n\n<p><em>With extensive expertise, I combine traditional cabinetmaking skills with modern techniques like woodturning and CNC technology.<\/em><\/p>\n\n\n\n<p><em>My workshop brings to life a wide range of creations: from custom contemporary furniture (cabinets, countertops, and other interior furnishings) to unique and functional handcrafted objects, such as turned bowls, wooden pens, and cutting boards. My commitment is to transform wood into durable and elegant pieces, while sharing the beauty of this art with the Parlons Bois community.\u201d<\/em><\/p>\n\n\n\n<div style=\"height:66px\" aria-hidden=\"true\" class=\"wp-block-spacer\"><\/div>\n\n\n\n<h2 class=\"wp-block-heading\"><strong>Un avant go\u00fbt de ses oeuvres<\/strong><\/h2>\n\n\n\n<figure class=\"wp-block-gallery has-nested-images columns-default is-cropped wp-block-gallery-1 is-layout-flex wp-block-gallery-is-layout-flex\">\n<figure class=\"wp-block-image size-full\"><img loading=\"lazy\" decoding=\"async\" width=\"1024\" height=\"768\" data-id=\"2761\" src=\"https:\/\/routedesartsvaudreuilsoulanges.com\/wp-content\/uploads\/2026\/05\/IMG_2759-Martin-Seguin.jpg\" alt=\"\" class=\"wp-image-2761\" srcset=\"https:\/\/routedesartsvaudreuilsoulanges.com\/wp-content\/uploads\/2026\/05\/IMG_2759-Martin-Seguin.jpg 1024w, https:\/\/routedesartsvaudreuilsoulanges.com\/wp-content\/uploads\/2026\/05\/IMG_2759-Martin-Seguin-300x225.jpg 300w, https:\/\/routedesartsvaudreuilsoulanges.com\/wp-content\/uploads\/2026\/05\/IMG_2759-Martin-Seguin-768x576.jpg 768w, https:\/\/routedesartsvaudreuilsoulanges.com\/wp-content\/uploads\/2026\/05\/IMG_2759-Martin-Seguin-16x12.jpg 16w\" sizes=\"auto, (max-width: 1024px) 100vw, 1024px\" \/><\/figure>\n\n\n\n<figure class=\"wp-block-image size-full\"><img loading=\"lazy\" decoding=\"async\" width=\"1024\" height=\"768\" data-id=\"2760\" src=\"https:\/\/routedesartsvaudreuilsoulanges.com\/wp-content\/uploads\/2026\/05\/IMG_2758-Martin-Seguin.jpg\" alt=\"\" class=\"wp-image-2760\" srcset=\"https:\/\/routedesartsvaudreuilsoulanges.com\/wp-content\/uploads\/2026\/05\/IMG_2758-Martin-Seguin.jpg 1024w, https:\/\/routedesartsvaudreuilsoulanges.com\/wp-content\/uploads\/2026\/05\/IMG_2758-Martin-Seguin-300x225.jpg 300w, https:\/\/routedesartsvaudreuilsoulanges.com\/wp-content\/uploads\/2026\/05\/IMG_2758-Martin-Seguin-768x576.jpg 768w, https:\/\/routedesartsvaudreuilsoulanges.com\/wp-content\/uploads\/2026\/05\/IMG_2758-Martin-Seguin-16x12.jpg 16w\" sizes=\"auto, (max-width: 1024px) 100vw, 1024px\" \/><\/figure>\n\n\n\n<figure class=\"wp-block-image size-full\"><img loading=\"lazy\" decoding=\"async\" width=\"1024\" height=\"768\" data-id=\"2759\" src=\"https:\/\/routedesartsvaudreuilsoulanges.com\/wp-content\/uploads\/2026\/05\/IMG_2752-Martin-Seguin.jpg\" alt=\"\" class=\"wp-image-2759\" srcset=\"https:\/\/routedesartsvaudreuilsoulanges.com\/wp-content\/uploads\/2026\/05\/IMG_2752-Martin-Seguin.jpg 1024w, https:\/\/routedesartsvaudreuilsoulanges.com\/wp-content\/uploads\/2026\/05\/IMG_2752-Martin-Seguin-300x225.jpg 300w, https:\/\/routedesartsvaudreuilsoulanges.com\/wp-content\/uploads\/2026\/05\/IMG_2752-Martin-Seguin-768x576.jpg 768w, https:\/\/routedesartsvaudreuilsoulanges.com\/wp-content\/uploads\/2026\/05\/IMG_2752-Martin-Seguin-16x12.jpg 16w\" sizes=\"auto, (max-width: 1024px) 100vw, 1024px\" \/><\/figure>\n\n\n\n<figure class=\"wp-block-image size-full\"><img loading=\"lazy\" decoding=\"async\" width=\"1024\" height=\"768\" data-id=\"2762\" src=\"https:\/\/routedesartsvaudreuilsoulanges.com\/wp-content\/uploads\/2026\/05\/IMG_2763-Martin-Seguin.jpg\" alt=\"\" class=\"wp-image-2762\" srcset=\"https:\/\/routedesartsvaudreuilsoulanges.com\/wp-content\/uploads\/2026\/05\/IMG_2763-Martin-Seguin.jpg 1024w, https:\/\/routedesartsvaudreuilsoulanges.com\/wp-content\/uploads\/2026\/05\/IMG_2763-Martin-Seguin-300x225.jpg 300w, https:\/\/routedesartsvaudreuilsoulanges.com\/wp-content\/uploads\/2026\/05\/IMG_2763-Martin-Seguin-768x576.jpg 768w, https:\/\/routedesartsvaudreuilsoulanges.com\/wp-content\/uploads\/2026\/05\/IMG_2763-Martin-Seguin-16x12.jpg 16w\" sizes=\"auto, (max-width: 1024px) 100vw, 1024px\" \/><\/figure>\n\n\n\n<figure class=\"wp-block-image size-full\"><img loading=\"lazy\" decoding=\"async\" width=\"1024\" height=\"768\" data-id=\"2763\" src=\"https:\/\/routedesartsvaudreuilsoulanges.com\/wp-content\/uploads\/2026\/05\/IMG_2767-Martin-Seguin.jpg\" alt=\"\" class=\"wp-image-2763\" srcset=\"https:\/\/routedesartsvaudreuilsoulanges.com\/wp-content\/uploads\/2026\/05\/IMG_2767-Martin-Seguin.jpg 1024w, https:\/\/routedesartsvaudreuilsoulanges.com\/wp-content\/uploads\/2026\/05\/IMG_2767-Martin-Seguin-300x225.jpg 300w, https:\/\/routedesartsvaudreuilsoulanges.com\/wp-content\/uploads\/2026\/05\/IMG_2767-Martin-Seguin-768x576.jpg 768w, https:\/\/routedesartsvaudreuilsoulanges.com\/wp-content\/uploads\/2026\/05\/IMG_2767-Martin-Seguin-16x12.jpg 16w\" sizes=\"auto, (max-width: 1024px) 100vw, 1024px\" \/><\/figure>\n<\/figure>","protected":false},"excerpt":{"rendered":"<p>Biographie \/ d\u00e9marche Passionn\u00e9 et vulgarisateur chevronn\u00e9, Martin S\u00e9guin est la voix derri\u00e8re Parlons Bois, une plateforme d\u00e9di\u00e9e au partage du savoir-faire de l\u2019\u00e9b\u00e9nisterie. \u00c0 travers son site et sa cha\u00eene YouTube, il allie l&rsquo;artisanat traditionnel aux technologies modernes pour inspirer une communaut\u00e9 de cr\u00e9ateurs.Son style ? Un m\u00e9lange unique de pr\u00e9cision technique et d&rsquo;authenticit\u00e9. [&hellip;]<\/p>\n","protected":false},"author":1,"featured_media":0,"parent":0,"menu_order":0,"comment_status":"closed","ping_status":"closed","template":"","meta":{"footnotes":""},"class_list":["post-2814","page","type-page","status-publish","hentry"],"_links":{"self":[{"href":"https:\/\/routedesartsvaudreuilsoulanges.com\/en\/wp-json\/wp\/v2\/pages\/2814","targetHints":{"allow":["GET"]}}],"collection":[{"href":"https:\/\/routedesartsvaudreuilsoulanges.com\/en\/wp-json\/wp\/v2\/pages"}],"about":[{"href":"https:\/\/routedesartsvaudreuilsoulanges.com\/en\/wp-json\/wp\/v2\/types\/page"}],"author":[{"embeddable":true,"href":"https:\/\/routedesartsvaudreuilsoulanges.com\/en\/wp-json\/wp\/v2\/users\/1"}],"replies":[{"embeddable":true,"href":"https:\/\/routedesartsvaudreuilsoulanges.com\/en\/wp-json\/wp\/v2\/comments?post=2814"}],"version-history":[{"count":2,"href":"https:\/\/routedesartsvaudreuilsoulanges.com\/en\/wp-json\/wp\/v2\/pages\/2814\/revisions"}],"predecessor-version":[{"id":2840,"href":"https:\/\/routedesartsvaudreuilsoulanges.com\/en\/wp-json\/wp\/v2\/pages\/2814\/revisions\/2840"}],"wp:attachment":[{"href":"https:\/\/routedesartsvaudreuilsoulanges.com\/en\/wp-json\/wp\/v2\/media?parent=2814"}],"curies":[{"name":"wp","href":"https:\/\/api.w.org\/{rel}","templated":true}]}}