{"id":355,"date":"2022-05-09T16:40:14","date_gmt":"2022-05-09T21:40:14","guid":{"rendered":"https:\/\/routedesartsvaudreuilsoulanges.com\/?page_id=355"},"modified":"2025-04-22T21:16:07","modified_gmt":"2025-04-23T02:16:07","slug":"johanne-kourie","status":"publish","type":"page","link":"https:\/\/routedesartsvaudreuilsoulanges.com\/en\/johanne-kourie\/","title":{"rendered":"2022 Johanne Kourie"},"content":{"rendered":"<figure class=\"wp-block-image size-full is-resized\"><img loading=\"lazy\" decoding=\"async\" src=\"https:\/\/routedesartsvaudreuilsoulanges.com\/wp-content\/uploads\/2022\/05\/485afd46666007b62786d4efa1106276.jpg\" alt=\"\" class=\"wp-image-444\" width=\"282\" height=\"282\" srcset=\"https:\/\/routedesartsvaudreuilsoulanges.com\/wp-content\/uploads\/2022\/05\/485afd46666007b62786d4efa1106276.jpg 280w, https:\/\/routedesartsvaudreuilsoulanges.com\/wp-content\/uploads\/2022\/05\/485afd46666007b62786d4efa1106276-150x150.jpg 150w\" sizes=\"auto, (max-width: 282px) 100vw, 282px\" \/><figcaption>Johanne Kourie<\/figcaption><\/figure>\n\n\n\n<div class=\"wp-block-buttons is-layout-flex wp-block-buttons-is-layout-flex\">\n<div class=\"wp-block-button\"><a class=\"wp-block-button__link\" href=\"https:\/\/johannekourie.com\/\" target=\"_blank\" rel=\"noreferrer noopener\">Site web: johannekourie.com<\/a><\/div>\n\n\n\n<div class=\"wp-block-button\"><a class=\"wp-block-button__link\" href=\"https:\/\/www.facebook.com\/Johanne-Kourie-Artiste-Peintre-270704146366296\" target=\"_blank\" rel=\"noreferrer noopener\">Facebook<\/a><\/div>\n\n\n\n<div class=\"wp-block-button\"><a class=\"wp-block-button__link\" href=\"https:\/\/www.instagram.com\/johannekourie\/\" target=\"_blank\" rel=\"noreferrer noopener\">Instagram<\/a><\/div>\n\n\n\n<div class=\"wp-block-button\"><a class=\"wp-block-button__link\" href=\"https:\/\/www.linkedin.com\/in\/johanne-kourie-82580231\/\" target=\"_blank\" rel=\"noreferrer noopener\">Linkedin<\/a><\/div>\n<\/div>\n\n\n\n<div style=\"height:40px\" aria-hidden=\"true\" class=\"wp-block-spacer\"><\/div>\n\n\n\n<p><strong>D\u00e9marche artistique<\/strong><\/p>\n\n\n\n<p>Artiste-peintre autodidacte, je me suis perfectionn\u00e9e \u00e0 travers l\u2019utilisation de diverses techniques et m\u00e9diums en arts visuels. L\u2019huile et l\u2019acrylique sont mes deux m\u00e9diums de pr\u00e9dilections. Mes pinceaux transportent les gens au premier regard, les arr\u00eatent l\u2019espace d\u2019un instant pour qu\u2018ils profitent du moment pr\u00e9sent.<br>Car pour moi; \u00ab Chaque tableau \u00e0 son histoire et chaque histoire \u00e0 son tableau \u00bb<\/p>\n\n\n\n<p>Couleurs chaudes et vives, joie de vivre, luminosit\u00e9 et mouvement d\u00e9crivent mes oeuvres empreintes d\u2019un brin de r\u00e9alisme et d&rsquo;une touche contemporaine. Une promenade dans mon monde o\u00f9 s\u2019entrecroisent r\u00e9alit\u00e9 et imaginaire, L\u2019endroit id\u00e9al pour vous \u00e9vader le temps d\u2019un moment.<br>\u00c0 travers mes \u0153uvres nombre de paysages figuratifs contemporains sont repr\u00e9sent\u00e9s. Plus particuli\u00e8rement, la nature qu\u00e9b\u00e9coise et canadienne, dans lesquelles les paysages marins sont si abondants. Ainsi, l\u2019eau est souvent au c\u0153ur de mes \u0153uvres, lesquelles sont empreintes de douceur et de po\u00e9sie.<br>Mon amour pour l\u2019art m\u2019a permis, entre autres, de participer \u00e0 des expositions au \u00c9tats-Unis, en Europe et en Asie. Certaines de mes \u0153uvres ont \u00e9t\u00e9 publi\u00e9es dans deux recueils de po\u00e9sie qui se retrouvent dans les archives nationales du Qu\u00e9bec.<\/p>\n\n\n\n<p>\u00ab Les contes pour enfants ont marqu\u00e9 ma jeunesse, les impressionnistes ont \u00e9veill\u00e9 mon sens artistique, mes pinceaux me permettent de l\u2019exprimer!\u00a0\u00bb<\/p>\n\n\n\n<figure class=\"wp-block-gallery has-nested-images columns-default is-cropped wp-block-gallery-1 is-layout-flex wp-block-gallery-is-layout-flex\">\n<figure class=\"wp-block-image size-large\"><img loading=\"lazy\" decoding=\"async\" width=\"977\" height=\"961\" data-id=\"449\" src=\"https:\/\/routedesartsvaudreuilsoulanges.com\/wp-content\/uploads\/2022\/05\/Kourie-5-Bleue-lactee-Milky-Blue-Acrylique-12-x12-2022-copie-2.jpeg\" alt=\"\" class=\"wp-image-449\" srcset=\"https:\/\/routedesartsvaudreuilsoulanges.com\/wp-content\/uploads\/2022\/05\/Kourie-5-Bleue-lactee-Milky-Blue-Acrylique-12-x12-2022-copie-2.jpeg 977w, https:\/\/routedesartsvaudreuilsoulanges.com\/wp-content\/uploads\/2022\/05\/Kourie-5-Bleue-lactee-Milky-Blue-Acrylique-12-x12-2022-copie-2-300x295.jpeg 300w, https:\/\/routedesartsvaudreuilsoulanges.com\/wp-content\/uploads\/2022\/05\/Kourie-5-Bleue-lactee-Milky-Blue-Acrylique-12-x12-2022-copie-2-768x755.jpeg 768w\" sizes=\"auto, (max-width: 977px) 100vw, 977px\" \/><\/figure>\n\n\n\n<figure class=\"wp-block-image size-large\"><img loading=\"lazy\" decoding=\"async\" width=\"977\" height=\"961\" data-id=\"448\" src=\"https:\/\/routedesartsvaudreuilsoulanges.com\/wp-content\/uploads\/2022\/05\/Kourie-4-Voie-lactee-Milky-Way-Acrylique-12-x12-2022-copie-2.jpeg\" alt=\"\" class=\"wp-image-448\" srcset=\"https:\/\/routedesartsvaudreuilsoulanges.com\/wp-content\/uploads\/2022\/05\/Kourie-4-Voie-lactee-Milky-Way-Acrylique-12-x12-2022-copie-2.jpeg 977w, https:\/\/routedesartsvaudreuilsoulanges.com\/wp-content\/uploads\/2022\/05\/Kourie-4-Voie-lactee-Milky-Way-Acrylique-12-x12-2022-copie-2-300x295.jpeg 300w, https:\/\/routedesartsvaudreuilsoulanges.com\/wp-content\/uploads\/2022\/05\/Kourie-4-Voie-lactee-Milky-Way-Acrylique-12-x12-2022-copie-2-768x755.jpeg 768w\" sizes=\"auto, (max-width: 977px) 100vw, 977px\" \/><\/figure>\n\n\n\n<figure class=\"wp-block-image size-large\"><img loading=\"lazy\" decoding=\"async\" width=\"960\" height=\"1195\" data-id=\"447\" src=\"https:\/\/routedesartsvaudreuilsoulanges.com\/wp-content\/uploads\/2022\/05\/Kourie-3-Croissant-de-lune-Moon-crescent-Acrylique-20-x16.-2021-copie-2.jpeg\" alt=\"\" class=\"wp-image-447\" srcset=\"https:\/\/routedesartsvaudreuilsoulanges.com\/wp-content\/uploads\/2022\/05\/Kourie-3-Croissant-de-lune-Moon-crescent-Acrylique-20-x16.-2021-copie-2.jpeg 960w, https:\/\/routedesartsvaudreuilsoulanges.com\/wp-content\/uploads\/2022\/05\/Kourie-3-Croissant-de-lune-Moon-crescent-Acrylique-20-x16.-2021-copie-2-241x300.jpeg 241w, https:\/\/routedesartsvaudreuilsoulanges.com\/wp-content\/uploads\/2022\/05\/Kourie-3-Croissant-de-lune-Moon-crescent-Acrylique-20-x16.-2021-copie-2-823x1024.jpeg 823w, https:\/\/routedesartsvaudreuilsoulanges.com\/wp-content\/uploads\/2022\/05\/Kourie-3-Croissant-de-lune-Moon-crescent-Acrylique-20-x16.-2021-copie-2-768x956.jpeg 768w\" sizes=\"auto, (max-width: 960px) 100vw, 960px\" \/><\/figure>\n\n\n\n<figure class=\"wp-block-image size-large\"><img loading=\"lazy\" decoding=\"async\" width=\"960\" height=\"963\" data-id=\"446\" src=\"https:\/\/routedesartsvaudreuilsoulanges.com\/wp-content\/uploads\/2022\/05\/Kourie-2-Une-nuit-chargee-A-busy-night-Acrylique-20-x20-2021-copie-2.jpeg\" alt=\"\" class=\"wp-image-446\" srcset=\"https:\/\/routedesartsvaudreuilsoulanges.com\/wp-content\/uploads\/2022\/05\/Kourie-2-Une-nuit-chargee-A-busy-night-Acrylique-20-x20-2021-copie-2.jpeg 960w, https:\/\/routedesartsvaudreuilsoulanges.com\/wp-content\/uploads\/2022\/05\/Kourie-2-Une-nuit-chargee-A-busy-night-Acrylique-20-x20-2021-copie-2-300x300.jpeg 300w, https:\/\/routedesartsvaudreuilsoulanges.com\/wp-content\/uploads\/2022\/05\/Kourie-2-Une-nuit-chargee-A-busy-night-Acrylique-20-x20-2021-copie-2-150x150.jpeg 150w, https:\/\/routedesartsvaudreuilsoulanges.com\/wp-content\/uploads\/2022\/05\/Kourie-2-Une-nuit-chargee-A-busy-night-Acrylique-20-x20-2021-copie-2-768x770.jpeg 768w\" sizes=\"auto, (max-width: 960px) 100vw, 960px\" \/><\/figure>\n<\/figure>\n\n\n\n<figure class=\"wp-block-image size-large\"><img loading=\"lazy\" decoding=\"async\" width=\"960\" height=\"963\" src=\"https:\/\/routedesartsvaudreuilsoulanges.com\/wp-content\/uploads\/2022\/05\/Kourie-2-Une-nuit-chargee-A-busy-night-Acrylique-20-x20-2021-copie-21.jpeg\" alt=\"\" class=\"wp-image-445\" srcset=\"https:\/\/routedesartsvaudreuilsoulanges.com\/wp-content\/uploads\/2022\/05\/Kourie-2-Une-nuit-chargee-A-busy-night-Acrylique-20-x20-2021-copie-21.jpeg 960w, https:\/\/routedesartsvaudreuilsoulanges.com\/wp-content\/uploads\/2022\/05\/Kourie-2-Une-nuit-chargee-A-busy-night-Acrylique-20-x20-2021-copie-21-300x300.jpeg 300w, https:\/\/routedesartsvaudreuilsoulanges.com\/wp-content\/uploads\/2022\/05\/Kourie-2-Une-nuit-chargee-A-busy-night-Acrylique-20-x20-2021-copie-21-150x150.jpeg 150w, https:\/\/routedesartsvaudreuilsoulanges.com\/wp-content\/uploads\/2022\/05\/Kourie-2-Une-nuit-chargee-A-busy-night-Acrylique-20-x20-2021-copie-21-768x770.jpeg 768w\" sizes=\"auto, (max-width: 960px) 100vw, 960px\" \/><\/figure>\n\n\n\n<div style=\"height:38px\" aria-hidden=\"true\" class=\"wp-block-spacer\"><\/div>\n\n\n\n<p><strong>Biographie<\/strong><\/p>\n\n\n\n<p>\u00c9tant autodidacte j&rsquo;ai acquis mes connaissances en art aupr\u00e8s d&rsquo;artistes \u00e9tablis du Qu\u00e9bec des \u00c9tats-Unis et d&rsquo;Europe. Bien que je peins depuis ma tendre enfance, je peins et expose mes oeuvres depuis pr\u00e8s de 20 ans. Je suis une artiste peintre professionnelle reconnue par le RAAV depuis 2016.<\/p>\n\n\n\n<p>Abstract Workshop avec Judy Woods<br>Find Joy Painting Workshop avec Louise Fletcher<br>Creativity Visionary Program, avec Nicholas Wilton<br>Dessin des familles d\u2019arbres \u00e0 l\u2019aquarelle avec Mme Diane St-Georges<br>Abstractions : Acrylique p\u00e2te et fluide avec Mme Diane St-Georges<br>Techniques sur les encres \u00e0 alcool avec Mme C\u00e9line Poirier<br>Initiation \u00e0 l\u2019estampe, Coll\u00e8ge de Valleyfield<\/p>","protected":false},"excerpt":{"rendered":"<p>D\u00e9marche artistique Artiste-peintre autodidacte, je me suis perfectionn\u00e9e \u00e0 travers l\u2019utilisation de diverses techniques et m\u00e9diums en arts visuels. L\u2019huile et l\u2019acrylique sont mes deux m\u00e9diums de pr\u00e9dilections. Mes pinceaux transportent les gens au premier regard, les arr\u00eatent l\u2019espace d\u2019un instant pour qu\u2018ils profitent du moment pr\u00e9sent.Car pour moi; \u00ab Chaque tableau \u00e0 son histoire [&hellip;]<\/p>\n","protected":false},"author":1,"featured_media":0,"parent":0,"menu_order":0,"comment_status":"closed","ping_status":"closed","template":"","meta":{"footnotes":""},"class_list":["post-355","page","type-page","status-publish","hentry"],"_links":{"self":[{"href":"https:\/\/routedesartsvaudreuilsoulanges.com\/en\/wp-json\/wp\/v2\/pages\/355","targetHints":{"allow":["GET"]}}],"collection":[{"href":"https:\/\/routedesartsvaudreuilsoulanges.com\/en\/wp-json\/wp\/v2\/pages"}],"about":[{"href":"https:\/\/routedesartsvaudreuilsoulanges.com\/en\/wp-json\/wp\/v2\/types\/page"}],"author":[{"embeddable":true,"href":"https:\/\/routedesartsvaudreuilsoulanges.com\/en\/wp-json\/wp\/v2\/users\/1"}],"replies":[{"embeddable":true,"href":"https:\/\/routedesartsvaudreuilsoulanges.com\/en\/wp-json\/wp\/v2\/comments?post=355"}],"version-history":[{"count":12,"href":"https:\/\/routedesartsvaudreuilsoulanges.com\/en\/wp-json\/wp\/v2\/pages\/355\/revisions"}],"predecessor-version":[{"id":2280,"href":"https:\/\/routedesartsvaudreuilsoulanges.com\/en\/wp-json\/wp\/v2\/pages\/355\/revisions\/2280"}],"wp:attachment":[{"href":"https:\/\/routedesartsvaudreuilsoulanges.com\/en\/wp-json\/wp\/v2\/media?parent=355"}],"curies":[{"name":"wp","href":"https:\/\/api.w.org\/{rel}","templated":true}]}}