{"id":535,"date":"2022-05-09T16:46:12","date_gmt":"2022-05-09T21:46:12","guid":{"rendered":"https:\/\/routedesartsvaudreuilsoulanges.com\/?page_id=535"},"modified":"2025-04-22T21:26:44","modified_gmt":"2025-04-23T02:26:44","slug":"nathalie-dubois","status":"publish","type":"page","link":"https:\/\/routedesartsvaudreuilsoulanges.com\/en\/nathalie-dubois\/","title":{"rendered":"2022 Nathalie Dubois"},"content":{"rendered":"<figure class=\"wp-block-image size-full is-resized\"><img loading=\"lazy\" decoding=\"async\" src=\"https:\/\/routedesartsvaudreuilsoulanges.com\/wp-content\/uploads\/2022\/05\/montage_artistes_nathalie_dubois.jpg\" alt=\"\" class=\"wp-image-420\" width=\"284\" height=\"284\" srcset=\"https:\/\/routedesartsvaudreuilsoulanges.com\/wp-content\/uploads\/2022\/05\/montage_artistes_nathalie_dubois.jpg 400w, https:\/\/routedesartsvaudreuilsoulanges.com\/wp-content\/uploads\/2022\/05\/montage_artistes_nathalie_dubois-300x300.jpg 300w, https:\/\/routedesartsvaudreuilsoulanges.com\/wp-content\/uploads\/2022\/05\/montage_artistes_nathalie_dubois-150x150.jpg 150w\" sizes=\"auto, (max-width: 284px) 100vw, 284px\" \/><figcaption>Nathalie Dubois<\/figcaption><\/figure>\n\n\n\n<div class=\"wp-block-buttons is-layout-flex wp-block-buttons-is-layout-flex\">\n<div class=\"wp-block-button\"><a class=\"wp-block-button__link\" href=\"https:\/\/nathaliedubois.com\" target=\"_blank\" rel=\"noreferrer noopener\">Site web: nathaliedubois.com<\/a><\/div>\n\n\n\n<div class=\"wp-block-button\"><a class=\"wp-block-button__link\" href=\"https:\/\/www.facebook.com\/NathalieDubois64\" target=\"_blank\" rel=\"noreferrer noopener\">Facebook<\/a><\/div>\n\n\n\n<div class=\"wp-block-button\"><a class=\"wp-block-button__link\" href=\"https:\/\/www.instagram.com\/n.dubois_artiste_peintre\/\" target=\"_blank\" rel=\"noreferrer noopener\">Instagram<\/a><\/div>\n<\/div>\n\n\n\n<div style=\"height:40px\" aria-hidden=\"true\" class=\"wp-block-spacer\"><\/div>\n\n\n\n<p><strong>D\u00e9marche artistique<\/strong><\/p>\n\n\n\n<p>Dans mon atelier de St-Lazare des visages color\u00e9s aux regards expressifs \u00e9mergent les uns apr\u00e8s les autres, lors de la pand\u00e9mie les animaux vont s\u2019imposer dans mes cr\u00e9ations \u00e9galement.<\/p>\n\n\n\n<p>Je fait de l\u2019acrylique ma mati\u00e8re principale bien que parfois mix\u00e9e , car j&rsquo;aime l\u2019effet de la mati\u00e8re.<\/p>\n\n\n\n<p>Mes portraits aux fusains en technique mixte me permettent de renouer avec mon plaisir de dessiner et de rester en connexion avec le graphisme.<\/p>\n\n\n\n<p>Les regards humains ou animaliers sont les reflets de nos \u00e9motions et sont pour moi un besoin essentiel d\u2019\u00eatre transmis \u00e0 partir de mes \u0153uvres.<\/p>\n\n\n\n<figure class=\"wp-block-gallery has-nested-images columns-default is-cropped wp-block-gallery-1 is-layout-flex wp-block-gallery-is-layout-flex\">\n<figure class=\"wp-block-image size-large\"><img loading=\"lazy\" decoding=\"async\" width=\"1013\" height=\"1024\" data-id=\"823\" src=\"https:\/\/routedesartsvaudreuilsoulanges.com\/wp-content\/uploads\/2022\/06\/Nathalie-Dubois2022_4-1013x1024.jpg\" alt=\"\" class=\"wp-image-823\" srcset=\"https:\/\/routedesartsvaudreuilsoulanges.com\/wp-content\/uploads\/2022\/06\/Nathalie-Dubois2022_4-1013x1024.jpg 1013w, https:\/\/routedesartsvaudreuilsoulanges.com\/wp-content\/uploads\/2022\/06\/Nathalie-Dubois2022_4-297x300.jpg 297w, https:\/\/routedesartsvaudreuilsoulanges.com\/wp-content\/uploads\/2022\/06\/Nathalie-Dubois2022_4-768x777.jpg 768w, https:\/\/routedesartsvaudreuilsoulanges.com\/wp-content\/uploads\/2022\/06\/Nathalie-Dubois2022_4-1519x1536.jpg 1519w, https:\/\/routedesartsvaudreuilsoulanges.com\/wp-content\/uploads\/2022\/06\/Nathalie-Dubois2022_4.jpg 1877w\" sizes=\"auto, (max-width: 1013px) 100vw, 1013px\" \/><\/figure>\n\n\n\n<figure class=\"wp-block-image size-large\"><img loading=\"lazy\" decoding=\"async\" width=\"1744\" height=\"2357\" data-id=\"425\" src=\"https:\/\/routedesartsvaudreuilsoulanges.com\/wp-content\/uploads\/2022\/05\/n.dubois2022-2.jpg.jpg\" alt=\"\" class=\"wp-image-425\" srcset=\"https:\/\/routedesartsvaudreuilsoulanges.com\/wp-content\/uploads\/2022\/05\/n.dubois2022-2.jpg.jpg 1744w, https:\/\/routedesartsvaudreuilsoulanges.com\/wp-content\/uploads\/2022\/05\/n.dubois2022-2.jpg-222x300.jpg 222w, https:\/\/routedesartsvaudreuilsoulanges.com\/wp-content\/uploads\/2022\/05\/n.dubois2022-2.jpg-758x1024.jpg 758w, https:\/\/routedesartsvaudreuilsoulanges.com\/wp-content\/uploads\/2022\/05\/n.dubois2022-2.jpg-768x1038.jpg 768w, https:\/\/routedesartsvaudreuilsoulanges.com\/wp-content\/uploads\/2022\/05\/n.dubois2022-2.jpg-1137x1536.jpg 1137w, https:\/\/routedesartsvaudreuilsoulanges.com\/wp-content\/uploads\/2022\/05\/n.dubois2022-2.jpg-1515x2048.jpg 1515w\" sizes=\"auto, (max-width: 1744px) 100vw, 1744px\" \/><\/figure>\n\n\n\n<figure class=\"wp-block-image size-large\"><img loading=\"lazy\" decoding=\"async\" width=\"2560\" height=\"1677\" data-id=\"424\" src=\"https:\/\/routedesartsvaudreuilsoulanges.com\/wp-content\/uploads\/2022\/05\/n.dubois2022-1.jpg-scaled.jpeg\" alt=\"\" class=\"wp-image-424\" srcset=\"https:\/\/routedesartsvaudreuilsoulanges.com\/wp-content\/uploads\/2022\/05\/n.dubois2022-1.jpg-scaled.jpeg 2560w, https:\/\/routedesartsvaudreuilsoulanges.com\/wp-content\/uploads\/2022\/05\/n.dubois2022-1.jpg-300x197.jpeg 300w, https:\/\/routedesartsvaudreuilsoulanges.com\/wp-content\/uploads\/2022\/05\/n.dubois2022-1.jpg-1024x671.jpeg 1024w, https:\/\/routedesartsvaudreuilsoulanges.com\/wp-content\/uploads\/2022\/05\/n.dubois2022-1.jpg-768x503.jpeg 768w, https:\/\/routedesartsvaudreuilsoulanges.com\/wp-content\/uploads\/2022\/05\/n.dubois2022-1.jpg-1536x1006.jpeg 1536w, https:\/\/routedesartsvaudreuilsoulanges.com\/wp-content\/uploads\/2022\/05\/n.dubois2022-1.jpg-2048x1342.jpeg 2048w\" sizes=\"auto, (max-width: 2560px) 100vw, 2560px\" \/><\/figure>\n\n\n\n<figure class=\"wp-block-image size-large\"><img loading=\"lazy\" decoding=\"async\" width=\"1930\" height=\"1952\" data-id=\"423\" src=\"https:\/\/routedesartsvaudreuilsoulanges.com\/wp-content\/uploads\/2022\/05\/n.dubois-5.jpg.jpg\" alt=\"\" class=\"wp-image-423\" srcset=\"https:\/\/routedesartsvaudreuilsoulanges.com\/wp-content\/uploads\/2022\/05\/n.dubois-5.jpg.jpg 1930w, https:\/\/routedesartsvaudreuilsoulanges.com\/wp-content\/uploads\/2022\/05\/n.dubois-5.jpg-297x300.jpg 297w, https:\/\/routedesartsvaudreuilsoulanges.com\/wp-content\/uploads\/2022\/05\/n.dubois-5.jpg-1012x1024.jpg 1012w, https:\/\/routedesartsvaudreuilsoulanges.com\/wp-content\/uploads\/2022\/05\/n.dubois-5.jpg-768x777.jpg 768w, https:\/\/routedesartsvaudreuilsoulanges.com\/wp-content\/uploads\/2022\/05\/n.dubois-5.jpg-1519x1536.jpg 1519w\" sizes=\"auto, (max-width: 1930px) 100vw, 1930px\" \/><\/figure>\n\n\n\n<figure class=\"wp-block-image size-large\"><img loading=\"lazy\" decoding=\"async\" width=\"831\" height=\"1024\" data-id=\"822\" src=\"https:\/\/routedesartsvaudreuilsoulanges.com\/wp-content\/uploads\/2022\/06\/Nathalie-Dubois2022_5-831x1024.jpg\" alt=\"\" class=\"wp-image-822\" srcset=\"https:\/\/routedesartsvaudreuilsoulanges.com\/wp-content\/uploads\/2022\/06\/Nathalie-Dubois2022_5-831x1024.jpg 831w, https:\/\/routedesartsvaudreuilsoulanges.com\/wp-content\/uploads\/2022\/06\/Nathalie-Dubois2022_5-243x300.jpg 243w, https:\/\/routedesartsvaudreuilsoulanges.com\/wp-content\/uploads\/2022\/06\/Nathalie-Dubois2022_5-768x946.jpg 768w, https:\/\/routedesartsvaudreuilsoulanges.com\/wp-content\/uploads\/2022\/06\/Nathalie-Dubois2022_5-1247x1536.jpg 1247w, https:\/\/routedesartsvaudreuilsoulanges.com\/wp-content\/uploads\/2022\/06\/Nathalie-Dubois2022_5-1662x2048.jpg 1662w\" sizes=\"auto, (max-width: 831px) 100vw, 831px\" \/><\/figure>\n<\/figure>\n\n\n\n<div style=\"height:40px\" aria-hidden=\"true\" class=\"wp-block-spacer\"><\/div>\n\n\n\n<p><strong>Biographie<\/strong><\/p>\n\n\n\n<p>Depuis toute jeune, elle aime dessiner. En cours d\u2019arts, ses professeurs l&rsquo;encouragent dans cette voie&#8230;<\/p>\n\n\n\n<p>Elle entre sur concours \u00e0 l\u2019\u00e2ge de 16 ans \u00e0 L&rsquo;ENSAAMA&nbsp; (\u00e9cole d&rsquo;art graphique et m\u00e9tiers d\u2019art) de Paris en France.<\/p>\n\n\n\n<p>Arriv\u00e9e au Qu\u00e9bec \u00e0 l&rsquo;\u00e2ge de 25 ans. &nbsp;Dans&nbsp;sa patrie d&rsquo;adoption, elle se d\u00e9ploie artistiquement depuis 2010.&nbsp;&nbsp;<\/p>\n\n\n\n<p>Elle participe \u00e0 des expositions collectives dans Vaudreuil-Soulanges, au festivals des arts de Valleyfield ainsi qu&rsquo;une&nbsp;exposition solo \u00e0 la Maison Trestler de Vaudreuil.<\/p>","protected":false},"excerpt":{"rendered":"<p>D\u00e9marche artistique Dans mon atelier de St-Lazare des visages color\u00e9s aux regards expressifs \u00e9mergent les uns apr\u00e8s les autres, lors de la pand\u00e9mie les animaux vont s\u2019imposer dans mes cr\u00e9ations \u00e9galement. Je fait de l\u2019acrylique ma mati\u00e8re principale bien que parfois mix\u00e9e , car j&rsquo;aime l\u2019effet de la mati\u00e8re. Mes portraits aux fusains en technique [&hellip;]<\/p>\n","protected":false},"author":1,"featured_media":0,"parent":0,"menu_order":0,"comment_status":"closed","ping_status":"closed","template":"","meta":{"footnotes":""},"class_list":["post-535","page","type-page","status-publish","hentry"],"_links":{"self":[{"href":"https:\/\/routedesartsvaudreuilsoulanges.com\/en\/wp-json\/wp\/v2\/pages\/535","targetHints":{"allow":["GET"]}}],"collection":[{"href":"https:\/\/routedesartsvaudreuilsoulanges.com\/en\/wp-json\/wp\/v2\/pages"}],"about":[{"href":"https:\/\/routedesartsvaudreuilsoulanges.com\/en\/wp-json\/wp\/v2\/types\/page"}],"author":[{"embeddable":true,"href":"https:\/\/routedesartsvaudreuilsoulanges.com\/en\/wp-json\/wp\/v2\/users\/1"}],"replies":[{"embeddable":true,"href":"https:\/\/routedesartsvaudreuilsoulanges.com\/en\/wp-json\/wp\/v2\/comments?post=535"}],"version-history":[{"count":4,"href":"https:\/\/routedesartsvaudreuilsoulanges.com\/en\/wp-json\/wp\/v2\/pages\/535\/revisions"}],"predecessor-version":[{"id":2294,"href":"https:\/\/routedesartsvaudreuilsoulanges.com\/en\/wp-json\/wp\/v2\/pages\/535\/revisions\/2294"}],"wp:attachment":[{"href":"https:\/\/routedesartsvaudreuilsoulanges.com\/en\/wp-json\/wp\/v2\/media?parent=535"}],"curies":[{"name":"wp","href":"https:\/\/api.w.org\/{rel}","templated":true}]}}