{"id":539,"date":"2022-05-09T17:20:39","date_gmt":"2022-05-09T22:20:39","guid":{"rendered":"https:\/\/routedesartsvaudreuilsoulanges.com\/?page_id=539"},"modified":"2025-04-22T21:17:09","modified_gmt":"2025-04-23T02:17:09","slug":"lilianne-pilon","status":"publish","type":"page","link":"https:\/\/routedesartsvaudreuilsoulanges.com\/en\/lilianne-pilon\/","title":{"rendered":"2022 Lilianne Pilon"},"content":{"rendered":"<figure class=\"wp-block-image size-large is-resized\"><img loading=\"lazy\" decoding=\"async\" src=\"https:\/\/routedesartsvaudreuilsoulanges.com\/wp-content\/uploads\/2022\/05\/Lilianne-Pilon-0681_LR-1024x683.jpg\" alt=\"\" class=\"wp-image-747\" width=\"300\" height=\"200\" srcset=\"https:\/\/routedesartsvaudreuilsoulanges.com\/wp-content\/uploads\/2022\/05\/Lilianne-Pilon-0681_LR-1024x683.jpg 1024w, https:\/\/routedesartsvaudreuilsoulanges.com\/wp-content\/uploads\/2022\/05\/Lilianne-Pilon-0681_LR-300x200.jpg 300w, https:\/\/routedesartsvaudreuilsoulanges.com\/wp-content\/uploads\/2022\/05\/Lilianne-Pilon-0681_LR-768x512.jpg 768w, https:\/\/routedesartsvaudreuilsoulanges.com\/wp-content\/uploads\/2022\/05\/Lilianne-Pilon-0681_LR.jpg 1500w\" sizes=\"auto, (max-width: 300px) 100vw, 300px\" \/><figcaption>Lilianne Pilon<\/figcaption><\/figure>\n\n\n\n<div class=\"wp-block-buttons is-layout-flex wp-block-buttons-is-layout-flex\">\n<div class=\"wp-block-button\"><a class=\"wp-block-button__link\" href=\"https:\/\/www.liliannepilon.com\" target=\"_blank\" rel=\"noreferrer noopener\">Site web: liliannepilon.com<\/a><\/div>\n\n\n\n<div class=\"wp-block-button\"><a class=\"wp-block-button__link\" href=\"https:\/\/www.facebook.com\/liliannepilonphotographie\" target=\"_blank\" rel=\"noreferrer noopener\">Facebook<\/a><\/div>\n\n\n\n<div class=\"wp-block-button\"><a class=\"wp-block-button__link\" href=\"https:\/\/www.instagram.com\/liliannepilon_photographe\/\" target=\"_blank\" rel=\"noreferrer noopener\">Instagram<\/a><\/div>\n<\/div>\n\n\n\n<div style=\"height:40px\" aria-hidden=\"true\" class=\"wp-block-spacer\"><\/div>\n\n\n\n<p><strong>D\u00e9marche artistique<\/strong><\/p>\n\n\n\n<p>Le plaisir de peindre avec\u2026 \u00ab un appareil photo \u00bb. J\u2019utilise mon appareil comme un peintre utilise ses pinceaux.<br>Une des raisons pour laquelle je fais de la photo, est pour pr\u00e9server un moment pr\u00e9cis dans le temps qui m\u2019a \u00e9mu par sa beaut\u00e9. Cependant, ce que j\u2019aime le plus est la cr\u00e9ation. Je trouve mes sujets dans mon environnement, mes promenades et mes voyages et je me laisse guider par mon intuition pour cr\u00e9er mes images. Ce sont des sentiments de vision floue, de couleurs, de romantisme et d\u2019appr\u00e9ciation de la vie qui influencent mes choix.<br>Empreintes de couleurs vives et d\u2019\u00e9motion, mes photographies sont cr\u00e9\u00e9es \u00e0 l\u2019aide de mon appareil photo et de mon imaginaire. J\u2019affectionne plus particuli\u00e8rement la macrophotographie et la photographie abstraite. Mais c\u2019est surtout ce dernier qui me permet d\u2019exp\u00e9rimenter et de sortir de ma zone de confort.<\/p>\n\n\n\n<figure class=\"wp-block-gallery has-nested-images columns-default is-cropped wp-block-gallery-1 is-layout-flex wp-block-gallery-is-layout-flex\">\n<figure class=\"wp-block-image size-large\"><img loading=\"lazy\" decoding=\"async\" width=\"1200\" height=\"800\" data-id=\"483\" src=\"https:\/\/routedesartsvaudreuilsoulanges.com\/wp-content\/uploads\/2022\/05\/Pilon2022-5.jpg\" alt=\"\" class=\"wp-image-483\" srcset=\"https:\/\/routedesartsvaudreuilsoulanges.com\/wp-content\/uploads\/2022\/05\/Pilon2022-5.jpg 1200w, https:\/\/routedesartsvaudreuilsoulanges.com\/wp-content\/uploads\/2022\/05\/Pilon2022-5-300x200.jpg 300w, https:\/\/routedesartsvaudreuilsoulanges.com\/wp-content\/uploads\/2022\/05\/Pilon2022-5-1024x683.jpg 1024w, https:\/\/routedesartsvaudreuilsoulanges.com\/wp-content\/uploads\/2022\/05\/Pilon2022-5-768x512.jpg 768w\" sizes=\"auto, (max-width: 1200px) 100vw, 1200px\" \/><\/figure>\n\n\n\n<figure class=\"wp-block-image size-large\"><img loading=\"lazy\" decoding=\"async\" width=\"1200\" height=\"800\" data-id=\"482\" src=\"https:\/\/routedesartsvaudreuilsoulanges.com\/wp-content\/uploads\/2022\/05\/Pilon2022-4.jpg\" alt=\"\" class=\"wp-image-482\" srcset=\"https:\/\/routedesartsvaudreuilsoulanges.com\/wp-content\/uploads\/2022\/05\/Pilon2022-4.jpg 1200w, https:\/\/routedesartsvaudreuilsoulanges.com\/wp-content\/uploads\/2022\/05\/Pilon2022-4-300x200.jpg 300w, https:\/\/routedesartsvaudreuilsoulanges.com\/wp-content\/uploads\/2022\/05\/Pilon2022-4-1024x683.jpg 1024w, https:\/\/routedesartsvaudreuilsoulanges.com\/wp-content\/uploads\/2022\/05\/Pilon2022-4-768x512.jpg 768w\" sizes=\"auto, (max-width: 1200px) 100vw, 1200px\" \/><\/figure>\n\n\n\n<figure class=\"wp-block-image size-large\"><img loading=\"lazy\" decoding=\"async\" width=\"1200\" height=\"800\" data-id=\"481\" src=\"https:\/\/routedesartsvaudreuilsoulanges.com\/wp-content\/uploads\/2022\/05\/Pilon2022-3.jpg\" alt=\"\" class=\"wp-image-481\" srcset=\"https:\/\/routedesartsvaudreuilsoulanges.com\/wp-content\/uploads\/2022\/05\/Pilon2022-3.jpg 1200w, https:\/\/routedesartsvaudreuilsoulanges.com\/wp-content\/uploads\/2022\/05\/Pilon2022-3-300x200.jpg 300w, https:\/\/routedesartsvaudreuilsoulanges.com\/wp-content\/uploads\/2022\/05\/Pilon2022-3-1024x683.jpg 1024w, https:\/\/routedesartsvaudreuilsoulanges.com\/wp-content\/uploads\/2022\/05\/Pilon2022-3-768x512.jpg 768w\" sizes=\"auto, (max-width: 1200px) 100vw, 1200px\" \/><\/figure>\n\n\n\n<figure class=\"wp-block-image size-large\"><img loading=\"lazy\" decoding=\"async\" width=\"1200\" height=\"800\" data-id=\"480\" src=\"https:\/\/routedesartsvaudreuilsoulanges.com\/wp-content\/uploads\/2022\/05\/Pilon2022-2.jpg\" alt=\"\" class=\"wp-image-480\" srcset=\"https:\/\/routedesartsvaudreuilsoulanges.com\/wp-content\/uploads\/2022\/05\/Pilon2022-2.jpg 1200w, https:\/\/routedesartsvaudreuilsoulanges.com\/wp-content\/uploads\/2022\/05\/Pilon2022-2-300x200.jpg 300w, https:\/\/routedesartsvaudreuilsoulanges.com\/wp-content\/uploads\/2022\/05\/Pilon2022-2-1024x683.jpg 1024w, https:\/\/routedesartsvaudreuilsoulanges.com\/wp-content\/uploads\/2022\/05\/Pilon2022-2-768x512.jpg 768w\" sizes=\"auto, (max-width: 1200px) 100vw, 1200px\" \/><\/figure>\n\n\n\n<figure class=\"wp-block-image size-large\"><img loading=\"lazy\" decoding=\"async\" width=\"1200\" height=\"800\" data-id=\"479\" src=\"https:\/\/routedesartsvaudreuilsoulanges.com\/wp-content\/uploads\/2022\/05\/Pilon2022-1.jpg\" alt=\"\" class=\"wp-image-479\" srcset=\"https:\/\/routedesartsvaudreuilsoulanges.com\/wp-content\/uploads\/2022\/05\/Pilon2022-1.jpg 1200w, https:\/\/routedesartsvaudreuilsoulanges.com\/wp-content\/uploads\/2022\/05\/Pilon2022-1-300x200.jpg 300w, https:\/\/routedesartsvaudreuilsoulanges.com\/wp-content\/uploads\/2022\/05\/Pilon2022-1-1024x683.jpg 1024w, https:\/\/routedesartsvaudreuilsoulanges.com\/wp-content\/uploads\/2022\/05\/Pilon2022-1-768x512.jpg 768w\" sizes=\"auto, (max-width: 1200px) 100vw, 1200px\" \/><\/figure>\n<\/figure>\n\n\n\n<div style=\"height:40px\" aria-hidden=\"true\" class=\"wp-block-spacer\"><\/div>\n\n\n\n<p><strong>Biographie<\/strong><\/p>\n\n\n\n<p>Native de l\u2019Ile Perrot, Lilianne est une artiste photographe qui habite maintenant Les C\u00e8dres. Tr\u00e8s jeune, l\u2019art l\u2019int\u00e9resse beaucoup; la musique, le chant, le dessin, l\u2019\u00e9criture, la sc\u00e8ne. Mais c\u2019est son oncle qui aura la plus grande influence sur son parcours, en lui racontant ses aventures de voyages et en lui offrant son premier appareil photo. Depuis, la photographie et les voyages sont devenues sa passion.<\/p>\n\n\n\n<p>C\u2019est en 2003 que son aventure d\u00e9bute puis en 2009 elle participe \u00e0 sa premi\u00e8re exposition solo. Cette m\u00eame ann\u00e9e, plusieurs de ses photographies sont s\u00e9lectionn\u00e9es pour agr\u00e9menter le calendrier et les affiches du 75e anniversaire de Desjardins pour les Caisses de Vaudreuil-Soulanges. Depuis, les expositions solos et collectives se succ\u00e8dent.<\/p>\n\n\n\n<p>Son parcours l\u2019am\u00e8ne \u00e0 \u00e9tudier au Coll\u00e8ge Marsan \u00e0 Montr\u00e9al, \u00e0 participer \u00e0 un Safari photos aux Iles-de-la-Madeleine et \u00e0 suivre des ateliers avec de grands photographes qu\u00e9b\u00e9cois et canadiens tels que Michael Levin, Louise Tanguay, Michel Proulx et Carlos Richer. Ces rencontres ont eu une grande influence sur son style.<\/p>\n\n\n\n<p>En 2011, elle d\u00e9bute l\u2019enseignement de la photographie \u00e0 des groupes dans diverses villes et municipalit\u00e9s de la r\u00e9gion ainsi qu\u2019\u00e0 des regroupements d\u2019artistes. Aujourd\u2019hui, elle propose diff\u00e9rentes formations priv\u00e9s dans son \u00ab&nbsp;Atelier Lilibellule&nbsp;\u00bb. Son d\u00e9fi personnel est de communiquer sa vision, son enthousiasme et son amour de la photographie au plus grand nombre de gens possible.<\/p>","protected":false},"excerpt":{"rendered":"<p>D\u00e9marche artistique Le plaisir de peindre avec\u2026 \u00ab un appareil photo \u00bb. J\u2019utilise mon appareil comme un peintre utilise ses pinceaux.Une des raisons pour laquelle je fais de la photo, est pour pr\u00e9server un moment pr\u00e9cis dans le temps qui m\u2019a \u00e9mu par sa beaut\u00e9. Cependant, ce que j\u2019aime le plus est la cr\u00e9ation. Je [&hellip;]<\/p>\n","protected":false},"author":1,"featured_media":0,"parent":0,"menu_order":0,"comment_status":"closed","ping_status":"closed","template":"","meta":{"footnotes":""},"class_list":["post-539","page","type-page","status-publish","hentry"],"_links":{"self":[{"href":"https:\/\/routedesartsvaudreuilsoulanges.com\/en\/wp-json\/wp\/v2\/pages\/539","targetHints":{"allow":["GET"]}}],"collection":[{"href":"https:\/\/routedesartsvaudreuilsoulanges.com\/en\/wp-json\/wp\/v2\/pages"}],"about":[{"href":"https:\/\/routedesartsvaudreuilsoulanges.com\/en\/wp-json\/wp\/v2\/types\/page"}],"author":[{"embeddable":true,"href":"https:\/\/routedesartsvaudreuilsoulanges.com\/en\/wp-json\/wp\/v2\/users\/1"}],"replies":[{"embeddable":true,"href":"https:\/\/routedesartsvaudreuilsoulanges.com\/en\/wp-json\/wp\/v2\/comments?post=539"}],"version-history":[{"count":6,"href":"https:\/\/routedesartsvaudreuilsoulanges.com\/en\/wp-json\/wp\/v2\/pages\/539\/revisions"}],"predecessor-version":[{"id":2285,"href":"https:\/\/routedesartsvaudreuilsoulanges.com\/en\/wp-json\/wp\/v2\/pages\/539\/revisions\/2285"}],"wp:attachment":[{"href":"https:\/\/routedesartsvaudreuilsoulanges.com\/en\/wp-json\/wp\/v2\/media?parent=539"}],"curies":[{"name":"wp","href":"https:\/\/api.w.org\/{rel}","templated":true}]}}