{"id":543,"date":"2022-05-09T18:08:20","date_gmt":"2022-05-09T23:08:20","guid":{"rendered":"https:\/\/routedesartsvaudreuilsoulanges.com\/?page_id=543"},"modified":"2025-04-22T21:17:42","modified_gmt":"2025-04-23T02:17:42","slug":"louise-singer","status":"publish","type":"page","link":"https:\/\/routedesartsvaudreuilsoulanges.com\/en\/louise-singer\/","title":{"rendered":"2022 Louise Singer"},"content":{"rendered":"<figure class=\"wp-block-image size-large is-resized\"><img loading=\"lazy\" decoding=\"async\" src=\"https:\/\/routedesartsvaudreuilsoulanges.com\/wp-content\/uploads\/2022\/05\/louiseSinger-1024x1024.jpg\" alt=\"\" class=\"wp-image-503\" width=\"278\" height=\"278\" srcset=\"https:\/\/routedesartsvaudreuilsoulanges.com\/wp-content\/uploads\/2022\/05\/louiseSinger-1024x1024.jpg 1024w, https:\/\/routedesartsvaudreuilsoulanges.com\/wp-content\/uploads\/2022\/05\/louiseSinger-300x300.jpg 300w, https:\/\/routedesartsvaudreuilsoulanges.com\/wp-content\/uploads\/2022\/05\/louiseSinger-150x150.jpg 150w, https:\/\/routedesartsvaudreuilsoulanges.com\/wp-content\/uploads\/2022\/05\/louiseSinger-768x768.jpg 768w, https:\/\/routedesartsvaudreuilsoulanges.com\/wp-content\/uploads\/2022\/05\/louiseSinger.jpg 1293w\" sizes=\"auto, (max-width: 278px) 100vw, 278px\" \/><figcaption>Louise Singer<\/figcaption><\/figure>\n\n\n\n<div class=\"wp-block-buttons is-layout-flex wp-block-buttons-is-layout-flex\">\n<div class=\"wp-block-button\"><a class=\"wp-block-button__link\" href=\"https:\/\/www.louisesinger.com\" target=\"_blank\" rel=\"noreferrer noopener\">Site web: louisesinger.com<\/a><\/div>\n\n\n\n<div class=\"wp-block-button\"><a class=\"wp-block-button__link\" href=\"https:\/\/www.instagram.com\/louisesinger_studio\/\" target=\"_blank\" rel=\"noreferrer noopener\">Instagram<\/a><\/div>\n<\/div>\n\n\n\n<div style=\"height:57px\" aria-hidden=\"true\" class=\"wp-block-spacer\"><\/div>\n\n\n\n<p><strong>D\u00e9marche artistique<\/strong><\/p>\n\n\n\n<p>Je peins \u00e0 l&rsquo;acrylique pour sa versatilit\u00e9 et utilise des techniques mixtes qui proviennent de mes enseignements et explorations avec diff\u00e9rents mediums (crayon, fusain, poudre graphite, pastel sec et \u00e0 l\u2019huile, gouache, l&rsquo;aquarelle, l\u2019huile).<\/p>\n\n\n\n<p>Bien que j\u2019ai fait du portrait et mod\u00e8le vivant au cours des ans, c\u2019est la peinture abstraite et contemporaine qui m\u2019animent. Je suis davantage int\u00e9ress\u00e9e \u00e0 transmettre une \u00e9motion ou une ambiance de mani\u00e8re abstraite qu&rsquo;une repr\u00e9sentation pr\u00e9cise.<\/p>\n\n\n\n<p>Mon processus de peinture commence par un choix de couleurs. Puis, je b\u00e2tis une surface riche en textures, collages, formes, et traits. Un geste d\u2019expression entraine une r\u00e9action et un autre geste d\u2019expression s\u2019ensuit. Le d\u00e9fi est ensuite d&rsquo;unifier et de rechercher un \u00e9quilibre harmonieux entre les diff\u00e9rents \u00e9l\u00e9ments du tableau.<\/p>\n\n\n\n<p>Tout ce processus est inspir\u00e9 par des \u00e9motions accumul\u00e9es au fil du temps. Il s\u2019agit g\u00e9n\u00e9ralement d\u2019\u00e9motions recueillies en voyage ou en pleine nature. Il peut \u00e9galement s\u2019agir de peindre un lieu souvent \u00e9th\u00e9rique qui n\u2019est pr\u00e9sent que dans mon imaginaire.<\/p>\n\n\n\n<p>L\u2019authenticit\u00e9 et la d\u00e9couverte de mes pr\u00e9f\u00e9rences esth\u00e9tiques est au coeur de ma d\u00e9marche. Je veux \u00e9galement laisser le spectateur libre d&rsquo;interpr\u00e9ter selon son exp\u00e9rience mes tableaux.<\/p>\n\n\n\n<figure class=\"wp-block-gallery has-nested-images columns-default is-cropped wp-block-gallery-1 is-layout-flex wp-block-gallery-is-layout-flex\">\n<figure class=\"wp-block-image size-large\"><img loading=\"lazy\" decoding=\"async\" width=\"1200\" height=\"1200\" data-id=\"504\" src=\"https:\/\/routedesartsvaudreuilsoulanges.com\/wp-content\/uploads\/2022\/05\/Singer2022-1.jpg\" alt=\"\" class=\"wp-image-504\" srcset=\"https:\/\/routedesartsvaudreuilsoulanges.com\/wp-content\/uploads\/2022\/05\/Singer2022-1.jpg 1200w, https:\/\/routedesartsvaudreuilsoulanges.com\/wp-content\/uploads\/2022\/05\/Singer2022-1-300x300.jpg 300w, https:\/\/routedesartsvaudreuilsoulanges.com\/wp-content\/uploads\/2022\/05\/Singer2022-1-1024x1024.jpg 1024w, https:\/\/routedesartsvaudreuilsoulanges.com\/wp-content\/uploads\/2022\/05\/Singer2022-1-150x150.jpg 150w, https:\/\/routedesartsvaudreuilsoulanges.com\/wp-content\/uploads\/2022\/05\/Singer2022-1-768x768.jpg 768w\" sizes=\"auto, (max-width: 1200px) 100vw, 1200px\" \/><\/figure>\n\n\n\n<figure class=\"wp-block-image size-large\"><img loading=\"lazy\" decoding=\"async\" width=\"969\" height=\"1200\" data-id=\"508\" src=\"https:\/\/routedesartsvaudreuilsoulanges.com\/wp-content\/uploads\/2022\/05\/Singer2022-5.jpg\" alt=\"\" class=\"wp-image-508\" srcset=\"https:\/\/routedesartsvaudreuilsoulanges.com\/wp-content\/uploads\/2022\/05\/Singer2022-5.jpg 969w, https:\/\/routedesartsvaudreuilsoulanges.com\/wp-content\/uploads\/2022\/05\/Singer2022-5-242x300.jpg 242w, https:\/\/routedesartsvaudreuilsoulanges.com\/wp-content\/uploads\/2022\/05\/Singer2022-5-827x1024.jpg 827w, https:\/\/routedesartsvaudreuilsoulanges.com\/wp-content\/uploads\/2022\/05\/Singer2022-5-768x951.jpg 768w\" sizes=\"auto, (max-width: 969px) 100vw, 969px\" \/><\/figure>\n\n\n\n<figure class=\"wp-block-image size-large\"><img loading=\"lazy\" decoding=\"async\" width=\"918\" height=\"1200\" data-id=\"507\" src=\"https:\/\/routedesartsvaudreuilsoulanges.com\/wp-content\/uploads\/2022\/05\/Singer2022-4.jpg\" alt=\"\" class=\"wp-image-507\" srcset=\"https:\/\/routedesartsvaudreuilsoulanges.com\/wp-content\/uploads\/2022\/05\/Singer2022-4.jpg 918w, https:\/\/routedesartsvaudreuilsoulanges.com\/wp-content\/uploads\/2022\/05\/Singer2022-4-230x300.jpg 230w, https:\/\/routedesartsvaudreuilsoulanges.com\/wp-content\/uploads\/2022\/05\/Singer2022-4-783x1024.jpg 783w, https:\/\/routedesartsvaudreuilsoulanges.com\/wp-content\/uploads\/2022\/05\/Singer2022-4-768x1004.jpg 768w\" sizes=\"auto, (max-width: 918px) 100vw, 918px\" \/><figcaption>back home &#8211;<\/figcaption><\/figure>\n\n\n\n<figure class=\"wp-block-image size-large\"><img loading=\"lazy\" decoding=\"async\" width=\"987\" height=\"1200\" data-id=\"506\" src=\"https:\/\/routedesartsvaudreuilsoulanges.com\/wp-content\/uploads\/2022\/05\/Singer2022-3.jpg\" alt=\"\" class=\"wp-image-506\" srcset=\"https:\/\/routedesartsvaudreuilsoulanges.com\/wp-content\/uploads\/2022\/05\/Singer2022-3.jpg 987w, https:\/\/routedesartsvaudreuilsoulanges.com\/wp-content\/uploads\/2022\/05\/Singer2022-3-247x300.jpg 247w, https:\/\/routedesartsvaudreuilsoulanges.com\/wp-content\/uploads\/2022\/05\/Singer2022-3-842x1024.jpg 842w, https:\/\/routedesartsvaudreuilsoulanges.com\/wp-content\/uploads\/2022\/05\/Singer2022-3-768x934.jpg 768w\" sizes=\"auto, (max-width: 987px) 100vw, 987px\" \/><\/figure>\n\n\n\n<figure class=\"wp-block-image size-large\"><img loading=\"lazy\" decoding=\"async\" width=\"1200\" height=\"1055\" data-id=\"505\" src=\"https:\/\/routedesartsvaudreuilsoulanges.com\/wp-content\/uploads\/2022\/05\/Singer2022-2.jpeg\" alt=\"\" class=\"wp-image-505\" srcset=\"https:\/\/routedesartsvaudreuilsoulanges.com\/wp-content\/uploads\/2022\/05\/Singer2022-2.jpeg 1200w, https:\/\/routedesartsvaudreuilsoulanges.com\/wp-content\/uploads\/2022\/05\/Singer2022-2-300x264.jpeg 300w, https:\/\/routedesartsvaudreuilsoulanges.com\/wp-content\/uploads\/2022\/05\/Singer2022-2-1024x900.jpeg 1024w, https:\/\/routedesartsvaudreuilsoulanges.com\/wp-content\/uploads\/2022\/05\/Singer2022-2-768x675.jpeg 768w\" sizes=\"auto, (max-width: 1200px) 100vw, 1200px\" \/><\/figure>\n<\/figure>\n\n\n\n<div style=\"height:57px\" aria-hidden=\"true\" class=\"wp-block-spacer\"><\/div>\n\n\n\n<p><strong>Biographie<\/strong><\/p>\n\n\n\n<p>Louise Singer est n\u00e9e \u00e0 Montr\u00e9al (Qu\u00e9bec, Canada). D\u00e8s son adolescence, elle aime dessiner et peindre et s&rsquo;int\u00e9resse \u00e0 la communication des formes et des id\u00e9es. En 1977, elle obtient un baccalaur\u00e9at en Communication Arts de l&rsquo;universit\u00e9 Concordia o\u00f9 elle \u00e9tudie la photographie, le film et la t\u00e9l\u00e9vision. Par la suite, elle fait de la photographie et de la production audiovisuelle pour le compte de l&rsquo;Hydro-Qu\u00e9bec. Elle fait au m\u00eame moment de l&rsquo;art \u00e0 l&rsquo;atelier du Fr\u00e8re J\u00e9r\u00f4me (figure marquante de l&rsquo;art abstrait au Qu\u00e9bec). En 1982, elle termine une ma\u00eetrise en administration des affaires avec sp\u00e9cialisation en marketing des HEC Montr\u00e9al. Son parcours l&rsquo;am\u00e8ne \u00e0 analyser, g\u00e9rer et d\u00e9velopper des programmes publics pour les secteurs de la culture et du design. De 2000 \u00e0 2013, elle occupe des postes de direction en \u00e9dition et marketing mondial pour une multinationale en technologie de l&rsquo;information. Au cours de sa vie, elle prend des cours aupr\u00e8s d&rsquo;artistes dans les \u00e9coles, universit\u00e9 (Concordia) et dans diff\u00e9rents centres d&rsquo;art (Saidye Bronfman, Westmount Visual Art Center). En 2013, elle d\u00e9cide de se consacrer enti\u00e8rement \u00e0 son art. Elle poursuit entre autres son exploration en art abstrait avec Sally Cooper du Old Square School \u00e0 Delray en Floride et est repr\u00e9sent\u00e9e par la Galerie Style de vie \u00e0 Delray en 2018-19. Elle poursuit pr\u00e9sentement un perfectionnement intensif de 12 semaines offert par Art2Life sous Nicolas Wilton. Elle aura une exposition solo \u00e0 la biblioth\u00e8que de Saint-Lazare en juin 2022.<\/p>","protected":false},"excerpt":{"rendered":"<p>D\u00e9marche artistique Je peins \u00e0 l&rsquo;acrylique pour sa versatilit\u00e9 et utilise des techniques mixtes qui proviennent de mes enseignements et explorations avec diff\u00e9rents mediums (crayon, fusain, poudre graphite, pastel sec et \u00e0 l\u2019huile, gouache, l&rsquo;aquarelle, l\u2019huile). Bien que j\u2019ai fait du portrait et mod\u00e8le vivant au cours des ans, c\u2019est la peinture abstraite et contemporaine [&hellip;]<\/p>\n","protected":false},"author":1,"featured_media":0,"parent":0,"menu_order":0,"comment_status":"closed","ping_status":"closed","template":"","meta":{"footnotes":""},"class_list":["post-543","page","type-page","status-publish","hentry"],"_links":{"self":[{"href":"https:\/\/routedesartsvaudreuilsoulanges.com\/en\/wp-json\/wp\/v2\/pages\/543","targetHints":{"allow":["GET"]}}],"collection":[{"href":"https:\/\/routedesartsvaudreuilsoulanges.com\/en\/wp-json\/wp\/v2\/pages"}],"about":[{"href":"https:\/\/routedesartsvaudreuilsoulanges.com\/en\/wp-json\/wp\/v2\/types\/page"}],"author":[{"embeddable":true,"href":"https:\/\/routedesartsvaudreuilsoulanges.com\/en\/wp-json\/wp\/v2\/users\/1"}],"replies":[{"embeddable":true,"href":"https:\/\/routedesartsvaudreuilsoulanges.com\/en\/wp-json\/wp\/v2\/comments?post=543"}],"version-history":[{"count":5,"href":"https:\/\/routedesartsvaudreuilsoulanges.com\/en\/wp-json\/wp\/v2\/pages\/543\/revisions"}],"predecessor-version":[{"id":2289,"href":"https:\/\/routedesartsvaudreuilsoulanges.com\/en\/wp-json\/wp\/v2\/pages\/543\/revisions\/2289"}],"wp:attachment":[{"href":"https:\/\/routedesartsvaudreuilsoulanges.com\/en\/wp-json\/wp\/v2\/media?parent=543"}],"curies":[{"name":"wp","href":"https:\/\/api.w.org\/{rel}","templated":true}]}}