{"id":549,"date":"2022-05-09T17:53:41","date_gmt":"2022-05-09T22:53:41","guid":{"rendered":"https:\/\/routedesartsvaudreuilsoulanges.com\/?page_id=549"},"modified":"2025-04-22T21:13:52","modified_gmt":"2025-04-23T02:13:52","slug":"claire-boule","status":"publish","type":"page","link":"https:\/\/routedesartsvaudreuilsoulanges.com\/en\/claire-boule\/","title":{"rendered":"2022 Claire Boul\u00e9"},"content":{"rendered":"<figure class=\"wp-block-image size-full is-resized\"><img loading=\"lazy\" decoding=\"async\" src=\"https:\/\/routedesartsvaudreuilsoulanges.com\/wp-content\/uploads\/2022\/05\/artiste-auteur-peintre-talents-d-ici-vaudreuil-soulanges-st-lazare-claire-boul-0_orig.jpg\" alt=\"\" class=\"wp-image-405\" width=\"275\" height=\"329\"\/><figcaption>Claire Boul\u00e9<\/figcaption><\/figure>\n\n\n\n<div class=\"wp-block-buttons is-layout-flex wp-block-buttons-is-layout-flex\">\n<div class=\"wp-block-button\"><a class=\"wp-block-button__link\" href=\"https:\/\/espaceclaire.ca\" target=\"_blank\" rel=\"noreferrer noopener\">Site web: espaceclaire.ca<\/a><\/div>\n\n\n\n<div class=\"wp-block-button\"><a class=\"wp-block-button__link\" href=\"https:\/\/www.facebook.com\/claire.boule.3\/\" target=\"_blank\" rel=\"noreferrer noopener\">Facebook<\/a><\/div>\n<\/div>\n\n\n\n<div style=\"height:57px\" aria-hidden=\"true\" class=\"wp-block-spacer\"><\/div>\n\n\n\n<p><strong>D\u00e9marche artistique<\/strong><\/p>\n\n\n\n<p>L&rsquo;espace que j&rsquo;ai voulu cr\u00e9er \u00e0 travers les diff\u00e9rents m\u00e9diums explor\u00e9s (sanguine, aquarelle, huile sur papier, acrylique et peinture sur fibres) refl\u00e8te l&rsquo;orientation de ma d\u00e9marche artistique. Cette d\u00e9marche se veut l&rsquo;expression d&rsquo;une exp\u00e9rience onirique et po\u00e9tique.<\/p>\n\n\n\n<p>La toile ou la p\u00e2te de fibres est d&rsquo;abord pour moi le lieu d&rsquo;une construction. Je suis souvent inspir\u00e9e par les motifs d&rsquo;un paysage que je r\u00e9interpr\u00e8te. J&rsquo;\u00e9tablis en premier les grandes lignes de la composition: elles servent de fondement aux formes qui surgissent ensuite comme des rappels qui organisent progressivement l&rsquo;oeuvre, inscrivant des directions, un mouvement.<\/p>\n\n\n\n<p>Le travail sur fibres m&rsquo;a amen\u00e9e \u00e0 faire l&rsquo;exp\u00e9rience du geste spontan\u00e9 qui lib\u00e8re l&rsquo;imaginaire et donne plus de place \u00e0 l&rsquo;inconscient. En combinant acrylique et peinture sur fibres, je me suis orient\u00e9e tout naturellement vers les techniques mixtes.<\/p>\n\n\n\n<p>La peinture sur fibres telles que le coton, l&rsquo;abaca, le kozo ou tout autre v\u00e9g\u00e9tal est un m\u00e9dium encore peu connu, permettant d&rsquo;int\u00e9grer des pigments et des mat\u00e9riaux divers dans la p\u00e2te mouill\u00e9e form\u00e9e par les fibres v\u00e9g\u00e9tales. On peut creuser des d\u00e9pressions dans la p\u00e2te, y cr\u00e9er des volumes. Superposer les \u00e9paisseurs entre les s\u00e9chages, surtout pour les fibres d&rsquo;abaca. La p\u00e2te de fibres s\u00e9chant \u00e0 l&rsquo;air libre sans \u00eatre pass\u00e9e sous la presse produit un papier qui, selon le travail de l&rsquo;artiste, pourra devenir une oeuvre en relief ou m\u00eame une sculpture en trois dimensions.<\/p>\n\n\n\n<figure class=\"wp-block-gallery has-nested-images columns-default is-cropped wp-block-gallery-1 is-layout-flex wp-block-gallery-is-layout-flex\">\n<figure class=\"wp-block-image size-large\"><img loading=\"lazy\" decoding=\"async\" width=\"1200\" height=\"1600\" data-id=\"406\" src=\"https:\/\/routedesartsvaudreuilsoulanges.com\/wp-content\/uploads\/2022\/05\/Boule-2022-1.-peinture-sur-fibres.jpg\" alt=\"\" class=\"wp-image-406\" srcset=\"https:\/\/routedesartsvaudreuilsoulanges.com\/wp-content\/uploads\/2022\/05\/Boule-2022-1.-peinture-sur-fibres.jpg 1200w, https:\/\/routedesartsvaudreuilsoulanges.com\/wp-content\/uploads\/2022\/05\/Boule-2022-1.-peinture-sur-fibres-225x300.jpg 225w, https:\/\/routedesartsvaudreuilsoulanges.com\/wp-content\/uploads\/2022\/05\/Boule-2022-1.-peinture-sur-fibres-768x1024.jpg 768w, https:\/\/routedesartsvaudreuilsoulanges.com\/wp-content\/uploads\/2022\/05\/Boule-2022-1.-peinture-sur-fibres-1152x1536.jpg 1152w, https:\/\/routedesartsvaudreuilsoulanges.com\/wp-content\/uploads\/2022\/05\/Boule-2022-1.-peinture-sur-fibres-480x640.jpg 480w\" sizes=\"auto, (max-width: 1200px) 100vw, 1200px\" \/><\/figure>\n\n\n\n<figure class=\"wp-block-image size-large\"><img loading=\"lazy\" decoding=\"async\" width=\"1280\" height=\"1259\" data-id=\"410\" src=\"https:\/\/routedesartsvaudreuilsoulanges.com\/wp-content\/uploads\/2022\/05\/Boule2022-5.-Collage-sur-toile.jpg\" alt=\"\" class=\"wp-image-410\" srcset=\"https:\/\/routedesartsvaudreuilsoulanges.com\/wp-content\/uploads\/2022\/05\/Boule2022-5.-Collage-sur-toile.jpg 1280w, https:\/\/routedesartsvaudreuilsoulanges.com\/wp-content\/uploads\/2022\/05\/Boule2022-5.-Collage-sur-toile-300x295.jpg 300w, https:\/\/routedesartsvaudreuilsoulanges.com\/wp-content\/uploads\/2022\/05\/Boule2022-5.-Collage-sur-toile-1024x1007.jpg 1024w, https:\/\/routedesartsvaudreuilsoulanges.com\/wp-content\/uploads\/2022\/05\/Boule2022-5.-Collage-sur-toile-768x755.jpg 768w\" sizes=\"auto, (max-width: 1280px) 100vw, 1280px\" \/><\/figure>\n\n\n\n<figure class=\"wp-block-image size-large\"><img loading=\"lazy\" decoding=\"async\" width=\"1280\" height=\"1280\" data-id=\"409\" src=\"https:\/\/routedesartsvaudreuilsoulanges.com\/wp-content\/uploads\/2022\/05\/Boule2022-4.-Collage-sur-toile..jpg\" alt=\"\" class=\"wp-image-409\" srcset=\"https:\/\/routedesartsvaudreuilsoulanges.com\/wp-content\/uploads\/2022\/05\/Boule2022-4.-Collage-sur-toile..jpg 1280w, https:\/\/routedesartsvaudreuilsoulanges.com\/wp-content\/uploads\/2022\/05\/Boule2022-4.-Collage-sur-toile.-300x300.jpg 300w, https:\/\/routedesartsvaudreuilsoulanges.com\/wp-content\/uploads\/2022\/05\/Boule2022-4.-Collage-sur-toile.-1024x1024.jpg 1024w, https:\/\/routedesartsvaudreuilsoulanges.com\/wp-content\/uploads\/2022\/05\/Boule2022-4.-Collage-sur-toile.-150x150.jpg 150w, https:\/\/routedesartsvaudreuilsoulanges.com\/wp-content\/uploads\/2022\/05\/Boule2022-4.-Collage-sur-toile.-768x768.jpg 768w\" sizes=\"auto, (max-width: 1280px) 100vw, 1280px\" \/><\/figure>\n\n\n\n<figure class=\"wp-block-image size-large\"><img loading=\"lazy\" decoding=\"async\" width=\"1200\" height=\"948\" data-id=\"408\" src=\"https:\/\/routedesartsvaudreuilsoulanges.com\/wp-content\/uploads\/2022\/05\/Boule2022-3.-fibres-de-coton-sur-agglomere.jpg\" alt=\"\" class=\"wp-image-408\" srcset=\"https:\/\/routedesartsvaudreuilsoulanges.com\/wp-content\/uploads\/2022\/05\/Boule2022-3.-fibres-de-coton-sur-agglomere.jpg 1200w, https:\/\/routedesartsvaudreuilsoulanges.com\/wp-content\/uploads\/2022\/05\/Boule2022-3.-fibres-de-coton-sur-agglomere-300x237.jpg 300w, https:\/\/routedesartsvaudreuilsoulanges.com\/wp-content\/uploads\/2022\/05\/Boule2022-3.-fibres-de-coton-sur-agglomere-1024x809.jpg 1024w, https:\/\/routedesartsvaudreuilsoulanges.com\/wp-content\/uploads\/2022\/05\/Boule2022-3.-fibres-de-coton-sur-agglomere-768x607.jpg 768w\" sizes=\"auto, (max-width: 1200px) 100vw, 1200px\" \/><\/figure>\n\n\n\n<figure class=\"wp-block-image size-large\"><img loading=\"lazy\" decoding=\"async\" width=\"1200\" height=\"783\" data-id=\"407\" src=\"https:\/\/routedesartsvaudreuilsoulanges.com\/wp-content\/uploads\/2022\/05\/Boule2022-2.-fibres-de-coton-sur-agglomere.jpg\" alt=\"\" class=\"wp-image-407\" srcset=\"https:\/\/routedesartsvaudreuilsoulanges.com\/wp-content\/uploads\/2022\/05\/Boule2022-2.-fibres-de-coton-sur-agglomere.jpg 1200w, https:\/\/routedesartsvaudreuilsoulanges.com\/wp-content\/uploads\/2022\/05\/Boule2022-2.-fibres-de-coton-sur-agglomere-300x196.jpg 300w, https:\/\/routedesartsvaudreuilsoulanges.com\/wp-content\/uploads\/2022\/05\/Boule2022-2.-fibres-de-coton-sur-agglomere-1024x668.jpg 1024w, https:\/\/routedesartsvaudreuilsoulanges.com\/wp-content\/uploads\/2022\/05\/Boule2022-2.-fibres-de-coton-sur-agglomere-768x501.jpg 768w\" sizes=\"auto, (max-width: 1200px) 100vw, 1200px\" \/><\/figure>\n<\/figure>\n\n\n\n<div style=\"height:59px\" aria-hidden=\"true\" class=\"wp-block-spacer\"><\/div>\n\n\n\n<p><strong>Biographie<\/strong><\/p>\n\n\n\n<p>Je suis n\u00e9e et j&rsquo;ai grandi \u00e0 Qu\u00e9bec. J&rsquo;ai fait des \u00e9tudes de Lettres \u00e0 l&rsquo;Universit\u00e9 Laval, puis \u00e0 Montr\u00e9al. J&rsquo;ai ensuite enseign\u00e9 la litt\u00e9rature aux \u00c9tats-Unis (niveau universitaire), puis au coll\u00e9gial, \u00e0 Saguenay et finalement en Outaouais. Parall\u00e8lement \u00e0 ma carri\u00e8re d&rsquo;enseignante, j&rsquo;ai suivi des cours \u00e0 l&rsquo;\u00c9cole d&rsquo;art d&rsquo;Ottawa de 1980 \u00e0 2010 et abord\u00e9 diff\u00e9rents m\u00e9diums. En 1990-1991, lors d&rsquo;un s\u00e9jour en France, j&rsquo;ai eu l&rsquo;occasion d&rsquo;ajouter \u00e0 ma formation des cours en acrylique et en huile sur papier \u00e0 l&rsquo; \u00c9cole des beaux-arts de Besan\u00e7on. En 2008, je me suis m\u00e9rit\u00e9e la Bourse Ted Marshall de l&rsquo;\u00c9cole d&rsquo;art d&rsquo;Ottawa, en reconnaissance du m\u00e9rite artistique et de l&rsquo;expression de la vie par les arts visuels.<\/p>","protected":false},"excerpt":{"rendered":"<p>D\u00e9marche artistique L&rsquo;espace que j&rsquo;ai voulu cr\u00e9er \u00e0 travers les diff\u00e9rents m\u00e9diums explor\u00e9s (sanguine, aquarelle, huile sur papier, acrylique et peinture sur fibres) refl\u00e8te l&rsquo;orientation de ma d\u00e9marche artistique. Cette d\u00e9marche se veut l&rsquo;expression d&rsquo;une exp\u00e9rience onirique et po\u00e9tique. La toile ou la p\u00e2te de fibres est d&rsquo;abord pour moi le lieu d&rsquo;une construction. Je [&hellip;]<\/p>\n","protected":false},"author":1,"featured_media":0,"parent":0,"menu_order":0,"comment_status":"closed","ping_status":"closed","template":"","meta":{"footnotes":""},"class_list":["post-549","page","type-page","status-publish","hentry"],"_links":{"self":[{"href":"https:\/\/routedesartsvaudreuilsoulanges.com\/en\/wp-json\/wp\/v2\/pages\/549","targetHints":{"allow":["GET"]}}],"collection":[{"href":"https:\/\/routedesartsvaudreuilsoulanges.com\/en\/wp-json\/wp\/v2\/pages"}],"about":[{"href":"https:\/\/routedesartsvaudreuilsoulanges.com\/en\/wp-json\/wp\/v2\/types\/page"}],"author":[{"embeddable":true,"href":"https:\/\/routedesartsvaudreuilsoulanges.com\/en\/wp-json\/wp\/v2\/users\/1"}],"replies":[{"embeddable":true,"href":"https:\/\/routedesartsvaudreuilsoulanges.com\/en\/wp-json\/wp\/v2\/comments?post=549"}],"version-history":[{"count":2,"href":"https:\/\/routedesartsvaudreuilsoulanges.com\/en\/wp-json\/wp\/v2\/pages\/549\/revisions"}],"predecessor-version":[{"id":2269,"href":"https:\/\/routedesartsvaudreuilsoulanges.com\/en\/wp-json\/wp\/v2\/pages\/549\/revisions\/2269"}],"wp:attachment":[{"href":"https:\/\/routedesartsvaudreuilsoulanges.com\/en\/wp-json\/wp\/v2\/media?parent=549"}],"curies":[{"name":"wp","href":"https:\/\/api.w.org\/{rel}","templated":true}]}}