{"id":551,"date":"2022-05-09T18:05:40","date_gmt":"2022-05-09T23:05:40","guid":{"rendered":"https:\/\/routedesartsvaudreuilsoulanges.com\/?page_id=551"},"modified":"2025-04-22T21:27:49","modified_gmt":"2025-04-23T02:27:49","slug":"sebastien-borduas","status":"publish","type":"page","link":"https:\/\/routedesartsvaudreuilsoulanges.com\/en\/sebastien-borduas\/","title":{"rendered":"2022 S\u00e9bastien Borduas"},"content":{"rendered":"<figure class=\"wp-block-image size-large is-resized\"><img loading=\"lazy\" decoding=\"async\" src=\"https:\/\/routedesartsvaudreuilsoulanges.com\/wp-content\/uploads\/2022\/05\/sebastienB-802x1024.jpg\" alt=\"\" class=\"wp-image-490\" width=\"285\" height=\"364\" srcset=\"https:\/\/routedesartsvaudreuilsoulanges.com\/wp-content\/uploads\/2022\/05\/sebastienB-802x1024.jpg 802w, https:\/\/routedesartsvaudreuilsoulanges.com\/wp-content\/uploads\/2022\/05\/sebastienB-235x300.jpg 235w, https:\/\/routedesartsvaudreuilsoulanges.com\/wp-content\/uploads\/2022\/05\/sebastienB-768x981.jpg 768w, https:\/\/routedesartsvaudreuilsoulanges.com\/wp-content\/uploads\/2022\/05\/sebastienB.jpg 1002w\" sizes=\"auto, (max-width: 285px) 100vw, 285px\" \/><figcaption>S\u00e9bastien Borduas<\/figcaption><\/figure>\n\n\n\n<div class=\"wp-block-buttons is-layout-flex wp-block-buttons-is-layout-flex\">\n<div class=\"wp-block-button\"><a class=\"wp-block-button__link\" href=\"https:\/\/sebastienborduas.com\" target=\"_blank\" rel=\"noreferrer noopener\">Site web: sebastienborduas.com<\/a><\/div>\n\n\n\n<div class=\"wp-block-button\"><a class=\"wp-block-button__link\" href=\"https:\/\/www.instagram.com\/sebastienborduas_art\/?hl=fr\" target=\"_blank\" rel=\"noreferrer noopener\">Instagram<\/a><\/div>\n<\/div>\n\n\n\n<div style=\"height:56px\" aria-hidden=\"true\" class=\"wp-block-spacer\"><\/div>\n\n\n\n<p><strong>D\u00e9marche artistique<\/strong><\/p>\n\n\n\n<p>Interpell\u00e9 par les comportements humains, sa d\u00e9marche sculpturale et picturale l\u2019am\u00e8ne \u00e0 explorer diff\u00e9rents aspects caract\u00e9risant l\u2019Homme dans sa relation avec ses semblables et son environnement. D\u2019un simple clin d&rsquo;oeil \u00e0 l&rsquo;actualit\u00e9, \u00e0 l\u2019\u00e9vocation d\u2019une \u00e9motion, ses th\u00e8mes sont empreints de po\u00e9sie, d&rsquo;humour et parfois m\u00eame d&rsquo;une pointe de na\u00efvet\u00e9.<\/p>\n\n\n\n<p>Influenc\u00e9 par le mouvement des Automatistes, son aspiration \u00e0 cr\u00e9er des \u0153uvres libres et honn\u00eates le pousse, tr\u00e8s t\u00f4t, \u00e0 parfaire sa m\u00e9thode de travail. D&rsquo;un geste libre et assum\u00e9, la toile se rempli de traits, de courbes et de taches, al\u00e9atoirement dispos\u00e9es, de mani\u00e8re \u00e0 figer l\u2019inspiration du moment. Ainsi, les sujets surgissent, les couleurs s&rsquo;agencent et le th\u00e8me se r\u00e9v\u00e8le peu \u00e0 peu. Ses \u0153uvres picturales sont fortement marqu\u00e9es par la p\u00e9riode Cubiste de Picasso et de Braque. Par les couleurs et les formes utilis\u00e9es, il fait aussi r\u00e9f\u00e9rence aux courants artistiques des fauvistes et des expressionnistes du d\u00e9but du si\u00e8cle. Travaillant surtout \u00e0 l\u2019acrylique pour sa rapidit\u00e9 de s\u00e9chage, ce m\u00e9dium est tout d\u00e9sign\u00e9 \u00e0 l\u2019ex\u00e9cution spontan\u00e9e de ses tableaux.<\/p>\n\n\n\n<p>Tout comme dans le processus cr\u00e9atif utilis\u00e9 dans sa peinture, ses \u0153uvres sculpturales prennent naissance \u00e0 partir de lignes et de formes sugg\u00e9r\u00e9es, en tout ou en partie, par des objets. L&rsquo;utilisation d&rsquo;objets usuels comme la fermeture \u00e9clair ou la simple poign\u00e9e de porte n&rsquo;est pas sans rappeler les Ready-made de Marcel Duchamp, pr\u00e9curseur de l&rsquo;art actuel. Sortis de leur contexte usuel, il les met en sc\u00e8ne en les personnifiant selon le th\u00e8me qu&rsquo;ils inspirent. Ses \u0153uvres sont ainsi nourries par le g\u00e9nie cr\u00e9atif de l&rsquo;Homme.<\/p>\n\n\n\n<p>L&rsquo;utilisation de ces objets n&rsquo;est pas vide de sens puisque, omnipr\u00e9sents dans notre quotidien, ils deviennent des t\u00e9moins importants de la vraie nature de l&rsquo;Homme, d\u00e9pouill\u00e9e de ses artifices et de ses tabous.<\/p>\n\n\n\n<p>De bois, de toile, de r\u00e9sine, ses r\u00e9alisations peuvent prendre forme \u00e0 partir de divers proc\u00e9d\u00e9s. Elles sont toujours cr\u00e9\u00e9es avec authenticit\u00e9, cette derni\u00e8re \u00e9tant pour lui un gage indispensable de la r\u00e9ussite d\u2019une \u0153uvre.<\/p>\n\n\n\n<figure class=\"wp-block-gallery has-nested-images columns-default is-cropped wp-block-gallery-1 is-layout-flex wp-block-gallery-is-layout-flex\">\n<figure class=\"wp-block-image size-large\"><img loading=\"lazy\" decoding=\"async\" width=\"1024\" height=\"810\" data-id=\"489\" src=\"https:\/\/routedesartsvaudreuilsoulanges.com\/wp-content\/uploads\/2022\/05\/image4.jpeg\" alt=\"\" class=\"wp-image-489\" srcset=\"https:\/\/routedesartsvaudreuilsoulanges.com\/wp-content\/uploads\/2022\/05\/image4.jpeg 1024w, https:\/\/routedesartsvaudreuilsoulanges.com\/wp-content\/uploads\/2022\/05\/image4-300x237.jpeg 300w, https:\/\/routedesartsvaudreuilsoulanges.com\/wp-content\/uploads\/2022\/05\/image4-768x608.jpeg 768w\" sizes=\"auto, (max-width: 1024px) 100vw, 1024px\" \/><\/figure>\n\n\n\n<figure class=\"wp-block-image size-large\"><img loading=\"lazy\" decoding=\"async\" width=\"1280\" height=\"1262\" data-id=\"488\" src=\"https:\/\/routedesartsvaudreuilsoulanges.com\/wp-content\/uploads\/2022\/05\/image3.jpeg\" alt=\"\" class=\"wp-image-488\" srcset=\"https:\/\/routedesartsvaudreuilsoulanges.com\/wp-content\/uploads\/2022\/05\/image3.jpeg 1280w, https:\/\/routedesartsvaudreuilsoulanges.com\/wp-content\/uploads\/2022\/05\/image3-300x296.jpeg 300w, https:\/\/routedesartsvaudreuilsoulanges.com\/wp-content\/uploads\/2022\/05\/image3-1024x1010.jpeg 1024w, https:\/\/routedesartsvaudreuilsoulanges.com\/wp-content\/uploads\/2022\/05\/image3-768x757.jpeg 768w\" sizes=\"auto, (max-width: 1280px) 100vw, 1280px\" \/><\/figure>\n\n\n\n<figure class=\"wp-block-image size-large\"><img loading=\"lazy\" decoding=\"async\" width=\"1024\" height=\"816\" data-id=\"487\" src=\"https:\/\/routedesartsvaudreuilsoulanges.com\/wp-content\/uploads\/2022\/05\/image2.jpeg\" alt=\"\" class=\"wp-image-487\" srcset=\"https:\/\/routedesartsvaudreuilsoulanges.com\/wp-content\/uploads\/2022\/05\/image2.jpeg 1024w, https:\/\/routedesartsvaudreuilsoulanges.com\/wp-content\/uploads\/2022\/05\/image2-300x239.jpeg 300w, https:\/\/routedesartsvaudreuilsoulanges.com\/wp-content\/uploads\/2022\/05\/image2-768x612.jpeg 768w\" sizes=\"auto, (max-width: 1024px) 100vw, 1024px\" \/><\/figure>\n\n\n\n<figure class=\"wp-block-image size-large\"><img loading=\"lazy\" decoding=\"async\" width=\"1280\" height=\"1276\" data-id=\"486\" src=\"https:\/\/routedesartsvaudreuilsoulanges.com\/wp-content\/uploads\/2022\/05\/image1.jpeg\" alt=\"\" class=\"wp-image-486\" srcset=\"https:\/\/routedesartsvaudreuilsoulanges.com\/wp-content\/uploads\/2022\/05\/image1.jpeg 1280w, https:\/\/routedesartsvaudreuilsoulanges.com\/wp-content\/uploads\/2022\/05\/image1-300x300.jpeg 300w, https:\/\/routedesartsvaudreuilsoulanges.com\/wp-content\/uploads\/2022\/05\/image1-1024x1021.jpeg 1024w, https:\/\/routedesartsvaudreuilsoulanges.com\/wp-content\/uploads\/2022\/05\/image1-150x150.jpeg 150w, https:\/\/routedesartsvaudreuilsoulanges.com\/wp-content\/uploads\/2022\/05\/image1-768x766.jpeg 768w\" sizes=\"auto, (max-width: 1280px) 100vw, 1280px\" \/><\/figure>\n\n\n\n<figure class=\"wp-block-image size-large\"><img loading=\"lazy\" decoding=\"async\" width=\"1274\" height=\"1280\" data-id=\"485\" src=\"https:\/\/routedesartsvaudreuilsoulanges.com\/wp-content\/uploads\/2022\/05\/image0.jpeg\" alt=\"\" class=\"wp-image-485\" srcset=\"https:\/\/routedesartsvaudreuilsoulanges.com\/wp-content\/uploads\/2022\/05\/image0.jpeg 1274w, https:\/\/routedesartsvaudreuilsoulanges.com\/wp-content\/uploads\/2022\/05\/image0-300x300.jpeg 300w, https:\/\/routedesartsvaudreuilsoulanges.com\/wp-content\/uploads\/2022\/05\/image0-1019x1024.jpeg 1019w, https:\/\/routedesartsvaudreuilsoulanges.com\/wp-content\/uploads\/2022\/05\/image0-150x150.jpeg 150w, https:\/\/routedesartsvaudreuilsoulanges.com\/wp-content\/uploads\/2022\/05\/image0-768x772.jpeg 768w\" sizes=\"auto, (max-width: 1274px) 100vw, 1274px\" \/><\/figure>\n<\/figure>\n\n\n\n<div style=\"height:56px\" aria-hidden=\"true\" class=\"wp-block-spacer\"><\/div>\n\n\n\n<p><strong>Biographie<\/strong><\/p>\n\n\n\n<p>N\u00e9 \u00e0 Montr\u00e9al en 1975, S\u00e9bastien poursuit depuis plusieurs ann\u00e9es sa recherche d\u2019une esth\u00e9tique<br>pour repr\u00e9senter sa vision du monde. De danseur \u00e0 musicien, d&rsquo;\u00e9b\u00e9niste \u00e0 artiste visuel, ses multiples exp\u00e9riences ont su modeler et bonifier la richesse de son travail d\u2019artiste peintre et sculpteur.<\/p>\n\n\n\n<p>Apr\u00e8s avoir compl\u00e9t\u00e9 ses \u00e9tudes en art visuel et en musique, l&rsquo;attrait pour le design et l&rsquo;architecture le conduit plus tard vers l\u2019\u00c9cole du meuble de Montr\u00e9al o\u00f9 il entreprendra des \u00e9tudes en \u00e9b\u00e9nisterie.<br>Depuis 2013, il partage son temps entre la cr\u00e9ation artistique et son emploi de technicien en travaux pratiques au d\u00e9partement de sciences d&rsquo;un coll\u00e8ge priv\u00e9. Chaque jour, il se plait \u00e0 constater toute la compl\u00e9mentarit\u00e9 qui existe entre les arts et les sciences.<\/p>\n\n\n\n<p>Son univers teint\u00e9 d&rsquo;altruisme prend forme \u00e0 partir de diff\u00e9rents mat\u00e9riaux ou proc\u00e9d\u00e9s rendant ainsi hommage \u00e0 la race humaine dans toute sa beaut\u00e9 et sa complexit\u00e9.<\/p>","protected":false},"excerpt":{"rendered":"<p>D\u00e9marche artistique Interpell\u00e9 par les comportements humains, sa d\u00e9marche sculpturale et picturale l\u2019am\u00e8ne \u00e0 explorer diff\u00e9rents aspects caract\u00e9risant l\u2019Homme dans sa relation avec ses semblables et son environnement. D\u2019un simple clin d&rsquo;oeil \u00e0 l&rsquo;actualit\u00e9, \u00e0 l\u2019\u00e9vocation d\u2019une \u00e9motion, ses th\u00e8mes sont empreints de po\u00e9sie, d&rsquo;humour et parfois m\u00eame d&rsquo;une pointe de na\u00efvet\u00e9. Influenc\u00e9 par le [&hellip;]<\/p>\n","protected":false},"author":1,"featured_media":0,"parent":0,"menu_order":0,"comment_status":"closed","ping_status":"closed","template":"","meta":{"footnotes":""},"class_list":["post-551","page","type-page","status-publish","hentry"],"_links":{"self":[{"href":"https:\/\/routedesartsvaudreuilsoulanges.com\/en\/wp-json\/wp\/v2\/pages\/551","targetHints":{"allow":["GET"]}}],"collection":[{"href":"https:\/\/routedesartsvaudreuilsoulanges.com\/en\/wp-json\/wp\/v2\/pages"}],"about":[{"href":"https:\/\/routedesartsvaudreuilsoulanges.com\/en\/wp-json\/wp\/v2\/types\/page"}],"author":[{"embeddable":true,"href":"https:\/\/routedesartsvaudreuilsoulanges.com\/en\/wp-json\/wp\/v2\/users\/1"}],"replies":[{"embeddable":true,"href":"https:\/\/routedesartsvaudreuilsoulanges.com\/en\/wp-json\/wp\/v2\/comments?post=551"}],"version-history":[{"count":4,"href":"https:\/\/routedesartsvaudreuilsoulanges.com\/en\/wp-json\/wp\/v2\/pages\/551\/revisions"}],"predecessor-version":[{"id":2301,"href":"https:\/\/routedesartsvaudreuilsoulanges.com\/en\/wp-json\/wp\/v2\/pages\/551\/revisions\/2301"}],"wp:attachment":[{"href":"https:\/\/routedesartsvaudreuilsoulanges.com\/en\/wp-json\/wp\/v2\/media?parent=551"}],"curies":[{"name":"wp","href":"https:\/\/api.w.org\/{rel}","templated":true}]}}