{"id":558,"date":"2022-05-09T18:23:02","date_gmt":"2022-05-09T23:23:02","guid":{"rendered":"https:\/\/routedesartsvaudreuilsoulanges.com\/?page_id=558"},"modified":"2025-04-22T21:18:00","modified_gmt":"2025-04-23T02:18:00","slug":"marie-jose-gelinas","status":"publish","type":"page","link":"https:\/\/routedesartsvaudreuilsoulanges.com\/en\/marie-jose-gelinas\/","title":{"rendered":"2022 Marie Jos\u00e9 G\u00e9linas"},"content":{"rendered":"<figure class=\"wp-block-image size-full is-resized\"><img loading=\"lazy\" decoding=\"async\" src=\"https:\/\/routedesartsvaudreuilsoulanges.com\/wp-content\/uploads\/2022\/05\/mariejoseegelinas.jpg\" alt=\"\" class=\"wp-image-431\" width=\"269\" height=\"323\"\/><figcaption>Marie Jos\u00e9 G\u00e9linas<\/figcaption><\/figure>\n\n\n\n<div class=\"wp-block-buttons is-layout-flex wp-block-buttons-is-layout-flex\">\n<div class=\"wp-block-button\"><a class=\"wp-block-button__link\" href=\"https:\/\/mjsandbox.com\" target=\"_blank\" rel=\"noreferrer noopener\">Site web: mjsandbox.com<\/a><\/div>\n\n\n\n<div class=\"wp-block-button\"><a class=\"wp-block-button__link\" href=\"https:\/\/www.facebook.com\/mjsandbox\" target=\"_blank\" rel=\"noreferrer noopener\">Facebook<\/a><\/div>\n\n\n\n<div class=\"wp-block-button\"><a class=\"wp-block-button__link\" href=\"https:\/\/www.instagram.com\/mariejosegelinas\" target=\"_blank\" rel=\"noreferrer noopener\">Instagram<\/a><\/div>\n<\/div>\n\n\n\n<div style=\"height:51px\" aria-hidden=\"true\" class=\"wp-block-spacer\"><\/div>\n\n\n\n<p><strong>D\u00e9marche artistique<\/strong><\/p>\n\n\n\n<p>Je suis avant tout une peintre de paysages. Au d\u00e9but de ma carri\u00e8re, je peignais des tableaux impressionnistes \u00e0 l\u2019huile, inspir\u00e9es d\u2019endroits qui m\u2019\u00e9taient chers.<\/p>\n\n\n\n<p>Avec le temps, je suis devenue captiv\u00e9e par les textures observ\u00e9es dans la nature. J\u2019ai commenc\u00e9 \u00e0 utiliser de la peinture acrylique, et \u00e0 incorporer des mati\u00e8res qui traduisaient la sensation de profondeur et de dimension des \u00e9l\u00e9ments naturels. En ajoutant des mati\u00e8res recycl\u00e9es \u00e0 ma peinture, j\u2019ai peint de l\u2019\u00e9corce, des roches et rochers stratifi\u00e9s, des branches d\u2019arbres recouvertes de glace et des berges accident\u00e9es.<\/p>\n\n\n\n<p>Au fil du temps et de ma pratique, je me suis rendue compte que ma source d\u2019inspiration \u00e9tait en fait les \u00e9motions \u00e9veill\u00e9es par le milieu naturel o\u00f9 je me trouvais, et non les \u00e9l\u00e9ments du paysage comme tels. Je ne suis rendue compte que je voulais exprimer l\u2019\u00e9nergie de la transformation, l\u2019espoir essentiel \u00e0 la nature cyclique de tout ce qui nous entoure, et le mouvement constant g\u00e9n\u00e9r\u00e9 par ces cycles.<\/p>\n\n\n\n<p>Mon art a \u00e9volu\u00e9. Maintenant, je cr\u00e9e des interpr\u00e9tations de plus en plus abstraites des paysages qui m\u2019inspirent. Le processus d\u2019abstraction me permet de distiller l\u2019essentiel de ma connection.<\/p>\n\n\n\n<p>Gr\u00e2ce \u00e0 cette \u00e9volution, j\u2019ai appris que l\u2019histoire que raconte la nature est aussi la mienne. Dans la nature, je suis t\u00e9moin. Le paysage m\u2019entoure, mais il vient aussi chercher la partie de moi qui appartient ici. Me retrouver dans la nature me rappelle mon appartenance, ici et maintenant. O\u00f9 que je sois dans le monde naturel, je peux reprendre ce fil qui me relie \u00e0 mon paysage int\u00e9rieur.<\/p>\n\n\n\n<figure class=\"wp-block-gallery has-nested-images columns-default is-cropped wp-block-gallery-1 is-layout-flex wp-block-gallery-is-layout-flex\">\n<figure class=\"wp-block-image size-large\"><img loading=\"lazy\" decoding=\"async\" width=\"480\" height=\"598\" data-id=\"430\" src=\"https:\/\/routedesartsvaudreuilsoulanges.com\/wp-content\/uploads\/2022\/05\/GELINAS2022-5.jpg\" alt=\"\" class=\"wp-image-430\" srcset=\"https:\/\/routedesartsvaudreuilsoulanges.com\/wp-content\/uploads\/2022\/05\/GELINAS2022-5.jpg 480w, https:\/\/routedesartsvaudreuilsoulanges.com\/wp-content\/uploads\/2022\/05\/GELINAS2022-5-241x300.jpg 241w\" sizes=\"auto, (max-width: 480px) 100vw, 480px\" \/><\/figure>\n\n\n\n<figure class=\"wp-block-image size-large\"><img loading=\"lazy\" decoding=\"async\" width=\"640\" height=\"475\" data-id=\"429\" src=\"https:\/\/routedesartsvaudreuilsoulanges.com\/wp-content\/uploads\/2022\/05\/GELINAS2022-4.jpg\" alt=\"\" class=\"wp-image-429\" srcset=\"https:\/\/routedesartsvaudreuilsoulanges.com\/wp-content\/uploads\/2022\/05\/GELINAS2022-4.jpg 640w, https:\/\/routedesartsvaudreuilsoulanges.com\/wp-content\/uploads\/2022\/05\/GELINAS2022-4-300x223.jpg 300w\" sizes=\"auto, (max-width: 640px) 100vw, 640px\" \/><\/figure>\n\n\n\n<figure class=\"wp-block-image size-large\"><img loading=\"lazy\" decoding=\"async\" width=\"640\" height=\"475\" data-id=\"428\" src=\"https:\/\/routedesartsvaudreuilsoulanges.com\/wp-content\/uploads\/2022\/05\/GELINAS2022-3.jpg\" alt=\"\" class=\"wp-image-428\" srcset=\"https:\/\/routedesartsvaudreuilsoulanges.com\/wp-content\/uploads\/2022\/05\/GELINAS2022-3.jpg 640w, https:\/\/routedesartsvaudreuilsoulanges.com\/wp-content\/uploads\/2022\/05\/GELINAS2022-3-300x223.jpg 300w\" sizes=\"auto, (max-width: 640px) 100vw, 640px\" \/><\/figure>\n\n\n\n<figure class=\"wp-block-image size-large\"><img loading=\"lazy\" decoding=\"async\" width=\"480\" height=\"582\" data-id=\"427\" src=\"https:\/\/routedesartsvaudreuilsoulanges.com\/wp-content\/uploads\/2022\/05\/GELINAS2022-2.jpg\" alt=\"\" class=\"wp-image-427\" srcset=\"https:\/\/routedesartsvaudreuilsoulanges.com\/wp-content\/uploads\/2022\/05\/GELINAS2022-2.jpg 480w, https:\/\/routedesartsvaudreuilsoulanges.com\/wp-content\/uploads\/2022\/05\/GELINAS2022-2-247x300.jpg 247w\" sizes=\"auto, (max-width: 480px) 100vw, 480px\" \/><\/figure>\n\n\n\n<figure class=\"wp-block-image size-large\"><img loading=\"lazy\" decoding=\"async\" width=\"472\" height=\"640\" data-id=\"426\" src=\"https:\/\/routedesartsvaudreuilsoulanges.com\/wp-content\/uploads\/2022\/05\/GELINAS2022-1.jpg\" alt=\"\" class=\"wp-image-426\" srcset=\"https:\/\/routedesartsvaudreuilsoulanges.com\/wp-content\/uploads\/2022\/05\/GELINAS2022-1.jpg 472w, https:\/\/routedesartsvaudreuilsoulanges.com\/wp-content\/uploads\/2022\/05\/GELINAS2022-1-221x300.jpg 221w\" sizes=\"auto, (max-width: 472px) 100vw, 472px\" \/><\/figure>\n<\/figure>\n\n\n\n<div style=\"height:54px\" aria-hidden=\"true\" class=\"wp-block-spacer\"><\/div>\n\n\n\n<p><strong>Biographie<\/strong><\/p>\n\n\n\n<p>Je suis une artiste visuelle autodidacte. J\u2019ai toujours peint et dessin\u00e9, mais je me d\u00e9voue \u00e0 ma carri\u00e8re artistique depuis 2014.<\/p>\n\n\n\n<p>Motiv\u00e9e par la curiosit\u00e9 et l\u2019expression d\u2019une identit\u00e9 en constante \u00e9volution, j\u2019ai depuis explor\u00e9 divers m\u00e9dias. Au tout d\u00e9but, j\u2019ai appris la peinture \u00e0 l\u2019huile aux ateliers de Manon Labelle \u00e0 Pincourt. Dans l\u2019art, j\u2019ai d\u00e9couvert une fa\u00e7on de me centrer dans une partie de moi-m\u00eame trop longtemps mise de c\u00f4t\u00e9. Allum\u00e9e par la passion que j\u2019ai d\u00e9couvert, j\u2019ai suivi des cours au Centre d\u2019Art de Montr\u00e9al, j\u2019ai particip\u00e9 \u00e0 des ateliers offerts part plusieurs artistes diff\u00e9rent(e)s. J\u2019ai laiss\u00e9 la peinture \u00e0 l\u2019huile et adopt\u00e9 l\u2019acrylique, et j\u2019ai d\u00e9couvert l\u2019incorporation de mati\u00e8res recyclables qui apportent des textures diverses \u00e0 mes ouvrages. L\u2019exploration de la texture et une passion pour les grands contrastes caract\u00e9risent dor\u00e9navant mes oeuvres. \u00c9ventuellement, mon art, quoique toujours inspir\u00e9 par le paysage, est devenu de plus en plus abstrait. Je me suis abonn\u00e9e aux formations de Louise Fletcher, gr\u00e2ce auxquelles je continue d\u2019\u00e9voluer. Huit ans plus tard, je continue \u00e0 explorer une grande diversit\u00e9 de mat\u00e9riaux, mais mon art demeure une expression de ma connexion profonde aux cycles naturels manifest\u00e9s par le paysage qui m\u2019entoure.<\/p>\n\n\n\n<p>L\u2019avenir m\u2019est inconnu, mais une chose est certaine : je d\u00e9sire partager ma d\u00e9couverte avec d\u2019autres.<\/p>","protected":false},"excerpt":{"rendered":"<p>D\u00e9marche artistique Je suis avant tout une peintre de paysages. Au d\u00e9but de ma carri\u00e8re, je peignais des tableaux impressionnistes \u00e0 l\u2019huile, inspir\u00e9es d\u2019endroits qui m\u2019\u00e9taient chers. Avec le temps, je suis devenue captiv\u00e9e par les textures observ\u00e9es dans la nature. J\u2019ai commenc\u00e9 \u00e0 utiliser de la peinture acrylique, et \u00e0 incorporer des mati\u00e8res qui [&hellip;]<\/p>\n","protected":false},"author":1,"featured_media":0,"parent":0,"menu_order":0,"comment_status":"closed","ping_status":"closed","template":"","meta":{"footnotes":""},"class_list":["post-558","page","type-page","status-publish","hentry"],"_links":{"self":[{"href":"https:\/\/routedesartsvaudreuilsoulanges.com\/en\/wp-json\/wp\/v2\/pages\/558","targetHints":{"allow":["GET"]}}],"collection":[{"href":"https:\/\/routedesartsvaudreuilsoulanges.com\/en\/wp-json\/wp\/v2\/pages"}],"about":[{"href":"https:\/\/routedesartsvaudreuilsoulanges.com\/en\/wp-json\/wp\/v2\/types\/page"}],"author":[{"embeddable":true,"href":"https:\/\/routedesartsvaudreuilsoulanges.com\/en\/wp-json\/wp\/v2\/users\/1"}],"replies":[{"embeddable":true,"href":"https:\/\/routedesartsvaudreuilsoulanges.com\/en\/wp-json\/wp\/v2\/comments?post=558"}],"version-history":[{"count":3,"href":"https:\/\/routedesartsvaudreuilsoulanges.com\/en\/wp-json\/wp\/v2\/pages\/558\/revisions"}],"predecessor-version":[{"id":2291,"href":"https:\/\/routedesartsvaudreuilsoulanges.com\/en\/wp-json\/wp\/v2\/pages\/558\/revisions\/2291"}],"wp:attachment":[{"href":"https:\/\/routedesartsvaudreuilsoulanges.com\/en\/wp-json\/wp\/v2\/media?parent=558"}],"curies":[{"name":"wp","href":"https:\/\/api.w.org\/{rel}","templated":true}]}}