{"id":950,"date":"2023-05-25T20:02:51","date_gmt":"2023-05-26T01:02:51","guid":{"rendered":"https:\/\/routedesartsvaudreuilsoulanges.com\/?page_id=950"},"modified":"2025-04-22T21:17:33","modified_gmt":"2025-04-23T02:17:33","slug":"lorraine-bouchard-23","status":"publish","type":"page","link":"https:\/\/routedesartsvaudreuilsoulanges.com\/en\/lorraine-bouchard-23\/","title":{"rendered":"2023 LORRAINE BOUCHARD"},"content":{"rendered":"<figure class=\"wp-block-image size-full is-resized\"><img loading=\"lazy\" decoding=\"async\" src=\"https:\/\/routedesartsvaudreuilsoulanges.com\/wp-content\/uploads\/2023\/07\/IMG_2055.jpg\" alt=\"\" class=\"wp-image-1408\" width=\"268\" height=\"346\" srcset=\"https:\/\/routedesartsvaudreuilsoulanges.com\/wp-content\/uploads\/2023\/07\/IMG_2055.jpg 495w, https:\/\/routedesartsvaudreuilsoulanges.com\/wp-content\/uploads\/2023\/07\/IMG_2055-232x300.jpg 232w\" sizes=\"auto, (max-width: 268px) 100vw, 268px\" \/><figcaption class=\"wp-element-caption\">Lorraine Bouchard<\/figcaption><\/figure>\n\n\n\n<div style=\"height:40px\" aria-hidden=\"true\" class=\"wp-block-spacer\"><\/div>\n\n\n\n<div class=\"wp-block-buttons is-layout-flex wp-block-buttons-is-layout-flex\">\n<div class=\"wp-block-button\"><a class=\"wp-block-button__link has-white-color has-vivid-purple-background-color has-text-color has-background wp-element-button\" href=\"http:\/\/Lorrainebouchard.com\" target=\"_blank\" rel=\"noreferrer noopener\">Site web<\/a><\/div>\n<\/div>\n\n\n\n<div style=\"height:40px\" aria-hidden=\"true\" class=\"wp-block-spacer\"><\/div>\n\n\n\n<p>Au carrefour de la passion et du feu Mon premier apprentissage artistique formel commence d\u00e8s l&rsquo;\u00e2ge de dix ans\u00a0: dessin, fusain et cinq ans de peinture \u00e0 l&rsquo;huile. Par la suite, je prends un cours au Mus\u00e9e des Beaux-Arts pour parfaire ma ma\u00eetrise du mod\u00e8le vivant. En 2001 j&rsquo;ai le coup de foudre pour l&rsquo;\u00e9mail sur cuivre et c&rsquo;est une grande aventure qui commence. C&rsquo;est un art o\u00f9 feu et passion se conjuguent. Ce m\u00e9dium permet des profondeurs totalement inaccessibles \u00e0 la peinture. L&rsquo;ann\u00e9e 2005 m&rsquo;ouvre les portes de la premi\u00e8re galerie d&rsquo;art et m&rsquo;incite un an plus tard \u00e0 quitter mon travail pour me consacrer enti\u00e8rement \u00e0 mon art. Mes ateliers avec la r\u00e9put\u00e9 \u00e9mailleure Ontarienne Fay Rooke changent ma fa\u00e7on de travailler qui devient plus exploratoire. En 2008 je pars pour Limoges France pour un fascinant stage en techniques anciennes. En plus des associations professionnelles dont je fais partie, mes \u0153uvres ont \u00e9t\u00e9 expos\u00e9es \u00e0 Newport RI, USA et ont travers\u00e9 l&rsquo;oc\u00e9an jusqu&rsquo;au Palais des festivals de Cannes et au Carrousel du Louvre de Paris, envoy\u00e9e en d\u00e9l\u00e9gation Canadienne, s\u00e9lection de la SNBA (soci\u00e9t\u00e9 nationale des beaux-arts de Paris). J\u2019ai expos\u00e9 en galerie pour plus de 18 ans. J\u2019ai enseign\u00e9 de 2006 \u00e0 2020.   Depuis 2022 je peins \u00e0 l&rsquo;acrylique.  Mes oeuvres sont disponibles \u00e0 mon atelier de Saint-Lazare. Je suis membre professionnel\u00a0: aiap, RAAV, CMAQ, Artist Hudson Artist. <\/p>\n\n\n\n<div style=\"height:40px\" aria-hidden=\"true\" class=\"wp-block-spacer\"><\/div>\n\n\n\n<figure class=\"wp-block-gallery has-nested-images columns-default is-cropped wp-block-gallery-1 is-layout-flex wp-block-gallery-is-layout-flex\">\n<figure class=\"wp-block-image size-full\"><img loading=\"lazy\" decoding=\"async\" width=\"626\" height=\"640\" data-id=\"1110\" src=\"https:\/\/routedesartsvaudreuilsoulanges.com\/wp-content\/uploads\/2023\/05\/Bouchard2023_1.jpg\" alt=\"\" class=\"wp-image-1110\" srcset=\"https:\/\/routedesartsvaudreuilsoulanges.com\/wp-content\/uploads\/2023\/05\/Bouchard2023_1.jpg 626w, https:\/\/routedesartsvaudreuilsoulanges.com\/wp-content\/uploads\/2023\/05\/Bouchard2023_1-293x300.jpg 293w\" sizes=\"auto, (max-width: 626px) 100vw, 626px\" \/><\/figure>\n\n\n\n<figure class=\"wp-block-image size-full\"><img loading=\"lazy\" decoding=\"async\" width=\"640\" height=\"338\" data-id=\"1111\" src=\"https:\/\/routedesartsvaudreuilsoulanges.com\/wp-content\/uploads\/2023\/05\/Bouchard2023_2.jpg\" alt=\"\" class=\"wp-image-1111\" srcset=\"https:\/\/routedesartsvaudreuilsoulanges.com\/wp-content\/uploads\/2023\/05\/Bouchard2023_2.jpg 640w, https:\/\/routedesartsvaudreuilsoulanges.com\/wp-content\/uploads\/2023\/05\/Bouchard2023_2-300x158.jpg 300w\" sizes=\"auto, (max-width: 640px) 100vw, 640px\" \/><\/figure>\n\n\n\n<figure class=\"wp-block-image size-full\"><img loading=\"lazy\" decoding=\"async\" width=\"639\" height=\"640\" data-id=\"1112\" src=\"https:\/\/routedesartsvaudreuilsoulanges.com\/wp-content\/uploads\/2023\/05\/Bouchard2023_3.jpg\" alt=\"\" class=\"wp-image-1112\" srcset=\"https:\/\/routedesartsvaudreuilsoulanges.com\/wp-content\/uploads\/2023\/05\/Bouchard2023_3.jpg 639w, https:\/\/routedesartsvaudreuilsoulanges.com\/wp-content\/uploads\/2023\/05\/Bouchard2023_3-300x300.jpg 300w, https:\/\/routedesartsvaudreuilsoulanges.com\/wp-content\/uploads\/2023\/05\/Bouchard2023_3-150x150.jpg 150w\" sizes=\"auto, (max-width: 639px) 100vw, 639px\" \/><\/figure>\n\n\n\n<figure class=\"wp-block-image size-full\"><img loading=\"lazy\" decoding=\"async\" width=\"631\" height=\"640\" data-id=\"1113\" src=\"https:\/\/routedesartsvaudreuilsoulanges.com\/wp-content\/uploads\/2023\/05\/Bouchard2023_4.jpg\" alt=\"\" class=\"wp-image-1113\" srcset=\"https:\/\/routedesartsvaudreuilsoulanges.com\/wp-content\/uploads\/2023\/05\/Bouchard2023_4.jpg 631w, https:\/\/routedesartsvaudreuilsoulanges.com\/wp-content\/uploads\/2023\/05\/Bouchard2023_4-296x300.jpg 296w\" sizes=\"auto, (max-width: 631px) 100vw, 631px\" \/><\/figure>\n\n\n\n<figure class=\"wp-block-image size-full\"><img loading=\"lazy\" decoding=\"async\" width=\"640\" height=\"627\" data-id=\"1114\" src=\"https:\/\/routedesartsvaudreuilsoulanges.com\/wp-content\/uploads\/2023\/05\/Bouchard2023_5.jpg\" alt=\"\" class=\"wp-image-1114\" srcset=\"https:\/\/routedesartsvaudreuilsoulanges.com\/wp-content\/uploads\/2023\/05\/Bouchard2023_5.jpg 640w, https:\/\/routedesartsvaudreuilsoulanges.com\/wp-content\/uploads\/2023\/05\/Bouchard2023_5-300x294.jpg 300w\" sizes=\"auto, (max-width: 640px) 100vw, 640px\" \/><\/figure>\n<\/figure>\n\n\n\n<div style=\"height:40px\" aria-hidden=\"true\" class=\"wp-block-spacer\"><\/div>\n\n\n\n<p><\/p>","protected":false},"excerpt":{"rendered":"<p>Au carrefour de la passion et du feu Mon premier apprentissage artistique formel commence d\u00e8s l&rsquo;\u00e2ge de dix ans\u00a0: dessin, fusain et cinq ans de peinture \u00e0 l&rsquo;huile. Par la suite, je prends un cours au Mus\u00e9e des Beaux-Arts pour parfaire ma ma\u00eetrise du mod\u00e8le vivant. En 2001 j&rsquo;ai le coup de foudre pour l&rsquo;\u00e9mail [&hellip;]<\/p>\n","protected":false},"author":1,"featured_media":1112,"parent":0,"menu_order":0,"comment_status":"closed","ping_status":"closed","template":"","meta":{"footnotes":""},"class_list":["post-950","page","type-page","status-publish","has-post-thumbnail","hentry"],"_links":{"self":[{"href":"https:\/\/routedesartsvaudreuilsoulanges.com\/en\/wp-json\/wp\/v2\/pages\/950","targetHints":{"allow":["GET"]}}],"collection":[{"href":"https:\/\/routedesartsvaudreuilsoulanges.com\/en\/wp-json\/wp\/v2\/pages"}],"about":[{"href":"https:\/\/routedesartsvaudreuilsoulanges.com\/en\/wp-json\/wp\/v2\/types\/page"}],"author":[{"embeddable":true,"href":"https:\/\/routedesartsvaudreuilsoulanges.com\/en\/wp-json\/wp\/v2\/users\/1"}],"replies":[{"embeddable":true,"href":"https:\/\/routedesartsvaudreuilsoulanges.com\/en\/wp-json\/wp\/v2\/comments?post=950"}],"version-history":[{"count":9,"href":"https:\/\/routedesartsvaudreuilsoulanges.com\/en\/wp-json\/wp\/v2\/pages\/950\/revisions"}],"predecessor-version":[{"id":2288,"href":"https:\/\/routedesartsvaudreuilsoulanges.com\/en\/wp-json\/wp\/v2\/pages\/950\/revisions\/2288"}],"wp:featuredmedia":[{"embeddable":true,"href":"https:\/\/routedesartsvaudreuilsoulanges.com\/en\/wp-json\/wp\/v2\/media\/1112"}],"wp:attachment":[{"href":"https:\/\/routedesartsvaudreuilsoulanges.com\/en\/wp-json\/wp\/v2\/media?parent=950"}],"curies":[{"name":"wp","href":"https:\/\/api.w.org\/{rel}","templated":true}]}}