{"id":954,"date":"2023-05-25T20:04:04","date_gmt":"2023-05-26T01:04:04","guid":{"rendered":"https:\/\/routedesartsvaudreuilsoulanges.com\/?page_id=954"},"modified":"2025-04-22T21:12:00","modified_gmt":"2025-04-23T02:12:00","slug":"annie-de-lorimier-23","status":"publish","type":"page","link":"https:\/\/routedesartsvaudreuilsoulanges.com\/en\/annie-de-lorimier-23\/","title":{"rendered":"2023 ANNIE DE LORIMIER"},"content":{"rendered":"<figure class=\"wp-block-image size-full is-resized\"><img loading=\"lazy\" decoding=\"async\" src=\"https:\/\/routedesartsvaudreuilsoulanges.com\/wp-content\/uploads\/2023\/07\/deloriier_annie-edited.jpg\" alt=\"\" class=\"wp-image-1230\" width=\"184\" height=\"246\" srcset=\"https:\/\/routedesartsvaudreuilsoulanges.com\/wp-content\/uploads\/2023\/07\/deloriier_annie-edited.jpg 461w, https:\/\/routedesartsvaudreuilsoulanges.com\/wp-content\/uploads\/2023\/07\/deloriier_annie-edited-225x300.jpg 225w\" sizes=\"auto, (max-width: 184px) 100vw, 184px\" \/><figcaption class=\"wp-element-caption\">Annie De Lorimier<\/figcaption><\/figure>\n\n\n\n<div style=\"height:40px\" aria-hidden=\"true\" class=\"wp-block-spacer\"><\/div>\n\n\n\n<div class=\"wp-block-buttons is-layout-flex wp-block-buttons-is-layout-flex\">\n<div class=\"wp-block-button\"><a class=\"wp-block-button__link has-white-color has-vivid-purple-background-color has-text-color has-background wp-element-button\" href=\"https:\/\/www.facebook.com\/annie.de.lorimier.sculptrice\/\" target=\"_blank\" rel=\"noreferrer noopener\">Facebook<\/a><\/div>\n<\/div>\n\n\n\n<div style=\"height:41px\" aria-hidden=\"true\" class=\"wp-block-spacer\"><\/div>\n\n\n\n<p>La nature et sa conservation est ma source d\u2019inspiration.<br>Mon materiau de pr\u00e9dilection est principalement le bois provenant de souches et de racines d\u2019arbres et de buissons, et depuis environ deux ans l\u2019argile s\u2019est ajout\u00e9e \u00e0 mes sculptures en combinaison avec le bois. Les techniques de cuisson d\u2019argile que je pr\u00e9conise sont au feu de bois dans l\u2019atelier en hivers, et au bran de scie \u00e0 l\u2019ext\u00e9rieur le reste de l\u2019ann\u00e9e.<\/p>\n\n\n\n<p>La nature \u00e9tant sans doute le plus grand sculpteur, je me laisse guider par la suggestion de ses formes en respectant son caract\u00e8re et ses structures organiques tout en imposant ma volont\u00e9 cr\u00e9atrice pour lui donner un sens et r\u00e9inventer la forme. Le bois n\u2019est donc pas un simple support, mais l\u2019objet m\u00eame de la sculpture. L\u2019utilisation de l\u2019argile me permet une plus grande libert\u00e9 de manipulation des formes et de pousser mon sujet de r\u00e9flexion encore plus loin.<\/p>\n\n\n\n<p>Une relation intime existe entre le bois et l\u2019argile, et le r\u00e9sultat de ce mariage est visuellement harmonieux. L\u2019argile, nourrici\u00e8re des v\u00e9g\u00e9taux, et ces derniers nourrissent la terre de par leurs d\u00e9compositions en fin de vie, assurant ainsi la p\u00e9rennit\u00e9 du vivant. \u00c0 partir de ces mat\u00e9riaux, je tente de r\u00e9v\u00e9ler la beaut\u00e9 inspirante de la nature, et esp\u00e8re inviter la r\u00e9flexion sur la conservation des milieux naturels, ces poumons de la terre dont la luxuriance assure la biodiversit\u00e9.<\/p>\n\n\n\n<div style=\"height:40px\" aria-hidden=\"true\" class=\"wp-block-spacer\"><\/div>\n\n\n\n<figure class=\"wp-block-gallery has-nested-images columns-default is-cropped wp-block-gallery-1 is-layout-flex wp-block-gallery-is-layout-flex\">\n<figure class=\"wp-block-image size-full\"><img loading=\"lazy\" decoding=\"async\" width=\"480\" height=\"480\" data-id=\"1041\" src=\"https:\/\/routedesartsvaudreuilsoulanges.com\/wp-content\/uploads\/2023\/05\/delorimier2023_1.jpg\" alt=\"\" class=\"wp-image-1041\" srcset=\"https:\/\/routedesartsvaudreuilsoulanges.com\/wp-content\/uploads\/2023\/05\/delorimier2023_1.jpg 480w, https:\/\/routedesartsvaudreuilsoulanges.com\/wp-content\/uploads\/2023\/05\/delorimier2023_1-300x300.jpg 300w, https:\/\/routedesartsvaudreuilsoulanges.com\/wp-content\/uploads\/2023\/05\/delorimier2023_1-150x150.jpg 150w\" sizes=\"auto, (max-width: 480px) 100vw, 480px\" \/><\/figure>\n\n\n\n<figure class=\"wp-block-image size-full\"><img loading=\"lazy\" decoding=\"async\" width=\"480\" height=\"500\" data-id=\"1042\" src=\"https:\/\/routedesartsvaudreuilsoulanges.com\/wp-content\/uploads\/2023\/05\/delorimier2023_2.jpg\" alt=\"\" class=\"wp-image-1042\" srcset=\"https:\/\/routedesartsvaudreuilsoulanges.com\/wp-content\/uploads\/2023\/05\/delorimier2023_2.jpg 480w, https:\/\/routedesartsvaudreuilsoulanges.com\/wp-content\/uploads\/2023\/05\/delorimier2023_2-288x300.jpg 288w\" sizes=\"auto, (max-width: 480px) 100vw, 480px\" \/><\/figure>\n\n\n\n<figure class=\"wp-block-image size-full\"><img loading=\"lazy\" decoding=\"async\" width=\"480\" height=\"480\" data-id=\"1043\" src=\"https:\/\/routedesartsvaudreuilsoulanges.com\/wp-content\/uploads\/2023\/05\/delorimier2023_3.jpg\" alt=\"\" class=\"wp-image-1043\" srcset=\"https:\/\/routedesartsvaudreuilsoulanges.com\/wp-content\/uploads\/2023\/05\/delorimier2023_3.jpg 480w, https:\/\/routedesartsvaudreuilsoulanges.com\/wp-content\/uploads\/2023\/05\/delorimier2023_3-300x300.jpg 300w, https:\/\/routedesartsvaudreuilsoulanges.com\/wp-content\/uploads\/2023\/05\/delorimier2023_3-150x150.jpg 150w\" sizes=\"auto, (max-width: 480px) 100vw, 480px\" \/><\/figure>\n\n\n\n<figure class=\"wp-block-image size-full\"><img loading=\"lazy\" decoding=\"async\" width=\"480\" height=\"480\" data-id=\"1044\" src=\"https:\/\/routedesartsvaudreuilsoulanges.com\/wp-content\/uploads\/2023\/05\/delorimier2023_4.jpg\" alt=\"\" class=\"wp-image-1044\" srcset=\"https:\/\/routedesartsvaudreuilsoulanges.com\/wp-content\/uploads\/2023\/05\/delorimier2023_4.jpg 480w, https:\/\/routedesartsvaudreuilsoulanges.com\/wp-content\/uploads\/2023\/05\/delorimier2023_4-300x300.jpg 300w, https:\/\/routedesartsvaudreuilsoulanges.com\/wp-content\/uploads\/2023\/05\/delorimier2023_4-150x150.jpg 150w\" sizes=\"auto, (max-width: 480px) 100vw, 480px\" \/><\/figure>\n\n\n\n<figure class=\"wp-block-image size-full\"><img loading=\"lazy\" decoding=\"async\" width=\"480\" height=\"480\" data-id=\"1045\" src=\"https:\/\/routedesartsvaudreuilsoulanges.com\/wp-content\/uploads\/2023\/05\/delorimier2023_5.jpg\" alt=\"\" class=\"wp-image-1045\" srcset=\"https:\/\/routedesartsvaudreuilsoulanges.com\/wp-content\/uploads\/2023\/05\/delorimier2023_5.jpg 480w, https:\/\/routedesartsvaudreuilsoulanges.com\/wp-content\/uploads\/2023\/05\/delorimier2023_5-300x300.jpg 300w, https:\/\/routedesartsvaudreuilsoulanges.com\/wp-content\/uploads\/2023\/05\/delorimier2023_5-150x150.jpg 150w\" sizes=\"auto, (max-width: 480px) 100vw, 480px\" \/><\/figure>\n<\/figure>\n\n\n\n<div style=\"height:40px\" aria-hidden=\"true\" class=\"wp-block-spacer\"><\/div>\n\n\n\n<p>Annie de Lorimier a obtenu un Bac de l\u2019universit\u00e9 Concordia \u00e0 la fin des ann\u00e9es 80 en g\u00e9ographie physique par int\u00e9r\u00eat pour la nature, et dans le but de pouvoir contribuer \u00e0 la conservation des milieux naturels. Son travail l\u2019a donc men\u00e9 \u00e0 \u0153uvrer comme consultante en environnement, et, \u00e0 travailler avec les Inuits du Nunavik, ce, jusqu\u2019en janvier 2022.<br>Parall\u00e8lement elle a travaill\u00e9 le bois de fa\u00e7on utilitaire, et y s\u2019est d\u00e9couvert une passion d\u00e8s ses premiers projets. De la construction de meubles et accessoires \u00e0 la restauration pour des antiquaires, pour finalement s\u2019adonner \u00e0 la sculptures. Ses premier balbutiements ont d\u00e9but\u00e9 il y a une vingtaine d\u2019ann\u00e9es en format miniature pour finalement se d\u00e9velopper de fa\u00e7on s\u00e9rieuse depuis 2019.<br>Suite \u00e0 une formation de fa\u00e7onnage chez Andr\u00e9 Leroux Potier et Okini C\u00e9ramique en 2021, elle combine maintenant bois et argile dans ses cr\u00e9ations et a particip\u00e9 \u00e0 quelques expositions collectives.<br><\/p>","protected":false},"excerpt":{"rendered":"<p>La nature et sa conservation est ma source d\u2019inspiration.Mon materiau de pr\u00e9dilection est principalement le bois provenant de souches et de racines d\u2019arbres et de buissons, et depuis environ deux ans l\u2019argile s\u2019est ajout\u00e9e \u00e0 mes sculptures en combinaison avec le bois. Les techniques de cuisson d\u2019argile que je pr\u00e9conise sont au feu de bois [&hellip;]<\/p>\n","protected":false},"author":1,"featured_media":1041,"parent":0,"menu_order":0,"comment_status":"closed","ping_status":"closed","template":"","meta":{"footnotes":""},"class_list":["post-954","page","type-page","status-publish","has-post-thumbnail","hentry"],"_links":{"self":[{"href":"https:\/\/routedesartsvaudreuilsoulanges.com\/en\/wp-json\/wp\/v2\/pages\/954","targetHints":{"allow":["GET"]}}],"collection":[{"href":"https:\/\/routedesartsvaudreuilsoulanges.com\/en\/wp-json\/wp\/v2\/pages"}],"about":[{"href":"https:\/\/routedesartsvaudreuilsoulanges.com\/en\/wp-json\/wp\/v2\/types\/page"}],"author":[{"embeddable":true,"href":"https:\/\/routedesartsvaudreuilsoulanges.com\/en\/wp-json\/wp\/v2\/users\/1"}],"replies":[{"embeddable":true,"href":"https:\/\/routedesartsvaudreuilsoulanges.com\/en\/wp-json\/wp\/v2\/comments?post=954"}],"version-history":[{"count":19,"href":"https:\/\/routedesartsvaudreuilsoulanges.com\/en\/wp-json\/wp\/v2\/pages\/954\/revisions"}],"predecessor-version":[{"id":2261,"href":"https:\/\/routedesartsvaudreuilsoulanges.com\/en\/wp-json\/wp\/v2\/pages\/954\/revisions\/2261"}],"wp:featuredmedia":[{"embeddable":true,"href":"https:\/\/routedesartsvaudreuilsoulanges.com\/en\/wp-json\/wp\/v2\/media\/1041"}],"wp:attachment":[{"href":"https:\/\/routedesartsvaudreuilsoulanges.com\/en\/wp-json\/wp\/v2\/media?parent=954"}],"curies":[{"name":"wp","href":"https:\/\/api.w.org\/{rel}","templated":true}]}}