{"id":956,"date":"2023-05-25T20:04:29","date_gmt":"2023-05-26T01:04:29","guid":{"rendered":"https:\/\/routedesartsvaudreuilsoulanges.com\/?page_id=956"},"modified":"2025-04-22T21:26:51","modified_gmt":"2025-04-23T02:26:51","slug":"nathalie-dubois-23","status":"publish","type":"page","link":"https:\/\/routedesartsvaudreuilsoulanges.com\/en\/nathalie-dubois-23\/","title":{"rendered":"2023 NATHALIE DUBOIS"},"content":{"rendered":"<figure class=\"wp-block-image size-full is-resized\"><img loading=\"lazy\" decoding=\"async\" src=\"https:\/\/routedesartsvaudreuilsoulanges.com\/wp-content\/uploads\/2022\/05\/montage_artistes_nathalie_dubois.jpg\" alt=\"\" class=\"wp-image-420\" width=\"200\" height=\"200\" srcset=\"https:\/\/routedesartsvaudreuilsoulanges.com\/wp-content\/uploads\/2022\/05\/montage_artistes_nathalie_dubois.jpg 400w, https:\/\/routedesartsvaudreuilsoulanges.com\/wp-content\/uploads\/2022\/05\/montage_artistes_nathalie_dubois-300x300.jpg 300w, https:\/\/routedesartsvaudreuilsoulanges.com\/wp-content\/uploads\/2022\/05\/montage_artistes_nathalie_dubois-150x150.jpg 150w\" sizes=\"auto, (max-width: 200px) 100vw, 200px\" \/><figcaption class=\"wp-element-caption\">Nathalie Dubois<\/figcaption><\/figure>\n\n\n\n<div style=\"height:41px\" aria-hidden=\"true\" class=\"wp-block-spacer\"><\/div>\n\n\n\n<div class=\"wp-block-buttons is-layout-flex wp-block-buttons-is-layout-flex\">\n<div class=\"wp-block-button\"><a class=\"wp-block-button__link has-white-color has-vivid-purple-background-color has-text-color has-background wp-element-button\" href=\"https:\/\/nathaliedubois.com\/\" target=\"_blank\" rel=\"noreferrer noopener\">Site web<\/a><\/div>\n\n\n\n<div class=\"wp-block-button\"><a class=\"wp-block-button__link has-white-color has-vivid-purple-background-color has-text-color has-background wp-element-button\" href=\"https:\/\/www.facebook.com\/NathalieDubois64\" target=\"_blank\" rel=\"noreferrer noopener\">Facebook<\/a><\/div>\n\n\n\n<div class=\"wp-block-button\"><a class=\"wp-block-button__link has-white-color has-vivid-purple-background-color has-text-color has-background wp-element-button\" href=\"https:\/\/www.instagram.com\/n.dubois_artiste_peintre\" target=\"_blank\" rel=\"noreferrer noopener\">Instagram<\/a><\/div>\n<\/div>\n\n\n\n<div style=\"height:41px\" aria-hidden=\"true\" class=\"wp-block-spacer\"><\/div>\n\n\n\n<p>Dans mon atelier de St-Lazare J&rsquo;aime peindre et dessiner des visages aux regards expressifs , lors de la pand\u00e9mie les animaux vont s\u2019imposer dans mes cr\u00e9ations \u00e9galement. Je fait de l\u2019acrylique ma mati\u00e8re principale bien que des techniques mixtes me permettent d&rsquo;aller plus loin dans mes cr\u00e9ations , j&rsquo;aime l\u2019effet de la mati\u00e8re. Mes portraits aux fusains en technique mixte me permettent de renouer avec mon plaisir de dessiner et de rester en connexion avec le graphisme. Les regards humains ou animaliers sont les reflets de nos \u00e9motions et sont pour moi un besoin essentiel d\u2019\u00eatre transmis \u00e0 partir de mes \u0153uvres.<\/p>\n\n\n\n<div style=\"height:41px\" aria-hidden=\"true\" class=\"wp-block-spacer\"><\/div>\n\n\n\n<figure class=\"wp-block-gallery has-nested-images columns-default is-cropped wp-block-gallery-1 is-layout-flex wp-block-gallery-is-layout-flex\">\n<figure class=\"wp-block-image size-large\"><img loading=\"lazy\" decoding=\"async\" width=\"1024\" height=\"1024\" data-id=\"1215\" src=\"https:\/\/routedesartsvaudreuilsoulanges.com\/wp-content\/uploads\/2023\/07\/nathaliedubois2023_6-1024x1024.png\" alt=\"\" class=\"wp-image-1215\" srcset=\"https:\/\/routedesartsvaudreuilsoulanges.com\/wp-content\/uploads\/2023\/07\/nathaliedubois2023_6-1024x1024.png 1024w, https:\/\/routedesartsvaudreuilsoulanges.com\/wp-content\/uploads\/2023\/07\/nathaliedubois2023_6-300x300.png 300w, https:\/\/routedesartsvaudreuilsoulanges.com\/wp-content\/uploads\/2023\/07\/nathaliedubois2023_6-150x150.png 150w, https:\/\/routedesartsvaudreuilsoulanges.com\/wp-content\/uploads\/2023\/07\/nathaliedubois2023_6-768x768.png 768w, https:\/\/routedesartsvaudreuilsoulanges.com\/wp-content\/uploads\/2023\/07\/nathaliedubois2023_6.png 1080w\" sizes=\"auto, (max-width: 1024px) 100vw, 1024px\" \/><\/figure>\n\n\n\n<figure class=\"wp-block-image size-large\"><img loading=\"lazy\" decoding=\"async\" width=\"966\" height=\"976\" data-id=\"1132\" src=\"https:\/\/routedesartsvaudreuilsoulanges.com\/wp-content\/uploads\/2023\/05\/N.DUBOIS-2023-4.png\" alt=\"\" class=\"wp-image-1132\" srcset=\"https:\/\/routedesartsvaudreuilsoulanges.com\/wp-content\/uploads\/2023\/05\/N.DUBOIS-2023-4.png 966w, https:\/\/routedesartsvaudreuilsoulanges.com\/wp-content\/uploads\/2023\/05\/N.DUBOIS-2023-4-297x300.png 297w, https:\/\/routedesartsvaudreuilsoulanges.com\/wp-content\/uploads\/2023\/05\/N.DUBOIS-2023-4-768x776.png 768w\" sizes=\"auto, (max-width: 966px) 100vw, 966px\" \/><\/figure>\n\n\n\n<figure class=\"wp-block-image size-large\"><img loading=\"lazy\" decoding=\"async\" width=\"1024\" height=\"780\" data-id=\"1131\" src=\"https:\/\/routedesartsvaudreuilsoulanges.com\/wp-content\/uploads\/2023\/05\/N.DUBOIS-2023-5-1024x780.jpg\" alt=\"\" class=\"wp-image-1131\" srcset=\"https:\/\/routedesartsvaudreuilsoulanges.com\/wp-content\/uploads\/2023\/05\/N.DUBOIS-2023-5-1024x780.jpg 1024w, https:\/\/routedesartsvaudreuilsoulanges.com\/wp-content\/uploads\/2023\/05\/N.DUBOIS-2023-5-300x229.jpg 300w, https:\/\/routedesartsvaudreuilsoulanges.com\/wp-content\/uploads\/2023\/05\/N.DUBOIS-2023-5-768x585.jpg 768w, https:\/\/routedesartsvaudreuilsoulanges.com\/wp-content\/uploads\/2023\/05\/N.DUBOIS-2023-5-1536x1171.jpg 1536w, https:\/\/routedesartsvaudreuilsoulanges.com\/wp-content\/uploads\/2023\/05\/N.DUBOIS-2023-5-2048x1561.jpg 2048w\" sizes=\"auto, (max-width: 1024px) 100vw, 1024px\" \/><\/figure>\n\n\n\n<figure class=\"wp-block-image size-large\"><img loading=\"lazy\" decoding=\"async\" width=\"1024\" height=\"990\" data-id=\"1130\" src=\"https:\/\/routedesartsvaudreuilsoulanges.com\/wp-content\/uploads\/2023\/05\/N.DUBOIS-2023-3-1024x990.jpg\" alt=\"\" class=\"wp-image-1130\" srcset=\"https:\/\/routedesartsvaudreuilsoulanges.com\/wp-content\/uploads\/2023\/05\/N.DUBOIS-2023-3-1024x990.jpg 1024w, https:\/\/routedesartsvaudreuilsoulanges.com\/wp-content\/uploads\/2023\/05\/N.DUBOIS-2023-3-300x290.jpg 300w, https:\/\/routedesartsvaudreuilsoulanges.com\/wp-content\/uploads\/2023\/05\/N.DUBOIS-2023-3-768x743.jpg 768w, https:\/\/routedesartsvaudreuilsoulanges.com\/wp-content\/uploads\/2023\/05\/N.DUBOIS-2023-3-1536x1485.jpg 1536w, https:\/\/routedesartsvaudreuilsoulanges.com\/wp-content\/uploads\/2023\/05\/N.DUBOIS-2023-3.jpg 1912w\" sizes=\"auto, (max-width: 1024px) 100vw, 1024px\" \/><\/figure>\n\n\n\n<figure class=\"wp-block-image size-large\"><img loading=\"lazy\" decoding=\"async\" width=\"1024\" height=\"1024\" data-id=\"1129\" src=\"https:\/\/routedesartsvaudreuilsoulanges.com\/wp-content\/uploads\/2023\/05\/N.DUBOIS-2023-2-1024x1024.png\" alt=\"\" class=\"wp-image-1129\" srcset=\"https:\/\/routedesartsvaudreuilsoulanges.com\/wp-content\/uploads\/2023\/05\/N.DUBOIS-2023-2-1024x1024.png 1024w, https:\/\/routedesartsvaudreuilsoulanges.com\/wp-content\/uploads\/2023\/05\/N.DUBOIS-2023-2-300x300.png 300w, https:\/\/routedesartsvaudreuilsoulanges.com\/wp-content\/uploads\/2023\/05\/N.DUBOIS-2023-2-150x150.png 150w, https:\/\/routedesartsvaudreuilsoulanges.com\/wp-content\/uploads\/2023\/05\/N.DUBOIS-2023-2-768x768.png 768w, https:\/\/routedesartsvaudreuilsoulanges.com\/wp-content\/uploads\/2023\/05\/N.DUBOIS-2023-2.png 1080w\" sizes=\"auto, (max-width: 1024px) 100vw, 1024px\" \/><\/figure>\n<\/figure>\n\n\n\n<div style=\"height:41px\" aria-hidden=\"true\" class=\"wp-block-spacer\"><\/div>\n\n\n\n<p>Des son tout jeune \u00e2ge, elle aime dessiner. En cours d\u2019arts, ses professeurs l\u2019encouragent dans cette voie\u2026<\/p>\n\n\n\n<p>Elle entre sur concours \u00e0 l\u2019\u00e2ge de 16 ans \u00e0 L\u2019ENSAAMA (\u00e9cole d\u2019art graphique et m\u00e9tiers d\u2019art) de Paris en France.<\/p>","protected":false},"excerpt":{"rendered":"<p>Dans mon atelier de St-Lazare J&rsquo;aime peindre et dessiner des visages aux regards expressifs , lors de la pand\u00e9mie les animaux vont s\u2019imposer dans mes cr\u00e9ations \u00e9galement. Je fait de l\u2019acrylique ma mati\u00e8re principale bien que des techniques mixtes me permettent d&rsquo;aller plus loin dans mes cr\u00e9ations , j&rsquo;aime l\u2019effet de la mati\u00e8re. Mes portraits [&hellip;]<\/p>\n","protected":false},"author":1,"featured_media":1215,"parent":0,"menu_order":0,"comment_status":"closed","ping_status":"closed","template":"","meta":{"footnotes":""},"class_list":["post-956","page","type-page","status-publish","has-post-thumbnail","hentry"],"_links":{"self":[{"href":"https:\/\/routedesartsvaudreuilsoulanges.com\/en\/wp-json\/wp\/v2\/pages\/956","targetHints":{"allow":["GET"]}}],"collection":[{"href":"https:\/\/routedesartsvaudreuilsoulanges.com\/en\/wp-json\/wp\/v2\/pages"}],"about":[{"href":"https:\/\/routedesartsvaudreuilsoulanges.com\/en\/wp-json\/wp\/v2\/types\/page"}],"author":[{"embeddable":true,"href":"https:\/\/routedesartsvaudreuilsoulanges.com\/en\/wp-json\/wp\/v2\/users\/1"}],"replies":[{"embeddable":true,"href":"https:\/\/routedesartsvaudreuilsoulanges.com\/en\/wp-json\/wp\/v2\/comments?post=956"}],"version-history":[{"count":7,"href":"https:\/\/routedesartsvaudreuilsoulanges.com\/en\/wp-json\/wp\/v2\/pages\/956\/revisions"}],"predecessor-version":[{"id":2295,"href":"https:\/\/routedesartsvaudreuilsoulanges.com\/en\/wp-json\/wp\/v2\/pages\/956\/revisions\/2295"}],"wp:featuredmedia":[{"embeddable":true,"href":"https:\/\/routedesartsvaudreuilsoulanges.com\/en\/wp-json\/wp\/v2\/media\/1215"}],"wp:attachment":[{"href":"https:\/\/routedesartsvaudreuilsoulanges.com\/en\/wp-json\/wp\/v2\/media?parent=956"}],"curies":[{"name":"wp","href":"https:\/\/api.w.org\/{rel}","templated":true}]}}