{"id":965,"date":"2023-05-25T20:07:06","date_gmt":"2023-05-26T01:07:06","guid":{"rendered":"https:\/\/routedesartsvaudreuilsoulanges.com\/?page_id=965"},"modified":"2025-04-22T21:16:14","modified_gmt":"2025-04-23T02:16:14","slug":"johanne-kourie-23","status":"publish","type":"page","link":"https:\/\/routedesartsvaudreuilsoulanges.com\/en\/johanne-kourie-23\/","title":{"rendered":"2023 JOHANNE KOURIE"},"content":{"rendered":"<figure class=\"wp-block-image size-full is-resized\"><img loading=\"lazy\" decoding=\"async\" src=\"https:\/\/routedesartsvaudreuilsoulanges.com\/wp-content\/uploads\/2022\/05\/485afd46666007b62786d4efa1106276.jpg\" alt=\"\" class=\"wp-image-444\" width=\"216\" height=\"216\" srcset=\"https:\/\/routedesartsvaudreuilsoulanges.com\/wp-content\/uploads\/2022\/05\/485afd46666007b62786d4efa1106276.jpg 280w, https:\/\/routedesartsvaudreuilsoulanges.com\/wp-content\/uploads\/2022\/05\/485afd46666007b62786d4efa1106276-150x150.jpg 150w\" sizes=\"auto, (max-width: 216px) 100vw, 216px\" \/><figcaption class=\"wp-element-caption\">Johanne Kourie<\/figcaption><\/figure>\n\n\n\n<div style=\"height:40px\" aria-hidden=\"true\" class=\"wp-block-spacer\"><\/div>\n\n\n\n<div class=\"wp-block-buttons is-layout-flex wp-block-buttons-is-layout-flex\">\n<div class=\"wp-block-button\"><a class=\"wp-block-button__link has-white-color has-vivid-purple-background-color has-text-color has-background wp-element-button\" href=\"https:\/\/johannekourie.com\/\" target=\"_blank\" rel=\"noreferrer noopener\">Site web<\/a><\/div>\n\n\n\n<div class=\"wp-block-button\"><a class=\"wp-block-button__link has-white-color has-vivid-purple-background-color has-text-color has-background wp-element-button\" href=\"https:\/\/www.facebook.com\/profile.php?id=100063505826694\" target=\"_blank\" rel=\"noreferrer noopener\">Facebook<\/a><\/div>\n\n\n\n<div class=\"wp-block-button\"><a class=\"wp-block-button__link has-white-color has-vivid-purple-background-color has-text-color has-background wp-element-button\" href=\"https:\/\/www.instagram.com\/johannekourie\" target=\"_blank\" rel=\"noreferrer noopener\">Instagram<\/a><\/div>\n\n\n\n<div class=\"wp-block-button\"><a class=\"wp-block-button__link has-white-color has-vivid-purple-background-color has-text-color has-background wp-element-button\" href=\"https:\/\/www.tiktok.com\/@creationjoko\" target=\"_blank\" rel=\"noreferrer noopener\">Tiktok<\/a><\/div>\n<\/div>\n\n\n\n<div style=\"height:40px\" aria-hidden=\"true\" class=\"wp-block-spacer\"><\/div>\n\n\n\n<p>Artiste-peintre professionnelle, je peins pour immortaliser les beaut\u00e9s qui m\u2019entoure en laissant libre cours aux \u00e9motions qui m\u2019habitent. La nature est ma muse, mon inspiration o\u00f9 j\u2019y puise mon \u00e9lan cr\u00e9ateur.<br>Peindre est une forme de m\u00e9ditation, de retour \u00e0 l\u2019essentiel, au calme et \u00e0 l\u2019abandon de soi.<\/p>\n\n\n\n<p>La chimie des couleurs me fascine. J\u2019aime jouer avec celles-ci pour donner le ton et l\u2019atmosph\u00e8re \u00e0 mes \u0153uvres selon l\u2019\u00e9motion que je veux exprimer. Pour moi, les couleurs sont les mots qui expriment mes \u00e9tats d\u2019\u00e2me.<\/p>\n\n\n\n<div style=\"height:40px\" aria-hidden=\"true\" class=\"wp-block-spacer\"><\/div>\n\n\n\n<figure class=\"wp-block-gallery has-nested-images columns-default is-cropped wp-block-gallery-1 is-layout-flex wp-block-gallery-is-layout-flex\">\n<figure class=\"wp-block-image size-full\"><img loading=\"lazy\" decoding=\"async\" width=\"481\" height=\"483\" data-id=\"1102\" src=\"https:\/\/routedesartsvaudreuilsoulanges.com\/wp-content\/uploads\/2023\/05\/Kourie-Artiste-2023-3-_Ciel-de-feu_-16_x16_-Acrylique-2022-copie.jpeg\" alt=\"\" class=\"wp-image-1102\" srcset=\"https:\/\/routedesartsvaudreuilsoulanges.com\/wp-content\/uploads\/2023\/05\/Kourie-Artiste-2023-3-_Ciel-de-feu_-16_x16_-Acrylique-2022-copie.jpeg 481w, https:\/\/routedesartsvaudreuilsoulanges.com\/wp-content\/uploads\/2023\/05\/Kourie-Artiste-2023-3-_Ciel-de-feu_-16_x16_-Acrylique-2022-copie-300x300.jpeg 300w, https:\/\/routedesartsvaudreuilsoulanges.com\/wp-content\/uploads\/2023\/05\/Kourie-Artiste-2023-3-_Ciel-de-feu_-16_x16_-Acrylique-2022-copie-150x150.jpeg 150w\" sizes=\"auto, (max-width: 481px) 100vw, 481px\" \/><\/figure>\n\n\n\n<figure class=\"wp-block-image size-full\"><img loading=\"lazy\" decoding=\"async\" width=\"481\" height=\"483\" data-id=\"1101\" src=\"https:\/\/routedesartsvaudreuilsoulanges.com\/wp-content\/uploads\/2023\/05\/Kourie-Artiste-2023-1-_L_effet-rose_-16_x16_-Acrylique-2022-copie-2.jpeg\" alt=\"\" class=\"wp-image-1101\" srcset=\"https:\/\/routedesartsvaudreuilsoulanges.com\/wp-content\/uploads\/2023\/05\/Kourie-Artiste-2023-1-_L_effet-rose_-16_x16_-Acrylique-2022-copie-2.jpeg 481w, https:\/\/routedesartsvaudreuilsoulanges.com\/wp-content\/uploads\/2023\/05\/Kourie-Artiste-2023-1-_L_effet-rose_-16_x16_-Acrylique-2022-copie-2-300x300.jpeg 300w, https:\/\/routedesartsvaudreuilsoulanges.com\/wp-content\/uploads\/2023\/05\/Kourie-Artiste-2023-1-_L_effet-rose_-16_x16_-Acrylique-2022-copie-2-150x150.jpeg 150w\" sizes=\"auto, (max-width: 481px) 100vw, 481px\" \/><\/figure>\n\n\n\n<figure class=\"wp-block-image size-full\"><img loading=\"lazy\" decoding=\"async\" width=\"486\" height=\"481\" data-id=\"1100\" src=\"https:\/\/routedesartsvaudreuilsoulanges.com\/wp-content\/uploads\/2023\/05\/Kourie-Artiste-2023-4-acrylique-sur-canevas-10_x10_-_L_envolee_-2023-copie.jpeg\" alt=\"\" class=\"wp-image-1100\" srcset=\"https:\/\/routedesartsvaudreuilsoulanges.com\/wp-content\/uploads\/2023\/05\/Kourie-Artiste-2023-4-acrylique-sur-canevas-10_x10_-_L_envolee_-2023-copie.jpeg 486w, https:\/\/routedesartsvaudreuilsoulanges.com\/wp-content\/uploads\/2023\/05\/Kourie-Artiste-2023-4-acrylique-sur-canevas-10_x10_-_L_envolee_-2023-copie-300x297.jpeg 300w\" sizes=\"auto, (max-width: 486px) 100vw, 486px\" \/><\/figure>\n\n\n\n<figure class=\"wp-block-image size-full\"><img loading=\"lazy\" decoding=\"async\" width=\"482\" height=\"480\" data-id=\"1099\" src=\"https:\/\/routedesartsvaudreuilsoulanges.com\/wp-content\/uploads\/2023\/05\/Kourie-Artiste-2023-2-acrylique-sur-canevas-12_x12_-_Ciel-printanier_-2023-copie.jpeg\" alt=\"\" class=\"wp-image-1099\" srcset=\"https:\/\/routedesartsvaudreuilsoulanges.com\/wp-content\/uploads\/2023\/05\/Kourie-Artiste-2023-2-acrylique-sur-canevas-12_x12_-_Ciel-printanier_-2023-copie.jpeg 482w, https:\/\/routedesartsvaudreuilsoulanges.com\/wp-content\/uploads\/2023\/05\/Kourie-Artiste-2023-2-acrylique-sur-canevas-12_x12_-_Ciel-printanier_-2023-copie-300x300.jpeg 300w, https:\/\/routedesartsvaudreuilsoulanges.com\/wp-content\/uploads\/2023\/05\/Kourie-Artiste-2023-2-acrylique-sur-canevas-12_x12_-_Ciel-printanier_-2023-copie-150x150.jpeg 150w\" sizes=\"auto, (max-width: 482px) 100vw, 482px\" \/><\/figure>\n\n\n\n<figure class=\"wp-block-image size-full\"><img loading=\"lazy\" decoding=\"async\" width=\"319\" height=\"640\" data-id=\"1098\" src=\"https:\/\/routedesartsvaudreuilsoulanges.com\/wp-content\/uploads\/2023\/05\/Kourie-Artiste-2023-5-encres-a-alcool_acrylique-sur-canevas-12_x6_-_Turquoiseries_-2023-copie.jpeg\" alt=\"\" class=\"wp-image-1098\" srcset=\"https:\/\/routedesartsvaudreuilsoulanges.com\/wp-content\/uploads\/2023\/05\/Kourie-Artiste-2023-5-encres-a-alcool_acrylique-sur-canevas-12_x6_-_Turquoiseries_-2023-copie.jpeg 319w, https:\/\/routedesartsvaudreuilsoulanges.com\/wp-content\/uploads\/2023\/05\/Kourie-Artiste-2023-5-encres-a-alcool_acrylique-sur-canevas-12_x6_-_Turquoiseries_-2023-copie-150x300.jpeg 150w\" sizes=\"auto, (max-width: 319px) 100vw, 319px\" \/><\/figure>\n<\/figure>\n\n\n\n<div style=\"height:40px\" aria-hidden=\"true\" class=\"wp-block-spacer\"><\/div>\n\n\n\n<p><\/p>","protected":false},"excerpt":{"rendered":"<p>Artiste-peintre professionnelle, je peins pour immortaliser les beaut\u00e9s qui m\u2019entoure en laissant libre cours aux \u00e9motions qui m\u2019habitent. La nature est ma muse, mon inspiration o\u00f9 j\u2019y puise mon \u00e9lan cr\u00e9ateur.Peindre est une forme de m\u00e9ditation, de retour \u00e0 l\u2019essentiel, au calme et \u00e0 l\u2019abandon de soi. La chimie des couleurs me fascine. J\u2019aime jouer [&hellip;]<\/p>\n","protected":false},"author":1,"featured_media":1102,"parent":0,"menu_order":0,"comment_status":"closed","ping_status":"closed","template":"","meta":{"footnotes":""},"class_list":["post-965","page","type-page","status-publish","has-post-thumbnail","hentry"],"_links":{"self":[{"href":"https:\/\/routedesartsvaudreuilsoulanges.com\/en\/wp-json\/wp\/v2\/pages\/965","targetHints":{"allow":["GET"]}}],"collection":[{"href":"https:\/\/routedesartsvaudreuilsoulanges.com\/en\/wp-json\/wp\/v2\/pages"}],"about":[{"href":"https:\/\/routedesartsvaudreuilsoulanges.com\/en\/wp-json\/wp\/v2\/types\/page"}],"author":[{"embeddable":true,"href":"https:\/\/routedesartsvaudreuilsoulanges.com\/en\/wp-json\/wp\/v2\/users\/1"}],"replies":[{"embeddable":true,"href":"https:\/\/routedesartsvaudreuilsoulanges.com\/en\/wp-json\/wp\/v2\/comments?post=965"}],"version-history":[{"count":7,"href":"https:\/\/routedesartsvaudreuilsoulanges.com\/en\/wp-json\/wp\/v2\/pages\/965\/revisions"}],"predecessor-version":[{"id":2281,"href":"https:\/\/routedesartsvaudreuilsoulanges.com\/en\/wp-json\/wp\/v2\/pages\/965\/revisions\/2281"}],"wp:featuredmedia":[{"embeddable":true,"href":"https:\/\/routedesartsvaudreuilsoulanges.com\/en\/wp-json\/wp\/v2\/media\/1102"}],"wp:attachment":[{"href":"https:\/\/routedesartsvaudreuilsoulanges.com\/en\/wp-json\/wp\/v2\/media?parent=965"}],"curies":[{"name":"wp","href":"https:\/\/api.w.org\/{rel}","templated":true}]}}