{"id":967,"date":"2023-05-25T20:07:25","date_gmt":"2023-05-26T01:07:25","guid":{"rendered":"https:\/\/routedesartsvaudreuilsoulanges.com\/?page_id=967"},"modified":"2025-04-22T21:12:19","modified_gmt":"2025-04-23T02:12:19","slug":"andre-leroux-23","status":"publish","type":"page","link":"https:\/\/routedesartsvaudreuilsoulanges.com\/en\/andre-leroux-23\/","title":{"rendered":"2023 ANDR\u00c9 LEROUX"},"content":{"rendered":"<figure class=\"wp-block-image size-large is-resized\"><img loading=\"lazy\" decoding=\"async\" src=\"https:\/\/routedesartsvaudreuilsoulanges.com\/wp-content\/uploads\/2022\/02\/andreleroux-923x1024.jpg\" alt=\"\" class=\"wp-image-13\" width=\"231\" height=\"256\" srcset=\"https:\/\/routedesartsvaudreuilsoulanges.com\/wp-content\/uploads\/2022\/02\/andreleroux-923x1024.jpg 923w, https:\/\/routedesartsvaudreuilsoulanges.com\/wp-content\/uploads\/2022\/02\/andreleroux-270x300.jpg 270w, https:\/\/routedesartsvaudreuilsoulanges.com\/wp-content\/uploads\/2022\/02\/andreleroux-768x852.jpg 768w, https:\/\/routedesartsvaudreuilsoulanges.com\/wp-content\/uploads\/2022\/02\/andreleroux.jpg 1098w\" sizes=\"auto, (max-width: 231px) 100vw, 231px\" \/><figcaption class=\"wp-element-caption\">Andr\u00e9 Leroux<\/figcaption><\/figure>\n\n\n\n<div style=\"height:40px\" aria-hidden=\"true\" class=\"wp-block-spacer\"><\/div>\n\n\n\n<div class=\"wp-block-buttons is-layout-flex wp-block-buttons-is-layout-flex\">\n<div class=\"wp-block-button\"><a class=\"wp-block-button__link has-white-color has-vivid-purple-background-color has-text-color has-background wp-element-button\" href=\"http:\/\/www.etlaterre.com\" target=\"_blank\" rel=\"noreferrer noopener\">Site Web<\/a><\/div>\n\n\n\n<div class=\"wp-block-button\"><a class=\"wp-block-button__link has-white-color has-vivid-purple-background-color has-text-color has-background wp-element-button\" href=\"https:\/\/instagram.com\/etlaterre\" target=\"_blank\" rel=\"noreferrer noopener\">Instagram<\/a><\/div>\n\n\n\n<div class=\"wp-block-button\"><a class=\"wp-block-button__link has-white-color has-vivid-purple-background-color has-text-color has-background wp-element-button\" href=\"https:\/\/m.facebook.com\/andrelerouxpotier\" target=\"_blank\" rel=\"noreferrer noopener\">Facebook<\/a><\/div>\n<\/div>\n\n\n\n<div style=\"height:40px\" aria-hidden=\"true\" class=\"wp-block-spacer\"><\/div>\n\n\n\n<p>Depuis maintenant 50 ans, je travaille \u00e0 transformer les mati\u00e8res premi\u00e8res en merveilleuses gla\u00e7ures, donner vie \u00e0 mes pi\u00e8ces avec l&rsquo;ajout sur la terre cuite de nuances de cuivre, de fer, de cobalt, de titane, de cendres, les faire vivre pour le plaisir des yeux et de la main. Je veux transmettre (par le biais d&rsquo;atelier et de cours) mes connaissances et mon amour de ce si beau m\u00e9tier d&rsquo;art pour que cette tradition mill\u00e9naire se poursuivre encore et encore&#8230;.<\/p>\n\n\n\n<div style=\"height:40px\" aria-hidden=\"true\" class=\"wp-block-spacer\"><\/div>\n\n\n\n<figure class=\"wp-block-gallery has-nested-images columns-default is-cropped wp-block-gallery-1 is-layout-flex wp-block-gallery-is-layout-flex\">\n<figure class=\"wp-block-image size-large\"><img loading=\"lazy\" decoding=\"async\" width=\"768\" height=\"1024\" data-id=\"1038\" src=\"https:\/\/routedesartsvaudreuilsoulanges.com\/wp-content\/uploads\/2023\/05\/Andre-Leroux-raku-768x1024.jpg\" alt=\"\" class=\"wp-image-1038\" srcset=\"https:\/\/routedesartsvaudreuilsoulanges.com\/wp-content\/uploads\/2023\/05\/Andre-Leroux-raku-768x1024.jpg 768w, https:\/\/routedesartsvaudreuilsoulanges.com\/wp-content\/uploads\/2023\/05\/Andre-Leroux-raku-225x300.jpg 225w, https:\/\/routedesartsvaudreuilsoulanges.com\/wp-content\/uploads\/2023\/05\/Andre-Leroux-raku-1152x1536.jpg 1152w, https:\/\/routedesartsvaudreuilsoulanges.com\/wp-content\/uploads\/2023\/05\/Andre-Leroux-raku-1536x2048.jpg 1536w, https:\/\/routedesartsvaudreuilsoulanges.com\/wp-content\/uploads\/2023\/05\/Andre-Leroux-raku-480x640.jpg 480w, https:\/\/routedesartsvaudreuilsoulanges.com\/wp-content\/uploads\/2023\/05\/Andre-Leroux-raku-scaled.jpg 1920w\" sizes=\"auto, (max-width: 768px) 100vw, 768px\" \/><\/figure>\n\n\n\n<figure class=\"wp-block-image size-large\"><img loading=\"lazy\" decoding=\"async\" width=\"1024\" height=\"1024\" data-id=\"1037\" src=\"https:\/\/routedesartsvaudreuilsoulanges.com\/wp-content\/uploads\/2023\/05\/Andre-Leroux-quelque-chose-de-van-Gogh-1024x1024.jpg\" alt=\"\" class=\"wp-image-1037\" srcset=\"https:\/\/routedesartsvaudreuilsoulanges.com\/wp-content\/uploads\/2023\/05\/Andre-Leroux-quelque-chose-de-van-Gogh-1024x1024.jpg 1024w, https:\/\/routedesartsvaudreuilsoulanges.com\/wp-content\/uploads\/2023\/05\/Andre-Leroux-quelque-chose-de-van-Gogh-300x300.jpg 300w, https:\/\/routedesartsvaudreuilsoulanges.com\/wp-content\/uploads\/2023\/05\/Andre-Leroux-quelque-chose-de-van-Gogh-150x150.jpg 150w, https:\/\/routedesartsvaudreuilsoulanges.com\/wp-content\/uploads\/2023\/05\/Andre-Leroux-quelque-chose-de-van-Gogh-768x768.jpg 768w, https:\/\/routedesartsvaudreuilsoulanges.com\/wp-content\/uploads\/2023\/05\/Andre-Leroux-quelque-chose-de-van-Gogh.jpg 1080w\" sizes=\"auto, (max-width: 1024px) 100vw, 1024px\" \/><\/figure>\n\n\n\n<figure class=\"wp-block-image size-large\"><img loading=\"lazy\" decoding=\"async\" width=\"768\" height=\"1024\" data-id=\"1036\" src=\"https:\/\/routedesartsvaudreuilsoulanges.com\/wp-content\/uploads\/2023\/05\/Andre-Leroux-printemps-768x1024.jpg\" alt=\"\" class=\"wp-image-1036\" srcset=\"https:\/\/routedesartsvaudreuilsoulanges.com\/wp-content\/uploads\/2023\/05\/Andre-Leroux-printemps-768x1024.jpg 768w, https:\/\/routedesartsvaudreuilsoulanges.com\/wp-content\/uploads\/2023\/05\/Andre-Leroux-printemps-225x300.jpg 225w, https:\/\/routedesartsvaudreuilsoulanges.com\/wp-content\/uploads\/2023\/05\/Andre-Leroux-printemps-1152x1536.jpg 1152w, https:\/\/routedesartsvaudreuilsoulanges.com\/wp-content\/uploads\/2023\/05\/Andre-Leroux-printemps-1536x2048.jpg 1536w, https:\/\/routedesartsvaudreuilsoulanges.com\/wp-content\/uploads\/2023\/05\/Andre-Leroux-printemps-480x640.jpg 480w, https:\/\/routedesartsvaudreuilsoulanges.com\/wp-content\/uploads\/2023\/05\/Andre-Leroux-printemps-scaled.jpg 1920w\" sizes=\"auto, (max-width: 768px) 100vw, 768px\" \/><\/figure>\n\n\n\n<figure class=\"wp-block-image size-large\"><img loading=\"lazy\" decoding=\"async\" width=\"768\" height=\"1024\" data-id=\"1035\" src=\"https:\/\/routedesartsvaudreuilsoulanges.com\/wp-content\/uploads\/2023\/05\/Andre-Leroux-Fer-et-Titane-768x1024.jpg\" alt=\"\" class=\"wp-image-1035\" srcset=\"https:\/\/routedesartsvaudreuilsoulanges.com\/wp-content\/uploads\/2023\/05\/Andre-Leroux-Fer-et-Titane-768x1024.jpg 768w, https:\/\/routedesartsvaudreuilsoulanges.com\/wp-content\/uploads\/2023\/05\/Andre-Leroux-Fer-et-Titane-225x300.jpg 225w, https:\/\/routedesartsvaudreuilsoulanges.com\/wp-content\/uploads\/2023\/05\/Andre-Leroux-Fer-et-Titane-1152x1536.jpg 1152w, https:\/\/routedesartsvaudreuilsoulanges.com\/wp-content\/uploads\/2023\/05\/Andre-Leroux-Fer-et-Titane-1536x2048.jpg 1536w, https:\/\/routedesartsvaudreuilsoulanges.com\/wp-content\/uploads\/2023\/05\/Andre-Leroux-Fer-et-Titane-480x640.jpg 480w, https:\/\/routedesartsvaudreuilsoulanges.com\/wp-content\/uploads\/2023\/05\/Andre-Leroux-Fer-et-Titane-scaled.jpg 1920w\" sizes=\"auto, (max-width: 768px) 100vw, 768px\" \/><\/figure>\n\n\n\n<figure class=\"wp-block-image size-large\"><img loading=\"lazy\" decoding=\"async\" width=\"768\" height=\"1024\" data-id=\"1034\" src=\"https:\/\/routedesartsvaudreuilsoulanges.com\/wp-content\/uploads\/2023\/05\/Andre-Leroux-Ebullition-768x1024.jpg\" alt=\"\" class=\"wp-image-1034\" srcset=\"https:\/\/routedesartsvaudreuilsoulanges.com\/wp-content\/uploads\/2023\/05\/Andre-Leroux-Ebullition-768x1024.jpg 768w, https:\/\/routedesartsvaudreuilsoulanges.com\/wp-content\/uploads\/2023\/05\/Andre-Leroux-Ebullition-225x300.jpg 225w, https:\/\/routedesartsvaudreuilsoulanges.com\/wp-content\/uploads\/2023\/05\/Andre-Leroux-Ebullition-1152x1536.jpg 1152w, https:\/\/routedesartsvaudreuilsoulanges.com\/wp-content\/uploads\/2023\/05\/Andre-Leroux-Ebullition-1536x2048.jpg 1536w, https:\/\/routedesartsvaudreuilsoulanges.com\/wp-content\/uploads\/2023\/05\/Andre-Leroux-Ebullition-480x640.jpg 480w, https:\/\/routedesartsvaudreuilsoulanges.com\/wp-content\/uploads\/2023\/05\/Andre-Leroux-Ebullition-scaled.jpg 1920w\" sizes=\"auto, (max-width: 768px) 100vw, 768px\" \/><\/figure>\n<\/figure>\n\n\n\n<div style=\"height:40px\" aria-hidden=\"true\" class=\"wp-block-spacer\"><\/div>\n\n\n\n<p>Depuis ma formation en 1972 avec Guy Drouin \u00e0 Poterie Bonsecours, je n&rsquo;ai cess\u00e9 de me perfectionner avec mes pairs, ici et ailleurs, et n&rsquo;ai cess\u00e9 de transmettre mes apprentissages aux autres.<\/p>","protected":false},"excerpt":{"rendered":"<p>Depuis maintenant 50 ans, je travaille \u00e0 transformer les mati\u00e8res premi\u00e8res en merveilleuses gla\u00e7ures, donner vie \u00e0 mes pi\u00e8ces avec l&rsquo;ajout sur la terre cuite de nuances de cuivre, de fer, de cobalt, de titane, de cendres, les faire vivre pour le plaisir des yeux et de la main. Je veux transmettre (par le biais [&hellip;]<\/p>\n","protected":false},"author":1,"featured_media":1034,"parent":0,"menu_order":0,"comment_status":"closed","ping_status":"closed","template":"","meta":{"footnotes":""},"class_list":["post-967","page","type-page","status-publish","has-post-thumbnail","hentry"],"_links":{"self":[{"href":"https:\/\/routedesartsvaudreuilsoulanges.com\/en\/wp-json\/wp\/v2\/pages\/967","targetHints":{"allow":["GET"]}}],"collection":[{"href":"https:\/\/routedesartsvaudreuilsoulanges.com\/en\/wp-json\/wp\/v2\/pages"}],"about":[{"href":"https:\/\/routedesartsvaudreuilsoulanges.com\/en\/wp-json\/wp\/v2\/types\/page"}],"author":[{"embeddable":true,"href":"https:\/\/routedesartsvaudreuilsoulanges.com\/en\/wp-json\/wp\/v2\/users\/1"}],"replies":[{"embeddable":true,"href":"https:\/\/routedesartsvaudreuilsoulanges.com\/en\/wp-json\/wp\/v2\/comments?post=967"}],"version-history":[{"count":13,"href":"https:\/\/routedesartsvaudreuilsoulanges.com\/en\/wp-json\/wp\/v2\/pages\/967\/revisions"}],"predecessor-version":[{"id":2262,"href":"https:\/\/routedesartsvaudreuilsoulanges.com\/en\/wp-json\/wp\/v2\/pages\/967\/revisions\/2262"}],"wp:featuredmedia":[{"embeddable":true,"href":"https:\/\/routedesartsvaudreuilsoulanges.com\/en\/wp-json\/wp\/v2\/media\/1034"}],"wp:attachment":[{"href":"https:\/\/routedesartsvaudreuilsoulanges.com\/en\/wp-json\/wp\/v2\/media?parent=967"}],"curies":[{"name":"wp","href":"https:\/\/api.w.org\/{rel}","templated":true}]}}