{"id":986,"date":"2023-05-25T20:14:56","date_gmt":"2023-05-26T01:14:56","guid":{"rendered":"https:\/\/routedesartsvaudreuilsoulanges.com\/?page_id=986"},"modified":"2025-04-22T21:16:21","modified_gmt":"2025-04-23T02:16:21","slug":"johanne-riendeau-23","status":"publish","type":"page","link":"https:\/\/routedesartsvaudreuilsoulanges.com\/en\/johanne-riendeau-23\/","title":{"rendered":"2023 JOHANNE RIENDEAU"},"content":{"rendered":"<figure class=\"wp-block-image size-large is-resized\"><img loading=\"lazy\" decoding=\"async\" src=\"https:\/\/routedesartsvaudreuilsoulanges.com\/wp-content\/uploads\/2023\/07\/DSCN1743-1024x768.jpg\" alt=\"\" class=\"wp-image-1286\" width=\"296\" height=\"222\" srcset=\"https:\/\/routedesartsvaudreuilsoulanges.com\/wp-content\/uploads\/2023\/07\/DSCN1743-1024x768.jpg 1024w, https:\/\/routedesartsvaudreuilsoulanges.com\/wp-content\/uploads\/2023\/07\/DSCN1743-300x225.jpg 300w, https:\/\/routedesartsvaudreuilsoulanges.com\/wp-content\/uploads\/2023\/07\/DSCN1743-768x576.jpg 768w, https:\/\/routedesartsvaudreuilsoulanges.com\/wp-content\/uploads\/2023\/07\/DSCN1743-1536x1152.jpg 1536w, https:\/\/routedesartsvaudreuilsoulanges.com\/wp-content\/uploads\/2023\/07\/DSCN1743-2048x1536.jpg 2048w\" sizes=\"auto, (max-width: 296px) 100vw, 296px\" \/><figcaption class=\"wp-element-caption\">Johanne Riendeau<\/figcaption><\/figure>\n\n\n\n<div style=\"height:42px\" aria-hidden=\"true\" class=\"wp-block-spacer\"><\/div>\n\n\n\n<div class=\"wp-block-buttons is-layout-flex wp-block-buttons-is-layout-flex\">\n<div class=\"wp-block-button\"><a class=\"wp-block-button__link has-white-color has-vivid-purple-background-color has-text-color has-background wp-element-button\" href=\"http:\/\/Vitrailjohanneriendeau.ca\" target=\"_blank\" rel=\"noreferrer noopener\">Site web<\/a><\/div>\n<\/div>\n\n\n\n<div style=\"height:42px\" aria-hidden=\"true\" class=\"wp-block-spacer\"><\/div>\n\n\n\n<h4 class=\"wp-block-heading\">Mon exp\u00e9rience<\/h4>\n\n\n\n<p>En tant qu&rsquo;artiste, j&rsquo;ai touch\u00e9 \u00e0 beaucoup de m\u00e9dium. Avec les ann\u00e9es, j&rsquo;ai d\u00e9couvert que le vitrail est ce que je pr\u00e9f\u00e8re et celui auquel je me consacre maintenant enti\u00e8rement.. Pour les personnes qui seraient int\u00e9ress\u00e9es \u00e0 apprendre \u00e0 faire du vitrail, &nbsp;j\u00a0\u00bboffre des cours individuels.<\/p>\n\n\n\n<h4 class=\"wp-block-heading\">Ma vision<\/h4>\n\n\n\n<p>Je suis en mesure de pouvoir cr\u00e9er le vitrail que vous d\u00e9sirez. Je peux reproduire votre mod\u00e8le, vous le dessiner selon vos dimensions choisies, ainsi que vos pr\u00e9f\u00e9rences de couleurs.<\/p>\n\n\n\n<div style=\"height:42px\" aria-hidden=\"true\" class=\"wp-block-spacer\"><\/div>\n\n\n\n<figure class=\"wp-block-gallery has-nested-images columns-default is-cropped wp-block-gallery-1 is-layout-flex wp-block-gallery-is-layout-flex\">\n<figure class=\"wp-block-image size-large\"><img loading=\"lazy\" decoding=\"async\" width=\"1024\" height=\"768\" data-id=\"1104\" src=\"https:\/\/routedesartsvaudreuilsoulanges.com\/wp-content\/uploads\/2023\/05\/Riendeau2023-1jpg-1024x768.jpg\" alt=\"\" class=\"wp-image-1104\" srcset=\"https:\/\/routedesartsvaudreuilsoulanges.com\/wp-content\/uploads\/2023\/05\/Riendeau2023-1jpg-1024x768.jpg 1024w, https:\/\/routedesartsvaudreuilsoulanges.com\/wp-content\/uploads\/2023\/05\/Riendeau2023-1jpg-300x225.jpg 300w, https:\/\/routedesartsvaudreuilsoulanges.com\/wp-content\/uploads\/2023\/05\/Riendeau2023-1jpg-768x576.jpg 768w, https:\/\/routedesartsvaudreuilsoulanges.com\/wp-content\/uploads\/2023\/05\/Riendeau2023-1jpg-1536x1152.jpg 1536w, https:\/\/routedesartsvaudreuilsoulanges.com\/wp-content\/uploads\/2023\/05\/Riendeau2023-1jpg-2048x1536.jpg 2048w\" sizes=\"auto, (max-width: 1024px) 100vw, 1024px\" \/><\/figure>\n\n\n\n<figure class=\"wp-block-image size-large\"><img loading=\"lazy\" decoding=\"async\" width=\"768\" height=\"1024\" data-id=\"1105\" src=\"https:\/\/routedesartsvaudreuilsoulanges.com\/wp-content\/uploads\/2023\/05\/Riendeau2023-2jpg-768x1024.jpg\" alt=\"\" class=\"wp-image-1105\" srcset=\"https:\/\/routedesartsvaudreuilsoulanges.com\/wp-content\/uploads\/2023\/05\/Riendeau2023-2jpg-768x1024.jpg 768w, https:\/\/routedesartsvaudreuilsoulanges.com\/wp-content\/uploads\/2023\/05\/Riendeau2023-2jpg-225x300.jpg 225w, https:\/\/routedesartsvaudreuilsoulanges.com\/wp-content\/uploads\/2023\/05\/Riendeau2023-2jpg-1152x1536.jpg 1152w, https:\/\/routedesartsvaudreuilsoulanges.com\/wp-content\/uploads\/2023\/05\/Riendeau2023-2jpg-1536x2048.jpg 1536w, https:\/\/routedesartsvaudreuilsoulanges.com\/wp-content\/uploads\/2023\/05\/Riendeau2023-2jpg-480x640.jpg 480w, https:\/\/routedesartsvaudreuilsoulanges.com\/wp-content\/uploads\/2023\/05\/Riendeau2023-2jpg-scaled.jpg 1920w\" sizes=\"auto, (max-width: 768px) 100vw, 768px\" \/><\/figure>\n\n\n\n<figure class=\"wp-block-image size-large\"><img loading=\"lazy\" decoding=\"async\" width=\"768\" height=\"1024\" data-id=\"1106\" src=\"https:\/\/routedesartsvaudreuilsoulanges.com\/wp-content\/uploads\/2023\/05\/Riendeau2023-3jpg-768x1024.jpg\" alt=\"\" class=\"wp-image-1106\" srcset=\"https:\/\/routedesartsvaudreuilsoulanges.com\/wp-content\/uploads\/2023\/05\/Riendeau2023-3jpg-768x1024.jpg 768w, https:\/\/routedesartsvaudreuilsoulanges.com\/wp-content\/uploads\/2023\/05\/Riendeau2023-3jpg-225x300.jpg 225w, https:\/\/routedesartsvaudreuilsoulanges.com\/wp-content\/uploads\/2023\/05\/Riendeau2023-3jpg-1152x1536.jpg 1152w, https:\/\/routedesartsvaudreuilsoulanges.com\/wp-content\/uploads\/2023\/05\/Riendeau2023-3jpg-1536x2048.jpg 1536w, https:\/\/routedesartsvaudreuilsoulanges.com\/wp-content\/uploads\/2023\/05\/Riendeau2023-3jpg-480x640.jpg 480w, https:\/\/routedesartsvaudreuilsoulanges.com\/wp-content\/uploads\/2023\/05\/Riendeau2023-3jpg-scaled.jpg 1920w\" sizes=\"auto, (max-width: 768px) 100vw, 768px\" \/><\/figure>\n\n\n\n<figure class=\"wp-block-image size-large\"><img loading=\"lazy\" decoding=\"async\" width=\"576\" height=\"1024\" data-id=\"1107\" src=\"https:\/\/routedesartsvaudreuilsoulanges.com\/wp-content\/uploads\/2023\/05\/Riendeau2023-4jpg-576x1024.jpg\" alt=\"\" class=\"wp-image-1107\" srcset=\"https:\/\/routedesartsvaudreuilsoulanges.com\/wp-content\/uploads\/2023\/05\/Riendeau2023-4jpg-576x1024.jpg 576w, https:\/\/routedesartsvaudreuilsoulanges.com\/wp-content\/uploads\/2023\/05\/Riendeau2023-4jpg-169x300.jpg 169w, https:\/\/routedesartsvaudreuilsoulanges.com\/wp-content\/uploads\/2023\/05\/Riendeau2023-4jpg-768x1365.jpg 768w, https:\/\/routedesartsvaudreuilsoulanges.com\/wp-content\/uploads\/2023\/05\/Riendeau2023-4jpg-864x1536.jpg 864w, https:\/\/routedesartsvaudreuilsoulanges.com\/wp-content\/uploads\/2023\/05\/Riendeau2023-4jpg-1152x2048.jpg 1152w, https:\/\/routedesartsvaudreuilsoulanges.com\/wp-content\/uploads\/2023\/05\/Riendeau2023-4jpg-scaled.jpg 1440w\" sizes=\"auto, (max-width: 576px) 100vw, 576px\" \/><\/figure>\n\n\n\n<figure class=\"wp-block-image size-large\"><img loading=\"lazy\" decoding=\"async\" width=\"1024\" height=\"768\" data-id=\"1108\" src=\"https:\/\/routedesartsvaudreuilsoulanges.com\/wp-content\/uploads\/2023\/05\/Riendeau2023-5jpg-1024x768.jpg\" alt=\"\" class=\"wp-image-1108\" srcset=\"https:\/\/routedesartsvaudreuilsoulanges.com\/wp-content\/uploads\/2023\/05\/Riendeau2023-5jpg-1024x768.jpg 1024w, https:\/\/routedesartsvaudreuilsoulanges.com\/wp-content\/uploads\/2023\/05\/Riendeau2023-5jpg-300x225.jpg 300w, https:\/\/routedesartsvaudreuilsoulanges.com\/wp-content\/uploads\/2023\/05\/Riendeau2023-5jpg-768x576.jpg 768w, https:\/\/routedesartsvaudreuilsoulanges.com\/wp-content\/uploads\/2023\/05\/Riendeau2023-5jpg-1536x1152.jpg 1536w, https:\/\/routedesartsvaudreuilsoulanges.com\/wp-content\/uploads\/2023\/05\/Riendeau2023-5jpg-2048x1536.jpg 2048w\" sizes=\"auto, (max-width: 1024px) 100vw, 1024px\" \/><\/figure>\n<\/figure>\n\n\n\n<div style=\"height:42px\" aria-hidden=\"true\" class=\"wp-block-spacer\"><\/div>\n\n\n\n<p>Je suis n\u00e9e et \u00e9tudi\u00e9e \u00e0 Montr\u00e9al. J&rsquo;ai suivi des cours d&rsquo;\u00e9talagiste au CEGEP du vieux Montr\u00e9al. Durant cette p\u00e9riode, j&rsquo;ai eu la possibilit\u00e9 de toucher \u00e0 plusieurs m\u00e9diums. J&rsquo;ai fait de la c\u00e9ramique pendant un certain temps, test\u00e9 ma main \u00e0 la sculpture. Je suis pr\u00e9sentement un cours sur la technique de l&rsquo;aquarelle. Lorsque j&rsquo;ai commenc\u00e9 \u00e0 faire du vitrail c&rsquo;est l\u00e0 que j&rsquo;ai vraiment d\u00e9couvert une passion pour le verre. J&rsquo;ai suivi des cours pour apprendre la technique Tiffany ainsi que de la baguette de plomb. Je fait maintenant du vitrail depuis une douzaine d&rsquo;ann\u00e9es.<\/p>","protected":false},"excerpt":{"rendered":"<p>Mon exp\u00e9rience En tant qu&rsquo;artiste, j&rsquo;ai touch\u00e9 \u00e0 beaucoup de m\u00e9dium. Avec les ann\u00e9es, j&rsquo;ai d\u00e9couvert que le vitrail est ce que je pr\u00e9f\u00e8re et celui auquel je me consacre maintenant enti\u00e8rement.. Pour les personnes qui seraient int\u00e9ress\u00e9es \u00e0 apprendre \u00e0 faire du vitrail, &nbsp;j\u00a0\u00bboffre des cours individuels. Ma vision Je suis en mesure de [&hellip;]<\/p>\n","protected":false},"author":1,"featured_media":1106,"parent":0,"menu_order":0,"comment_status":"closed","ping_status":"closed","template":"","meta":{"footnotes":""},"class_list":["post-986","page","type-page","status-publish","has-post-thumbnail","hentry"],"_links":{"self":[{"href":"https:\/\/routedesartsvaudreuilsoulanges.com\/en\/wp-json\/wp\/v2\/pages\/986","targetHints":{"allow":["GET"]}}],"collection":[{"href":"https:\/\/routedesartsvaudreuilsoulanges.com\/en\/wp-json\/wp\/v2\/pages"}],"about":[{"href":"https:\/\/routedesartsvaudreuilsoulanges.com\/en\/wp-json\/wp\/v2\/types\/page"}],"author":[{"embeddable":true,"href":"https:\/\/routedesartsvaudreuilsoulanges.com\/en\/wp-json\/wp\/v2\/users\/1"}],"replies":[{"embeddable":true,"href":"https:\/\/routedesartsvaudreuilsoulanges.com\/en\/wp-json\/wp\/v2\/comments?post=986"}],"version-history":[{"count":7,"href":"https:\/\/routedesartsvaudreuilsoulanges.com\/en\/wp-json\/wp\/v2\/pages\/986\/revisions"}],"predecessor-version":[{"id":2282,"href":"https:\/\/routedesartsvaudreuilsoulanges.com\/en\/wp-json\/wp\/v2\/pages\/986\/revisions\/2282"}],"wp:featuredmedia":[{"embeddable":true,"href":"https:\/\/routedesartsvaudreuilsoulanges.com\/en\/wp-json\/wp\/v2\/media\/1106"}],"wp:attachment":[{"href":"https:\/\/routedesartsvaudreuilsoulanges.com\/en\/wp-json\/wp\/v2\/media?parent=986"}],"curies":[{"name":"wp","href":"https:\/\/api.w.org\/{rel}","templated":true}]}}