{"id":116,"date":"2023-02-06T07:03:06","date_gmt":"2023-02-06T12:03:06","guid":{"rendered":"https:\/\/routedesartsvs.wordpress.com\/?page_id=116"},"modified":"2026-04-13T14:25:24","modified_gmt":"2026-04-13T19:25:24","slug":"portfolio","status":"publish","type":"page","link":"https:\/\/routedesartsvaudreuilsoulanges.com\/fr\/","title":{"rendered":"Bienvenue"},"content":{"rendered":"\n<h2 class=\"wp-block-heading has-text-align-center\">Quoi de neuf?  <strong> <\/strong><\/h2>\n\n\n\n<p><strong>La p\u00e9riode de candidature pour l&rsquo;\u00e9dition 2026 de la Route des arts Vaudreuil-Soulanges est termin\u00e9e.<\/strong><\/p>\n\n\n\n<ul class=\"wp-block-list\">\n<li>nous proc\u00e9dons maintenant \u00e0 l&rsquo;\u00e9valuation des candidatures et nous vous d\u00e9voilerons les cr\u00e9ateurs de la 5e \u00e9dition de la RAVS.<\/li>\n\n\n\n<li><strong>l&rsquo;\u00e9v\u00e9nement aura lieu les 19 et 20 septembre 2026<\/strong><\/li>\n<\/ul>\n\n\n\n<p><strong>Artistes et cr\u00e9ateurs!  Veuillez consulter les deux appel de candidatures suivants!<\/strong><\/p>\n\n\n\n<p>Deux appels sont ouverts pr\u00e9sentement: Exposition collective estivale et \u00c0 vos pinceaux! pARTez!<\/p>\n\n\n\n<div class=\"wp-block-media-text is-stacked-on-mobile\"><figure class=\"wp-block-media-text__media\"><img loading=\"lazy\" decoding=\"async\" width=\"600\" height=\"503\" src=\"https:\/\/routedesartsvaudreuilsoulanges.com\/wp-content\/uploads\/2026\/04\/appeldecandidatureExpoextivale2026.jpg\" alt=\"\" class=\"wp-image-2628 size-full\" srcset=\"https:\/\/routedesartsvaudreuilsoulanges.com\/wp-content\/uploads\/2026\/04\/appeldecandidatureExpoextivale2026.jpg 600w, https:\/\/routedesartsvaudreuilsoulanges.com\/wp-content\/uploads\/2026\/04\/appeldecandidatureExpoextivale2026-300x252.jpg 300w, https:\/\/routedesartsvaudreuilsoulanges.com\/wp-content\/uploads\/2026\/04\/appeldecandidatureExpoextivale2026-14x12.jpg 14w\" sizes=\"auto, (max-width: 600px) 100vw, 600px\" \/><\/figure><div class=\"wp-block-media-text__content\">\n<p><strong>Date limite pour les inscriptions:<\/strong><\/p>\n\n\n\n<p><strong>17 mai 2026 minuit<\/strong><\/p>\n\n\n\n<p><a href=\"https:\/\/forms.gle\/pxdiTV4CBctSfxRF7\">JE M&rsquo;INSCRIS!<\/a><\/p>\n<\/div><\/div>\n\n\n\n<div class=\"wp-block-media-text has-media-on-the-right is-stacked-on-mobile\"><div class=\"wp-block-media-text__content\">\n<p><strong>Premiers inscrits, premiers choisis!!!<\/strong><\/p>\n\n\n\n<p>Faites vite!  Participez \u00e0 cette comp\u00e9tition cr\u00e9ative et courez la chance de remporter les prix!<\/p>\n\n\n\n<p>JE M&rsquo;INCRIS!!! Nous \u00e9crire \u00e0 info@ravs.ca<\/p>\n<\/div><figure class=\"wp-block-media-text__media\"><img loading=\"lazy\" decoding=\"async\" width=\"600\" height=\"503\" src=\"https:\/\/routedesartsvaudreuilsoulanges.com\/wp-content\/uploads\/2026\/04\/AVPPmai2026.jpg\" alt=\"\" class=\"wp-image-2630 size-full\" srcset=\"https:\/\/routedesartsvaudreuilsoulanges.com\/wp-content\/uploads\/2026\/04\/AVPPmai2026.jpg 600w, https:\/\/routedesartsvaudreuilsoulanges.com\/wp-content\/uploads\/2026\/04\/AVPPmai2026-300x252.jpg 300w, https:\/\/routedesartsvaudreuilsoulanges.com\/wp-content\/uploads\/2026\/04\/AVPPmai2026-14x12.jpg 14w\" sizes=\"auto, (max-width: 600px) 100vw, 600px\" \/><\/figure><\/div>\n\n\n\n<p class=\"has-pale-ocean-gradient-background has-background\"><strong>La Route des arts de Vaudreuil-Soulanges (RAVS) pr\u00e9sente un parcours de d\u00e9couvertes culturelles offrant au public l\u2019opportunit\u00e9 de visiter plusieurs ateliers d\u2019artisans et artistes tout en sillonnant les routes de la r\u00e9gion de Vaudreuil-Soulanges.&nbsp; Cette ann\u00e9e l&rsquo;\u00e9v\u00e9nement a eu lieu les 19 et 20 septembre 2026. <\/strong> Nous organisons \u00e9galement une vari\u00e9t\u00e9 d&rsquo;activit\u00e9s culturelles permettant aux artisans et artistes de la r\u00e9gion de participer aux expositions collectives, de donner des ateliers et plus encore&#8230;<\/p>\n\n\n\n<p class=\"has-pale-ocean-gradient-background has-background\"><strong>Pour les amateurs d&rsquo;art et ceux qui veulent d\u00e9couvrir comment se pratique certaines formes d&rsquo;art, les artistes et artisan.e.s vous accueilleront dans leurs ateliers pour partager leur inspiration, leur processus cr\u00e9atif et leurs \u0153uvres. Vous \u00eates curieux de voir comment on travaille l\u2019huile, le bois, les m\u00e9taux, l\u2019acrylique et autres mat\u00e9riaux? Venez visiter les ateliers et d\u00e9couvrir comment les artistes et artisan.e.s lors de l&rsquo;\u00e9dition de 2026.  <\/strong><\/p>\n\n\n\n<p>****************************************************<\/p>\n\n\n\n<p class=\"has-text-align-center has-white-background-color has-background\">La brochure de la derni\u00e8re \u00e9dition (2025) est disponible en ligne:<\/p>\n\n\n\n<div data-wp-interactive=\"core\/file\" class=\"wp-block-file\"><object data-wp-bind--hidden=\"!state.hasPdfPreview\" hidden class=\"wp-block-file__embed\" data=\"https:\/\/routedesartsvaudreuilsoulanges.com\/wp-content\/uploads\/2025\/08\/P24095_RouteArts_3000x_LR.pdf\" type=\"application\/pdf\" style=\"width:100%;height:600px\" aria-label=\"Contenu incorpor\u00e9 P24095_RouteArts_3000x_LR.\"><\/object><a id=\"wp-block-file--media-43f8ab73-ccc8-4ff9-890b-1f117a032c1f\" href=\"https:\/\/routedesartsvaudreuilsoulanges.com\/wp-content\/uploads\/2025\/08\/P24095_RouteArts_3000x_LR.pdf\">P24095_RouteArts_3000x_LR<\/a><a href=\"https:\/\/routedesartsvaudreuilsoulanges.com\/wp-content\/uploads\/2025\/08\/P24095_RouteArts_3000x_LR.pdf\" class=\"wp-block-file__button wp-element-button\" download aria-describedby=\"wp-block-file--media-43f8ab73-ccc8-4ff9-890b-1f117a032c1f\">T\u00e9l\u00e9charger<\/a><\/div>\n\n\n\n<div class=\"wp-block-group\"><div class=\"wp-block-group__inner-container is-layout-constrained wp-block-group-is-layout-constrained\"><\/div><\/div>\n\n\n\n<p><a href=\"http:\/\/eepurl.com\/hSBHQP\">Abonnez-vous \u00e0 l&rsquo;infolettre <\/a>pour \u00eatre tenu(e) au courant des d\u00e9veloppements et des d\u00e9tails. Mieux encore, <a href=\"https:\/\/forms.gle\/o27q9b2Y1tfwez6M8\">devenez membre<\/a>, c&rsquo;est gratuit, vous recevrez les infolettres, serez invit\u00e9 aux assembl\u00e9es et aux activit\u00e9s de l&rsquo;organisme et aurez l&rsquo;opportunit\u00e9 de contribuer \u00e0 l&rsquo;organisation en tant que b\u00e9n\u00e9vole ou membre des comit\u00e9s de travail. <\/p>\n\n\n\n<p><strong>****************************************************<\/strong><\/p>\n\n\n\n<p><\/p>\n","protected":false},"excerpt":{"rendered":"<p>Quoi de neuf? La p\u00e9riode de candidature pour l&rsquo;\u00e9dition 2026 de la Route des arts Vaudreuil-Soulanges est termin\u00e9e. Artistes et cr\u00e9ateurs! Veuillez consulter les deux appel de candidatures suivants! Deux appels sont ouverts pr\u00e9sentement: Exposition collective estivale et \u00c0 vos pinceaux! pARTez! Date limite pour les inscriptions: 17 mai 2026 minuit JE M&rsquo;INSCRIS! Premiers inscrits, [&hellip;]<\/p>\n","protected":false},"author":1,"featured_media":0,"parent":0,"menu_order":0,"comment_status":"closed","ping_status":"closed","template":"","meta":{"footnotes":""},"class_list":["post-116","page","type-page","status-publish","hentry"],"_links":{"self":[{"href":"https:\/\/routedesartsvaudreuilsoulanges.com\/fr\/wp-json\/wp\/v2\/pages\/116","targetHints":{"allow":["GET"]}}],"collection":[{"href":"https:\/\/routedesartsvaudreuilsoulanges.com\/fr\/wp-json\/wp\/v2\/pages"}],"about":[{"href":"https:\/\/routedesartsvaudreuilsoulanges.com\/fr\/wp-json\/wp\/v2\/types\/page"}],"author":[{"embeddable":true,"href":"https:\/\/routedesartsvaudreuilsoulanges.com\/fr\/wp-json\/wp\/v2\/users\/1"}],"replies":[{"embeddable":true,"href":"https:\/\/routedesartsvaudreuilsoulanges.com\/fr\/wp-json\/wp\/v2\/comments?post=116"}],"version-history":[{"count":94,"href":"https:\/\/routedesartsvaudreuilsoulanges.com\/fr\/wp-json\/wp\/v2\/pages\/116\/revisions"}],"predecessor-version":[{"id":2636,"href":"https:\/\/routedesartsvaudreuilsoulanges.com\/fr\/wp-json\/wp\/v2\/pages\/116\/revisions\/2636"}],"wp:attachment":[{"href":"https:\/\/routedesartsvaudreuilsoulanges.com\/fr\/wp-json\/wp\/v2\/media?parent=116"}],"curies":[{"name":"wp","href":"https:\/\/api.w.org\/{rel}","templated":true}]}}