{"id":1196,"date":"2023-07-10T13:15:04","date_gmt":"2023-07-10T18:15:04","guid":{"rendered":"https:\/\/routedesartsvaudreuilsoulanges.com\/?page_id=1196"},"modified":"2025-04-22T21:27:29","modified_gmt":"2025-04-23T02:27:29","slug":"roxana-stoleru","status":"publish","type":"page","link":"https:\/\/routedesartsvaudreuilsoulanges.com\/fr\/roxana-stoleru\/","title":{"rendered":"2023 ROXANA STOLERU"},"content":{"rendered":"\n<figure class=\"wp-block-image size-large is-resized\"><img loading=\"lazy\" decoding=\"async\" src=\"https:\/\/routedesartsvaudreuilsoulanges.com\/wp-content\/uploads\/2023\/06\/roxanastoleru-493x1024.jpg\" alt=\"\" class=\"wp-image-1197\" width=\"337\" height=\"700\" srcset=\"https:\/\/routedesartsvaudreuilsoulanges.com\/wp-content\/uploads\/2023\/06\/roxanastoleru-493x1024.jpg 493w, https:\/\/routedesartsvaudreuilsoulanges.com\/wp-content\/uploads\/2023\/06\/roxanastoleru-144x300.jpg 144w, https:\/\/routedesartsvaudreuilsoulanges.com\/wp-content\/uploads\/2023\/06\/roxanastoleru.jpg 506w\" sizes=\"auto, (max-width: 337px) 100vw, 337px\" \/><figcaption class=\"wp-element-caption\">Roxana Stoleru<\/figcaption><\/figure>\n\n\n\n<div style=\"height:40px\" aria-hidden=\"true\" class=\"wp-block-spacer\"><\/div>\n\n\n\n<div class=\"wp-block-buttons is-layout-flex wp-block-buttons-is-layout-flex\">\n<div class=\"wp-block-button\"><a class=\"wp-block-button__link has-white-color has-vivid-purple-background-color has-text-color has-background wp-element-button\" href=\"https:\/\/lartelierduvillage.blogspot.com\/\" target=\"_blank\" rel=\"noreferrer noopener\">Site web<\/a><\/div>\n\n\n\n<div class=\"wp-block-button\"><a class=\"wp-block-button__link has-white-color has-vivid-purple-background-color has-text-color has-background wp-element-button\" href=\"https:\/\/www.facebook.com\/LARTelierduVillage\" target=\"_blank\" rel=\"noreferrer noopener\">Facebook<\/a><\/div>\n<\/div>\n\n\n\n<div style=\"height:42px\" aria-hidden=\"true\" class=\"wp-block-spacer\"><\/div>\n\n\n\n<p>Depuis son enfance, Roxana Stoleru a toujours \u00e9t\u00e9 fascin\u00e9e par les couleurs, les formes, les textures, l&rsquo;art et l&rsquo;artisanat, h\u00e9rit\u00e9s de sa grand-m\u00e8re maternelle qui faisait partie d&rsquo;une g\u00e9n\u00e9ration o\u00f9 tout ou presque \u00e9tait fait \u00e0 la main. N\u00e9e \u00e0 Bucarest, Roxana est dipl\u00f4m\u00e9e de la facult\u00e9 de gestion d&rsquo;affaires et d\u00e9tient une ma\u00eetrise en \u00e9valuation environnementale de l&rsquo;Universit\u00e9 McGill. Apr\u00e8s avoir travaill\u00e9 dans le d\u00e9veloppement international en Roumanie, elle s&rsquo;est install\u00e9e \u00e0 Montr\u00e9al avec sa famille, o\u00f9 elle a poursuivi une carri\u00e8re de consultante \u00e0 l&rsquo;ONU tout en approfondissant ses \u00e9tudes dans le domaine du design et en \u00e9largissant ses horizons artistiques \u00e0 travers divers cours et exp\u00e9riences en sculpture, peinture, photographie et techniques de tissage.<\/p>\n\n\n\n<p>Au printemps 2011, Roxana a ouvert L&rsquo;ARTelier du Village, une boutique d&rsquo;art et de design situ\u00e9e dans le Village de Pointe-Claire. Tout en d\u00e9veloppant la boutique, Roxana a \u00e9galement \u00e9volu\u00e9 et s&rsquo;est transform\u00e9e artistiquement. Avec le temps, L&rsquo;ARTelier du Village s&rsquo;est transform\u00e9&nbsp;dans&nbsp;son atelier d&rsquo;artiste \u00e0 la&nbsp;maison. Elle enseigne maintenant la sculpture textile avec Paverpol et le tissage. Dans cet espace, vous pouvez admirer ses cr\u00e9ations et ses \u0153uvres d&rsquo;art.<\/p>\n\n\n\n<div style=\"height:41px\" aria-hidden=\"true\" class=\"wp-block-spacer\"><\/div>\n\n\n\n<figure class=\"wp-block-gallery has-nested-images columns-default is-cropped wp-block-gallery-1 is-layout-flex wp-block-gallery-is-layout-flex\">\n<figure class=\"wp-block-image size-large\"><img loading=\"lazy\" decoding=\"async\" width=\"821\" height=\"1024\" data-id=\"1236\" src=\"https:\/\/routedesartsvaudreuilsoulanges.com\/wp-content\/uploads\/2023\/07\/Stoleru2023_1-821x1024.jpg\" alt=\"\" class=\"wp-image-1236\" srcset=\"https:\/\/routedesartsvaudreuilsoulanges.com\/wp-content\/uploads\/2023\/07\/Stoleru2023_1-821x1024.jpg 821w, https:\/\/routedesartsvaudreuilsoulanges.com\/wp-content\/uploads\/2023\/07\/Stoleru2023_1-240x300.jpg 240w, https:\/\/routedesartsvaudreuilsoulanges.com\/wp-content\/uploads\/2023\/07\/Stoleru2023_1-768x958.jpg 768w, https:\/\/routedesartsvaudreuilsoulanges.com\/wp-content\/uploads\/2023\/07\/Stoleru2023_1-1231x1536.jpg 1231w, https:\/\/routedesartsvaudreuilsoulanges.com\/wp-content\/uploads\/2023\/07\/Stoleru2023_1.jpg 1440w\" sizes=\"auto, (max-width: 821px) 100vw, 821px\" \/><\/figure>\n\n\n\n<figure class=\"wp-block-image size-large\"><img loading=\"lazy\" decoding=\"async\" width=\"819\" height=\"1024\" data-id=\"1234\" src=\"https:\/\/routedesartsvaudreuilsoulanges.com\/wp-content\/uploads\/2023\/07\/Stoleru2023_2-819x1024.jpg\" alt=\"\" class=\"wp-image-1234\" srcset=\"https:\/\/routedesartsvaudreuilsoulanges.com\/wp-content\/uploads\/2023\/07\/Stoleru2023_2-819x1024.jpg 819w, https:\/\/routedesartsvaudreuilsoulanges.com\/wp-content\/uploads\/2023\/07\/Stoleru2023_2-240x300.jpg 240w, https:\/\/routedesartsvaudreuilsoulanges.com\/wp-content\/uploads\/2023\/07\/Stoleru2023_2-768x960.jpg 768w, https:\/\/routedesartsvaudreuilsoulanges.com\/wp-content\/uploads\/2023\/07\/Stoleru2023_2-1228x1536.jpg 1228w, https:\/\/routedesartsvaudreuilsoulanges.com\/wp-content\/uploads\/2023\/07\/Stoleru2023_2.jpg 1349w\" sizes=\"auto, (max-width: 819px) 100vw, 819px\" \/><\/figure>\n\n\n\n<figure class=\"wp-block-image size-large\"><img loading=\"lazy\" decoding=\"async\" width=\"970\" height=\"1024\" data-id=\"1233\" src=\"https:\/\/routedesartsvaudreuilsoulanges.com\/wp-content\/uploads\/2023\/07\/Stoleru2023_3-970x1024.jpg\" alt=\"\" class=\"wp-image-1233\" srcset=\"https:\/\/routedesartsvaudreuilsoulanges.com\/wp-content\/uploads\/2023\/07\/Stoleru2023_3-970x1024.jpg 970w, https:\/\/routedesartsvaudreuilsoulanges.com\/wp-content\/uploads\/2023\/07\/Stoleru2023_3-284x300.jpg 284w, https:\/\/routedesartsvaudreuilsoulanges.com\/wp-content\/uploads\/2023\/07\/Stoleru2023_3-768x811.jpg 768w, https:\/\/routedesartsvaudreuilsoulanges.com\/wp-content\/uploads\/2023\/07\/Stoleru2023_3.jpg 1329w\" sizes=\"auto, (max-width: 970px) 100vw, 970px\" \/><\/figure>\n\n\n\n<figure class=\"wp-block-image size-large\"><img loading=\"lazy\" decoding=\"async\" width=\"819\" height=\"1024\" data-id=\"1237\" src=\"https:\/\/routedesartsvaudreuilsoulanges.com\/wp-content\/uploads\/2023\/07\/Stoleru2023_4-819x1024.jpg\" alt=\"\" class=\"wp-image-1237\" srcset=\"https:\/\/routedesartsvaudreuilsoulanges.com\/wp-content\/uploads\/2023\/07\/Stoleru2023_4-819x1024.jpg 819w, https:\/\/routedesartsvaudreuilsoulanges.com\/wp-content\/uploads\/2023\/07\/Stoleru2023_4-240x300.jpg 240w, https:\/\/routedesartsvaudreuilsoulanges.com\/wp-content\/uploads\/2023\/07\/Stoleru2023_4-768x960.jpg 768w, https:\/\/routedesartsvaudreuilsoulanges.com\/wp-content\/uploads\/2023\/07\/Stoleru2023_4-1229x1536.jpg 1229w, https:\/\/routedesartsvaudreuilsoulanges.com\/wp-content\/uploads\/2023\/07\/Stoleru2023_4.jpg 1440w\" sizes=\"auto, (max-width: 819px) 100vw, 819px\" \/><\/figure>\n\n\n\n<figure class=\"wp-block-image size-large\"><img loading=\"lazy\" decoding=\"async\" width=\"840\" height=\"1024\" data-id=\"1235\" src=\"https:\/\/routedesartsvaudreuilsoulanges.com\/wp-content\/uploads\/2023\/07\/Stoleru2023_5-840x1024.jpg\" alt=\"\" class=\"wp-image-1235\" srcset=\"https:\/\/routedesartsvaudreuilsoulanges.com\/wp-content\/uploads\/2023\/07\/Stoleru2023_5-840x1024.jpg 840w, https:\/\/routedesartsvaudreuilsoulanges.com\/wp-content\/uploads\/2023\/07\/Stoleru2023_5-246x300.jpg 246w, https:\/\/routedesartsvaudreuilsoulanges.com\/wp-content\/uploads\/2023\/07\/Stoleru2023_5-768x936.jpg 768w, https:\/\/routedesartsvaudreuilsoulanges.com\/wp-content\/uploads\/2023\/07\/Stoleru2023_5-1260x1536.jpg 1260w, https:\/\/routedesartsvaudreuilsoulanges.com\/wp-content\/uploads\/2023\/07\/Stoleru2023_5.jpg 1440w\" sizes=\"auto, (max-width: 840px) 100vw, 840px\" \/><\/figure>\n<\/figure>\n\n\n\n<div style=\"height:41px\" aria-hidden=\"true\" class=\"wp-block-spacer\"><\/div>\n\n\n\n<p>\u00c0 travers son travail artistique, Roxana cherche \u00e0 c\u00e9l\u00e9brer aussi l&rsquo;h\u00e9ritage culturel de la Roumanie et \u00e0 mettre en valeur la beaut\u00e9 des traditions. Ses cr\u00e9ations refl\u00e8tent son amour pour les couleurs vibrantes, les d\u00e9tails minutieux et la connexion avec ses racines. En combinant sa passion pour la photographie, le design et les techniques artisanales, Roxana cr\u00e9e des pi\u00e8ces uniques qui \u00e9voquent \u00e0 la fois le pass\u00e9 et le pr\u00e9sent, tout en offrant une perspective contemporaine.<\/p>\n\n\n\n<p>Roxana vous invite \u00e0 d\u00e9couvrir son univers artistique, o\u00f9 l&rsquo;\u00e9motion, la cr\u00e9ativit\u00e9 et la tradition se rencontrent pour raconter des histoires uniques \u00e0 travers chaque \u0153uvre.<\/p>\n","protected":false},"excerpt":{"rendered":"<p>Depuis son enfance, Roxana Stoleru a toujours \u00e9t\u00e9 fascin\u00e9e par les couleurs, les formes, les textures, l&rsquo;art et l&rsquo;artisanat, h\u00e9rit\u00e9s de sa grand-m\u00e8re maternelle qui faisait partie d&rsquo;une g\u00e9n\u00e9ration o\u00f9 tout ou presque \u00e9tait fait \u00e0 la main. N\u00e9e \u00e0 Bucarest, Roxana est dipl\u00f4m\u00e9e de la facult\u00e9 de gestion d&rsquo;affaires et d\u00e9tient une ma\u00eetrise en [&hellip;]<\/p>\n","protected":false},"author":1,"featured_media":1235,"parent":0,"menu_order":0,"comment_status":"closed","ping_status":"closed","template":"","meta":{"footnotes":""},"class_list":["post-1196","page","type-page","status-publish","has-post-thumbnail","hentry"],"_links":{"self":[{"href":"https:\/\/routedesartsvaudreuilsoulanges.com\/fr\/wp-json\/wp\/v2\/pages\/1196","targetHints":{"allow":["GET"]}}],"collection":[{"href":"https:\/\/routedesartsvaudreuilsoulanges.com\/fr\/wp-json\/wp\/v2\/pages"}],"about":[{"href":"https:\/\/routedesartsvaudreuilsoulanges.com\/fr\/wp-json\/wp\/v2\/types\/page"}],"author":[{"embeddable":true,"href":"https:\/\/routedesartsvaudreuilsoulanges.com\/fr\/wp-json\/wp\/v2\/users\/1"}],"replies":[{"embeddable":true,"href":"https:\/\/routedesartsvaudreuilsoulanges.com\/fr\/wp-json\/wp\/v2\/comments?post=1196"}],"version-history":[{"count":9,"href":"https:\/\/routedesartsvaudreuilsoulanges.com\/fr\/wp-json\/wp\/v2\/pages\/1196\/revisions"}],"predecessor-version":[{"id":2299,"href":"https:\/\/routedesartsvaudreuilsoulanges.com\/fr\/wp-json\/wp\/v2\/pages\/1196\/revisions\/2299"}],"wp:featuredmedia":[{"embeddable":true,"href":"https:\/\/routedesartsvaudreuilsoulanges.com\/fr\/wp-json\/wp\/v2\/media\/1235"}],"wp:attachment":[{"href":"https:\/\/routedesartsvaudreuilsoulanges.com\/fr\/wp-json\/wp\/v2\/media?parent=1196"}],"curies":[{"name":"wp","href":"https:\/\/api.w.org\/{rel}","templated":true}]}}