{"id":1580,"date":"2024-05-25T20:39:02","date_gmt":"2024-05-26T01:39:02","guid":{"rendered":"https:\/\/routedesartsvaudreuilsoulanges.com\/?page_id=1580"},"modified":"2024-06-24T14:34:14","modified_gmt":"2024-06-24T19:34:14","slug":"2024-james-parry","status":"publish","type":"page","link":"https:\/\/routedesartsvaudreuilsoulanges.com\/fr\/2024-james-parry\/","title":{"rendered":"2024 JAMES PARRY"},"content":{"rendered":"\n<figure class=\"wp-block-image alignfull size-full\"><img loading=\"lazy\" decoding=\"async\" width=\"704\" height=\"536\" src=\"https:\/\/routedesartsvaudreuilsoulanges.com\/wp-content\/uploads\/2024\/05\/Capture-decran-2024-05-08-084954.png\" alt=\"\" class=\"wp-image-1660\" srcset=\"https:\/\/routedesartsvaudreuilsoulanges.com\/wp-content\/uploads\/2024\/05\/Capture-decran-2024-05-08-084954.png 704w, https:\/\/routedesartsvaudreuilsoulanges.com\/wp-content\/uploads\/2024\/05\/Capture-decran-2024-05-08-084954-300x228.png 300w\" sizes=\"auto, (max-width: 704px) 100vw, 704px\" \/><\/figure>\n\n\n\n<div class=\"wp-block-columns alignwide are-vertically-aligned-center is-layout-flex wp-container-core-columns-is-layout-9d6595d7 wp-block-columns-is-layout-flex\">\n<div class=\"wp-block-column is-vertically-aligned-center is-layout-flow wp-block-column-is-layout-flow\">\n<figure class=\"wp-block-image size-full is-resized\"><img loading=\"lazy\" decoding=\"async\" width=\"430\" height=\"570\" src=\"https:\/\/routedesartsvaudreuilsoulanges.com\/wp-content\/uploads\/2024\/05\/Capture-decran-2024-05-08-085204.png\" alt=\"\" class=\"wp-image-1661\" style=\"aspect-ratio:1;object-fit:cover;width:393px;height:auto\" srcset=\"https:\/\/routedesartsvaudreuilsoulanges.com\/wp-content\/uploads\/2024\/05\/Capture-decran-2024-05-08-085204.png 430w, https:\/\/routedesartsvaudreuilsoulanges.com\/wp-content\/uploads\/2024\/05\/Capture-decran-2024-05-08-085204-226x300.png 226w\" sizes=\"auto, (max-width: 430px) 100vw, 430px\" \/><\/figure>\n<\/div>\n\n\n\n<div class=\"wp-block-column is-vertically-aligned-center is-layout-flow wp-block-column-is-layout-flow\">\n<h3 class=\"wp-block-heading\">James Parry<\/h3>\n\n\n\n<p>Aristic field : <strong>Visual arts<\/strong><\/p>\n\n\n\n<p><em>Inspired by nature, and often with my garden as a studio, I use pen and ink exclusively.<\/em><\/p>\n\n\n\n<ul class=\"wp-block-social-links is-layout-flex wp-block-social-links-is-layout-flex\"><li class=\"wp-social-link wp-social-link-mail  wp-block-social-link\"><a href=\"mailto:&#099;&#114;eat&#105;&#111;&#110;&#064;&#118;id&#101;&#111;&#116;ron&#046;ca\" class=\"wp-block-social-link-anchor\"><svg width=\"24\" height=\"24\" viewBox=\"0 0 24 24\" version=\"1.1\" xmlns=\"http:\/\/www.w3.org\/2000\/svg\" aria-hidden=\"true\" focusable=\"false\"><path d=\"M19,5H5c-1.1,0-2,.9-2,2v10c0,1.1.9,2,2,2h14c1.1,0,2-.9,2-2V7c0-1.1-.9-2-2-2zm.5,12c0,.3-.2.5-.5.5H5c-.3,0-.5-.2-.5-.5V9.8l7.5,5.6,7.5-5.6V17zm0-9.1L12,13.6,4.5,7.9V7c0-.3.2-.5.5-.5h14c.3,0,.5.2.5.5v.9z\"><\/path><\/svg><span class=\"wp-block-social-link-label screen-reader-text\">Mail<\/span><\/a><\/li>\n\n<li class=\"wp-social-link wp-social-link-chain  wp-block-social-link\"><a href=\"https:\/\/artshudson.org\/\" class=\"wp-block-social-link-anchor\"><svg width=\"24\" height=\"24\" viewBox=\"0 0 24 24\" version=\"1.1\" xmlns=\"http:\/\/www.w3.org\/2000\/svg\" aria-hidden=\"true\" focusable=\"false\"><path d=\"M15.6,7.2H14v1.5h1.6c2,0,3.7,1.7,3.7,3.7s-1.7,3.7-3.7,3.7H14v1.5h1.6c2.8,0,5.2-2.3,5.2-5.2,0-2.9-2.3-5.2-5.2-5.2zM4.7,12.4c0-2,1.7-3.7,3.7-3.7H10V7.2H8.4c-2.9,0-5.2,2.3-5.2,5.2,0,2.9,2.3,5.2,5.2,5.2H10v-1.5H8.4c-2,0-3.7-1.7-3.7-3.7zm4.6.9h5.3v-1.5H9.3v1.5z\"><\/path><\/svg><span class=\"wp-block-social-link-label screen-reader-text\">Link<\/span><\/a><\/li><\/ul>\n\n\n\n<div style=\"height:16px\" aria-hidden=\"true\" class=\"wp-block-spacer\"><\/div>\n<\/div>\n<\/div>\n\n\n\n<p>Ce brillant journaliste aux multiples troph\u00e9es, James Parry a toujours eu la fibre artistique, cr\u00e9ant dans ses loisirs de splendides \u00e9maux sur cuivre et une remarquable fresque refl\u00e9tant un m\u00e9morable voyage en Afrique du Sud. Plus tard, il s&rsquo;est mis au fusain. Ceci est une de ses \u0153uvres. Elle refl\u00e8te la beaut\u00e9 de la nature qui nous entoure, avec une touche d&rsquo;humour bien britannique. Il vit dans le pittoresque village de Hudson, non loin d&rsquo;ici, et vous invite \u00e0 d\u00e9couvrir d&rsquo;autres de ses cr\u00e9ations dans son atelier, les 21 et 22 septembre 2024 de 10h \u00e0 16h30.<\/p>\n\n\n\n<p>Life-long journalist and writer for both national and local newspapers including the former Hudson Gazette and The Journal as well as magazines in both the U.K. and Canada, passionate gardener, and worldwide traveller, Hudsonite James Parry through his Parry&rsquo;s Pictorials has created a unique pen and ink kaleidoscopic view of the wonder and magic of nature that surrounds us. Including beautiful butterflies, crazy critters, fabulous flowers, funny fish, and fantastic fauna.<\/p>\n\n\n\n<p>Parry&rsquo;s Pen Pictorials*<\/p>\n\n\n\n<p><em>A view of an object (actual or imagined) as it would be seen by an observer who looks at the object either in a chosen direction or from a selected point of view.<\/em><\/p>\n\n\n\n<p class=\"has-text-align-center\"><strong>James Parry can be reached at (450) 458-7154<\/strong><\/p>\n\n\n\n<p class=\"has-text-align-center\"><strong>or by email at&nbsp;<a href=\"mailto:creation@videotron.ca\" target=\"_blank\" rel=\"noreferrer noopener\">creation@videotron.ca<\/a><\/strong><\/p>\n\n\n\n<div style=\"height:40px\" aria-hidden=\"true\" class=\"wp-block-spacer\"><\/div>\n\n\n\n<figure class=\"wp-block-gallery has-nested-images columns-default is-cropped wp-block-gallery-1 is-layout-flex wp-block-gallery-is-layout-flex\">\n<figure class=\"wp-block-image size-full\"><img loading=\"lazy\" decoding=\"async\" width=\"193\" height=\"150\" data-id=\"1666\" src=\"https:\/\/routedesartsvaudreuilsoulanges.com\/wp-content\/uploads\/2024\/05\/Parry2023_5.jpg\" alt=\"\" class=\"wp-image-1666\"\/><\/figure>\n\n\n\n<figure class=\"wp-block-image size-full\"><img loading=\"lazy\" decoding=\"async\" width=\"621\" height=\"480\" data-id=\"1665\" src=\"https:\/\/routedesartsvaudreuilsoulanges.com\/wp-content\/uploads\/2024\/05\/Parry2023_4.jpg\" alt=\"\" class=\"wp-image-1665\" srcset=\"https:\/\/routedesartsvaudreuilsoulanges.com\/wp-content\/uploads\/2024\/05\/Parry2023_4.jpg 621w, https:\/\/routedesartsvaudreuilsoulanges.com\/wp-content\/uploads\/2024\/05\/Parry2023_4-300x232.jpg 300w\" sizes=\"auto, (max-width: 621px) 100vw, 621px\" \/><\/figure>\n\n\n\n<figure class=\"wp-block-image size-large\"><img loading=\"lazy\" decoding=\"async\" width=\"704\" height=\"536\" data-id=\"1660\" src=\"https:\/\/routedesartsvaudreuilsoulanges.com\/wp-content\/uploads\/2024\/05\/Capture-decran-2024-05-08-084954.png\" alt=\"\" class=\"wp-image-1660\" srcset=\"https:\/\/routedesartsvaudreuilsoulanges.com\/wp-content\/uploads\/2024\/05\/Capture-decran-2024-05-08-084954.png 704w, https:\/\/routedesartsvaudreuilsoulanges.com\/wp-content\/uploads\/2024\/05\/Capture-decran-2024-05-08-084954-300x228.png 300w\" sizes=\"auto, (max-width: 704px) 100vw, 704px\" \/><\/figure>\n\n\n\n<figure class=\"wp-block-image size-full\"><img loading=\"lazy\" decoding=\"async\" width=\"622\" height=\"480\" data-id=\"1664\" src=\"https:\/\/routedesartsvaudreuilsoulanges.com\/wp-content\/uploads\/2024\/05\/Parry2023_3.jpg\" alt=\"\" class=\"wp-image-1664\" srcset=\"https:\/\/routedesartsvaudreuilsoulanges.com\/wp-content\/uploads\/2024\/05\/Parry2023_3.jpg 622w, https:\/\/routedesartsvaudreuilsoulanges.com\/wp-content\/uploads\/2024\/05\/Parry2023_3-300x232.jpg 300w\" sizes=\"auto, (max-width: 622px) 100vw, 622px\" \/><\/figure>\n\n\n\n<figure class=\"wp-block-image size-full\"><img loading=\"lazy\" decoding=\"async\" width=\"440\" height=\"640\" data-id=\"1663\" src=\"https:\/\/routedesartsvaudreuilsoulanges.com\/wp-content\/uploads\/2024\/05\/Parry2023_2.jpg\" alt=\"\" class=\"wp-image-1663\" srcset=\"https:\/\/routedesartsvaudreuilsoulanges.com\/wp-content\/uploads\/2024\/05\/Parry2023_2.jpg 440w, https:\/\/routedesartsvaudreuilsoulanges.com\/wp-content\/uploads\/2024\/05\/Parry2023_2-206x300.jpg 206w\" sizes=\"auto, (max-width: 440px) 100vw, 440px\" \/><\/figure>\n\n\n\n<figure class=\"wp-block-image size-full\"><img loading=\"lazy\" decoding=\"async\" width=\"622\" height=\"480\" data-id=\"1662\" src=\"https:\/\/routedesartsvaudreuilsoulanges.com\/wp-content\/uploads\/2024\/05\/Parry2023_1.jpg\" alt=\"\" class=\"wp-image-1662\" srcset=\"https:\/\/routedesartsvaudreuilsoulanges.com\/wp-content\/uploads\/2024\/05\/Parry2023_1.jpg 622w, https:\/\/routedesartsvaudreuilsoulanges.com\/wp-content\/uploads\/2024\/05\/Parry2023_1-300x232.jpg 300w\" sizes=\"auto, (max-width: 622px) 100vw, 622px\" \/><\/figure>\n<\/figure>\n","protected":false},"excerpt":{"rendered":"<p>James Parry Aristic field : Visual arts Inspired by nature, and often with my garden as a studio, I use pen and ink exclusively. Ce brillant journaliste aux multiples troph\u00e9es, James Parry a toujours eu la fibre artistique, cr\u00e9ant dans ses loisirs de splendides \u00e9maux sur cuivre et une remarquable fresque refl\u00e9tant un m\u00e9morable voyage [&hellip;]<\/p>\n","protected":false},"author":1,"featured_media":0,"parent":0,"menu_order":0,"comment_status":"closed","ping_status":"closed","template":"","meta":{"footnotes":""},"class_list":["post-1580","page","type-page","status-publish","hentry"],"_links":{"self":[{"href":"https:\/\/routedesartsvaudreuilsoulanges.com\/fr\/wp-json\/wp\/v2\/pages\/1580","targetHints":{"allow":["GET"]}}],"collection":[{"href":"https:\/\/routedesartsvaudreuilsoulanges.com\/fr\/wp-json\/wp\/v2\/pages"}],"about":[{"href":"https:\/\/routedesartsvaudreuilsoulanges.com\/fr\/wp-json\/wp\/v2\/types\/page"}],"author":[{"embeddable":true,"href":"https:\/\/routedesartsvaudreuilsoulanges.com\/fr\/wp-json\/wp\/v2\/users\/1"}],"replies":[{"embeddable":true,"href":"https:\/\/routedesartsvaudreuilsoulanges.com\/fr\/wp-json\/wp\/v2\/comments?post=1580"}],"version-history":[{"count":3,"href":"https:\/\/routedesartsvaudreuilsoulanges.com\/fr\/wp-json\/wp\/v2\/pages\/1580\/revisions"}],"predecessor-version":[{"id":1894,"href":"https:\/\/routedesartsvaudreuilsoulanges.com\/fr\/wp-json\/wp\/v2\/pages\/1580\/revisions\/1894"}],"wp:attachment":[{"href":"https:\/\/routedesartsvaudreuilsoulanges.com\/fr\/wp-json\/wp\/v2\/media?parent=1580"}],"curies":[{"name":"wp","href":"https:\/\/api.w.org\/{rel}","templated":true}]}}