{"id":1592,"date":"2024-05-25T20:39:31","date_gmt":"2024-05-26T01:39:31","guid":{"rendered":"https:\/\/routedesartsvaudreuilsoulanges.com\/?page_id=1592"},"modified":"2024-05-25T20:39:31","modified_gmt":"2024-05-26T01:39:31","slug":"2024-johanne-kourie","status":"publish","type":"page","link":"https:\/\/routedesartsvaudreuilsoulanges.com\/fr\/2024-johanne-kourie\/","title":{"rendered":"2024 JOHANNE KOURIE"},"content":{"rendered":"\n<figure class=\"wp-block-image alignfull size-full\"><img loading=\"lazy\" decoding=\"async\" width=\"502\" height=\"480\" src=\"https:\/\/routedesartsvaudreuilsoulanges.com\/wp-content\/uploads\/2024\/05\/Kourie-5-.jpeg\" alt=\"\" class=\"wp-image-1716\" srcset=\"https:\/\/routedesartsvaudreuilsoulanges.com\/wp-content\/uploads\/2024\/05\/Kourie-5-.jpeg 502w, https:\/\/routedesartsvaudreuilsoulanges.com\/wp-content\/uploads\/2024\/05\/Kourie-5--300x287.jpeg 300w\" sizes=\"auto, (max-width: 502px) 100vw, 502px\" \/><\/figure>\n\n\n\n<div class=\"wp-block-columns alignwide are-vertically-aligned-center is-layout-flex wp-container-core-columns-is-layout-9d6595d7 wp-block-columns-is-layout-flex\">\n<div class=\"wp-block-column is-vertically-aligned-center is-layout-flow wp-block-column-is-layout-flow\">\n<figure class=\"wp-block-image size-full is-resized\"><img loading=\"lazy\" decoding=\"async\" width=\"744\" height=\"815\" src=\"https:\/\/routedesartsvaudreuilsoulanges.com\/wp-content\/uploads\/2024\/05\/Capture-decran-2024-04-20-134333.png\" alt=\"\" class=\"wp-image-1719\" style=\"aspect-ratio:1;object-fit:cover;width:393px;height:auto\" srcset=\"https:\/\/routedesartsvaudreuilsoulanges.com\/wp-content\/uploads\/2024\/05\/Capture-decran-2024-04-20-134333.png 744w, https:\/\/routedesartsvaudreuilsoulanges.com\/wp-content\/uploads\/2024\/05\/Capture-decran-2024-04-20-134333-274x300.png 274w\" sizes=\"auto, (max-width: 744px) 100vw, 744px\" \/><\/figure>\n<\/div>\n\n\n\n<div class=\"wp-block-column is-vertically-aligned-center is-layout-flow wp-block-column-is-layout-flow\">\n<h3 class=\"wp-block-heading\">Johanne Kourie<\/h3>\n\n\n\n<p>Domaine artistique : <strong>Arts visuels<\/strong><\/p>\n\n\n\n<p>Artiste-peintre professionnelle, je peins pour immortaliser les beaut\u00e9s qui m\u2019entoure en laissant libre cours aux \u00e9motions qui m\u2019habitent. La nature est ma muse, mon inspiration o\u00f9 j\u2019y puise mon \u00e9lan cr\u00e9ateur.<\/p>\n\n\n\n<p>Peindre est une forme de m\u00e9ditation, de retour \u00e0 l\u2019essentiel, au calme et \u00e0 l\u2019abandon de soiLa chimie des couleurs me fascine.<br>J\u2019aime jouer avec celles-ci pour donner le ton et l\u2019atmosph\u00e8re \u00e0 mes oeuvres selon l\u2019\u00e9motion que je veux exprimer. Pour moi, les couleurs sont les mots qui expriment mes \u00e9tats d\u2019\u00e2me.<\/p>\n\n\n\n<p>Dans mon processus cr\u00e9atif, ma cam\u00e9ra est ma pr\u00e9cieuse alli\u00e9e. Je prends des centaines de clich\u00e9s qui parfois serviront \u00e0 l\u2019inspiration d\u2019un ou de plusieurs tableaux. Je choisis le m\u00e9dium avec lequel je les peindrai selon l\u2019atmosph\u00e8re que je veux rendre. La peinture \u00e0 l\u2019huile, \u00e0 l\u2019acrylique, l\u2019encre et le fusain sont les m\u00e9diums que j\u2019affectionne tout particuli\u00e8rement.<\/p>\n\n\n\n<p>Mes couleurs sont parfois froides, parfois chaudes mais toujours vives et joyeuses. L\u2019ombre et la lumi\u00e8re ainsi que le mouvement et la douceur se<br>c\u00f4toient dans chacune de mes oeuvres o\u00f9 s\u2019entrecroisent r\u00e9alit\u00e9 et imaginaire.<br>Je me retrouve particuli\u00e8rement dans le style impressionniste.<\/p>\n\n\n\n<p>Ma mission artistique est de \u00ab guider les amoureux de la nature \u00e0 en appr\u00e9cier les beaut\u00e9s et la magie qu\u2019elle d\u00e9gage en voyageant avec les yeux du coeur, dans des atmosph\u00e8res color\u00e9es remplies d\u2019\u00e9motions et de secrets, leur apportant ainsi le bien-\u00eatre d\u2019une m\u00e9ditation contemplative \u00bb<\/p>\n\n\n\n<p>Car pour moi: \u00ab Chaque tableau a son histoire et chaque histoire a son tableau \u00bb.<\/p>\n\n\n\n<ul class=\"wp-block-social-links is-layout-flex wp-block-social-links-is-layout-flex\"><li class=\"wp-social-link wp-social-link-mail  wp-block-social-link\"><a href=\"mailto:&#105;n&#102;o&#064;&#106;o&#104;&#097;nne&#107;&#111;u&#114;i&#101;.co&#109;\" class=\"wp-block-social-link-anchor\"><svg width=\"24\" height=\"24\" viewBox=\"0 0 24 24\" version=\"1.1\" xmlns=\"http:\/\/www.w3.org\/2000\/svg\" aria-hidden=\"true\" focusable=\"false\"><path d=\"M19,5H5c-1.1,0-2,.9-2,2v10c0,1.1.9,2,2,2h14c1.1,0,2-.9,2-2V7c0-1.1-.9-2-2-2zm.5,12c0,.3-.2.5-.5.5H5c-.3,0-.5-.2-.5-.5V9.8l7.5,5.6,7.5-5.6V17zm0-9.1L12,13.6,4.5,7.9V7c0-.3.2-.5.5-.5h14c.3,0,.5.2.5.5v.9z\"><\/path><\/svg><span class=\"wp-block-social-link-label screen-reader-text\">Mail<\/span><\/a><\/li>\n\n<li class=\"wp-social-link wp-social-link-chain  wp-block-social-link\"><a href=\"https:\/\/johannekourie.com\/\" class=\"wp-block-social-link-anchor\"><svg width=\"24\" height=\"24\" viewBox=\"0 0 24 24\" version=\"1.1\" xmlns=\"http:\/\/www.w3.org\/2000\/svg\" aria-hidden=\"true\" focusable=\"false\"><path d=\"M15.6,7.2H14v1.5h1.6c2,0,3.7,1.7,3.7,3.7s-1.7,3.7-3.7,3.7H14v1.5h1.6c2.8,0,5.2-2.3,5.2-5.2,0-2.9-2.3-5.2-5.2-5.2zM4.7,12.4c0-2,1.7-3.7,3.7-3.7H10V7.2H8.4c-2.9,0-5.2,2.3-5.2,5.2,0,2.9,2.3,5.2,5.2,5.2H10v-1.5H8.4c-2,0-3.7-1.7-3.7-3.7zm4.6.9h5.3v-1.5H9.3v1.5z\"><\/path><\/svg><span class=\"wp-block-social-link-label screen-reader-text\">Link<\/span><\/a><\/li>\n\n<li class=\"wp-social-link wp-social-link-instagram  wp-block-social-link\"><a href=\"https:\/\/www.instagram.com\/johannekourie\/\" class=\"wp-block-social-link-anchor\"><svg width=\"24\" height=\"24\" viewBox=\"0 0 24 24\" version=\"1.1\" xmlns=\"http:\/\/www.w3.org\/2000\/svg\" aria-hidden=\"true\" focusable=\"false\"><path d=\"M12,4.622c2.403,0,2.688,0.009,3.637,0.052c0.877,0.04,1.354,0.187,1.671,0.31c0.42,0.163,0.72,0.358,1.035,0.673 c0.315,0.315,0.51,0.615,0.673,1.035c0.123,0.317,0.27,0.794,0.31,1.671c0.043,0.949,0.052,1.234,0.052,3.637 s-0.009,2.688-0.052,3.637c-0.04,0.877-0.187,1.354-0.31,1.671c-0.163,0.42-0.358,0.72-0.673,1.035 c-0.315,0.315-0.615,0.51-1.035,0.673c-0.317,0.123-0.794,0.27-1.671,0.31c-0.949,0.043-1.233,0.052-3.637,0.052 s-2.688-0.009-3.637-0.052c-0.877-0.04-1.354-0.187-1.671-0.31c-0.42-0.163-0.72-0.358-1.035-0.673 c-0.315-0.315-0.51-0.615-0.673-1.035c-0.123-0.317-0.27-0.794-0.31-1.671C4.631,14.688,4.622,14.403,4.622,12 s0.009-2.688,0.052-3.637c0.04-0.877,0.187-1.354,0.31-1.671c0.163-0.42,0.358-0.72,0.673-1.035 c0.315-0.315,0.615-0.51,1.035-0.673c0.317-0.123,0.794-0.27,1.671-0.31C9.312,4.631,9.597,4.622,12,4.622 M12,3 C9.556,3,9.249,3.01,8.289,3.054C7.331,3.098,6.677,3.25,6.105,3.472C5.513,3.702,5.011,4.01,4.511,4.511 c-0.5,0.5-0.808,1.002-1.038,1.594C3.25,6.677,3.098,7.331,3.054,8.289C3.01,9.249,3,9.556,3,12c0,2.444,0.01,2.751,0.054,3.711 c0.044,0.958,0.196,1.612,0.418,2.185c0.23,0.592,0.538,1.094,1.038,1.594c0.5,0.5,1.002,0.808,1.594,1.038 c0.572,0.222,1.227,0.375,2.185,0.418C9.249,20.99,9.556,21,12,21s2.751-0.01,3.711-0.054c0.958-0.044,1.612-0.196,2.185-0.418 c0.592-0.23,1.094-0.538,1.594-1.038c0.5-0.5,0.808-1.002,1.038-1.594c0.222-0.572,0.375-1.227,0.418-2.185 C20.99,14.751,21,14.444,21,12s-0.01-2.751-0.054-3.711c-0.044-0.958-0.196-1.612-0.418-2.185c-0.23-0.592-0.538-1.094-1.038-1.594 c-0.5-0.5-1.002-0.808-1.594-1.038c-0.572-0.222-1.227-0.375-2.185-0.418C14.751,3.01,14.444,3,12,3L12,3z M12,7.378 c-2.552,0-4.622,2.069-4.622,4.622S9.448,16.622,12,16.622s4.622-2.069,4.622-4.622S14.552,7.378,12,7.378z M12,15 c-1.657,0-3-1.343-3-3s1.343-3,3-3s3,1.343,3,3S13.657,15,12,15z M16.804,6.116c-0.596,0-1.08,0.484-1.08,1.08 s0.484,1.08,1.08,1.08c0.596,0,1.08-0.484,1.08-1.08S17.401,6.116,16.804,6.116z\"><\/path><\/svg><span class=\"wp-block-social-link-label screen-reader-text\">Instagram<\/span><\/a><\/li>\n\n<li class=\"wp-social-link wp-social-link-facebook  wp-block-social-link\"><a href=\"https:\/\/www.facebook.com\/profile.php?id=100063505826694\" class=\"wp-block-social-link-anchor\"><svg width=\"24\" height=\"24\" viewBox=\"0 0 24 24\" version=\"1.1\" xmlns=\"http:\/\/www.w3.org\/2000\/svg\" aria-hidden=\"true\" focusable=\"false\"><path d=\"M12 2C6.5 2 2 6.5 2 12c0 5 3.7 9.1 8.4 9.9v-7H7.9V12h2.5V9.8c0-2.5 1.5-3.9 3.8-3.9 1.1 0 2.2.2 2.2.2v2.5h-1.3c-1.2 0-1.6.8-1.6 1.6V12h2.8l-.4 2.9h-2.3v7C18.3 21.1 22 17 22 12c0-5.5-4.5-10-10-10z\"><\/path><\/svg><span class=\"wp-block-social-link-label screen-reader-text\">Facebook<\/span><\/a><\/li><\/ul>\n<\/div>\n<\/div>\n\n\n\n<div style=\"height:40px\" aria-hidden=\"true\" class=\"wp-block-spacer\"><\/div>\n\n\n\n<figure class=\"wp-block-gallery has-nested-images columns-default is-cropped wp-block-gallery-1 is-layout-flex wp-block-gallery-is-layout-flex\">\n<figure class=\"wp-block-image size-full\"><img loading=\"lazy\" decoding=\"async\" width=\"480\" height=\"480\" data-id=\"1720\" src=\"https:\/\/routedesartsvaudreuilsoulanges.com\/wp-content\/uploads\/2024\/05\/Kourie-2.jpeg\" alt=\"\" class=\"wp-image-1720\" srcset=\"https:\/\/routedesartsvaudreuilsoulanges.com\/wp-content\/uploads\/2024\/05\/Kourie-2.jpeg 480w, https:\/\/routedesartsvaudreuilsoulanges.com\/wp-content\/uploads\/2024\/05\/Kourie-2-300x300.jpeg 300w, https:\/\/routedesartsvaudreuilsoulanges.com\/wp-content\/uploads\/2024\/05\/Kourie-2-150x150.jpeg 150w\" sizes=\"auto, (max-width: 480px) 100vw, 480px\" \/><\/figure>\n\n\n\n<figure class=\"wp-block-image size-full\"><img loading=\"lazy\" decoding=\"async\" width=\"640\" height=\"478\" data-id=\"1718\" src=\"https:\/\/routedesartsvaudreuilsoulanges.com\/wp-content\/uploads\/2024\/05\/Kourie-4-.jpeg\" alt=\"\" class=\"wp-image-1718\" srcset=\"https:\/\/routedesartsvaudreuilsoulanges.com\/wp-content\/uploads\/2024\/05\/Kourie-4-.jpeg 640w, https:\/\/routedesartsvaudreuilsoulanges.com\/wp-content\/uploads\/2024\/05\/Kourie-4--300x224.jpeg 300w\" sizes=\"auto, (max-width: 640px) 100vw, 640px\" \/><\/figure>\n\n\n\n<figure class=\"wp-block-image size-full\"><img loading=\"lazy\" decoding=\"async\" width=\"480\" height=\"482\" data-id=\"1717\" src=\"https:\/\/routedesartsvaudreuilsoulanges.com\/wp-content\/uploads\/2024\/05\/Kourie-1.jpeg\" alt=\"\" class=\"wp-image-1717\" srcset=\"https:\/\/routedesartsvaudreuilsoulanges.com\/wp-content\/uploads\/2024\/05\/Kourie-1.jpeg 480w, https:\/\/routedesartsvaudreuilsoulanges.com\/wp-content\/uploads\/2024\/05\/Kourie-1-300x300.jpeg 300w, https:\/\/routedesartsvaudreuilsoulanges.com\/wp-content\/uploads\/2024\/05\/Kourie-1-150x150.jpeg 150w\" sizes=\"auto, (max-width: 480px) 100vw, 480px\" \/><\/figure>\n\n\n\n<figure class=\"wp-block-image size-full\"><img loading=\"lazy\" decoding=\"async\" width=\"502\" height=\"480\" data-id=\"1716\" src=\"https:\/\/routedesartsvaudreuilsoulanges.com\/wp-content\/uploads\/2024\/05\/Kourie-5-.jpeg\" alt=\"\" class=\"wp-image-1716\" srcset=\"https:\/\/routedesartsvaudreuilsoulanges.com\/wp-content\/uploads\/2024\/05\/Kourie-5-.jpeg 502w, https:\/\/routedesartsvaudreuilsoulanges.com\/wp-content\/uploads\/2024\/05\/Kourie-5--300x287.jpeg 300w\" sizes=\"auto, (max-width: 502px) 100vw, 502px\" \/><\/figure>\n\n\n\n<figure class=\"wp-block-image size-full\"><img loading=\"lazy\" decoding=\"async\" width=\"482\" height=\"480\" data-id=\"1715\" src=\"https:\/\/routedesartsvaudreuilsoulanges.com\/wp-content\/uploads\/2024\/05\/Kourie-3-.jpeg\" alt=\"\" class=\"wp-image-1715\" srcset=\"https:\/\/routedesartsvaudreuilsoulanges.com\/wp-content\/uploads\/2024\/05\/Kourie-3-.jpeg 482w, https:\/\/routedesartsvaudreuilsoulanges.com\/wp-content\/uploads\/2024\/05\/Kourie-3--300x300.jpeg 300w, https:\/\/routedesartsvaudreuilsoulanges.com\/wp-content\/uploads\/2024\/05\/Kourie-3--150x150.jpeg 150w\" sizes=\"auto, (max-width: 482px) 100vw, 482px\" \/><\/figure>\n<\/figure>\n","protected":false},"excerpt":{"rendered":"<p>Johanne Kourie Domaine artistique : Arts visuels Artiste-peintre professionnelle, je peins pour immortaliser les beaut\u00e9s qui m\u2019entoure en laissant libre cours aux \u00e9motions qui m\u2019habitent. La nature est ma muse, mon inspiration o\u00f9 j\u2019y puise mon \u00e9lan cr\u00e9ateur. Peindre est une forme de m\u00e9ditation, de retour \u00e0 l\u2019essentiel, au calme et \u00e0 l\u2019abandon de soiLa [&hellip;]<\/p>\n","protected":false},"author":1,"featured_media":0,"parent":0,"menu_order":0,"comment_status":"closed","ping_status":"closed","template":"","meta":{"footnotes":""},"class_list":["post-1592","page","type-page","status-publish","hentry"],"_links":{"self":[{"href":"https:\/\/routedesartsvaudreuilsoulanges.com\/fr\/wp-json\/wp\/v2\/pages\/1592","targetHints":{"allow":["GET"]}}],"collection":[{"href":"https:\/\/routedesartsvaudreuilsoulanges.com\/fr\/wp-json\/wp\/v2\/pages"}],"about":[{"href":"https:\/\/routedesartsvaudreuilsoulanges.com\/fr\/wp-json\/wp\/v2\/types\/page"}],"author":[{"embeddable":true,"href":"https:\/\/routedesartsvaudreuilsoulanges.com\/fr\/wp-json\/wp\/v2\/users\/1"}],"replies":[{"embeddable":true,"href":"https:\/\/routedesartsvaudreuilsoulanges.com\/fr\/wp-json\/wp\/v2\/comments?post=1592"}],"version-history":[{"count":2,"href":"https:\/\/routedesartsvaudreuilsoulanges.com\/fr\/wp-json\/wp\/v2\/pages\/1592\/revisions"}],"predecessor-version":[{"id":1721,"href":"https:\/\/routedesartsvaudreuilsoulanges.com\/fr\/wp-json\/wp\/v2\/pages\/1592\/revisions\/1721"}],"wp:attachment":[{"href":"https:\/\/routedesartsvaudreuilsoulanges.com\/fr\/wp-json\/wp\/v2\/media?parent=1592"}],"curies":[{"name":"wp","href":"https:\/\/api.w.org\/{rel}","templated":true}]}}