{"id":1602,"date":"2024-05-25T20:38:21","date_gmt":"2024-05-26T01:38:21","guid":{"rendered":"https:\/\/routedesartsvaudreuilsoulanges.com\/?page_id=1602"},"modified":"2024-06-24T15:17:51","modified_gmt":"2024-06-24T20:17:51","slug":"2024-chantal-koot","status":"publish","type":"page","link":"https:\/\/routedesartsvaudreuilsoulanges.com\/fr\/2024-chantal-koot\/","title":{"rendered":"2024 CHANTAL KOOT"},"content":{"rendered":"\n<div class=\"wp-block-columns alignwide are-vertically-aligned-center is-layout-flex wp-container-core-columns-is-layout-9d6595d7 wp-block-columns-is-layout-flex\">\n<div class=\"wp-block-column is-vertically-aligned-center is-layout-flow wp-block-column-is-layout-flow\">\n<ul class=\"wp-block-social-links is-content-justification-center is-layout-flex wp-container-core-social-links-is-layout-16018d1d wp-block-social-links-is-layout-flex\"><li class=\"wp-social-link wp-social-link-mail  wp-block-social-link\"><a href=\"mailto:chant&#097;&#108;&#046;&#109;&#046;&#107;oot&#064;&#103;&#109;&#097;&#105;l&#046;&#099;&#111;m\" class=\"wp-block-social-link-anchor\"><svg width=\"24\" height=\"24\" viewBox=\"0 0 24 24\" version=\"1.1\" xmlns=\"http:\/\/www.w3.org\/2000\/svg\" aria-hidden=\"true\" focusable=\"false\"><path d=\"M19,5H5c-1.1,0-2,.9-2,2v10c0,1.1.9,2,2,2h14c1.1,0,2-.9,2-2V7c0-1.1-.9-2-2-2zm.5,12c0,.3-.2.5-.5.5H5c-.3,0-.5-.2-.5-.5V9.8l7.5,5.6,7.5-5.6V17zm0-9.1L12,13.6,4.5,7.9V7c0-.3.2-.5.5-.5h14c.3,0,.5.2.5.5v.9z\"><\/path><\/svg><span class=\"wp-block-social-link-label screen-reader-text\">Mail<\/span><\/a><\/li>\n\n<li class=\"wp-social-link wp-social-link-chain  wp-block-social-link\"><a href=\"https:\/\/www.ckoot.ca\/\" class=\"wp-block-social-link-anchor\"><svg width=\"24\" height=\"24\" viewBox=\"0 0 24 24\" version=\"1.1\" xmlns=\"http:\/\/www.w3.org\/2000\/svg\" aria-hidden=\"true\" focusable=\"false\"><path d=\"M15.6,7.2H14v1.5h1.6c2,0,3.7,1.7,3.7,3.7s-1.7,3.7-3.7,3.7H14v1.5h1.6c2.8,0,5.2-2.3,5.2-5.2,0-2.9-2.3-5.2-5.2-5.2zM4.7,12.4c0-2,1.7-3.7,3.7-3.7H10V7.2H8.4c-2.9,0-5.2,2.3-5.2,5.2,0,2.9,2.3,5.2,5.2,5.2H10v-1.5H8.4c-2,0-3.7-1.7-3.7-3.7zm4.6.9h5.3v-1.5H9.3v1.5z\"><\/path><\/svg><span class=\"wp-block-social-link-label screen-reader-text\">Link<\/span><\/a><\/li>\n\n<li class=\"wp-social-link wp-social-link-instagram  wp-block-social-link\"><a href=\"https:\/\/www.instagram.com\/ckoot\/\" class=\"wp-block-social-link-anchor\"><svg width=\"24\" height=\"24\" viewBox=\"0 0 24 24\" version=\"1.1\" xmlns=\"http:\/\/www.w3.org\/2000\/svg\" aria-hidden=\"true\" focusable=\"false\"><path d=\"M12,4.622c2.403,0,2.688,0.009,3.637,0.052c0.877,0.04,1.354,0.187,1.671,0.31c0.42,0.163,0.72,0.358,1.035,0.673 c0.315,0.315,0.51,0.615,0.673,1.035c0.123,0.317,0.27,0.794,0.31,1.671c0.043,0.949,0.052,1.234,0.052,3.637 s-0.009,2.688-0.052,3.637c-0.04,0.877-0.187,1.354-0.31,1.671c-0.163,0.42-0.358,0.72-0.673,1.035 c-0.315,0.315-0.615,0.51-1.035,0.673c-0.317,0.123-0.794,0.27-1.671,0.31c-0.949,0.043-1.233,0.052-3.637,0.052 s-2.688-0.009-3.637-0.052c-0.877-0.04-1.354-0.187-1.671-0.31c-0.42-0.163-0.72-0.358-1.035-0.673 c-0.315-0.315-0.51-0.615-0.673-1.035c-0.123-0.317-0.27-0.794-0.31-1.671C4.631,14.688,4.622,14.403,4.622,12 s0.009-2.688,0.052-3.637c0.04-0.877,0.187-1.354,0.31-1.671c0.163-0.42,0.358-0.72,0.673-1.035 c0.315-0.315,0.615-0.51,1.035-0.673c0.317-0.123,0.794-0.27,1.671-0.31C9.312,4.631,9.597,4.622,12,4.622 M12,3 C9.556,3,9.249,3.01,8.289,3.054C7.331,3.098,6.677,3.25,6.105,3.472C5.513,3.702,5.011,4.01,4.511,4.511 c-0.5,0.5-0.808,1.002-1.038,1.594C3.25,6.677,3.098,7.331,3.054,8.289C3.01,9.249,3,9.556,3,12c0,2.444,0.01,2.751,0.054,3.711 c0.044,0.958,0.196,1.612,0.418,2.185c0.23,0.592,0.538,1.094,1.038,1.594c0.5,0.5,1.002,0.808,1.594,1.038 c0.572,0.222,1.227,0.375,2.185,0.418C9.249,20.99,9.556,21,12,21s2.751-0.01,3.711-0.054c0.958-0.044,1.612-0.196,2.185-0.418 c0.592-0.23,1.094-0.538,1.594-1.038c0.5-0.5,0.808-1.002,1.038-1.594c0.222-0.572,0.375-1.227,0.418-2.185 C20.99,14.751,21,14.444,21,12s-0.01-2.751-0.054-3.711c-0.044-0.958-0.196-1.612-0.418-2.185c-0.23-0.592-0.538-1.094-1.038-1.594 c-0.5-0.5-1.002-0.808-1.594-1.038c-0.572-0.222-1.227-0.375-2.185-0.418C14.751,3.01,14.444,3,12,3L12,3z M12,7.378 c-2.552,0-4.622,2.069-4.622,4.622S9.448,16.622,12,16.622s4.622-2.069,4.622-4.622S14.552,7.378,12,7.378z M12,15 c-1.657,0-3-1.343-3-3s1.343-3,3-3s3,1.343,3,3S13.657,15,12,15z M16.804,6.116c-0.596,0-1.08,0.484-1.08,1.08 s0.484,1.08,1.08,1.08c0.596,0,1.08-0.484,1.08-1.08S17.401,6.116,16.804,6.116z\"><\/path><\/svg><span class=\"wp-block-social-link-label screen-reader-text\">Instagram<\/span><\/a><\/li>\n\n<li class=\"wp-social-link wp-social-link-facebook  wp-block-social-link\"><a href=\"https:\/\/www.facebook.com\/profile.php?id=100094487688414\" class=\"wp-block-social-link-anchor\"><svg width=\"24\" height=\"24\" viewBox=\"0 0 24 24\" version=\"1.1\" xmlns=\"http:\/\/www.w3.org\/2000\/svg\" aria-hidden=\"true\" focusable=\"false\"><path d=\"M12 2C6.5 2 2 6.5 2 12c0 5 3.7 9.1 8.4 9.9v-7H7.9V12h2.5V9.8c0-2.5 1.5-3.9 3.8-3.9 1.1 0 2.2.2 2.2.2v2.5h-1.3c-1.2 0-1.6.8-1.6 1.6V12h2.8l-.4 2.9h-2.3v7C18.3 21.1 22 17 22 12c0-5.5-4.5-10-10-10z\"><\/path><\/svg><span class=\"wp-block-social-link-label screen-reader-text\">Facebook<\/span><\/a><\/li><\/ul>\n<\/div>\n<\/div>\n\n\n\n<div class=\"wp-block-media-text is-stacked-on-mobile is-vertically-aligned-top\"><figure class=\"wp-block-media-text__media\"><img loading=\"lazy\" decoding=\"async\" width=\"902\" height=\"1024\" src=\"https:\/\/routedesartsvaudreuilsoulanges.com\/wp-content\/uploads\/2024\/06\/KootChantal-2023-edited-902x1024.jpg\" alt=\"\" class=\"wp-image-1896 size-full\" srcset=\"https:\/\/routedesartsvaudreuilsoulanges.com\/wp-content\/uploads\/2024\/06\/KootChantal-2023-edited-902x1024.jpg 902w, https:\/\/routedesartsvaudreuilsoulanges.com\/wp-content\/uploads\/2024\/06\/KootChantal-2023-edited-264x300.jpg 264w, https:\/\/routedesartsvaudreuilsoulanges.com\/wp-content\/uploads\/2024\/06\/KootChantal-2023-edited-768x872.jpg 768w, https:\/\/routedesartsvaudreuilsoulanges.com\/wp-content\/uploads\/2024\/06\/KootChantal-2023-edited-1353x1536.jpg 1353w, https:\/\/routedesartsvaudreuilsoulanges.com\/wp-content\/uploads\/2024\/06\/KootChantal-2023-edited-1804x2048.jpg 1804w\" sizes=\"auto, (max-width: 902px) 100vw, 902px\" \/><\/figure><div class=\"wp-block-media-text__content\">\n<p>Domaine artistique : <strong>Sculpture<\/strong><\/p>\n\n\n\n<p>La magie de d\u00e9couvrir une \u0153uvre d&rsquo;art en pleine nature, au d\u00e9tour d&rsquo;un sentier de randonn\u00e9e ou dans un parc public m\u2019\u00e9merveille \u00e0 chaque fois. J&rsquo;ose r\u00eaver de voir des \u0153uvres d&rsquo;art sur chaque parterre, pour le plus grand plaisir de tous et pour engendrer de belles conversations entre voisins. Ayant constat\u00e9 l&rsquo;impact positif de mes sculptures sur les interactions avec mon entourage, je souhaite que mes \u0153uvres puissent reproduire cet effet ailleurs.<\/p>\n\n\n\n<p>Mes inspirations proviennent de la nature et des petits moments de la vie quotidienne. J\u2019aime repr\u00e9senter des enfants qui s&rsquo;amusent, un p\u00eacheur en attente d\u2019une belle prise, une femme contemplant son jardin ou m\u00eame des \u00eatres imaginaires comme des gnomes, capturant ainsi la beaut\u00e9 et la simplicit\u00e9 de ces instants.<\/p>\n<\/div><\/div>\n\n\n\n<div class=\"wp-block-media-text has-media-on-the-right is-stacked-on-mobile\"><div class=\"wp-block-media-text__content\">\n<p>Mes cr\u00e9ations sont r\u00e9alis\u00e9es \u00e0 partir d&rsquo;une armature de fils de cuivre puis sculpt\u00e9es avec des feuilles d&rsquo;aluminium. Ensuite, elles sont rev\u00eatues de tissus usag\u00e9s en fibres naturelles (coton, lin, laine, soie, etc.) tels que des t-shirts, de la dentelle, des nappes, des foulards ou autre impr\u00e9gn\u00e9s de Paverpol, un durcisseur de tissus \u00e9cologique reconnu \u00e0 l\u2019\u00e9chelle mondiale. Parfois, j\u2019int\u00e8gre d\u2019autres mat\u00e9riaux comme le bois, les feuillages, la pierre, le verre ou autres selon le r\u00e9sultat souhait\u00e9. Le fait de r\u00e9cup\u00e9rer et de transformer des textiles et autres mati\u00e8res usag\u00e9s accro\u00eet encore plus mon plaisir en jumelant mon souci pour l\u2019environnement avec mes cr\u00e9ations.<\/p>\n<\/div><figure class=\"wp-block-media-text__media\"><img loading=\"lazy\" decoding=\"async\" width=\"683\" height=\"1024\" src=\"https:\/\/routedesartsvaudreuilsoulanges.com\/wp-content\/uploads\/2024\/05\/DSCF1100-683x1024.jpg\" alt=\"\" class=\"wp-image-1753 size-full\" srcset=\"https:\/\/routedesartsvaudreuilsoulanges.com\/wp-content\/uploads\/2024\/05\/DSCF1100-683x1024.jpg 683w, https:\/\/routedesartsvaudreuilsoulanges.com\/wp-content\/uploads\/2024\/05\/DSCF1100-200x300.jpg 200w, https:\/\/routedesartsvaudreuilsoulanges.com\/wp-content\/uploads\/2024\/05\/DSCF1100-768x1152.jpg 768w, https:\/\/routedesartsvaudreuilsoulanges.com\/wp-content\/uploads\/2024\/05\/DSCF1100-1024x1536.jpg 1024w, https:\/\/routedesartsvaudreuilsoulanges.com\/wp-content\/uploads\/2024\/05\/DSCF1100-1365x2048.jpg 1365w, https:\/\/routedesartsvaudreuilsoulanges.com\/wp-content\/uploads\/2024\/05\/DSCF1100-scaled.jpg 1706w\" sizes=\"auto, (max-width: 683px) 100vw, 683px\" \/><\/figure><\/div>\n\n\n\n<div style=\"height:0px\" aria-hidden=\"true\" class=\"wp-block-spacer\"><\/div>\n\n\n\n<figure class=\"wp-block-gallery has-nested-images columns-default is-cropped wp-block-gallery-1 is-layout-flex wp-block-gallery-is-layout-flex\">\n<figure class=\"wp-block-image size-full\"><img decoding=\"async\" data-id=\"1757\" src=\"https:\/\/routedesartsvaudreuilsoulanges.com\/wp-content\/uploads\/2024\/05\/Koot2024-1.jpg\" alt=\"\" class=\"wp-image-1757\"\/><\/figure>\n\n\n\n<figure class=\"wp-block-image size-large\"><img loading=\"lazy\" decoding=\"async\" width=\"683\" height=\"1024\" data-id=\"1758\" src=\"https:\/\/routedesartsvaudreuilsoulanges.com\/wp-content\/uploads\/2024\/05\/Koot2024-2-683x1024.jpg\" alt=\"\" class=\"wp-image-1758\" srcset=\"https:\/\/routedesartsvaudreuilsoulanges.com\/wp-content\/uploads\/2024\/05\/Koot2024-2-683x1024.jpg 683w, https:\/\/routedesartsvaudreuilsoulanges.com\/wp-content\/uploads\/2024\/05\/Koot2024-2-200x300.jpg 200w, https:\/\/routedesartsvaudreuilsoulanges.com\/wp-content\/uploads\/2024\/05\/Koot2024-2-768x1152.jpg 768w, https:\/\/routedesartsvaudreuilsoulanges.com\/wp-content\/uploads\/2024\/05\/Koot2024-2-scaled.jpg 1707w\" sizes=\"auto, (max-width: 683px) 100vw, 683px\" \/><\/figure>\n\n\n\n<figure class=\"wp-block-image size-large\"><img loading=\"lazy\" decoding=\"async\" width=\"683\" height=\"1024\" data-id=\"1903\" src=\"https:\/\/routedesartsvaudreuilsoulanges.com\/wp-content\/uploads\/2024\/06\/Koot2024-5-683x1024.jpg\" alt=\"\" class=\"wp-image-1903\" srcset=\"https:\/\/routedesartsvaudreuilsoulanges.com\/wp-content\/uploads\/2024\/06\/Koot2024-5-683x1024.jpg 683w, https:\/\/routedesartsvaudreuilsoulanges.com\/wp-content\/uploads\/2024\/06\/Koot2024-5-200x300.jpg 200w, https:\/\/routedesartsvaudreuilsoulanges.com\/wp-content\/uploads\/2024\/06\/Koot2024-5-768x1152.jpg 768w, https:\/\/routedesartsvaudreuilsoulanges.com\/wp-content\/uploads\/2024\/06\/Koot2024-5-1024x1536.jpg 1024w, https:\/\/routedesartsvaudreuilsoulanges.com\/wp-content\/uploads\/2024\/06\/Koot2024-5-1365x2048.jpg 1365w, https:\/\/routedesartsvaudreuilsoulanges.com\/wp-content\/uploads\/2024\/06\/Koot2024-5-scaled.jpg 1707w\" sizes=\"auto, (max-width: 683px) 100vw, 683px\" \/><\/figure>\n\n\n\n<figure class=\"wp-block-image size-large\"><img loading=\"lazy\" decoding=\"async\" width=\"683\" height=\"1024\" data-id=\"1902\" src=\"https:\/\/routedesartsvaudreuilsoulanges.com\/wp-content\/uploads\/2024\/06\/Koot2024-4-683x1024.jpg\" alt=\"\" class=\"wp-image-1902\" srcset=\"https:\/\/routedesartsvaudreuilsoulanges.com\/wp-content\/uploads\/2024\/06\/Koot2024-4-683x1024.jpg 683w, https:\/\/routedesartsvaudreuilsoulanges.com\/wp-content\/uploads\/2024\/06\/Koot2024-4-200x300.jpg 200w, https:\/\/routedesartsvaudreuilsoulanges.com\/wp-content\/uploads\/2024\/06\/Koot2024-4-768x1152.jpg 768w, https:\/\/routedesartsvaudreuilsoulanges.com\/wp-content\/uploads\/2024\/06\/Koot2024-4-1024x1536.jpg 1024w, https:\/\/routedesartsvaudreuilsoulanges.com\/wp-content\/uploads\/2024\/06\/Koot2024-4-1365x2048.jpg 1365w, https:\/\/routedesartsvaudreuilsoulanges.com\/wp-content\/uploads\/2024\/06\/Koot2024-4-scaled.jpg 1707w\" sizes=\"auto, (max-width: 683px) 100vw, 683px\" \/><\/figure>\n\n\n\n<figure class=\"wp-block-image size-large\"><img loading=\"lazy\" decoding=\"async\" width=\"683\" height=\"1024\" data-id=\"1901\" src=\"https:\/\/routedesartsvaudreuilsoulanges.com\/wp-content\/uploads\/2024\/06\/Koot2024-3-1-1-683x1024.jpg\" alt=\"\" class=\"wp-image-1901\" srcset=\"https:\/\/routedesartsvaudreuilsoulanges.com\/wp-content\/uploads\/2024\/06\/Koot2024-3-1-1-683x1024.jpg 683w, https:\/\/routedesartsvaudreuilsoulanges.com\/wp-content\/uploads\/2024\/06\/Koot2024-3-1-1-200x300.jpg 200w, https:\/\/routedesartsvaudreuilsoulanges.com\/wp-content\/uploads\/2024\/06\/Koot2024-3-1-1-768x1152.jpg 768w, https:\/\/routedesartsvaudreuilsoulanges.com\/wp-content\/uploads\/2024\/06\/Koot2024-3-1-1-scaled.jpg 1707w\" sizes=\"auto, (max-width: 683px) 100vw, 683px\" \/><\/figure>\n<\/figure>\n","protected":false},"excerpt":{"rendered":"<p>Domaine artistique : Sculpture La magie de d\u00e9couvrir une \u0153uvre d&rsquo;art en pleine nature, au d\u00e9tour d&rsquo;un sentier de randonn\u00e9e ou dans un parc public m\u2019\u00e9merveille \u00e0 chaque fois. J&rsquo;ose r\u00eaver de voir des \u0153uvres d&rsquo;art sur chaque parterre, pour le plus grand plaisir de tous et pour engendrer de belles conversations entre voisins. Ayant [&hellip;]<\/p>\n","protected":false},"author":1,"featured_media":0,"parent":0,"menu_order":0,"comment_status":"closed","ping_status":"closed","template":"","meta":{"footnotes":""},"class_list":["post-1602","page","type-page","status-publish","hentry"],"_links":{"self":[{"href":"https:\/\/routedesartsvaudreuilsoulanges.com\/fr\/wp-json\/wp\/v2\/pages\/1602","targetHints":{"allow":["GET"]}}],"collection":[{"href":"https:\/\/routedesartsvaudreuilsoulanges.com\/fr\/wp-json\/wp\/v2\/pages"}],"about":[{"href":"https:\/\/routedesartsvaudreuilsoulanges.com\/fr\/wp-json\/wp\/v2\/types\/page"}],"author":[{"embeddable":true,"href":"https:\/\/routedesartsvaudreuilsoulanges.com\/fr\/wp-json\/wp\/v2\/users\/1"}],"replies":[{"embeddable":true,"href":"https:\/\/routedesartsvaudreuilsoulanges.com\/fr\/wp-json\/wp\/v2\/comments?post=1602"}],"version-history":[{"count":3,"href":"https:\/\/routedesartsvaudreuilsoulanges.com\/fr\/wp-json\/wp\/v2\/pages\/1602\/revisions"}],"predecessor-version":[{"id":1905,"href":"https:\/\/routedesartsvaudreuilsoulanges.com\/fr\/wp-json\/wp\/v2\/pages\/1602\/revisions\/1905"}],"wp:attachment":[{"href":"https:\/\/routedesartsvaudreuilsoulanges.com\/fr\/wp-json\/wp\/v2\/media?parent=1602"}],"curies":[{"name":"wp","href":"https:\/\/api.w.org\/{rel}","templated":true}]}}