{"id":1612,"date":"2024-05-25T20:39:09","date_gmt":"2024-05-26T01:39:09","guid":{"rendered":"https:\/\/routedesartsvaudreuilsoulanges.com\/?page_id=1612"},"modified":"2024-05-25T20:39:09","modified_gmt":"2024-05-26T01:39:09","slug":"2024-jessandra-guindon","status":"publish","type":"page","link":"https:\/\/routedesartsvaudreuilsoulanges.com\/fr\/2024-jessandra-guindon\/","title":{"rendered":"2024 JESSANDRA GUINDON"},"content":{"rendered":"\n<figure class=\"wp-block-image alignfull size-full\"><img loading=\"lazy\" decoding=\"async\" width=\"480\" height=\"640\" src=\"https:\/\/routedesartsvaudreuilsoulanges.com\/wp-content\/uploads\/2024\/05\/Jessandra2024-2-rotated.jpeg\" alt=\"\" class=\"wp-image-1798\" srcset=\"https:\/\/routedesartsvaudreuilsoulanges.com\/wp-content\/uploads\/2024\/05\/Jessandra2024-2-rotated.jpeg 480w, https:\/\/routedesartsvaudreuilsoulanges.com\/wp-content\/uploads\/2024\/05\/Jessandra2024-2-225x300.jpeg 225w\" sizes=\"auto, (max-width: 480px) 100vw, 480px\" \/><\/figure>\n\n\n\n<div class=\"wp-block-columns alignwide are-vertically-aligned-center is-layout-flex wp-container-core-columns-is-layout-9d6595d7 wp-block-columns-is-layout-flex\">\n<div class=\"wp-block-column is-vertically-aligned-center is-layout-flow wp-block-column-is-layout-flow\">\n<figure class=\"wp-block-image size-full is-resized\"><img loading=\"lazy\" decoding=\"async\" width=\"1536\" height=\"2048\" src=\"https:\/\/routedesartsvaudreuilsoulanges.com\/wp-content\/uploads\/2024\/05\/438083694_743369021318565_6758623126178008919_n.jpg\" alt=\"\" class=\"wp-image-1796\" style=\"aspect-ratio:1;object-fit:cover;width:393px;height:auto\" srcset=\"https:\/\/routedesartsvaudreuilsoulanges.com\/wp-content\/uploads\/2024\/05\/438083694_743369021318565_6758623126178008919_n.jpg 1536w, https:\/\/routedesartsvaudreuilsoulanges.com\/wp-content\/uploads\/2024\/05\/438083694_743369021318565_6758623126178008919_n-225x300.jpg 225w, https:\/\/routedesartsvaudreuilsoulanges.com\/wp-content\/uploads\/2024\/05\/438083694_743369021318565_6758623126178008919_n-768x1024.jpg 768w, https:\/\/routedesartsvaudreuilsoulanges.com\/wp-content\/uploads\/2024\/05\/438083694_743369021318565_6758623126178008919_n-1152x1536.jpg 1152w, https:\/\/routedesartsvaudreuilsoulanges.com\/wp-content\/uploads\/2024\/05\/438083694_743369021318565_6758623126178008919_n-480x640.jpg 480w\" sizes=\"auto, (max-width: 1536px) 100vw, 1536px\" \/><\/figure>\n<\/div>\n\n\n\n<div class=\"wp-block-column is-vertically-aligned-center is-layout-flow wp-block-column-is-layout-flow\">\n<h3 class=\"wp-block-heading\">Jessandra <\/h3>\n\n\n\n<p>Domaine artistique : <strong>Arts visuels<\/strong><\/p>\n\n\n\n<p><em>Ma d\u00e9marche artistique est profond\u00e9ment influenc\u00e9e par ma passion pour l&rsquo;exploration et la diversit\u00e9. Je suis constamment attir\u00e9 par de nouvelles techniques, m\u00e9diums et formes d&rsquo;expression artistique. Mon amour pour l&rsquo;art est vaste et englobe toutes ses manifestations, que ce soit la peinture, la sculpture, la photographie, la performance ou d&rsquo;autres formes moins conventionnelles.<\/em><\/p>\n\n\n\n<p><em>Ce qui me motive avant tout, c&rsquo;est la conviction que chaque personne est unique, avec sa propre perspective et son propre langage artistique. Chaque \u0153uvre que je cr\u00e9e est une c\u00e9l\u00e9bration de cette unicit\u00e9. Je crois fermement que peu importe le chemin artistique que nous empruntons, chaque cr\u00e9ation est une \u0153uvre d&rsquo;art en soi, un chef-d&rsquo;\u0153uvre qui m\u00e9rite d&rsquo;\u00eatre explor\u00e9 et appr\u00e9ci\u00e9.<\/em><\/p>\n\n\n\n<p><em>Mon processus artistique est un voyage d&rsquo;exploration et d&rsquo;apprentissage continu. J&rsquo;aime exp\u00e9rimenter de nouvelles techniques, d\u00e9couvrir de nouveaux m\u00e9diums et m&rsquo;aventurer dans des territoires artistiques inexplor\u00e9s. C&rsquo;est \u00e0 travers cette diversit\u00e9 et cette ouverture que je trouve mon inspiration et ma cr\u00e9ativit\u00e9.<\/em><\/p>\n\n\n\n<p><em>En r\u00e9sum\u00e9, ma d\u00e9marche artistique est guid\u00e9e par ma passion pour l&rsquo;exploration, ma conviction en l&rsquo;unicit\u00e9 de chaque individu et mon d\u00e9sir de partager mes connaissances et mon exp\u00e9rience avec les autres. Chaque \u0153uvre que je cr\u00e9e est le r\u00e9sultat de ce voyage artistique, une c\u00e9l\u00e9bration de la diversit\u00e9 et de la beaut\u00e9 de l&rsquo;art sous toutes ses formes.<\/em><\/p>\n\n\n\n<ul class=\"wp-block-social-links is-layout-flex wp-block-social-links-is-layout-flex\"><li class=\"wp-social-link wp-social-link-mail  wp-block-social-link\"><a href=\"mailto:&#106;e&#115;&#115;&#097;&#110;&#100;r&#097;&#095;gui&#110;&#100;&#111;&#110;&#064;&#104;o&#116;&#109;ail&#046;c&#111;&#109;\" class=\"wp-block-social-link-anchor\"><svg width=\"24\" height=\"24\" viewBox=\"0 0 24 24\" version=\"1.1\" xmlns=\"http:\/\/www.w3.org\/2000\/svg\" aria-hidden=\"true\" focusable=\"false\"><path d=\"M19,5H5c-1.1,0-2,.9-2,2v10c0,1.1.9,2,2,2h14c1.1,0,2-.9,2-2V7c0-1.1-.9-2-2-2zm.5,12c0,.3-.2.5-.5.5H5c-.3,0-.5-.2-.5-.5V9.8l7.5,5.6,7.5-5.6V17zm0-9.1L12,13.6,4.5,7.9V7c0-.3.2-.5.5-.5h14c.3,0,.5.2.5.5v.9z\"><\/path><\/svg><span class=\"wp-block-social-link-label screen-reader-text\">Mail<\/span><\/a><\/li>\n\n<li class=\"wp-social-link wp-social-link-instagram  wp-block-social-link\"><a href=\"https:\/\/www.instagram.com\/the.littlenook\" class=\"wp-block-social-link-anchor\"><svg width=\"24\" height=\"24\" viewBox=\"0 0 24 24\" version=\"1.1\" xmlns=\"http:\/\/www.w3.org\/2000\/svg\" aria-hidden=\"true\" focusable=\"false\"><path d=\"M12,4.622c2.403,0,2.688,0.009,3.637,0.052c0.877,0.04,1.354,0.187,1.671,0.31c0.42,0.163,0.72,0.358,1.035,0.673 c0.315,0.315,0.51,0.615,0.673,1.035c0.123,0.317,0.27,0.794,0.31,1.671c0.043,0.949,0.052,1.234,0.052,3.637 s-0.009,2.688-0.052,3.637c-0.04,0.877-0.187,1.354-0.31,1.671c-0.163,0.42-0.358,0.72-0.673,1.035 c-0.315,0.315-0.615,0.51-1.035,0.673c-0.317,0.123-0.794,0.27-1.671,0.31c-0.949,0.043-1.233,0.052-3.637,0.052 s-2.688-0.009-3.637-0.052c-0.877-0.04-1.354-0.187-1.671-0.31c-0.42-0.163-0.72-0.358-1.035-0.673 c-0.315-0.315-0.51-0.615-0.673-1.035c-0.123-0.317-0.27-0.794-0.31-1.671C4.631,14.688,4.622,14.403,4.622,12 s0.009-2.688,0.052-3.637c0.04-0.877,0.187-1.354,0.31-1.671c0.163-0.42,0.358-0.72,0.673-1.035 c0.315-0.315,0.615-0.51,1.035-0.673c0.317-0.123,0.794-0.27,1.671-0.31C9.312,4.631,9.597,4.622,12,4.622 M12,3 C9.556,3,9.249,3.01,8.289,3.054C7.331,3.098,6.677,3.25,6.105,3.472C5.513,3.702,5.011,4.01,4.511,4.511 c-0.5,0.5-0.808,1.002-1.038,1.594C3.25,6.677,3.098,7.331,3.054,8.289C3.01,9.249,3,9.556,3,12c0,2.444,0.01,2.751,0.054,3.711 c0.044,0.958,0.196,1.612,0.418,2.185c0.23,0.592,0.538,1.094,1.038,1.594c0.5,0.5,1.002,0.808,1.594,1.038 c0.572,0.222,1.227,0.375,2.185,0.418C9.249,20.99,9.556,21,12,21s2.751-0.01,3.711-0.054c0.958-0.044,1.612-0.196,2.185-0.418 c0.592-0.23,1.094-0.538,1.594-1.038c0.5-0.5,0.808-1.002,1.038-1.594c0.222-0.572,0.375-1.227,0.418-2.185 C20.99,14.751,21,14.444,21,12s-0.01-2.751-0.054-3.711c-0.044-0.958-0.196-1.612-0.418-2.185c-0.23-0.592-0.538-1.094-1.038-1.594 c-0.5-0.5-1.002-0.808-1.594-1.038c-0.572-0.222-1.227-0.375-2.185-0.418C14.751,3.01,14.444,3,12,3L12,3z M12,7.378 c-2.552,0-4.622,2.069-4.622,4.622S9.448,16.622,12,16.622s4.622-2.069,4.622-4.622S14.552,7.378,12,7.378z M12,15 c-1.657,0-3-1.343-3-3s1.343-3,3-3s3,1.343,3,3S13.657,15,12,15z M16.804,6.116c-0.596,0-1.08,0.484-1.08,1.08 s0.484,1.08,1.08,1.08c0.596,0,1.08-0.484,1.08-1.08S17.401,6.116,16.804,6.116z\"><\/path><\/svg><span class=\"wp-block-social-link-label screen-reader-text\">Instagram<\/span><\/a><\/li><\/ul>\n\n\n\n<div style=\"height:16px\" aria-hidden=\"true\" class=\"wp-block-spacer\"><\/div>\n<\/div>\n<\/div>\n\n\n\n<div style=\"height:40px\" aria-hidden=\"true\" class=\"wp-block-spacer\"><\/div>\n\n\n\n<figure class=\"wp-block-gallery has-nested-images columns-default is-cropped wp-block-gallery-1 is-layout-flex wp-block-gallery-is-layout-flex\">\n<figure class=\"wp-block-image size-full\"><img loading=\"lazy\" decoding=\"async\" width=\"640\" height=\"480\" data-id=\"1801\" src=\"https:\/\/routedesartsvaudreuilsoulanges.com\/wp-content\/uploads\/2024\/05\/Jessandra2024-5.jpeg\" alt=\"\" class=\"wp-image-1801\" srcset=\"https:\/\/routedesartsvaudreuilsoulanges.com\/wp-content\/uploads\/2024\/05\/Jessandra2024-5.jpeg 640w, https:\/\/routedesartsvaudreuilsoulanges.com\/wp-content\/uploads\/2024\/05\/Jessandra2024-5-300x225.jpeg 300w\" sizes=\"auto, (max-width: 640px) 100vw, 640px\" \/><\/figure>\n\n\n\n<figure class=\"wp-block-image size-full\"><img loading=\"lazy\" decoding=\"async\" width=\"480\" height=\"640\" data-id=\"1797\" src=\"https:\/\/routedesartsvaudreuilsoulanges.com\/wp-content\/uploads\/2024\/05\/Jessandra2024-1-rotated.jpeg\" alt=\"\" class=\"wp-image-1797\" srcset=\"https:\/\/routedesartsvaudreuilsoulanges.com\/wp-content\/uploads\/2024\/05\/Jessandra2024-1-rotated.jpeg 480w, https:\/\/routedesartsvaudreuilsoulanges.com\/wp-content\/uploads\/2024\/05\/Jessandra2024-1-225x300.jpeg 225w\" sizes=\"auto, (max-width: 480px) 100vw, 480px\" \/><\/figure>\n\n\n\n<figure class=\"wp-block-image size-full\"><img loading=\"lazy\" decoding=\"async\" width=\"480\" height=\"640\" data-id=\"1799\" src=\"https:\/\/routedesartsvaudreuilsoulanges.com\/wp-content\/uploads\/2024\/05\/Jessandra2024-3.jpg\" alt=\"\" class=\"wp-image-1799\" srcset=\"https:\/\/routedesartsvaudreuilsoulanges.com\/wp-content\/uploads\/2024\/05\/Jessandra2024-3.jpg 480w, https:\/\/routedesartsvaudreuilsoulanges.com\/wp-content\/uploads\/2024\/05\/Jessandra2024-3-225x300.jpg 225w\" sizes=\"auto, (max-width: 480px) 100vw, 480px\" \/><\/figure>\n\n\n\n<figure class=\"wp-block-image size-full\"><img loading=\"lazy\" decoding=\"async\" width=\"480\" height=\"640\" data-id=\"1800\" src=\"https:\/\/routedesartsvaudreuilsoulanges.com\/wp-content\/uploads\/2024\/05\/Jessandra2024-4-rotated.jpeg\" alt=\"\" class=\"wp-image-1800\" srcset=\"https:\/\/routedesartsvaudreuilsoulanges.com\/wp-content\/uploads\/2024\/05\/Jessandra2024-4-rotated.jpeg 480w, https:\/\/routedesartsvaudreuilsoulanges.com\/wp-content\/uploads\/2024\/05\/Jessandra2024-4-225x300.jpeg 225w\" sizes=\"auto, (max-width: 480px) 100vw, 480px\" \/><\/figure>\n<\/figure>\n","protected":false},"excerpt":{"rendered":"<p>Jessandra Domaine artistique : Arts visuels Ma d\u00e9marche artistique est profond\u00e9ment influenc\u00e9e par ma passion pour l&rsquo;exploration et la diversit\u00e9. Je suis constamment attir\u00e9 par de nouvelles techniques, m\u00e9diums et formes d&rsquo;expression artistique. Mon amour pour l&rsquo;art est vaste et englobe toutes ses manifestations, que ce soit la peinture, la sculpture, la photographie, la performance [&hellip;]<\/p>\n","protected":false},"author":1,"featured_media":0,"parent":0,"menu_order":0,"comment_status":"closed","ping_status":"closed","template":"","meta":{"footnotes":""},"class_list":["post-1612","page","type-page","status-publish","hentry"],"_links":{"self":[{"href":"https:\/\/routedesartsvaudreuilsoulanges.com\/fr\/wp-json\/wp\/v2\/pages\/1612","targetHints":{"allow":["GET"]}}],"collection":[{"href":"https:\/\/routedesartsvaudreuilsoulanges.com\/fr\/wp-json\/wp\/v2\/pages"}],"about":[{"href":"https:\/\/routedesartsvaudreuilsoulanges.com\/fr\/wp-json\/wp\/v2\/types\/page"}],"author":[{"embeddable":true,"href":"https:\/\/routedesartsvaudreuilsoulanges.com\/fr\/wp-json\/wp\/v2\/users\/1"}],"replies":[{"embeddable":true,"href":"https:\/\/routedesartsvaudreuilsoulanges.com\/fr\/wp-json\/wp\/v2\/comments?post=1612"}],"version-history":[{"count":2,"href":"https:\/\/routedesartsvaudreuilsoulanges.com\/fr\/wp-json\/wp\/v2\/pages\/1612\/revisions"}],"predecessor-version":[{"id":1803,"href":"https:\/\/routedesartsvaudreuilsoulanges.com\/fr\/wp-json\/wp\/v2\/pages\/1612\/revisions\/1803"}],"wp:attachment":[{"href":"https:\/\/routedesartsvaudreuilsoulanges.com\/fr\/wp-json\/wp\/v2\/media?parent=1612"}],"curies":[{"name":"wp","href":"https:\/\/api.w.org\/{rel}","templated":true}]}}