{"id":2057,"date":"2025-04-19T19:15:38","date_gmt":"2025-04-20T00:15:38","guid":{"rendered":"https:\/\/routedesartsvaudreuilsoulanges.com\/?page_id=2057"},"modified":"2025-04-22T22:19:18","modified_gmt":"2025-04-23T03:19:18","slug":"2025-johanne-riendeau","status":"publish","type":"page","link":"https:\/\/routedesartsvaudreuilsoulanges.com\/fr\/2025-johanne-riendeau\/","title":{"rendered":"2025 Johanne Riendeau"},"content":{"rendered":"\n<div class=\"wp-block-group alignfull is-content-justification-center\" style=\"margin-top:0;margin-bottom:0;padding-top:calc( 0.5 * var(--wp--style--root--padding-right, var(--wp--custom--gap--horizontal)));padding-right:var(--wp--style--root--padding-right, var(--wp--custom--gap--horizontal));padding-bottom:calc( 0.5 * var(--wp--style--root--padding-right, var(--wp--custom--gap--horizontal)));padding-left:var(--wp--style--root--padding-left, var(--wp--custom--gap--horizontal))\"><div class=\"wp-block-group__inner-container is-layout-constrained wp-container-core-group-is-layout-b073b61b wp-block-group-is-layout-constrained\">\n<div style=\"height:0px\" aria-hidden=\"true\" class=\"wp-block-spacer\"><\/div>\n\n\n<div class=\"wp-block-image\">\n<figure class=\"aligncenter size-full is-resized has-custom-border\"><img loading=\"lazy\" decoding=\"async\" width=\"2560\" height=\"2560\" src=\"https:\/\/routedesartsvaudreuilsoulanges.com\/wp-content\/uploads\/2025\/04\/Johanne-Riendeau-scaled.jpg\" alt=\"\" class=\"wp-image-2110\" style=\"border-radius:100em;object-fit:cover;width:267px;height:auto\" srcset=\"https:\/\/routedesartsvaudreuilsoulanges.com\/wp-content\/uploads\/2025\/04\/Johanne-Riendeau-scaled.jpg 2560w, https:\/\/routedesartsvaudreuilsoulanges.com\/wp-content\/uploads\/2025\/04\/Johanne-Riendeau-300x300.jpg 300w, https:\/\/routedesartsvaudreuilsoulanges.com\/wp-content\/uploads\/2025\/04\/Johanne-Riendeau-1024x1024.jpg 1024w, https:\/\/routedesartsvaudreuilsoulanges.com\/wp-content\/uploads\/2025\/04\/Johanne-Riendeau-150x150.jpg 150w, https:\/\/routedesartsvaudreuilsoulanges.com\/wp-content\/uploads\/2025\/04\/Johanne-Riendeau-768x768.jpg 768w, https:\/\/routedesartsvaudreuilsoulanges.com\/wp-content\/uploads\/2025\/04\/Johanne-Riendeau-1536x1536.jpg 1536w, https:\/\/routedesartsvaudreuilsoulanges.com\/wp-content\/uploads\/2025\/04\/Johanne-Riendeau-2048x2048.jpg 2048w\" sizes=\"auto, (max-width: 2560px) 100vw, 2560px\" \/><\/figure>\n<\/div>\n\n\n<div class=\"wp-block-group alignwide\"><div class=\"wp-block-group__inner-container is-layout-constrained wp-container-core-group-is-layout-ea1a8c23 wp-block-group-is-layout-constrained\">\n<h2 class=\"wp-block-heading has-text-align-center has-ast-global-color-2-color has-text-color\">Johanne Riendeau<\/h2>\n\n\n\n<p>Domaine artistique : <strong>Artiste du Vitrail<\/strong><\/p>\n\n\n\n<h3 class=\"wp-block-heading\">Bio<\/h3>\n\n\n\n<p>\u00c9tudes en art plastiques aux CEGEP du Vieux-Montr\u00e9al. Formation avec un artiste du vitrail sur les techniques Tiffany, baguette de plomb ainsi que 3D.<br>Je me sp\u00e9cialise depuis 14 ans sur les techniques du verre seulement par la cr\u00e9ation de vitraux exclusifs.<br>Je donne aussi des cours sur les diff\u00e9rentes techniques du vitrail.<\/p>\n\n\n\n<h3 class=\"wp-block-heading\">D\u00e9marche<\/h3>\n\n\n\n<p>J\u2019ai suivi des \u00e9tudes en Arts Plastiques au CEGEP du Vieux Montr\u00e9al, ce qui m\u2019a donn\u00e9 l\u2019occasion de me familiariser et approfondir mes connaissances dans plusieurs mediums reli\u00e9s \u00e0 la pr\u00e9sentation graphique<\/p>\n\n\n\n<p>Au moment de prendre ma retraite, je me suis inscrite \u00e0 des cours de formation sur le vitrail, avec un Ma\u00eetre Vitrier et depuis, je me concentre \u00e0 plein temps sur cette discipline. Cela m&rsquo;apporte l&rsquo;occasion de m&rsquo;exprimer au niveau de Conceptions personnelles ou de cr\u00e9er des Projets sp\u00e9cifiques \u00e0 la demande de clients.<\/p>\n\n\n\n<p>Mon atelier est ouvert aux personnes qui seraient int\u00e9ress\u00e9es \u00e0 suivre des cours sur le vitrail, que cela soit la m\u00e9thode Tiffany ou la baguette de plomb.<\/p>\n\n\n\n<ul class=\"wp-block-social-links has-normal-icon-size is-style-logos-only is-content-justification-center is-nowrap is-layout-flex wp-container-core-social-links-is-layout-40fab40b wp-block-social-links-is-layout-flex\"><li class=\"wp-social-link wp-social-link-mail  wp-block-social-link\"><a href=\"mailto:j&#111;h&#097;n&#110;e&#046;&#110;o&#114;m&#097;n&#098;&#105;&#115;&#064;&#103;&#109;a&#105;l.c&#111;m\" class=\"wp-block-social-link-anchor\"><svg width=\"24\" height=\"24\" viewBox=\"0 0 24 24\" version=\"1.1\" xmlns=\"http:\/\/www.w3.org\/2000\/svg\" aria-hidden=\"true\" focusable=\"false\"><path d=\"M19,5H5c-1.1,0-2,.9-2,2v10c0,1.1.9,2,2,2h14c1.1,0,2-.9,2-2V7c0-1.1-.9-2-2-2zm.5,12c0,.3-.2.5-.5.5H5c-.3,0-.5-.2-.5-.5V9.8l7.5,5.6,7.5-5.6V17zm0-9.1L12,13.6,4.5,7.9V7c0-.3.2-.5.5-.5h14c.3,0,.5.2.5.5v.9z\"><\/path><\/svg><span class=\"wp-block-social-link-label screen-reader-text\">Mail<\/span><\/a><\/li>\n\n<li class=\"wp-social-link wp-social-link-chain  wp-block-social-link\"><a href=\"https:\/\/vitrailjohanneriendeau.ca\/\" class=\"wp-block-social-link-anchor\"><svg width=\"24\" height=\"24\" viewBox=\"0 0 24 24\" version=\"1.1\" xmlns=\"http:\/\/www.w3.org\/2000\/svg\" aria-hidden=\"true\" focusable=\"false\"><path d=\"M15.6,7.2H14v1.5h1.6c2,0,3.7,1.7,3.7,3.7s-1.7,3.7-3.7,3.7H14v1.5h1.6c2.8,0,5.2-2.3,5.2-5.2,0-2.9-2.3-5.2-5.2-5.2zM4.7,12.4c0-2,1.7-3.7,3.7-3.7H10V7.2H8.4c-2.9,0-5.2,2.3-5.2,5.2,0,2.9,2.3,5.2,5.2,5.2H10v-1.5H8.4c-2,0-3.7-1.7-3.7-3.7zm4.6.9h5.3v-1.5H9.3v1.5z\"><\/path><\/svg><span class=\"wp-block-social-link-label screen-reader-text\">Link<\/span><\/a><\/li><\/ul>\n\n\n\n<div style=\"height:38px\" aria-hidden=\"true\" class=\"wp-block-spacer\"><\/div>\n<\/div><\/div>\n<\/div><\/div>\n\n\n\n<h3 class=\"wp-block-heading\">Un avant go\u00fbt de ses oeuvres<\/h3>\n\n\n\n<figure class=\"wp-block-gallery has-nested-images columns-default is-cropped wp-block-gallery-1 is-layout-flex wp-block-gallery-is-layout-flex\">\n<figure class=\"wp-block-image size-full\"><img loading=\"lazy\" decoding=\"async\" width=\"2560\" height=\"1920\" data-id=\"2058\" src=\"https:\/\/routedesartsvaudreuilsoulanges.com\/wp-content\/uploads\/2025\/04\/Riendeau2025-1-scaled.jpg\" alt=\"\" class=\"wp-image-2058\" srcset=\"https:\/\/routedesartsvaudreuilsoulanges.com\/wp-content\/uploads\/2025\/04\/Riendeau2025-1-scaled.jpg 2560w, https:\/\/routedesartsvaudreuilsoulanges.com\/wp-content\/uploads\/2025\/04\/Riendeau2025-1-300x225.jpg 300w, https:\/\/routedesartsvaudreuilsoulanges.com\/wp-content\/uploads\/2025\/04\/Riendeau2025-1-1024x768.jpg 1024w, https:\/\/routedesartsvaudreuilsoulanges.com\/wp-content\/uploads\/2025\/04\/Riendeau2025-1-768x576.jpg 768w, https:\/\/routedesartsvaudreuilsoulanges.com\/wp-content\/uploads\/2025\/04\/Riendeau2025-1-1536x1152.jpg 1536w, https:\/\/routedesartsvaudreuilsoulanges.com\/wp-content\/uploads\/2025\/04\/Riendeau2025-1-2048x1536.jpg 2048w\" sizes=\"auto, (max-width: 2560px) 100vw, 2560px\" \/><\/figure>\n\n\n\n<figure class=\"wp-block-image size-full\"><img loading=\"lazy\" decoding=\"async\" width=\"1920\" height=\"2560\" data-id=\"2059\" src=\"https:\/\/routedesartsvaudreuilsoulanges.com\/wp-content\/uploads\/2025\/04\/Riendeau2025-2-scaled.jpg\" alt=\"\" class=\"wp-image-2059\" srcset=\"https:\/\/routedesartsvaudreuilsoulanges.com\/wp-content\/uploads\/2025\/04\/Riendeau2025-2-scaled.jpg 1920w, https:\/\/routedesartsvaudreuilsoulanges.com\/wp-content\/uploads\/2025\/04\/Riendeau2025-2-225x300.jpg 225w, https:\/\/routedesartsvaudreuilsoulanges.com\/wp-content\/uploads\/2025\/04\/Riendeau2025-2-768x1024.jpg 768w, https:\/\/routedesartsvaudreuilsoulanges.com\/wp-content\/uploads\/2025\/04\/Riendeau2025-2-1152x1536.jpg 1152w, https:\/\/routedesartsvaudreuilsoulanges.com\/wp-content\/uploads\/2025\/04\/Riendeau2025-2-1536x2048.jpg 1536w, https:\/\/routedesartsvaudreuilsoulanges.com\/wp-content\/uploads\/2025\/04\/Riendeau2025-2-480x640.jpg 480w\" sizes=\"auto, (max-width: 1920px) 100vw, 1920px\" \/><\/figure>\n\n\n\n<figure class=\"wp-block-image size-full\"><img loading=\"lazy\" decoding=\"async\" width=\"1920\" height=\"2560\" data-id=\"2060\" src=\"https:\/\/routedesartsvaudreuilsoulanges.com\/wp-content\/uploads\/2025\/04\/Riendeau2025-3-scaled.jpg\" alt=\"\" class=\"wp-image-2060\" srcset=\"https:\/\/routedesartsvaudreuilsoulanges.com\/wp-content\/uploads\/2025\/04\/Riendeau2025-3-scaled.jpg 1920w, https:\/\/routedesartsvaudreuilsoulanges.com\/wp-content\/uploads\/2025\/04\/Riendeau2025-3-225x300.jpg 225w, https:\/\/routedesartsvaudreuilsoulanges.com\/wp-content\/uploads\/2025\/04\/Riendeau2025-3-768x1024.jpg 768w, https:\/\/routedesartsvaudreuilsoulanges.com\/wp-content\/uploads\/2025\/04\/Riendeau2025-3-1152x1536.jpg 1152w, https:\/\/routedesartsvaudreuilsoulanges.com\/wp-content\/uploads\/2025\/04\/Riendeau2025-3-1536x2048.jpg 1536w, https:\/\/routedesartsvaudreuilsoulanges.com\/wp-content\/uploads\/2025\/04\/Riendeau2025-3-480x640.jpg 480w\" sizes=\"auto, (max-width: 1920px) 100vw, 1920px\" \/><\/figure>\n\n\n\n<figure class=\"wp-block-image size-full\"><img loading=\"lazy\" decoding=\"async\" width=\"2560\" height=\"1920\" data-id=\"2061\" src=\"https:\/\/routedesartsvaudreuilsoulanges.com\/wp-content\/uploads\/2025\/04\/Riendeau2025-4-scaled.jpg\" alt=\"\" class=\"wp-image-2061\" srcset=\"https:\/\/routedesartsvaudreuilsoulanges.com\/wp-content\/uploads\/2025\/04\/Riendeau2025-4-scaled.jpg 2560w, https:\/\/routedesartsvaudreuilsoulanges.com\/wp-content\/uploads\/2025\/04\/Riendeau2025-4-300x225.jpg 300w, https:\/\/routedesartsvaudreuilsoulanges.com\/wp-content\/uploads\/2025\/04\/Riendeau2025-4-1024x768.jpg 1024w, https:\/\/routedesartsvaudreuilsoulanges.com\/wp-content\/uploads\/2025\/04\/Riendeau2025-4-768x576.jpg 768w, https:\/\/routedesartsvaudreuilsoulanges.com\/wp-content\/uploads\/2025\/04\/Riendeau2025-4-1536x1152.jpg 1536w, https:\/\/routedesartsvaudreuilsoulanges.com\/wp-content\/uploads\/2025\/04\/Riendeau2025-4-2048x1536.jpg 2048w\" sizes=\"auto, (max-width: 2560px) 100vw, 2560px\" \/><\/figure>\n\n\n\n<figure class=\"wp-block-image size-full\"><img loading=\"lazy\" decoding=\"async\" width=\"1920\" height=\"2560\" data-id=\"2062\" src=\"https:\/\/routedesartsvaudreuilsoulanges.com\/wp-content\/uploads\/2025\/04\/Riendeau2025-5-scaled.jpg\" alt=\"\" class=\"wp-image-2062\" srcset=\"https:\/\/routedesartsvaudreuilsoulanges.com\/wp-content\/uploads\/2025\/04\/Riendeau2025-5-scaled.jpg 1920w, https:\/\/routedesartsvaudreuilsoulanges.com\/wp-content\/uploads\/2025\/04\/Riendeau2025-5-225x300.jpg 225w, https:\/\/routedesartsvaudreuilsoulanges.com\/wp-content\/uploads\/2025\/04\/Riendeau2025-5-768x1024.jpg 768w, https:\/\/routedesartsvaudreuilsoulanges.com\/wp-content\/uploads\/2025\/04\/Riendeau2025-5-1152x1536.jpg 1152w, https:\/\/routedesartsvaudreuilsoulanges.com\/wp-content\/uploads\/2025\/04\/Riendeau2025-5-1536x2048.jpg 1536w, https:\/\/routedesartsvaudreuilsoulanges.com\/wp-content\/uploads\/2025\/04\/Riendeau2025-5-480x640.jpg 480w\" sizes=\"auto, (max-width: 1920px) 100vw, 1920px\" \/><\/figure>\n<\/figure>\n","protected":false},"excerpt":{"rendered":"<p>Johanne Riendeau Domaine artistique : Artiste du Vitrail Bio \u00c9tudes en art plastiques aux CEGEP du Vieux-Montr\u00e9al. Formation avec un artiste du vitrail sur les techniques Tiffany, baguette de plomb ainsi que 3D.Je me sp\u00e9cialise depuis 14 ans sur les techniques du verre seulement par la cr\u00e9ation de vitraux exclusifs.Je donne aussi des cours sur [&hellip;]<\/p>\n","protected":false},"author":1,"featured_media":0,"parent":0,"menu_order":0,"comment_status":"closed","ping_status":"closed","template":"","meta":{"footnotes":""},"class_list":["post-2057","page","type-page","status-publish","hentry"],"_links":{"self":[{"href":"https:\/\/routedesartsvaudreuilsoulanges.com\/fr\/wp-json\/wp\/v2\/pages\/2057","targetHints":{"allow":["GET"]}}],"collection":[{"href":"https:\/\/routedesartsvaudreuilsoulanges.com\/fr\/wp-json\/wp\/v2\/pages"}],"about":[{"href":"https:\/\/routedesartsvaudreuilsoulanges.com\/fr\/wp-json\/wp\/v2\/types\/page"}],"author":[{"embeddable":true,"href":"https:\/\/routedesartsvaudreuilsoulanges.com\/fr\/wp-json\/wp\/v2\/users\/1"}],"replies":[{"embeddable":true,"href":"https:\/\/routedesartsvaudreuilsoulanges.com\/fr\/wp-json\/wp\/v2\/comments?post=2057"}],"version-history":[{"count":3,"href":"https:\/\/routedesartsvaudreuilsoulanges.com\/fr\/wp-json\/wp\/v2\/pages\/2057\/revisions"}],"predecessor-version":[{"id":2329,"href":"https:\/\/routedesartsvaudreuilsoulanges.com\/fr\/wp-json\/wp\/v2\/pages\/2057\/revisions\/2329"}],"wp:attachment":[{"href":"https:\/\/routedesartsvaudreuilsoulanges.com\/fr\/wp-json\/wp\/v2\/media?parent=2057"}],"curies":[{"name":"wp","href":"https:\/\/api.w.org\/{rel}","templated":true}]}}