{"id":2161,"date":"2025-04-19T19:20:14","date_gmt":"2025-04-20T00:20:14","guid":{"rendered":"https:\/\/routedesartsvaudreuilsoulanges.com\/?page_id=2161"},"modified":"2025-04-25T14:06:15","modified_gmt":"2025-04-25T19:06:15","slug":"2025-myriam-sauve","status":"publish","type":"page","link":"https:\/\/routedesartsvaudreuilsoulanges.com\/fr\/2025-myriam-sauve\/","title":{"rendered":"2025 Myriam Sauv\u00e9"},"content":{"rendered":"\n<div class=\"wp-block-group alignfull is-content-justification-center\" style=\"margin-top:0;margin-bottom:0;padding-top:calc( 0.5 * var(--wp--style--root--padding-right, var(--wp--custom--gap--horizontal)));padding-right:var(--wp--style--root--padding-right, var(--wp--custom--gap--horizontal));padding-bottom:calc( 0.5 * var(--wp--style--root--padding-right, var(--wp--custom--gap--horizontal)));padding-left:var(--wp--style--root--padding-left, var(--wp--custom--gap--horizontal))\"><div class=\"wp-block-group__inner-container is-layout-constrained wp-container-core-group-is-layout-b073b61b wp-block-group-is-layout-constrained\">\n<div style=\"height:0px\" aria-hidden=\"true\" class=\"wp-block-spacer\"><\/div>\n\n\n<div class=\"wp-block-image\">\n<figure class=\"aligncenter size-full is-resized has-custom-border\"><img loading=\"lazy\" decoding=\"async\" width=\"293\" height=\"285\" src=\"https:\/\/routedesartsvaudreuilsoulanges.com\/wp-content\/uploads\/2025\/04\/Myriam-Sauve.png\" alt=\"\" class=\"wp-image-2356\" style=\"border-radius:100em;object-fit:cover;width:267px;height:auto\"\/><\/figure>\n<\/div>\n\n\n<div class=\"wp-block-group alignwide\"><div class=\"wp-block-group__inner-container is-layout-constrained wp-container-core-group-is-layout-ea1a8c23 wp-block-group-is-layout-constrained\">\n<h2 class=\"wp-block-heading has-text-align-center has-ast-global-color-2-color has-text-color\">Myriam Sauv\u00e9<\/h2>\n\n\n\n<p>Domaine artistique : <strong>Arts visuels, M\u00e9tiers d&rsquo;arts<\/strong><\/p>\n\n\n\n<h3 class=\"wp-block-heading\">Bio<\/h3>\n\n\n\n<p>Myriam sauv\u00e9 est n\u00e9e \u00e0 St -Zotique ou elle a pass\u00e9 sa jeunesse sur les rives du lacs St-Fran\u00e7ois. Adolescente dans les ann\u00e9es 70, elle a touch\u00e9 \u00e0 tous les m\u00e9tiers d&rsquo;arts. C\u2019est pendant cette p\u00e9riode qu\u2019elle a con\u00e7u de grandes tentures murales, combinant le tissage haute-lisse et le macram\u00e9. Dans les ann\u00e9es 80, elle a \u00e9tudi\u00e9 les arts au c\u00e9gep du Vieux Montr\u00e9al et \u00e0 l\u2019UQUAM ou elle a obtenu un baccalaur\u00e9at en arts plastiques et un certificat en enseignement. Depuis la pand\u00e9mie, elle r\u00e9alise \u00e9galement des montages avec des mousses. Elle essaie comme cr\u00e9atrice et en s\u2019impliquant comme artiste\/citoyenne dans sa localit\u00e9 de faire sa part pour sensibiliser la population aux nombreux d\u00e9fis environnementaux que sont la perte de la biodiversit\u00e9 et les changements climatiques.\u202f<\/p>\n\n\n\n<h3 class=\"wp-block-heading\">D\u00e9marche<\/h3>\n\n\n\n<p>Je peints avec des pigments que je dilue avec un m\u00e9dium acrylique tr\u00e8s liquide que j&rsquo;\u00e9tale directement sur la toile. D\u2019une mani\u00e8re tr\u00e8s accidentelle au d\u00e9but, ensuite, je retravaille les effets de couleurs et les textures que je trouve int\u00e9ressants ave un pinceau pour faire ressortir des \u00e9l\u00e9ments de figurations. Je cr\u00e9e mon tableau \u00e0 partir des formes, des taches et des mouvements al\u00e9atoires que me sugg\u00e8re la toile. De cette pulsion instinctive et spontan\u00e9e naissent des paysages int\u00e9rieurs et les traces d&rsquo;univers connues.<\/p>\n\n\n\n<p>Certaines sculptures c\u00e9ramiques par leurs architectures organiques, refl\u00e8tent mon attachement au corps humain comme charpente \u00e0 mon \u0153uvre, d\u2019autres sont transform\u00e9es en fontaines. J\u2019ai d\u00e9couvert avec le temps que le ruissellement de l\u2019eau, son \u00e9coulement, ses m\u00e9andres me fascine. L\u2019eau son impermanence, son flot dynamique, les saisons et ses m\u00e9tamorphosent ou tout meurt, tout change continuellement ont cr\u00e9\u00e9 la trame fa\u00e7onnant mon \u0153uvre.<\/p>\n\n\n\n<ul class=\"wp-block-social-links has-normal-icon-size is-style-logos-only is-content-justification-center is-nowrap is-layout-flex wp-container-core-social-links-is-layout-40fab40b wp-block-social-links-is-layout-flex\"><li class=\"wp-social-link wp-social-link-mail  wp-block-social-link\"><a href=\"mailto:&#109;y&#114;&#105;&#097;ms&#097;uv&#101;&#064;&#104;&#111;&#116;m&#097;il.&#102;&#114;\" class=\"wp-block-social-link-anchor\"><svg width=\"24\" height=\"24\" viewBox=\"0 0 24 24\" version=\"1.1\" xmlns=\"http:\/\/www.w3.org\/2000\/svg\" aria-hidden=\"true\" focusable=\"false\"><path d=\"M19,5H5c-1.1,0-2,.9-2,2v10c0,1.1.9,2,2,2h14c1.1,0,2-.9,2-2V7c0-1.1-.9-2-2-2zm.5,12c0,.3-.2.5-.5.5H5c-.3,0-.5-.2-.5-.5V9.8l7.5,5.6,7.5-5.6V17zm0-9.1L12,13.6,4.5,7.9V7c0-.3.2-.5.5-.5h14c.3,0,.5.2.5.5v.9z\"><\/path><\/svg><span class=\"wp-block-social-link-label screen-reader-text\">Mail<\/span><\/a><\/li><\/ul>\n\n\n\n<div style=\"height:38px\" aria-hidden=\"true\" class=\"wp-block-spacer\"><\/div>\n<\/div><\/div>\n<\/div><\/div>\n\n\n\n<h3 class=\"wp-block-heading\">Un avant go\u00fbt de ses oeuvres<\/h3>\n\n\n\n<figure class=\"wp-block-gallery has-nested-images columns-default is-cropped wp-block-gallery-1 is-layout-flex wp-block-gallery-is-layout-flex\">\n<figure class=\"wp-block-image size-full\"><img loading=\"lazy\" decoding=\"async\" width=\"806\" height=\"616\" data-id=\"2166\" src=\"https:\/\/routedesartsvaudreuilsoulanges.com\/wp-content\/uploads\/2025\/04\/Photo-092br.jpg\" alt=\"\" class=\"wp-image-2166\" srcset=\"https:\/\/routedesartsvaudreuilsoulanges.com\/wp-content\/uploads\/2025\/04\/Photo-092br.jpg 806w, https:\/\/routedesartsvaudreuilsoulanges.com\/wp-content\/uploads\/2025\/04\/Photo-092br-300x229.jpg 300w, https:\/\/routedesartsvaudreuilsoulanges.com\/wp-content\/uploads\/2025\/04\/Photo-092br-768x587.jpg 768w\" sizes=\"auto, (max-width: 806px) 100vw, 806px\" \/><\/figure>\n\n\n\n<figure class=\"wp-block-image size-full\"><img loading=\"lazy\" decoding=\"async\" width=\"648\" height=\"864\" data-id=\"2165\" src=\"https:\/\/routedesartsvaudreuilsoulanges.com\/wp-content\/uploads\/2025\/04\/Photo-054br.jpg\" alt=\"\" class=\"wp-image-2165\" srcset=\"https:\/\/routedesartsvaudreuilsoulanges.com\/wp-content\/uploads\/2025\/04\/Photo-054br.jpg 648w, https:\/\/routedesartsvaudreuilsoulanges.com\/wp-content\/uploads\/2025\/04\/Photo-054br-225x300.jpg 225w, https:\/\/routedesartsvaudreuilsoulanges.com\/wp-content\/uploads\/2025\/04\/Photo-054br-480x640.jpg 480w\" sizes=\"auto, (max-width: 648px) 100vw, 648px\" \/><\/figure>\n\n\n\n<figure class=\"wp-block-image size-full\"><img loading=\"lazy\" decoding=\"async\" width=\"648\" height=\"864\" data-id=\"2164\" src=\"https:\/\/routedesartsvaudreuilsoulanges.com\/wp-content\/uploads\/2025\/04\/Photo-040br.jpg\" alt=\"\" class=\"wp-image-2164\" srcset=\"https:\/\/routedesartsvaudreuilsoulanges.com\/wp-content\/uploads\/2025\/04\/Photo-040br.jpg 648w, https:\/\/routedesartsvaudreuilsoulanges.com\/wp-content\/uploads\/2025\/04\/Photo-040br-225x300.jpg 225w, https:\/\/routedesartsvaudreuilsoulanges.com\/wp-content\/uploads\/2025\/04\/Photo-040br-480x640.jpg 480w\" sizes=\"auto, (max-width: 648px) 100vw, 648px\" \/><\/figure>\n\n\n\n<figure class=\"wp-block-image size-full\"><img loading=\"lazy\" decoding=\"async\" width=\"846\" height=\"632\" data-id=\"2163\" src=\"https:\/\/routedesartsvaudreuilsoulanges.com\/wp-content\/uploads\/2025\/04\/Photo-035br.jpg\" alt=\"\" class=\"wp-image-2163\" srcset=\"https:\/\/routedesartsvaudreuilsoulanges.com\/wp-content\/uploads\/2025\/04\/Photo-035br.jpg 846w, https:\/\/routedesartsvaudreuilsoulanges.com\/wp-content\/uploads\/2025\/04\/Photo-035br-300x224.jpg 300w, https:\/\/routedesartsvaudreuilsoulanges.com\/wp-content\/uploads\/2025\/04\/Photo-035br-768x574.jpg 768w\" sizes=\"auto, (max-width: 846px) 100vw, 846px\" \/><\/figure>\n\n\n\n<figure class=\"wp-block-image size-full\"><img loading=\"lazy\" decoding=\"async\" width=\"625\" height=\"849\" data-id=\"2162\" src=\"https:\/\/routedesartsvaudreuilsoulanges.com\/wp-content\/uploads\/2025\/04\/Photo-032br.jpg\" alt=\"\" class=\"wp-image-2162\" srcset=\"https:\/\/routedesartsvaudreuilsoulanges.com\/wp-content\/uploads\/2025\/04\/Photo-032br.jpg 625w, https:\/\/routedesartsvaudreuilsoulanges.com\/wp-content\/uploads\/2025\/04\/Photo-032br-221x300.jpg 221w\" sizes=\"auto, (max-width: 625px) 100vw, 625px\" \/><\/figure>\n<\/figure>\n","protected":false},"excerpt":{"rendered":"<p>Myriam Sauv\u00e9 Domaine artistique : Arts visuels, M\u00e9tiers d&rsquo;arts Bio Myriam sauv\u00e9 est n\u00e9e \u00e0 St -Zotique ou elle a pass\u00e9 sa jeunesse sur les rives du lacs St-Fran\u00e7ois. Adolescente dans les ann\u00e9es 70, elle a touch\u00e9 \u00e0 tous les m\u00e9tiers d&rsquo;arts. C\u2019est pendant cette p\u00e9riode qu\u2019elle a con\u00e7u de grandes tentures murales, combinant le [&hellip;]<\/p>\n","protected":false},"author":1,"featured_media":0,"parent":0,"menu_order":0,"comment_status":"closed","ping_status":"closed","template":"","meta":{"footnotes":""},"class_list":["post-2161","page","type-page","status-publish","hentry"],"_links":{"self":[{"href":"https:\/\/routedesartsvaudreuilsoulanges.com\/fr\/wp-json\/wp\/v2\/pages\/2161","targetHints":{"allow":["GET"]}}],"collection":[{"href":"https:\/\/routedesartsvaudreuilsoulanges.com\/fr\/wp-json\/wp\/v2\/pages"}],"about":[{"href":"https:\/\/routedesartsvaudreuilsoulanges.com\/fr\/wp-json\/wp\/v2\/types\/page"}],"author":[{"embeddable":true,"href":"https:\/\/routedesartsvaudreuilsoulanges.com\/fr\/wp-json\/wp\/v2\/users\/1"}],"replies":[{"embeddable":true,"href":"https:\/\/routedesartsvaudreuilsoulanges.com\/fr\/wp-json\/wp\/v2\/comments?post=2161"}],"version-history":[{"count":3,"href":"https:\/\/routedesartsvaudreuilsoulanges.com\/fr\/wp-json\/wp\/v2\/pages\/2161\/revisions"}],"predecessor-version":[{"id":2382,"href":"https:\/\/routedesartsvaudreuilsoulanges.com\/fr\/wp-json\/wp\/v2\/pages\/2161\/revisions\/2382"}],"wp:attachment":[{"href":"https:\/\/routedesartsvaudreuilsoulanges.com\/fr\/wp-json\/wp\/v2\/media?parent=2161"}],"curies":[{"name":"wp","href":"https:\/\/api.w.org\/{rel}","templated":true}]}}