{"id":2178,"date":"2025-04-19T19:24:25","date_gmt":"2025-04-20T00:24:25","guid":{"rendered":"https:\/\/routedesartsvaudreuilsoulanges.com\/?page_id=2178"},"modified":"2025-04-22T22:47:10","modified_gmt":"2025-04-23T03:47:10","slug":"2025-xenia-halmov","status":"publish","type":"page","link":"https:\/\/routedesartsvaudreuilsoulanges.com\/fr\/2025-xenia-halmov\/","title":{"rendered":"2025 X\u00e9nia Halmov"},"content":{"rendered":"\n<div class=\"wp-block-group alignfull is-content-justification-center\" style=\"margin-top:0;margin-bottom:0;padding-top:calc( 0.5 * var(--wp--style--root--padding-right, var(--wp--custom--gap--horizontal)));padding-right:var(--wp--style--root--padding-right, var(--wp--custom--gap--horizontal));padding-bottom:calc( 0.5 * var(--wp--style--root--padding-right, var(--wp--custom--gap--horizontal)));padding-left:var(--wp--style--root--padding-left, var(--wp--custom--gap--horizontal))\"><div class=\"wp-block-group__inner-container is-layout-constrained wp-container-core-group-is-layout-b073b61b wp-block-group-is-layout-constrained\">\n<div style=\"height:0px\" aria-hidden=\"true\" class=\"wp-block-spacer\"><\/div>\n\n\n<div class=\"wp-block-image\">\n<figure class=\"aligncenter size-full is-resized has-custom-border\"><img loading=\"lazy\" decoding=\"async\" width=\"155\" height=\"155\" src=\"https:\/\/routedesartsvaudreuilsoulanges.com\/wp-content\/uploads\/2025\/04\/Xenia-photo-1.jpg\" alt=\"\" class=\"wp-image-2185\" style=\"border-radius:100em;object-fit:cover;width:267px;height:auto\" srcset=\"https:\/\/routedesartsvaudreuilsoulanges.com\/wp-content\/uploads\/2025\/04\/Xenia-photo-1.jpg 155w, https:\/\/routedesartsvaudreuilsoulanges.com\/wp-content\/uploads\/2025\/04\/Xenia-photo-1-150x150.jpg 150w\" sizes=\"auto, (max-width: 155px) 100vw, 155px\" \/><\/figure>\n<\/div>\n\n\n<div class=\"wp-block-group alignwide\"><div class=\"wp-block-group__inner-container is-layout-constrained wp-container-core-group-is-layout-ea1a8c23 wp-block-group-is-layout-constrained\">\n<h2 class=\"wp-block-heading has-text-align-center has-ast-global-color-2-color has-text-color\">X\u00e9nia Halmov<\/h2>\n\n\n\n<p>Domaine artistique : <strong>Arts visuels<\/strong><\/p>\n\n\n\n<h3 class=\"wp-block-heading\">Bio<\/h3>\n\n\n\n<p>X\u00e9nia a entam\u00e9 son voyage artistique d\u00e8s son plus jeune \u00e2ge, cultivant sa passion \u00e0 travers des p\u00e9riodes d&rsquo;intense cr\u00e9ativit\u00e9, entrecoup\u00e9es de moments de r\u00e9flexion. Son aventure avec la peinture \u00e0 l&rsquo;huile d\u00e9bute en 1979, lorsqu&rsquo;elle s&rsquo;initie \u00e0 l&rsquo;art figuratif en r\u00e9alisant des paysages peints sur le vif et des portraits inspir\u00e9s de ses propres photographies. \u00c0 partir de 2020, elle se tourne vers l&rsquo;art abstrait, explorant la peinture acrylique et les techniques mixtes.<br>Bien qu&rsquo;autodidacte, X\u00e9nia a su tirer parti de divers ateliers au fil des ans pour parfaire son art. Elle participe r\u00e9guli\u00e8rement aux activit\u00e9s et expositions organis\u00e9es par les associations dont elle est membre.<\/p>\n\n\n\n<h3 class=\"wp-block-heading\">D\u00e9marche<\/h3>\n\n\n\n<p>Pour X\u00e9nia, les couleurs sont une v\u00e9ritable source de vie et de joie. Les sujets de ses tableaux \u00e9mergent principalement de son imagination, invitant le spectateur \u00e0 plonger dans une histoire unique \u00e0 chaque \u0153uvre.<br>Sa source d&rsquo;inspiration est profond\u00e9ment ancr\u00e9e dans la nature, ses r\u00eaveries, ainsi que dans les formes humaines, animales et organiques et elle se traduit dans des \u0153uvres ludiques, parfois empreintes de na\u00efvet\u00e9, enrichies d&rsquo;une touche fantastique ou surr\u00e9aliste.<br>Actuellement, X\u00e9nia se passionne pour l&rsquo;encaustique, un m\u00e9dium naturel qu&rsquo;elle explore avec \u00e9merveillement, d\u00e9couvrant chaque jour de nouvelles possibilit\u00e9s, notamment par l&rsquo;ajout de feuilles et de particules d&rsquo;or.<\/p>\n\n\n\n<p>.<\/p>\n\n\n\n<ul class=\"wp-block-social-links has-normal-icon-size is-style-logos-only is-content-justification-center is-nowrap is-layout-flex wp-container-core-social-links-is-layout-40fab40b wp-block-social-links-is-layout-flex\"><li class=\"wp-social-link wp-social-link-mail  wp-block-social-link\"><a href=\"mailto:x&#117;ch&#097;&#064;&#108;i&#118;e&#046;c&#097;\" class=\"wp-block-social-link-anchor\"><svg width=\"24\" height=\"24\" viewBox=\"0 0 24 24\" version=\"1.1\" xmlns=\"http:\/\/www.w3.org\/2000\/svg\" aria-hidden=\"true\" focusable=\"false\"><path d=\"M19,5H5c-1.1,0-2,.9-2,2v10c0,1.1.9,2,2,2h14c1.1,0,2-.9,2-2V7c0-1.1-.9-2-2-2zm.5,12c0,.3-.2.5-.5.5H5c-.3,0-.5-.2-.5-.5V9.8l7.5,5.6,7.5-5.6V17zm0-9.1L12,13.6,4.5,7.9V7c0-.3.2-.5.5-.5h14c.3,0,.5.2.5.5v.9z\"><\/path><\/svg><span class=\"wp-block-social-link-label screen-reader-text\">Mail<\/span><\/a><\/li>\n\n<li class=\"wp-social-link wp-social-link-chain  wp-block-social-link\"><a href=\"https:\/\/artisteshudsonartists.com\/xenia-halmov\/\" class=\"wp-block-social-link-anchor\"><svg width=\"24\" height=\"24\" viewBox=\"0 0 24 24\" version=\"1.1\" xmlns=\"http:\/\/www.w3.org\/2000\/svg\" aria-hidden=\"true\" focusable=\"false\"><path d=\"M15.6,7.2H14v1.5h1.6c2,0,3.7,1.7,3.7,3.7s-1.7,3.7-3.7,3.7H14v1.5h1.6c2.8,0,5.2-2.3,5.2-5.2,0-2.9-2.3-5.2-5.2-5.2zM4.7,12.4c0-2,1.7-3.7,3.7-3.7H10V7.2H8.4c-2.9,0-5.2,2.3-5.2,5.2,0,2.9,2.3,5.2,5.2,5.2H10v-1.5H8.4c-2,0-3.7-1.7-3.7-3.7zm4.6.9h5.3v-1.5H9.3v1.5z\"><\/path><\/svg><span class=\"wp-block-social-link-label screen-reader-text\">Link<\/span><\/a><\/li>\n\n<li class=\"wp-social-link wp-social-link-facebook  wp-block-social-link\"><a href=\"https:\/\/www.facebook.com\/profile.php?id=100088709432289\" class=\"wp-block-social-link-anchor\"><svg width=\"24\" height=\"24\" viewBox=\"0 0 24 24\" version=\"1.1\" xmlns=\"http:\/\/www.w3.org\/2000\/svg\" aria-hidden=\"true\" focusable=\"false\"><path d=\"M12 2C6.5 2 2 6.5 2 12c0 5 3.7 9.1 8.4 9.9v-7H7.9V12h2.5V9.8c0-2.5 1.5-3.9 3.8-3.9 1.1 0 2.2.2 2.2.2v2.5h-1.3c-1.2 0-1.6.8-1.6 1.6V12h2.8l-.4 2.9h-2.3v7C18.3 21.1 22 17 22 12c0-5.5-4.5-10-10-10z\"><\/path><\/svg><span class=\"wp-block-social-link-label screen-reader-text\">Facebook<\/span><\/a><\/li><\/ul>\n\n\n\n<div style=\"height:38px\" aria-hidden=\"true\" class=\"wp-block-spacer\"><\/div>\n<\/div><\/div>\n<\/div><\/div>\n\n\n\n<h3 class=\"wp-block-heading\">Un avant go\u00fbt de ses oeuvres<\/h3>\n\n\n\n<figure class=\"wp-block-gallery has-nested-images columns-default is-cropped wp-block-gallery-1 is-layout-flex wp-block-gallery-is-layout-flex\">\n<figure class=\"wp-block-image size-full\"><img loading=\"lazy\" decoding=\"async\" width=\"1514\" height=\"2000\" data-id=\"2183\" src=\"https:\/\/routedesartsvaudreuilsoulanges.com\/wp-content\/uploads\/2025\/04\/La-grotte-magique_acrylique-sur-pexiglas-16x20-po-scaled-e1745027765331.jpg\" alt=\"\" class=\"wp-image-2183\"\/><\/figure>\n\n\n\n<figure class=\"wp-block-image size-full\"><img loading=\"lazy\" decoding=\"async\" width=\"1264\" height=\"902\" data-id=\"2182\" src=\"https:\/\/routedesartsvaudreuilsoulanges.com\/wp-content\/uploads\/2025\/04\/Halmov.Xenia_Joie.jpg\" alt=\"\" class=\"wp-image-2182\" srcset=\"https:\/\/routedesartsvaudreuilsoulanges.com\/wp-content\/uploads\/2025\/04\/Halmov.Xenia_Joie.jpg 1264w, https:\/\/routedesartsvaudreuilsoulanges.com\/wp-content\/uploads\/2025\/04\/Halmov.Xenia_Joie-300x214.jpg 300w, https:\/\/routedesartsvaudreuilsoulanges.com\/wp-content\/uploads\/2025\/04\/Halmov.Xenia_Joie-1024x731.jpg 1024w, https:\/\/routedesartsvaudreuilsoulanges.com\/wp-content\/uploads\/2025\/04\/Halmov.Xenia_Joie-768x548.jpg 768w\" sizes=\"auto, (max-width: 1264px) 100vw, 1264px\" \/><\/figure>\n\n\n\n<figure class=\"wp-block-image size-full\"><img loading=\"lazy\" decoding=\"async\" width=\"1124\" height=\"1135\" data-id=\"2181\" src=\"https:\/\/routedesartsvaudreuilsoulanges.com\/wp-content\/uploads\/2025\/04\/Halmov.Xenia_Enchante.jpg\" alt=\"\" class=\"wp-image-2181\" srcset=\"https:\/\/routedesartsvaudreuilsoulanges.com\/wp-content\/uploads\/2025\/04\/Halmov.Xenia_Enchante.jpg 1124w, https:\/\/routedesartsvaudreuilsoulanges.com\/wp-content\/uploads\/2025\/04\/Halmov.Xenia_Enchante-297x300.jpg 297w, https:\/\/routedesartsvaudreuilsoulanges.com\/wp-content\/uploads\/2025\/04\/Halmov.Xenia_Enchante-1014x1024.jpg 1014w, https:\/\/routedesartsvaudreuilsoulanges.com\/wp-content\/uploads\/2025\/04\/Halmov.Xenia_Enchante-150x150.jpg 150w, https:\/\/routedesartsvaudreuilsoulanges.com\/wp-content\/uploads\/2025\/04\/Halmov.Xenia_Enchante-768x776.jpg 768w\" sizes=\"auto, (max-width: 1124px) 100vw, 1124px\" \/><\/figure>\n\n\n\n<figure class=\"wp-block-image size-full\"><img loading=\"lazy\" decoding=\"async\" width=\"1165\" height=\"1178\" data-id=\"2180\" src=\"https:\/\/routedesartsvaudreuilsoulanges.com\/wp-content\/uploads\/2025\/04\/Halmov.Xenia_Blue.jpg\" alt=\"\" class=\"wp-image-2180\" srcset=\"https:\/\/routedesartsvaudreuilsoulanges.com\/wp-content\/uploads\/2025\/04\/Halmov.Xenia_Blue.jpg 1165w, https:\/\/routedesartsvaudreuilsoulanges.com\/wp-content\/uploads\/2025\/04\/Halmov.Xenia_Blue-297x300.jpg 297w, https:\/\/routedesartsvaudreuilsoulanges.com\/wp-content\/uploads\/2025\/04\/Halmov.Xenia_Blue-1013x1024.jpg 1013w, https:\/\/routedesartsvaudreuilsoulanges.com\/wp-content\/uploads\/2025\/04\/Halmov.Xenia_Blue-768x777.jpg 768w\" sizes=\"auto, (max-width: 1165px) 100vw, 1165px\" \/><\/figure>\n\n\n\n<figure class=\"wp-block-image size-full\"><img loading=\"lazy\" decoding=\"async\" width=\"2000\" height=\"1500\" data-id=\"2179\" src=\"https:\/\/routedesartsvaudreuilsoulanges.com\/wp-content\/uploads\/2025\/04\/Amitie-Mixed-media-sur-toile-18x24-disponible-scaled-e1745027721531.jpg\" alt=\"\" class=\"wp-image-2179\"\/><\/figure>\n<\/figure>\n","protected":false},"excerpt":{"rendered":"<p>X\u00e9nia Halmov Domaine artistique : Arts visuels Bio X\u00e9nia a entam\u00e9 son voyage artistique d\u00e8s son plus jeune \u00e2ge, cultivant sa passion \u00e0 travers des p\u00e9riodes d&rsquo;intense cr\u00e9ativit\u00e9, entrecoup\u00e9es de moments de r\u00e9flexion. Son aventure avec la peinture \u00e0 l&rsquo;huile d\u00e9bute en 1979, lorsqu&rsquo;elle s&rsquo;initie \u00e0 l&rsquo;art figuratif en r\u00e9alisant des paysages peints sur le [&hellip;]<\/p>\n","protected":false},"author":1,"featured_media":0,"parent":0,"menu_order":0,"comment_status":"closed","ping_status":"closed","template":"","meta":{"footnotes":""},"class_list":["post-2178","page","type-page","status-publish","hentry"],"_links":{"self":[{"href":"https:\/\/routedesartsvaudreuilsoulanges.com\/fr\/wp-json\/wp\/v2\/pages\/2178","targetHints":{"allow":["GET"]}}],"collection":[{"href":"https:\/\/routedesartsvaudreuilsoulanges.com\/fr\/wp-json\/wp\/v2\/pages"}],"about":[{"href":"https:\/\/routedesartsvaudreuilsoulanges.com\/fr\/wp-json\/wp\/v2\/types\/page"}],"author":[{"embeddable":true,"href":"https:\/\/routedesartsvaudreuilsoulanges.com\/fr\/wp-json\/wp\/v2\/users\/1"}],"replies":[{"embeddable":true,"href":"https:\/\/routedesartsvaudreuilsoulanges.com\/fr\/wp-json\/wp\/v2\/comments?post=2178"}],"version-history":[{"count":3,"href":"https:\/\/routedesartsvaudreuilsoulanges.com\/fr\/wp-json\/wp\/v2\/pages\/2178\/revisions"}],"predecessor-version":[{"id":2347,"href":"https:\/\/routedesartsvaudreuilsoulanges.com\/fr\/wp-json\/wp\/v2\/pages\/2178\/revisions\/2347"}],"wp:attachment":[{"href":"https:\/\/routedesartsvaudreuilsoulanges.com\/fr\/wp-json\/wp\/v2\/media?parent=2178"}],"curies":[{"name":"wp","href":"https:\/\/api.w.org\/{rel}","templated":true}]}}