{"id":2210,"date":"2025-04-19T19:17:03","date_gmt":"2025-04-20T00:17:03","guid":{"rendered":"https:\/\/routedesartsvaudreuilsoulanges.com\/?page_id=2210"},"modified":"2025-07-16T12:33:46","modified_gmt":"2025-07-16T17:33:46","slug":"2025-luciano-daniele","status":"publish","type":"page","link":"https:\/\/routedesartsvaudreuilsoulanges.com\/fr\/2025-luciano-daniele\/","title":{"rendered":"2025 Luciano Daniele"},"content":{"rendered":"\n<div class=\"wp-block-group alignfull is-content-justification-center\" style=\"margin-top:0;margin-bottom:0;padding-top:calc( 0.5 * var(--wp--style--root--padding-right, var(--wp--custom--gap--horizontal)));padding-right:var(--wp--style--root--padding-right, var(--wp--custom--gap--horizontal));padding-bottom:calc( 0.5 * var(--wp--style--root--padding-right, var(--wp--custom--gap--horizontal)));padding-left:var(--wp--style--root--padding-left, var(--wp--custom--gap--horizontal))\"><div class=\"wp-block-group__inner-container is-layout-constrained wp-container-core-group-is-layout-b073b61b wp-block-group-is-layout-constrained\">\n<div style=\"height:0px\" aria-hidden=\"true\" class=\"wp-block-spacer\"><\/div>\n\n\n<div class=\"wp-block-image\">\n<figure class=\"aligncenter size-full is-resized has-custom-border\"><img loading=\"lazy\" decoding=\"async\" width=\"2220\" height=\"2421\" src=\"https:\/\/routedesartsvaudreuilsoulanges.com\/wp-content\/uploads\/2025\/07\/Luciano-Daniele-BIO.jpg\" alt=\"\" class=\"wp-image-2490\" style=\"border-radius:100em;object-fit:cover;width:267px;height:auto\" srcset=\"https:\/\/routedesartsvaudreuilsoulanges.com\/wp-content\/uploads\/2025\/07\/Luciano-Daniele-BIO.jpg 2220w, https:\/\/routedesartsvaudreuilsoulanges.com\/wp-content\/uploads\/2025\/07\/Luciano-Daniele-BIO-275x300.jpg 275w, https:\/\/routedesartsvaudreuilsoulanges.com\/wp-content\/uploads\/2025\/07\/Luciano-Daniele-BIO-939x1024.jpg 939w, https:\/\/routedesartsvaudreuilsoulanges.com\/wp-content\/uploads\/2025\/07\/Luciano-Daniele-BIO-768x838.jpg 768w, https:\/\/routedesartsvaudreuilsoulanges.com\/wp-content\/uploads\/2025\/07\/Luciano-Daniele-BIO-1408x1536.jpg 1408w, https:\/\/routedesartsvaudreuilsoulanges.com\/wp-content\/uploads\/2025\/07\/Luciano-Daniele-BIO-1878x2048.jpg 1878w, https:\/\/routedesartsvaudreuilsoulanges.com\/wp-content\/uploads\/2025\/07\/Luciano-Daniele-BIO-11x12.jpg 11w\" sizes=\"auto, (max-width: 2220px) 100vw, 2220px\" \/><\/figure>\n<\/div>\n\n\n<div class=\"wp-block-group alignwide\"><div class=\"wp-block-group__inner-container is-layout-constrained wp-container-core-group-is-layout-ea1a8c23 wp-block-group-is-layout-constrained\">\n<h2 class=\"wp-block-heading has-text-align-center has-ast-global-color-2-color has-text-color\">Luciano Daniele<\/h2>\n\n\n\n<p>Artistic field : <strong>M\u00e9tiers d\u2019arts \u2013 Visual arts<\/strong><\/p>\n\n\n\n<h3 class=\"wp-block-heading\">Bio \/ d\u00e9marche<\/h3>\n\n\n\n<p>Parmi les nombreuses passions de ma vie, l\u2019art et l\u2019ing\u00e9nierie sont les plus importantes.<\/p>\n\n\n\n<p>J&rsquo;ai b\u00e2ti ma carri\u00e8re dans l&rsquo;industrie a\u00e9ronautique\/a\u00e9rospatiale, essentiellement en cr\u00e9ant et en comprenant comment les choses fonctionnant (ou ne fonctionnant pas), et comment les choses sont fabriqu\u00e9es, en utilisant diff\u00e9rents mat\u00e9riaux et processus.<br>Au c\u0153ur de mes comp\u00e9tences artistiques se trouve une bonne compr\u00e9hension du dessin et de l\u2019art classique\/Renaissance, que j\u2019utilise ensuite pour explorer d\u2019autres styles.<\/p>\n\n\n\n<p>Mes sculptures combinent mes deux passions: L&rsquo;art et la cr\u00e9ation d&rsquo;objets en 3D.<\/p>\n\n\n\n<p>J&rsquo;appr\u00e9cie le fait qu&rsquo;une sculpture n&rsquo;a pas de contraintes; il accueille de nombreuses autres formes et m\u00e9dias d&rsquo;art (Peinture, dessin, textile, design, etc) ; Il devient une composante de l\u2019espace (int\u00e9rieur ou ext\u00e9rieur) et s\u2019\u00e9tend dans le monde humain en 3 dimensionnelle, dans lequel nous vivons.<\/p>\n\n\n\n<ul class=\"wp-block-social-links has-normal-icon-size is-style-logos-only is-content-justification-center is-nowrap is-layout-flex wp-container-core-social-links-is-layout-40fab40b wp-block-social-links-is-layout-flex\"><li class=\"wp-social-link wp-social-link-mail  wp-block-social-link\"><a href=\"mailto:&#108;&#117;&#099;i&#097;&#110;o4&#053;&#048;&#064;&#121;a&#104;o&#111;&#046;&#099;a\" class=\"wp-block-social-link-anchor\"><svg width=\"24\" height=\"24\" viewBox=\"0 0 24 24\" version=\"1.1\" xmlns=\"http:\/\/www.w3.org\/2000\/svg\" aria-hidden=\"true\" focusable=\"false\"><path d=\"M19,5H5c-1.1,0-2,.9-2,2v10c0,1.1.9,2,2,2h14c1.1,0,2-.9,2-2V7c0-1.1-.9-2-2-2zm.5,12c0,.3-.2.5-.5.5H5c-.3,0-.5-.2-.5-.5V9.8l7.5,5.6,7.5-5.6V17zm0-9.1L12,13.6,4.5,7.9V7c0-.3.2-.5.5-.5h14c.3,0,.5.2.5.5v.9z\"><\/path><\/svg><span class=\"wp-block-social-link-label screen-reader-text\">Mail<\/span><\/a><\/li>\n\n<li class=\"wp-social-link wp-social-link-instagram  wp-block-social-link\"><a href=\"https:\/\/www.instagram.com\/lucianodanielejunior\/\" class=\"wp-block-social-link-anchor\"><svg width=\"24\" height=\"24\" viewBox=\"0 0 24 24\" version=\"1.1\" xmlns=\"http:\/\/www.w3.org\/2000\/svg\" aria-hidden=\"true\" focusable=\"false\"><path d=\"M12,4.622c2.403,0,2.688,0.009,3.637,0.052c0.877,0.04,1.354,0.187,1.671,0.31c0.42,0.163,0.72,0.358,1.035,0.673 c0.315,0.315,0.51,0.615,0.673,1.035c0.123,0.317,0.27,0.794,0.31,1.671c0.043,0.949,0.052,1.234,0.052,3.637 s-0.009,2.688-0.052,3.637c-0.04,0.877-0.187,1.354-0.31,1.671c-0.163,0.42-0.358,0.72-0.673,1.035 c-0.315,0.315-0.615,0.51-1.035,0.673c-0.317,0.123-0.794,0.27-1.671,0.31c-0.949,0.043-1.233,0.052-3.637,0.052 s-2.688-0.009-3.637-0.052c-0.877-0.04-1.354-0.187-1.671-0.31c-0.42-0.163-0.72-0.358-1.035-0.673 c-0.315-0.315-0.51-0.615-0.673-1.035c-0.123-0.317-0.27-0.794-0.31-1.671C4.631,14.688,4.622,14.403,4.622,12 s0.009-2.688,0.052-3.637c0.04-0.877,0.187-1.354,0.31-1.671c0.163-0.42,0.358-0.72,0.673-1.035 c0.315-0.315,0.615-0.51,1.035-0.673c0.317-0.123,0.794-0.27,1.671-0.31C9.312,4.631,9.597,4.622,12,4.622 M12,3 C9.556,3,9.249,3.01,8.289,3.054C7.331,3.098,6.677,3.25,6.105,3.472C5.513,3.702,5.011,4.01,4.511,4.511 c-0.5,0.5-0.808,1.002-1.038,1.594C3.25,6.677,3.098,7.331,3.054,8.289C3.01,9.249,3,9.556,3,12c0,2.444,0.01,2.751,0.054,3.711 c0.044,0.958,0.196,1.612,0.418,2.185c0.23,0.592,0.538,1.094,1.038,1.594c0.5,0.5,1.002,0.808,1.594,1.038 c0.572,0.222,1.227,0.375,2.185,0.418C9.249,20.99,9.556,21,12,21s2.751-0.01,3.711-0.054c0.958-0.044,1.612-0.196,2.185-0.418 c0.592-0.23,1.094-0.538,1.594-1.038c0.5-0.5,0.808-1.002,1.038-1.594c0.222-0.572,0.375-1.227,0.418-2.185 C20.99,14.751,21,14.444,21,12s-0.01-2.751-0.054-3.711c-0.044-0.958-0.196-1.612-0.418-2.185c-0.23-0.592-0.538-1.094-1.038-1.594 c-0.5-0.5-1.002-0.808-1.594-1.038c-0.572-0.222-1.227-0.375-2.185-0.418C14.751,3.01,14.444,3,12,3L12,3z M12,7.378 c-2.552,0-4.622,2.069-4.622,4.622S9.448,16.622,12,16.622s4.622-2.069,4.622-4.622S14.552,7.378,12,7.378z M12,15 c-1.657,0-3-1.343-3-3s1.343-3,3-3s3,1.343,3,3S13.657,15,12,15z M16.804,6.116c-0.596,0-1.08,0.484-1.08,1.08 s0.484,1.08,1.08,1.08c0.596,0,1.08-0.484,1.08-1.08S17.401,6.116,16.804,6.116z\"><\/path><\/svg><span class=\"wp-block-social-link-label screen-reader-text\">Instagram<\/span><\/a><\/li><\/ul>\n\n\n\n<div style=\"height:38px\" aria-hidden=\"true\" class=\"wp-block-spacer\"><\/div>\n<\/div><\/div>\n<\/div><\/div>\n\n\n\n<h3 class=\"wp-block-heading\">Un avant go\u00fbt de ses oeuvres<\/h3>\n\n\n\n<figure class=\"wp-block-gallery has-nested-images columns-default is-cropped wp-block-gallery-1 is-layout-flex wp-block-gallery-is-layout-flex\">\n<figure class=\"wp-block-image size-full\"><img loading=\"lazy\" decoding=\"async\" width=\"1455\" height=\"2000\" data-id=\"2215\" src=\"https:\/\/routedesartsvaudreuilsoulanges.com\/wp-content\/uploads\/2025\/04\/5.-Birth-of-Mercury-2024-scaled-e1745030275100.jpg\" alt=\"\" class=\"wp-image-2215\"\/><\/figure>\n\n\n\n<figure class=\"wp-block-image size-full\"><img loading=\"lazy\" decoding=\"async\" width=\"1977\" height=\"2000\" data-id=\"2214\" src=\"https:\/\/routedesartsvaudreuilsoulanges.com\/wp-content\/uploads\/2025\/04\/4.-Beyond-the-Reach-of-Time-2-scaled-e1745030258793.jpg\" alt=\"\" class=\"wp-image-2214\"\/><\/figure>\n\n\n\n<figure class=\"wp-block-image size-full\"><img loading=\"lazy\" decoding=\"async\" width=\"1744\" height=\"2000\" data-id=\"2213\" src=\"https:\/\/routedesartsvaudreuilsoulanges.com\/wp-content\/uploads\/2025\/04\/3.-Parallel-Worlds-scaled-e1745030241430.jpg\" alt=\"\" class=\"wp-image-2213\"\/><\/figure>\n\n\n\n<figure class=\"wp-block-image size-full\"><img loading=\"lazy\" decoding=\"async\" width=\"1289\" height=\"2000\" data-id=\"2212\" src=\"https:\/\/routedesartsvaudreuilsoulanges.com\/wp-content\/uploads\/2025\/04\/2.-She_Wireframe-Sculpture_Nov2023-e1745030224855.jpg\" alt=\"\" class=\"wp-image-2212\"\/><\/figure>\n\n\n\n<figure class=\"wp-block-image size-full\"><img loading=\"lazy\" decoding=\"async\" width=\"1173\" height=\"2000\" data-id=\"2211\" src=\"https:\/\/routedesartsvaudreuilsoulanges.com\/wp-content\/uploads\/2025\/04\/1.-MC2F-Berlin_Nov2023-scaled-e1745030208787.jpg\" alt=\"\" class=\"wp-image-2211\"\/><\/figure>\n<\/figure>\n","protected":false},"excerpt":{"rendered":"<p>Luciano Daniele Artistic field : M\u00e9tiers d\u2019arts \u2013 Visual arts Bio \/ d\u00e9marche Parmi les nombreuses passions de ma vie, l\u2019art et l\u2019ing\u00e9nierie sont les plus importantes. J&rsquo;ai b\u00e2ti ma carri\u00e8re dans l&rsquo;industrie a\u00e9ronautique\/a\u00e9rospatiale, essentiellement en cr\u00e9ant et en comprenant comment les choses fonctionnant (ou ne fonctionnant pas), et comment les choses sont fabriqu\u00e9es, en [&hellip;]<\/p>\n","protected":false},"author":1,"featured_media":0,"parent":0,"menu_order":0,"comment_status":"closed","ping_status":"closed","template":"","meta":{"footnotes":""},"class_list":["post-2210","page","type-page","status-publish","hentry"],"_links":{"self":[{"href":"https:\/\/routedesartsvaudreuilsoulanges.com\/fr\/wp-json\/wp\/v2\/pages\/2210","targetHints":{"allow":["GET"]}}],"collection":[{"href":"https:\/\/routedesartsvaudreuilsoulanges.com\/fr\/wp-json\/wp\/v2\/pages"}],"about":[{"href":"https:\/\/routedesartsvaudreuilsoulanges.com\/fr\/wp-json\/wp\/v2\/types\/page"}],"author":[{"embeddable":true,"href":"https:\/\/routedesartsvaudreuilsoulanges.com\/fr\/wp-json\/wp\/v2\/users\/1"}],"replies":[{"embeddable":true,"href":"https:\/\/routedesartsvaudreuilsoulanges.com\/fr\/wp-json\/wp\/v2\/comments?post=2210"}],"version-history":[{"count":5,"href":"https:\/\/routedesartsvaudreuilsoulanges.com\/fr\/wp-json\/wp\/v2\/pages\/2210\/revisions"}],"predecessor-version":[{"id":2491,"href":"https:\/\/routedesartsvaudreuilsoulanges.com\/fr\/wp-json\/wp\/v2\/pages\/2210\/revisions\/2491"}],"wp:attachment":[{"href":"https:\/\/routedesartsvaudreuilsoulanges.com\/fr\/wp-json\/wp\/v2\/media?parent=2210"}],"curies":[{"name":"wp","href":"https:\/\/api.w.org\/{rel}","templated":true}]}}