{"id":253,"date":"2022-02-12T01:29:46","date_gmt":"2022-02-12T06:29:46","guid":{"rendered":"https:\/\/routedesartsvs.wordpress.com\/?page_id=253"},"modified":"2025-04-28T11:45:19","modified_gmt":"2025-04-28T16:45:19","slug":"revue-de-presse","status":"publish","type":"page","link":"https:\/\/routedesartsvaudreuilsoulanges.com\/fr\/naissance-de-lo-b-n-l\/revue-de-presse\/","title":{"rendered":"Revue de presse"},"content":{"rendered":"\n<figure class=\"wp-block-image size-large is-resized\"><img loading=\"lazy\" decoding=\"async\" width=\"1024\" height=\"746\" src=\"https:\/\/routedesartsvaudreuilsoulanges.com\/wp-content\/uploads\/2022\/02\/femme-1024x746.jpg\" alt=\"\" class=\"wp-image-275\" style=\"width:664px;height:484px\" srcset=\"https:\/\/routedesartsvaudreuilsoulanges.com\/wp-content\/uploads\/2022\/02\/femme-1024x746.jpg 1024w, https:\/\/routedesartsvaudreuilsoulanges.com\/wp-content\/uploads\/2022\/02\/femme-300x219.jpg 300w, https:\/\/routedesartsvaudreuilsoulanges.com\/wp-content\/uploads\/2022\/02\/femme-768x560.jpg 768w, https:\/\/routedesartsvaudreuilsoulanges.com\/wp-content\/uploads\/2022\/02\/femme.jpg 1098w\" sizes=\"auto, (max-width: 1024px) 100vw, 1024px\" \/><\/figure>\n\n\n\n<div style=\"height:51px\" aria-hidden=\"true\" class=\"wp-block-spacer\"><\/div>\n\n\n\n<p style=\"font-size:25px\"><strong>Vous d\u00e9sirez lire ou relire la couverture m\u00e9diatique qui traitait de la Route des arts de Vaudreuil-Soulanges?<\/strong><\/p>\n\n\n\n<p style=\"font-size:25px\"><strong>Vous trouverez tout ici!<\/strong><\/p>\n\n\n\n<p><\/p>\n\n\n\n<p><\/p>\n\n\n\n<p style=\"font-size:25px\"><a href=\"https:\/\/csur.tv\/en-bref\/en-bref-en-chemin-pour-la-2e-edition-de-la-route-des-arts\/?fbclid=IwAR2eMPQ3o2eLPnluHgJ2Su0x7v-Ez1C1GkbVGd156QLZSjTGMkGUrvr7WVk\">https:\/\/csur.tv\/en-bref\/en-bref-en-chemin-pour-la-2e-edition-de-la-route-des-arts\/?fbclid=IwAR2eMPQ3o2eLPnluHgJ2Su0x7v-Ez1C1GkbVGd156QLZSjTGMkGUrvr7WVk<\/a><\/p>\n\n\n\n<div style=\"height:50px\" aria-hidden=\"true\" class=\"wp-block-spacer\"><\/div>\n\n\n\n<div class=\"wp-block-media-text alignwide is-stacked-on-mobile is-vertically-aligned-top\" style=\"grid-template-columns:24% auto\"><figure class=\"wp-block-media-text__media\"><img loading=\"lazy\" decoding=\"async\" width=\"374\" height=\"58\" src=\"https:\/\/routedesartsvaudreuilsoulanges.com\/wp-content\/uploads\/2022\/05\/Logo-neomedia-1.png\" alt=\"\" class=\"wp-image-715 size-full\" srcset=\"https:\/\/routedesartsvaudreuilsoulanges.com\/wp-content\/uploads\/2022\/05\/Logo-neomedia-1.png 374w, https:\/\/routedesartsvaudreuilsoulanges.com\/wp-content\/uploads\/2022\/05\/Logo-neomedia-1-300x47.png 300w\" sizes=\"auto, (max-width: 374px) 100vw, 374px\" \/><\/figure><div class=\"wp-block-media-text__content\">\n<p class=\"has-medium-font-size\">12 septembre2022 <\/p>\n<\/div><\/div>\n\n\n\n<p><strong>Les 24 et 25 septembre prochains, 26 artistes et artisans de Vaudreuil-Soulanges ouvriront les portes de leur atelier dans le cadre de la premi\u00e8re \u00e9dition de la Route des Arts de Vaudreuil-Soulanges (RAVS).<\/strong><\/p>\n\n\n\n<p><a href=\"https:\/\/www.neomedia.com\/vaudreuil-soulanges\/actualites\/culturel\/471180\/les-24-et-25-septembre-prenez-la-route-des-arts\" data-type=\"URL\" data-id=\"https:\/\/www.neomedia.com\/vaudreuil-soulanges\/actualites\/culturel\/471180\/les-24-et-25-septembre-prenez-la-route-des-arts\" target=\"_blank\" rel=\"noreferrer noopener\">Pour lire le texte<\/a><\/p>\n\n\n\n<div style=\"height:55px\" aria-hidden=\"true\" class=\"wp-block-spacer\"><\/div>\n\n\n<div class=\"wp-block-image\">\n<figure class=\"alignleft size-full is-resized\"><img loading=\"lazy\" decoding=\"async\" width=\"508\" height=\"142\" src=\"https:\/\/routedesartsvaudreuilsoulanges.com\/wp-content\/uploads\/2022\/09\/logo_infosuroit.jpg\" alt=\"\" class=\"wp-image-893\" style=\"width:198px;height:55px\" srcset=\"https:\/\/routedesartsvaudreuilsoulanges.com\/wp-content\/uploads\/2022\/09\/logo_infosuroit.jpg 508w, https:\/\/routedesartsvaudreuilsoulanges.com\/wp-content\/uploads\/2022\/09\/logo_infosuroit-300x84.jpg 300w\" sizes=\"auto, (max-width: 508px) 100vw, 508px\" \/><\/figure>\n<\/div>\n\n\n<p>25 ao\u00fbt 2022 &#8211; 9h00<\/p>\n\n\n\n<p>C\u2019est dans un environnement enchanteur au Village des \u00c9cluses de Pointe-des-Cascades qu\u2019avait lieu le lancement officiel de la <a rel=\"noreferrer noopener\" href=\"https:\/\/routedesartsvaudreuilsoulanges.com\/\" target=\"_blank\">Route des Arts de Vaudreuil-Soulanges<\/a> (RAVS). Les artistes et organisateurs ont re\u00e7u les \u00e9lus municipaux et provinciaux, ses partenaires et commanditaires ainsi que les m\u00e9dias pour d\u00e9voiler ce que sera la premi\u00e8re \u00e9dition de cet \u00e9v\u00e9nement culturel.<\/p>\n\n\n\n<p><a href=\"https:\/\/www.infosuroit.com\/lancement-officiel-de-la-route-des-arts-de-vaudreuil-soulanges\/?utm_source=rss&amp;utm_medium=rss&amp;utm_campaign=lancement-officiel-de-la-route-des-arts-de-vaudreuil-soulanges\" data-type=\"URL\" data-id=\"https:\/\/www.infosuroit.com\/lancement-officiel-de-la-route-des-arts-de-vaudreuil-soulanges\/?utm_source=rss&amp;utm_medium=rss&amp;utm_campaign=lancement-officiel-de-la-route-des-arts-de-vaudreuil-soulanges\" target=\"_blank\" rel=\"noreferrer noopener\">Pour lire le texte<\/a><\/p>\n\n\n\n<div style=\"height:55px\" aria-hidden=\"true\" class=\"wp-block-spacer\"><\/div>\n\n\n\n<div class=\"wp-block-media-text alignwide is-stacked-on-mobile is-vertically-aligned-top\" style=\"grid-template-columns:24% auto\"><figure class=\"wp-block-media-text__media\"><img loading=\"lazy\" decoding=\"async\" width=\"374\" height=\"58\" src=\"https:\/\/routedesartsvaudreuilsoulanges.com\/wp-content\/uploads\/2022\/05\/Logo-neomedia-1.png\" alt=\"\" class=\"wp-image-715 size-full\" srcset=\"https:\/\/routedesartsvaudreuilsoulanges.com\/wp-content\/uploads\/2022\/05\/Logo-neomedia-1.png 374w, https:\/\/routedesartsvaudreuilsoulanges.com\/wp-content\/uploads\/2022\/05\/Logo-neomedia-1-300x47.png 300w\" sizes=\"auto, (max-width: 374px) 100vw, 374px\" \/><\/figure><div class=\"wp-block-media-text__content\">\n<p class=\"has-medium-font-size\">8 mai 2022 &#8211; 9h00<\/p>\n<\/div><\/div>\n\n\n\n<h1 class=\"wp-block-heading\">La Route des Arts de Vaudreuil-Soulanges se d\u00e9voile<\/h1>\n\n\n\n<h5 class=\"wp-block-heading\">Par Jean-Michel Lhomme, Journaliste<\/h5>\n\n\n\n<p>Cette ann\u00e9e, la Route des Arts de Vaudreuil-Soulanges \u00e9dition 2022 mettra en avant 26 artistes et artisans r\u00e9partisis sur 7 municipalit\u00e9s.<\/p>\n\n\n\n<p><a rel=\"noreferrer noopener\" href=\"https:\/\/www.neomedia.com\/vaudreuil-soulanges\/actualites\/culturel\/461305\/la-route-des-arts-de-vaudreuil-soulanges-se-devoile\" target=\"_blank\">Pour lire le texte<\/a><\/p>\n\n\n\n<div style=\"height:50px\" aria-hidden=\"true\" class=\"wp-block-spacer\"><\/div>\n\n\n\n<div class=\"wp-block-media-text alignwide is-stacked-on-mobile is-vertically-aligned-top\" style=\"grid-template-columns:22% auto\"><figure class=\"wp-block-media-text__media\"><img loading=\"lazy\" decoding=\"async\" width=\"374\" height=\"58\" src=\"https:\/\/routedesartsvaudreuilsoulanges.com\/wp-content\/uploads\/2022\/05\/Logo-neomedia-1.png\" alt=\"\" class=\"wp-image-715 size-full\" srcset=\"https:\/\/routedesartsvaudreuilsoulanges.com\/wp-content\/uploads\/2022\/05\/Logo-neomedia-1.png 374w, https:\/\/routedesartsvaudreuilsoulanges.com\/wp-content\/uploads\/2022\/05\/Logo-neomedia-1-300x47.png 300w\" sizes=\"auto, (max-width: 374px) 100vw, 374px\" \/><\/figure><div class=\"wp-block-media-text__content\">\n<p class=\"has-medium-font-size\">6 f\u00e9vrier 2022 &#8211; 13h00<\/p>\n<\/div><\/div>\n\n\n\n<h2 class=\"wp-block-heading\" id=\"la-route-des-arts-prend-forme\">La Route des Arts prend forme<\/h2>\n\n\n\n<h1 class=\"wp-block-heading\" id=\"nouvel-evenement-culturel-pour-la-region-de-vaudreuil-soulanges\">Nouvel \u00e9v\u00e9nement culturel pour la r\u00e9gion de Vaudreuil-Soulanges<\/h1>\n\n\n\n<p>Par Marie-Claude Pilon, Journaliste<\/p>\n\n\n\n<p><a href=\"https:\/\/www.neomedia.com\/vaudreuil-soulanges\/actualites\/culturel\/451511\/nouvel-evenement-culturel-pour-la-region-de-vaudreuil-soulanges#Toutes\"><\/a><strong>Depuis plusieurs mois, une \u00e9quipe d\u2019artistes et de passionn\u00e9s d\u2019art travaillent \u00e0 mettre sur pied une route des Arts qui est ouverte \u00e0 tous les artistes de la r\u00e9gion de Vaudreuil-Soulanges de m\u00eame qu&rsquo;aux amateurs.&nbsp;<\/strong><\/p>\n\n\n\n<p><a href=\"https:\/\/www.neomedia.com\/vaudreuil-soulanges\/actualites\/culturel\/451511\/nouvel-evenement-culturel-pour-la-region-de-vaudreuil-soulanges\" target=\"_blank\" rel=\"noreferrer noopener\">Pour lire le texte<\/a><\/p>\n\n\n\n<div style=\"height:51px\" aria-hidden=\"true\" class=\"wp-block-spacer\"><\/div>\n\n\n\n<div class=\"wp-block-media-text alignwide is-stacked-on-mobile is-vertically-aligned-top\" style=\"grid-template-columns:27% auto\"><figure class=\"wp-block-media-text__media\"><img loading=\"lazy\" decoding=\"async\" width=\"300\" height=\"47\" src=\"https:\/\/routedesartsvaudreuilsoulanges.com\/wp-content\/uploads\/2022\/05\/logo-la-voix-regionale-vs.png\" alt=\"\" class=\"wp-image-719 size-full\"\/><\/figure><div class=\"wp-block-media-text__content\">\n<p class=\"has-medium-font-size\">4 f\u00e9vrier 2022<\/p>\n<\/div><\/div>\n\n\n\n<h1 class=\"wp-block-heading\" id=\"une-route-des-arts-ouverte-aux-artistes-de-vaudreuil-soulanges\">Une Route des Arts ouverte aux artistes de Vaudreuil-Soulanges<\/h1>\n\n\n\n<p>Par Denis Bourbonnais<\/p>\n\n\n\n<p>Une \u00e9quipe de passionn\u00e9s d\u2019art travaille \u00e0 mettre sur pied une Route des Arts qui sera ouverte \u00e0 tous les artistes de la r\u00e9gion de Vaudreuil-Soulanges.<\/p>\n\n\n\n<p><a href=\"https:\/\/www.viva-media.ca\/la-voix-regionale-vaudreuil-soulanges\/culture-vs\/une-route-des-arts-ouverte-aux-artistes-de-vaudreuil-soulanges\/\" target=\"_blank\" rel=\"noreferrer noopener\">Pour lire le texte<\/a><\/p>\n\n\n\n<div style=\"height:50px\" aria-hidden=\"true\" class=\"wp-block-spacer\"><\/div>\n\n\n\n<h3 class=\"wp-block-heading has-text-align-center\" id=\"presse-anglophone\">&#8211; PRESSE ANGLOPHONE &#8211;<\/h3>\n\n\n\n<div class=\"wp-block-media-text alignwide is-stacked-on-mobile is-vertically-aligned-top\" style=\"grid-template-columns:29% auto\"><figure class=\"wp-block-media-text__media\"><img loading=\"lazy\" decoding=\"async\" width=\"299\" height=\"60\" src=\"https:\/\/routedesartsvaudreuilsoulanges.com\/wp-content\/uploads\/2022\/05\/Review-1.jpg\" alt=\"\" class=\"wp-image-723 size-full\"\/><\/figure><div class=\"wp-block-media-text__content\">\n<p class=\"has-medium-font-size\">Feb 10, 2022<\/p>\n<\/div><\/div>\n\n\n\n<h1 class=\"wp-block-heading\" id=\"route-des-arts-de-vaudreuil-soulanges-seeking-artists-for-september-24-25-studio-tour\">Route des Arts de Vaudreuil-Soulanges seeking artists for September 24-25 studio tour.<\/h1>\n\n\n\n<p>Posted by <a href=\"https:\/\/thereview.ca\/author\/pressrelease\/\">Press Release<\/a><\/p>\n\n\n\n<p><a href=\"https:\/\/thereview.ca\/2022\/02\/10\/route-des-arts-de-vaudreuil-soulanges-seeking-artists-for-september-24-25-studio-tour\/\" target=\"_blank\" rel=\"noreferrer noopener\">Read more<\/a><\/p>\n\n\n<div class=\"wp-block-spacer\" style=\"height: 64px;\" aria-hidden=\"true\">&nbsp;<\/div>","protected":false},"excerpt":{"rendered":"<p>Vous d\u00e9sirez lire ou relire la couverture m\u00e9diatique qui traitait de la Route des arts de Vaudreuil-Soulanges? Vous trouverez tout ici! https:\/\/csur.tv\/en-bref\/en-bref-en-chemin-pour-la-2e-edition-de-la-route-des-arts\/?fbclid=IwAR2eMPQ3o2eLPnluHgJ2Su0x7v-Ez1C1GkbVGd156QLZSjTGMkGUrvr7WVk 12 septembre2022 Les 24 et 25 septembre prochains, 26 artistes et artisans de Vaudreuil-Soulanges ouvriront les portes de leur atelier dans le cadre de la premi\u00e8re \u00e9dition de la Route des Arts de [&hellip;]<\/p>\n","protected":false},"author":1,"featured_media":0,"parent":112,"menu_order":3,"comment_status":"closed","ping_status":"closed","template":"","meta":{"footnotes":""},"class_list":["post-253","page","type-page","status-publish","hentry"],"_links":{"self":[{"href":"https:\/\/routedesartsvaudreuilsoulanges.com\/fr\/wp-json\/wp\/v2\/pages\/253","targetHints":{"allow":["GET"]}}],"collection":[{"href":"https:\/\/routedesartsvaudreuilsoulanges.com\/fr\/wp-json\/wp\/v2\/pages"}],"about":[{"href":"https:\/\/routedesartsvaudreuilsoulanges.com\/fr\/wp-json\/wp\/v2\/types\/page"}],"author":[{"embeddable":true,"href":"https:\/\/routedesartsvaudreuilsoulanges.com\/fr\/wp-json\/wp\/v2\/users\/1"}],"replies":[{"embeddable":true,"href":"https:\/\/routedesartsvaudreuilsoulanges.com\/fr\/wp-json\/wp\/v2\/comments?post=253"}],"version-history":[{"count":25,"href":"https:\/\/routedesartsvaudreuilsoulanges.com\/fr\/wp-json\/wp\/v2\/pages\/253\/revisions"}],"predecessor-version":[{"id":2395,"href":"https:\/\/routedesartsvaudreuilsoulanges.com\/fr\/wp-json\/wp\/v2\/pages\/253\/revisions\/2395"}],"up":[{"embeddable":true,"href":"https:\/\/routedesartsvaudreuilsoulanges.com\/fr\/wp-json\/wp\/v2\/pages\/112"}],"wp:attachment":[{"href":"https:\/\/routedesartsvaudreuilsoulanges.com\/fr\/wp-json\/wp\/v2\/media?parent=253"}],"curies":[{"name":"wp","href":"https:\/\/api.w.org\/{rel}","templated":true}]}}