{"id":261,"date":"2022-02-11T01:43:59","date_gmt":"2022-02-11T00:43:59","guid":{"rendered":"https:\/\/routedesartsvs.wordpress.com\/home\/"},"modified":"2025-09-01T12:51:24","modified_gmt":"2025-09-01T17:51:24","slug":"home","status":"publish","type":"page","link":"https:\/\/routedesartsvaudreuilsoulanges.com\/fr\/naissance-de-lo-b-n-l\/home\/","title":{"rendered":"Un territoire aux multiples talents!"},"content":{"rendered":"\n<p>Vaudreuil-Soulanges est constitu\u00e9e de 23 municipalit\u00e9s et villes truff\u00e9es de centaines d&rsquo;artistes aux talents divers : arts visuels, art de la sc\u00e8ne, m\u00e9tiers d&rsquo;art, arts m\u00e9diatiques ou lettres et litt\u00e9rature. Les artistes sont partout!<\/p>\n\n\n\n<p>La Route des arts offrira donc de belles d\u00e9couvertes !<\/p>\n\n\n\n<h2 class=\"wp-block-heading\" id=\"portrait-de-la-region\">Portrait de la r\u00e9gion*<\/h2>\n\n\n\n<p>D\u2019une superficie de 855 km<sup>2<\/sup>, le territoire de la MRC de Vaudreuil-Soulanges est situ\u00e9 \u00e0 l\u2019ouest de l\u2019\u00eele de Montr\u00e9al, dans la r\u00e9gion administrative de la Mont\u00e9r\u00e9gie, au confluent de la rivi\u00e8re des Outaouais et du fleuve Saint-Laurent et \u00e0 proximit\u00e9 des fronti\u00e8res ontarienne et am\u00e9ricaine. Onze des 23 municipalit\u00e9s de la MRC sont situ\u00e9es sur le territoire de la Communaut\u00e9 m\u00e9tropolitaine de Montr\u00e9al. &#8230; Les vastes espaces verts et les plans d\u2019eau qui sillonnent le territoire de Vaudreuil-Soulanges constituent des \u00e9l\u00e9ments incontournables de sa saveur unique. La r\u00e9gion offre de nombreux attraits r\u00e9cr\u00e9otouristiques comme le canal de Soulanges, le mont Rigaud, les lacs Saint-Louis, des Deux-Montagnes et Saint-Fran\u00e7ois, le r\u00e9seau cyclable, les nombreux terrains de golf,&nbsp; les centres \u00e9questres, ainsi que&nbsp; les nombreux sites patrimoniaux et culturels. Parmi ses joyaux, la MRC propose des sites d\u2019exception, tels que le Parc historique de la Pointe-du-Moulin, le lieu historique national de Coteau-du-Lac, la Maison Trestler, la Maison F\u00e9lix-Leclerc, ou encore le Mus\u00e9e r\u00e9gional de Vaudreuil-Soulanges, qui t\u00e9moignent du riche pass\u00e9 de la r\u00e9gion.<\/p>\n\n\n\n<h2 class=\"wp-block-heading\" id=\"les-municipalites\">Les municipalit\u00e9s<\/h2>\n\n\n\n<p>La MRC de Vaudreuil-Soulanges regroupe 23 municipalit\u00e9s qui travaillent de concert afin de concr\u00e9tiser de nombreux projets.<\/p>\n\n\n\n<p><a rel=\"noreferrer noopener\" href=\"https:\/\/coteau-du-lac.com\/\" target=\"_blank\"><strong>Coteau-du-Lac<\/strong><\/a><\/p>\n\n\n\n<p>X\u00e9nia Halmov : 6, rue Legros, Coteau-du lac, Qu\u00e9bec J0P1B0, Artiste multidisciplinaire<\/p>\n\n\n\n<p><a href=\"https:\/\/hudson.quebec\/\" target=\"_blank\" rel=\"noreferrer noopener\"><strong>Hudson<\/strong><\/a><\/p>\n\n\n\n<p>Johanne Riendeau : 764 rue Main, Hudson, Qu\u00e9bec, J0P 1H0, Artiste du vitrail<\/p>\n\n\n\n<p>Rett Walz : 359 rue Wallace , Hudson, Qu\u00e9bec J0P 1H0, Artiste multidisciplinaire<\/p>\n\n\n\n<p><a rel=\"noreferrer noopener\" href=\"http:\/\/www.ilecadieux.ca\/\" target=\"_blank\"><strong>L\u2019\u00cele-Cadieux<\/strong><\/a><\/p>\n\n\n\n<p><a rel=\"noreferrer noopener\" href=\"http:\/\/www.ile-perrot.qc.ca\/\" target=\"_blank\"><strong>L\u2019\u00cele-Perrot<\/strong><\/a><\/p>\n\n\n\n<p><a rel=\"noreferrer noopener\" href=\"http:\/\/www.ville.lescedres.qc.ca\/\" target=\"_blank\"><strong>Les C\u00e8dres<\/strong><\/a><\/p>\n\n\n\n<p>Martin S\u00e9guin : 83 H\u00f4tel de ville, Les C\u00e8dres, Qu\u00e9bec, J7T 1V7, \u00c9b\u00e9niste\/Sculpteur<\/p>\n\n\n\n<p><a rel=\"noreferrer noopener\" href=\"https:\/\/les-coteaux.qc.ca\/fr\" target=\"_blank\"><strong>Les Coteaux<\/strong><\/a><\/p>\n\n\n\n<p>Audrey Seyer : 86 rue du Palais, Les Coteaux, Qu\u00e9bec, J7X 1A1, Joailli\u00e8re<\/p>\n\n\n\n<p>Martine Dugal : 157 rue Principale, Les Coteaux, Qu\u00e9bec J7X 1A1, Poti\u00e8re<\/p>\n\n\n\n<p>Charles Leblanc : 14 rue Lefebvre Les Coteaux, Qu\u00e9bec J7X 1K4, Artiste peintre<\/p>\n\n\n\n<p>Edifice Laurier-L\u00e9ger : 199 Rue Principale, Les Coteaux, Qu\u00e9bec J7X 1A1<\/p>\n\n\n\n<ul class=\"wp-block-list\">\n<li>Francine Bertrand, Artiste multidisciplinaire<\/li>\n\n\n\n<li>Richard Jayasuriya, Arts visuels, arts num\u00e9riques<\/li>\n\n\n\n<li>Jean-Guy Sarrazin, Sculpteur<\/li>\n\n\n\n<li>Myriam Sauv\u00e9, Artiste multidisciplinaire<\/li>\n\n\n\n<li>Normand St-Vincent, Artiste multidisciplinaire<\/li>\n\n\n\n<li>Yves Duchesneau, Artiste peintre<\/li>\n\n\n\n<li>St\u00e9phanie Ruel, Artiste peintre<\/li>\n<\/ul>\n\n\n\n<p><a rel=\"noreferrer noopener\" href=\"https:\/\/www.ndip.org\/\" target=\"_blank\"><strong>Notre-Dame-de-l\u2019\u00cele-Perrot<\/strong><\/a><\/p>\n\n\n\n<p><a rel=\"noreferrer noopener\" href=\"https:\/\/www.villepincourt.qc.ca\/fr\/accueil\" target=\"_blank\"><strong>Pincourt<\/strong><\/a><\/p>\n\n\n\n<p>Sarah Murphy : 254, 5e avenue Pincourt, Qu\u00e9bec J7W 5L5, Artiste peintre<\/p>\n\n\n\n<p><a rel=\"noreferrer noopener\" href=\"http:\/\/www.pointe-des-cascades.com\/\" target=\"_blank\"><strong>Pointe-des-Cascades<\/strong><\/a><\/p>\n\n\n\n<p><a href=\"https:\/\/pointefortune.ca\/\" target=\"_blank\" rel=\"noreferrer noopener\"><strong>Pointe-Fortune<\/strong><\/a><\/p>\n\n\n\n<p><a rel=\"noreferrer noopener\" href=\"https:\/\/www.ville.rigaud.qc.ca\/\" target=\"_blank\"><strong>Rigaud<\/strong><\/a><\/p>\n\n\n\n<p>Denise Desjardins : 29 chemin du Hudson Club, Rigaud, Qu\u00e9bec J0P 1P0, Artiste peintre<\/p>\n\n\n\n<p><a rel=\"noreferrer noopener\" href=\"https:\/\/riviere-beaudette.com\/\" target=\"_blank\"><strong>Rivi\u00e8re-Beaudette<\/strong><\/a><\/p>\n\n\n\n<p><a rel=\"noreferrer noopener\" href=\"https:\/\/st-clet.com\/\" target=\"_blank\"><strong>Saint-Clet<\/strong><\/a><\/p>\n\n\n\n<p><a rel=\"noreferrer noopener\" href=\"https:\/\/ville.saint-lazare.qc.ca\/\" target=\"_blank\"><strong>Saint-Lazare<\/strong><\/a><\/p>\n\n\n\n<p>Diane Cardill : 1803 Croissant du Harfang, Saint-Lazare, Qu\u00e9bec J7T 0B6, Sculptrice<\/p>\n\n\n\n<p>Nathalie Dubois : 1216 Croissant des Moucherolles, Saint-Lazare, Qu\u00e9bec J7T 2N7, Arts visuels<\/p>\n\n\n\n<p>Jacinthe Durand : 2560 place Birchill Saint-Lazare, Qu\u00e9bec J7T 2K7, Artiste multidiscplinaire<\/p>\n\n\n\n<p>Catherine Leroyer et G\u00e9rard Boucher : 1214 Rue des M\u00e9sanges, Saint-Lazare, Qu\u00e9bec J7T 2N7, Artiste peintre<\/p>\n\n\n\n<p>St\u00e9phanie Ruel : 1364, rue Champ\u00eatre, Saint-Lazare, Qc, J7T 3E5, Arts visuels<\/p>\n\n\n\n<p>Louise S\u00e9guin : 2589, rue du Bourgogne, Saint-Lazare, Qu\u00e9bec J7T 2C1, Joailli\u00e8re<\/p>\n\n\n\n<p><a rel=\"noreferrer noopener\" href=\"http:\/\/munstpolycarpe.qc.ca\/\" target=\"_blank\"><strong>Saint-Polycarpe<\/strong><\/a><\/p>\n\n\n\n<p><a href=\"http:\/\/saint-telesphore.com\/\"><strong>Saint-T\u00e9lesphore<\/strong><\/a><\/p>\n\n\n\n<p><a rel=\"noreferrer noopener\" href=\"http:\/\/www.st-zotique.com\/\" target=\"_blank\"><strong>Saint-Zotique<\/strong><\/a><\/p>\n\n\n\n<p><a rel=\"noreferrer noopener\" href=\"https:\/\/www.sainte-justine-de-newton.ca\/\" target=\"_blank\"><strong>Sainte-Justine-de-Newton<\/strong><\/a><\/p>\n\n\n\n<p><a rel=\"noreferrer noopener\" href=\"http:\/\/www.sainte-marthe.ca\/\" target=\"_blank\"><strong>Sainte-Marthe<\/strong><\/a><\/p>\n\n\n\n<p><a rel=\"noreferrer noopener\" href=\"https:\/\/www.terrasse-vaudreuil.ca\/\" target=\"_blank\"><strong>Terrasse-Vaudreuil<\/strong><\/a><\/p>\n\n\n\n<p><a rel=\"noreferrer noopener\" href=\"http:\/\/tressaintredempteur.ca\/\" target=\"_blank\"><strong>Tr\u00e8s-Saint-R\u00e9dempteur<\/strong><\/a><\/p>\n\n\n\n<p><a rel=\"noreferrer noopener\" href=\"https:\/\/www.ville.vaudreuil-dorion.qc.ca\/fr\" target=\"_blank\"><strong>Vaudreuil-Dorion<\/strong><\/a><\/p>\n\n\n\n<p>Luciano Daniele : 5157 Bourque, Vaudreuil-Dorion, Qu\u00e9bec, J7V 0K2, Sculpteur<\/p>\n\n\n\n<p>Martin Daoust : 586 rue des \u00e9rables Vaudreuil Dorion, Qu\u00e9bec J7V 0K1, Sculpteur<\/p>\n\n\n\n<p>Chantal Koot : 5196 rue S\u00e9guin, Vaudreuil-Dorion, Qu\u00e9bec J7V 0K2, Sculptrice<\/p>\n\n\n\n<p><a rel=\"noreferrer noopener\" href=\"http:\/\/www.vsll.ca\/\" target=\"_blank\"><strong>Vaudreuil-sur-le-Lac<\/strong><\/a><\/p>\n\n\n\n<pre class=\"wp-block-code\"><code>\nSITUEZ LES 25 ARTISTES \u00c0 L'AIDE DE CETTE <a href=\"https:\/\/www.google.com\/maps\/d\/u\/0\/edit?mid=1FhTv__BhBKtRTodjwjsN8TG-hnlUy2Q&amp;usp=sharing\" data-type=\"link\" data-id=\"https:\/\/www.google.com\/maps\/d\/u\/0\/edit?mid=1cw9FsWgId0bfgtoKBJrgvgzNxHKwf5MB&amp;usp=sharing\">CARTE<\/a><\/code><\/pre>\n\n\n\n<details class=\"wp-block-details is-layout-flow wp-block-details-is-layout-flow\"><summary><\/summary>\n<p><\/p>\n<\/details>\n\n\n\n<figure class=\"wp-block-image size-large\"><img loading=\"lazy\" decoding=\"async\" width=\"1024\" height=\"576\" src=\"https:\/\/routedesartsvaudreuilsoulanges.com\/wp-content\/uploads\/2025\/08\/Capture-decran-2025-08-12-095406-1024x576.png\" alt=\"\" class=\"wp-image-2507\" srcset=\"https:\/\/routedesartsvaudreuilsoulanges.com\/wp-content\/uploads\/2025\/08\/Capture-decran-2025-08-12-095406-1024x576.png 1024w, https:\/\/routedesartsvaudreuilsoulanges.com\/wp-content\/uploads\/2025\/08\/Capture-decran-2025-08-12-095406-300x169.png 300w, https:\/\/routedesartsvaudreuilsoulanges.com\/wp-content\/uploads\/2025\/08\/Capture-decran-2025-08-12-095406-768x432.png 768w, https:\/\/routedesartsvaudreuilsoulanges.com\/wp-content\/uploads\/2025\/08\/Capture-decran-2025-08-12-095406-1536x864.png 1536w, https:\/\/routedesartsvaudreuilsoulanges.com\/wp-content\/uploads\/2025\/08\/Capture-decran-2025-08-12-095406-18x10.png 18w, https:\/\/routedesartsvaudreuilsoulanges.com\/wp-content\/uploads\/2025\/08\/Capture-decran-2025-08-12-095406.png 1920w\" sizes=\"auto, (max-width: 1024px) 100vw, 1024px\" \/><\/figure>\n","protected":false},"excerpt":{"rendered":"<p>Vaudreuil-Soulanges est constitu\u00e9e de 23 municipalit\u00e9s et villes truff\u00e9es de centaines d&rsquo;artistes aux talents divers : arts visuels, art de la sc\u00e8ne, m\u00e9tiers d&rsquo;art, arts m\u00e9diatiques ou lettres et litt\u00e9rature. Les artistes sont partout! La Route des arts offrira donc de belles d\u00e9couvertes ! Portrait de la r\u00e9gion* D\u2019une superficie de 855 km2, le territoire [&hellip;]<\/p>\n","protected":false},"author":1,"featured_media":0,"parent":112,"menu_order":2,"comment_status":"closed","ping_status":"closed","template":"","meta":{"footnotes":""},"class_list":["post-261","page","type-page","status-publish","hentry"],"_links":{"self":[{"href":"https:\/\/routedesartsvaudreuilsoulanges.com\/fr\/wp-json\/wp\/v2\/pages\/261","targetHints":{"allow":["GET"]}}],"collection":[{"href":"https:\/\/routedesartsvaudreuilsoulanges.com\/fr\/wp-json\/wp\/v2\/pages"}],"about":[{"href":"https:\/\/routedesartsvaudreuilsoulanges.com\/fr\/wp-json\/wp\/v2\/types\/page"}],"author":[{"embeddable":true,"href":"https:\/\/routedesartsvaudreuilsoulanges.com\/fr\/wp-json\/wp\/v2\/users\/1"}],"replies":[{"embeddable":true,"href":"https:\/\/routedesartsvaudreuilsoulanges.com\/fr\/wp-json\/wp\/v2\/comments?post=261"}],"version-history":[{"count":37,"href":"https:\/\/routedesartsvaudreuilsoulanges.com\/fr\/wp-json\/wp\/v2\/pages\/261\/revisions"}],"predecessor-version":[{"id":2526,"href":"https:\/\/routedesartsvaudreuilsoulanges.com\/fr\/wp-json\/wp\/v2\/pages\/261\/revisions\/2526"}],"up":[{"embeddable":true,"href":"https:\/\/routedesartsvaudreuilsoulanges.com\/fr\/wp-json\/wp\/v2\/pages\/112"}],"wp:attachment":[{"href":"https:\/\/routedesartsvaudreuilsoulanges.com\/fr\/wp-json\/wp\/v2\/media?parent=261"}],"curies":[{"name":"wp","href":"https:\/\/api.w.org\/{rel}","templated":true}]}}