{"id":2765,"date":"2026-05-05T11:15:17","date_gmt":"2026-05-05T16:15:17","guid":{"rendered":"https:\/\/routedesartsvaudreuilsoulanges.com\/?page_id=2765"},"modified":"2026-05-05T11:15:17","modified_gmt":"2026-05-05T16:15:17","slug":"2026-denise-bergeron","status":"publish","type":"page","link":"https:\/\/routedesartsvaudreuilsoulanges.com\/fr\/2026-denise-bergeron\/","title":{"rendered":"2026 Denise Bergeron"},"content":{"rendered":"\n<div class=\"wp-block-media-text is-stacked-on-mobile\"><figure class=\"wp-block-media-text__media\"><img loading=\"lazy\" decoding=\"async\" width=\"986\" height=\"1024\" src=\"https:\/\/routedesartsvaudreuilsoulanges.com\/wp-content\/uploads\/2026\/05\/Bergeron-Denise-IMG_3376-1-1-986x1024.jpeg\" alt=\"\" class=\"wp-image-2766 size-full\" srcset=\"https:\/\/routedesartsvaudreuilsoulanges.com\/wp-content\/uploads\/2026\/05\/Bergeron-Denise-IMG_3376-1-1-986x1024.jpeg 986w, https:\/\/routedesartsvaudreuilsoulanges.com\/wp-content\/uploads\/2026\/05\/Bergeron-Denise-IMG_3376-1-1-289x300.jpeg 289w, https:\/\/routedesartsvaudreuilsoulanges.com\/wp-content\/uploads\/2026\/05\/Bergeron-Denise-IMG_3376-1-1-768x797.jpeg 768w, https:\/\/routedesartsvaudreuilsoulanges.com\/wp-content\/uploads\/2026\/05\/Bergeron-Denise-IMG_3376-1-1-12x12.jpeg 12w, https:\/\/routedesartsvaudreuilsoulanges.com\/wp-content\/uploads\/2026\/05\/Bergeron-Denise-IMG_3376-1-1.jpeg 1176w\" sizes=\"auto, (max-width: 986px) 100vw, 986px\" \/><\/figure><div class=\"wp-block-media-text__content\">\n<h2 class=\"wp-block-heading\">Denise Bergeron<\/h2>\n\n\n\n<h4 class=\"wp-block-heading\"><strong>Domaine artistique :&nbsp;<strong>Arts visuels<\/strong><\/strong><\/h4>\n\n\n\n<ul class=\"wp-block-social-links is-layout-flex wp-block-social-links-is-layout-flex\"><li class=\"wp-social-link wp-social-link-mail  wp-block-social-link\"><a href=\"mailto:&#099;bec&#064;&#118;ide&#111;tr&#111;&#110;&#046;&#099;&#097;\" class=\"wp-block-social-link-anchor\"><svg width=\"24\" height=\"24\" viewBox=\"0 0 24 24\" version=\"1.1\" xmlns=\"http:\/\/www.w3.org\/2000\/svg\" aria-hidden=\"true\" focusable=\"false\"><path d=\"M19,5H5c-1.1,0-2,.9-2,2v10c0,1.1.9,2,2,2h14c1.1,0,2-.9,2-2V7c0-1.1-.9-2-2-2zm.5,12c0,.3-.2.5-.5.5H5c-.3,0-.5-.2-.5-.5V9.8l7.5,5.6,7.5-5.6V17zm0-9.1L12,13.6,4.5,7.9V7c0-.3.2-.5.5-.5h14c.3,0,.5.2.5.5v.9z\"><\/path><\/svg><span class=\"wp-block-social-link-label screen-reader-text\">Mail<\/span><\/a><\/li>\n\n\n\n\n\n\n\n\n\n\n\n<\/ul>\n\n\n\n<p>Visitez l\u00e0 \u00e0 l&rsquo;\u00c9difice Laurier-L\u00e9ger :<\/p>\n\n\n\n<p>199 rue Principale et au 195 rue Principale, Les Coteaux<\/p>\n<\/div><\/div>\n\n\n\n<div style=\"height:66px\" aria-hidden=\"true\" class=\"wp-block-spacer\"><\/div>\n\n\n\n<h2 class=\"wp-block-heading\">Biographie \/ d\u00e9marche<\/h2>\n\n\n\n<p>Ma carri\u00e8re artistique est tr\u00e8s courte, j\u2019ai d\u00e9cid\u00e9 de me lancer \u00e0 un \u00e2ge un peu tardive (70 ans) et je suis tr\u00e8s contente de cette d\u00e9cision. Je me lance dans plusieurs essais, les couleurs me passionnent, j\u2019ai commenc\u00e9 avec l\u2019aquarelle que j\u2019affectionne particuli\u00e8rement et les encres acryliques, je suis un peu autodidacte en ouvrant grandement les yeux autour de moi, je demeure toujours avec un esprit ouvert pour d\u2019autres tentatives, je suis en pleine \u00e9mergence\u2026la vie est merveilleuse en couleurs.<\/p>\n\n\n\n<div style=\"height:66px\" aria-hidden=\"true\" class=\"wp-block-spacer\"><\/div>\n\n\n\n<h2 class=\"wp-block-heading\"><strong>Un avant go\u00fbt de ses oeuvres<\/strong><\/h2>\n\n\n\n<figure class=\"wp-block-gallery has-nested-images columns-default is-cropped wp-block-gallery-1 is-layout-flex wp-block-gallery-is-layout-flex\">\n<figure class=\"wp-block-image size-large\"><img loading=\"lazy\" decoding=\"async\" width=\"786\" height=\"1024\" data-id=\"2644\" src=\"https:\/\/routedesartsvaudreuilsoulanges.com\/wp-content\/uploads\/2026\/05\/Bergeron-Denise-IMG_3413--786x1024.jpeg\" alt=\"\" class=\"wp-image-2644\" srcset=\"https:\/\/routedesartsvaudreuilsoulanges.com\/wp-content\/uploads\/2026\/05\/Bergeron-Denise-IMG_3413--786x1024.jpeg 786w, https:\/\/routedesartsvaudreuilsoulanges.com\/wp-content\/uploads\/2026\/05\/Bergeron-Denise-IMG_3413--230x300.jpeg 230w, https:\/\/routedesartsvaudreuilsoulanges.com\/wp-content\/uploads\/2026\/05\/Bergeron-Denise-IMG_3413--768x1000.jpeg 768w, https:\/\/routedesartsvaudreuilsoulanges.com\/wp-content\/uploads\/2026\/05\/Bergeron-Denise-IMG_3413--9x12.jpeg 9w, https:\/\/routedesartsvaudreuilsoulanges.com\/wp-content\/uploads\/2026\/05\/Bergeron-Denise-IMG_3413-.jpeg 940w\" sizes=\"auto, (max-width: 786px) 100vw, 786px\" \/><\/figure>\n\n\n\n<figure class=\"wp-block-image size-large\"><img loading=\"lazy\" decoding=\"async\" width=\"774\" height=\"1024\" data-id=\"2645\" src=\"https:\/\/routedesartsvaudreuilsoulanges.com\/wp-content\/uploads\/2026\/05\/Bergeron-Denise-IMG_3414--774x1024.jpeg\" alt=\"\" class=\"wp-image-2645\" srcset=\"https:\/\/routedesartsvaudreuilsoulanges.com\/wp-content\/uploads\/2026\/05\/Bergeron-Denise-IMG_3414--774x1024.jpeg 774w, https:\/\/routedesartsvaudreuilsoulanges.com\/wp-content\/uploads\/2026\/05\/Bergeron-Denise-IMG_3414--227x300.jpeg 227w, https:\/\/routedesartsvaudreuilsoulanges.com\/wp-content\/uploads\/2026\/05\/Bergeron-Denise-IMG_3414--768x1016.jpeg 768w, https:\/\/routedesartsvaudreuilsoulanges.com\/wp-content\/uploads\/2026\/05\/Bergeron-Denise-IMG_3414--1161x1536.jpeg 1161w, https:\/\/routedesartsvaudreuilsoulanges.com\/wp-content\/uploads\/2026\/05\/Bergeron-Denise-IMG_3414--9x12.jpeg 9w, https:\/\/routedesartsvaudreuilsoulanges.com\/wp-content\/uploads\/2026\/05\/Bergeron-Denise-IMG_3414-.jpeg 1529w\" sizes=\"auto, (max-width: 774px) 100vw, 774px\" \/><\/figure>\n\n\n\n<figure class=\"wp-block-image size-large\"><img loading=\"lazy\" decoding=\"async\" width=\"1024\" height=\"530\" data-id=\"2646\" src=\"https:\/\/routedesartsvaudreuilsoulanges.com\/wp-content\/uploads\/2026\/05\/Bergeron-Denise-IMG_3452--1024x530.jpeg\" alt=\"\" class=\"wp-image-2646\" srcset=\"https:\/\/routedesartsvaudreuilsoulanges.com\/wp-content\/uploads\/2026\/05\/Bergeron-Denise-IMG_3452--1024x530.jpeg 1024w, https:\/\/routedesartsvaudreuilsoulanges.com\/wp-content\/uploads\/2026\/05\/Bergeron-Denise-IMG_3452--300x155.jpeg 300w, https:\/\/routedesartsvaudreuilsoulanges.com\/wp-content\/uploads\/2026\/05\/Bergeron-Denise-IMG_3452--768x398.jpeg 768w, https:\/\/routedesartsvaudreuilsoulanges.com\/wp-content\/uploads\/2026\/05\/Bergeron-Denise-IMG_3452--1536x795.jpeg 1536w, https:\/\/routedesartsvaudreuilsoulanges.com\/wp-content\/uploads\/2026\/05\/Bergeron-Denise-IMG_3452--2048x1061.jpeg 2048w, https:\/\/routedesartsvaudreuilsoulanges.com\/wp-content\/uploads\/2026\/05\/Bergeron-Denise-IMG_3452--18x9.jpeg 18w\" sizes=\"auto, (max-width: 1024px) 100vw, 1024px\" \/><\/figure>\n\n\n\n<figure class=\"wp-block-image size-large\"><img loading=\"lazy\" decoding=\"async\" width=\"1020\" height=\"1024\" data-id=\"2647\" src=\"https:\/\/routedesartsvaudreuilsoulanges.com\/wp-content\/uploads\/2026\/05\/Bergeron-Denise-IMG_6208--1020x1024.jpeg\" alt=\"\" class=\"wp-image-2647\" srcset=\"https:\/\/routedesartsvaudreuilsoulanges.com\/wp-content\/uploads\/2026\/05\/Bergeron-Denise-IMG_6208--1020x1024.jpeg 1020w, https:\/\/routedesartsvaudreuilsoulanges.com\/wp-content\/uploads\/2026\/05\/Bergeron-Denise-IMG_6208--300x300.jpeg 300w, https:\/\/routedesartsvaudreuilsoulanges.com\/wp-content\/uploads\/2026\/05\/Bergeron-Denise-IMG_6208--150x150.jpeg 150w, https:\/\/routedesartsvaudreuilsoulanges.com\/wp-content\/uploads\/2026\/05\/Bergeron-Denise-IMG_6208--768x771.jpeg 768w, https:\/\/routedesartsvaudreuilsoulanges.com\/wp-content\/uploads\/2026\/05\/Bergeron-Denise-IMG_6208--1529x1536.jpeg 1529w, https:\/\/routedesartsvaudreuilsoulanges.com\/wp-content\/uploads\/2026\/05\/Bergeron-Denise-IMG_6208--2039x2048.jpeg 2039w, https:\/\/routedesartsvaudreuilsoulanges.com\/wp-content\/uploads\/2026\/05\/Bergeron-Denise-IMG_6208--12x12.jpeg 12w\" sizes=\"auto, (max-width: 1020px) 100vw, 1020px\" \/><\/figure>\n\n\n\n<figure class=\"wp-block-image size-large\"><img loading=\"lazy\" decoding=\"async\" width=\"1024\" height=\"679\" data-id=\"2649\" src=\"https:\/\/routedesartsvaudreuilsoulanges.com\/wp-content\/uploads\/2026\/05\/Bergeron-Denise-IMG_3412--1024x679.jpeg\" alt=\"\" class=\"wp-image-2649\" srcset=\"https:\/\/routedesartsvaudreuilsoulanges.com\/wp-content\/uploads\/2026\/05\/Bergeron-Denise-IMG_3412--1024x679.jpeg 1024w, https:\/\/routedesartsvaudreuilsoulanges.com\/wp-content\/uploads\/2026\/05\/Bergeron-Denise-IMG_3412--300x199.jpeg 300w, https:\/\/routedesartsvaudreuilsoulanges.com\/wp-content\/uploads\/2026\/05\/Bergeron-Denise-IMG_3412--768x509.jpeg 768w, https:\/\/routedesartsvaudreuilsoulanges.com\/wp-content\/uploads\/2026\/05\/Bergeron-Denise-IMG_3412--1536x1018.jpeg 1536w, https:\/\/routedesartsvaudreuilsoulanges.com\/wp-content\/uploads\/2026\/05\/Bergeron-Denise-IMG_3412--18x12.jpeg 18w, https:\/\/routedesartsvaudreuilsoulanges.com\/wp-content\/uploads\/2026\/05\/Bergeron-Denise-IMG_3412-.jpeg 1705w\" sizes=\"auto, (max-width: 1024px) 100vw, 1024px\" \/><\/figure>\n<\/figure>\n","protected":false},"excerpt":{"rendered":"<p>Biographie \/ d\u00e9marche Ma carri\u00e8re artistique est tr\u00e8s courte, j\u2019ai d\u00e9cid\u00e9 de me lancer \u00e0 un \u00e2ge un peu tardive (70 ans) et je suis tr\u00e8s contente de cette d\u00e9cision. Je me lance dans plusieurs essais, les couleurs me passionnent, j\u2019ai commenc\u00e9 avec l\u2019aquarelle que j\u2019affectionne particuli\u00e8rement et les encres acryliques, je suis un peu [&hellip;]<\/p>\n","protected":false},"author":1,"featured_media":0,"parent":0,"menu_order":0,"comment_status":"closed","ping_status":"closed","template":"","meta":{"footnotes":""},"class_list":["post-2765","page","type-page","status-publish","hentry"],"_links":{"self":[{"href":"https:\/\/routedesartsvaudreuilsoulanges.com\/fr\/wp-json\/wp\/v2\/pages\/2765","targetHints":{"allow":["GET"]}}],"collection":[{"href":"https:\/\/routedesartsvaudreuilsoulanges.com\/fr\/wp-json\/wp\/v2\/pages"}],"about":[{"href":"https:\/\/routedesartsvaudreuilsoulanges.com\/fr\/wp-json\/wp\/v2\/types\/page"}],"author":[{"embeddable":true,"href":"https:\/\/routedesartsvaudreuilsoulanges.com\/fr\/wp-json\/wp\/v2\/users\/1"}],"replies":[{"embeddable":true,"href":"https:\/\/routedesartsvaudreuilsoulanges.com\/fr\/wp-json\/wp\/v2\/comments?post=2765"}],"version-history":[{"count":7,"href":"https:\/\/routedesartsvaudreuilsoulanges.com\/fr\/wp-json\/wp\/v2\/pages\/2765\/revisions"}],"predecessor-version":[{"id":2832,"href":"https:\/\/routedesartsvaudreuilsoulanges.com\/fr\/wp-json\/wp\/v2\/pages\/2765\/revisions\/2832"}],"wp:attachment":[{"href":"https:\/\/routedesartsvaudreuilsoulanges.com\/fr\/wp-json\/wp\/v2\/media?parent=2765"}],"curies":[{"name":"wp","href":"https:\/\/api.w.org\/{rel}","templated":true}]}}