{"id":2789,"date":"2026-05-05T11:14:59","date_gmt":"2026-05-05T16:14:59","guid":{"rendered":"https:\/\/routedesartsvaudreuilsoulanges.com\/?page_id=2789"},"modified":"2026-05-05T11:14:59","modified_gmt":"2026-05-05T16:14:59","slug":"2026-danielle-labelle","status":"publish","type":"page","link":"https:\/\/routedesartsvaudreuilsoulanges.com\/fr\/2026-danielle-labelle\/","title":{"rendered":"2026 Danielle Labelle"},"content":{"rendered":"\n<div class=\"wp-block-media-text is-stacked-on-mobile\"><figure class=\"wp-block-media-text__media\"><img loading=\"lazy\" decoding=\"async\" width=\"768\" height=\"1024\" src=\"https:\/\/routedesartsvaudreuilsoulanges.com\/wp-content\/uploads\/2026\/05\/DanielleLabelle-DanielleLab-768x1024.jpg\" alt=\"\" class=\"wp-image-2700 size-full\" srcset=\"https:\/\/routedesartsvaudreuilsoulanges.com\/wp-content\/uploads\/2026\/05\/DanielleLabelle-DanielleLab-768x1024.jpg 768w, https:\/\/routedesartsvaudreuilsoulanges.com\/wp-content\/uploads\/2026\/05\/DanielleLabelle-DanielleLab-225x300.jpg 225w, https:\/\/routedesartsvaudreuilsoulanges.com\/wp-content\/uploads\/2026\/05\/DanielleLabelle-DanielleLab-9x12.jpg 9w, https:\/\/routedesartsvaudreuilsoulanges.com\/wp-content\/uploads\/2026\/05\/DanielleLabelle-DanielleLab-480x640.jpg 480w, https:\/\/routedesartsvaudreuilsoulanges.com\/wp-content\/uploads\/2026\/05\/DanielleLabelle-DanielleLab.jpg 1125w\" sizes=\"auto, (max-width: 768px) 100vw, 768px\" \/><\/figure><div class=\"wp-block-media-text__content\">\n<h2 class=\"wp-block-heading\">Danielle Labelle<\/h2>\n\n\n\n<h4 class=\"wp-block-heading\"><strong>Domaine artistique :&nbsp;<strong>Arts visuels<\/strong><\/strong><\/h4>\n\n\n\n<ul class=\"wp-block-social-links is-layout-flex wp-block-social-links-is-layout-flex\"><li class=\"wp-social-link wp-social-link-mail  wp-block-social-link\"><a href=\"mailto:d&#097;&#110;&#105;e&#108;lel&#097;&#098;&#046;&#097;rti&#115;t&#101;&#064;gma&#105;l.com\" class=\"wp-block-social-link-anchor\"><svg width=\"24\" height=\"24\" viewBox=\"0 0 24 24\" version=\"1.1\" xmlns=\"http:\/\/www.w3.org\/2000\/svg\" aria-hidden=\"true\" focusable=\"false\"><path d=\"M19,5H5c-1.1,0-2,.9-2,2v10c0,1.1.9,2,2,2h14c1.1,0,2-.9,2-2V7c0-1.1-.9-2-2-2zm.5,12c0,.3-.2.5-.5.5H5c-.3,0-.5-.2-.5-.5V9.8l7.5,5.6,7.5-5.6V17zm0-9.1L12,13.6,4.5,7.9V7c0-.3.2-.5.5-.5h14c.3,0,.5.2.5.5v.9z\"><\/path><\/svg><span class=\"wp-block-social-link-label screen-reader-text\">Mail<\/span><\/a><\/li>\n\n\n\n<li class=\"wp-social-link wp-social-link-facebook  wp-block-social-link\"><a href=\"https:\/\/www.facebook.com\/profile.php?id=61577970186482\" class=\"wp-block-social-link-anchor\"><svg width=\"24\" height=\"24\" viewBox=\"0 0 24 24\" version=\"1.1\" xmlns=\"http:\/\/www.w3.org\/2000\/svg\" aria-hidden=\"true\" focusable=\"false\"><path d=\"M12 2C6.5 2 2 6.5 2 12c0 5 3.7 9.1 8.4 9.9v-7H7.9V12h2.5V9.8c0-2.5 1.5-3.9 3.8-3.9 1.1 0 2.2.2 2.2.2v2.5h-1.3c-1.2 0-1.6.8-1.6 1.6V12h2.8l-.4 2.9h-2.3v7C18.3 21.1 22 17 22 12c0-5.5-4.5-10-10-10z\"><\/path><\/svg><span class=\"wp-block-social-link-label screen-reader-text\">Facebook<\/span><\/a><\/li>\n\n<li class=\"wp-social-link wp-social-link-instagram  wp-block-social-link\"><a href=\"https:\/\/www.instagram.com\/d.labelle_artistepeintre\/\" class=\"wp-block-social-link-anchor\"><svg width=\"24\" height=\"24\" viewBox=\"0 0 24 24\" version=\"1.1\" xmlns=\"http:\/\/www.w3.org\/2000\/svg\" aria-hidden=\"true\" focusable=\"false\"><path d=\"M12,4.622c2.403,0,2.688,0.009,3.637,0.052c0.877,0.04,1.354,0.187,1.671,0.31c0.42,0.163,0.72,0.358,1.035,0.673 c0.315,0.315,0.51,0.615,0.673,1.035c0.123,0.317,0.27,0.794,0.31,1.671c0.043,0.949,0.052,1.234,0.052,3.637 s-0.009,2.688-0.052,3.637c-0.04,0.877-0.187,1.354-0.31,1.671c-0.163,0.42-0.358,0.72-0.673,1.035 c-0.315,0.315-0.615,0.51-1.035,0.673c-0.317,0.123-0.794,0.27-1.671,0.31c-0.949,0.043-1.233,0.052-3.637,0.052 s-2.688-0.009-3.637-0.052c-0.877-0.04-1.354-0.187-1.671-0.31c-0.42-0.163-0.72-0.358-1.035-0.673 c-0.315-0.315-0.51-0.615-0.673-1.035c-0.123-0.317-0.27-0.794-0.31-1.671C4.631,14.688,4.622,14.403,4.622,12 s0.009-2.688,0.052-3.637c0.04-0.877,0.187-1.354,0.31-1.671c0.163-0.42,0.358-0.72,0.673-1.035 c0.315-0.315,0.615-0.51,1.035-0.673c0.317-0.123,0.794-0.27,1.671-0.31C9.312,4.631,9.597,4.622,12,4.622 M12,3 C9.556,3,9.249,3.01,8.289,3.054C7.331,3.098,6.677,3.25,6.105,3.472C5.513,3.702,5.011,4.01,4.511,4.511 c-0.5,0.5-0.808,1.002-1.038,1.594C3.25,6.677,3.098,7.331,3.054,8.289C3.01,9.249,3,9.556,3,12c0,2.444,0.01,2.751,0.054,3.711 c0.044,0.958,0.196,1.612,0.418,2.185c0.23,0.592,0.538,1.094,1.038,1.594c0.5,0.5,1.002,0.808,1.594,1.038 c0.572,0.222,1.227,0.375,2.185,0.418C9.249,20.99,9.556,21,12,21s2.751-0.01,3.711-0.054c0.958-0.044,1.612-0.196,2.185-0.418 c0.592-0.23,1.094-0.538,1.594-1.038c0.5-0.5,0.808-1.002,1.038-1.594c0.222-0.572,0.375-1.227,0.418-2.185 C20.99,14.751,21,14.444,21,12s-0.01-2.751-0.054-3.711c-0.044-0.958-0.196-1.612-0.418-2.185c-0.23-0.592-0.538-1.094-1.038-1.594 c-0.5-0.5-1.002-0.808-1.594-1.038c-0.572-0.222-1.227-0.375-2.185-0.418C14.751,3.01,14.444,3,12,3L12,3z M12,7.378 c-2.552,0-4.622,2.069-4.622,4.622S9.448,16.622,12,16.622s4.622-2.069,4.622-4.622S14.552,7.378,12,7.378z M12,15 c-1.657,0-3-1.343-3-3s1.343-3,3-3s3,1.343,3,3S13.657,15,12,15z M16.804,6.116c-0.596,0-1.08,0.484-1.08,1.08 s0.484,1.08,1.08,1.08c0.596,0,1.08-0.484,1.08-1.08S17.401,6.116,16.804,6.116z\"><\/path><\/svg><span class=\"wp-block-social-link-label screen-reader-text\">Instagram<\/span><\/a><\/li><\/ul>\n\n\n\n<p>Visitez l\u00e0 \u00e0 l&rsquo;atelier de Catherine Leroyer situ\u00e9 au :<\/p>\n\n\n\n<p>1214 des m\u00e9sanges Saint Lazare J7T 2N7<\/p>\n<\/div><\/div>\n\n\n\n<div style=\"height:66px\" aria-hidden=\"true\" class=\"wp-block-spacer\"><\/div>\n\n\n\n<h2 class=\"wp-block-heading\">Biographie \/ d\u00e9marche<\/h2>\n\n\n\n<p>Artiste peintre autodidacte originaire de la Mont\u00e9r\u00e9gie, je me consacre principalement \u00e0 la peinture abstraite. La cr\u00e9ation artistique occupe une place privil\u00e9gi\u00e9e dans ma vie : peindre est pour moi un refuge, un espace de libert\u00e9 o\u00f9 je peux exprimer mes \u00e9motions et nourrir ma cr\u00e9ativit\u00e9. \u00c0 travers mon travail, j\u2019utilise l\u2019art comme un moyen d\u2019expression personnelle et de ressourcement \u00e9motionnel, ce qui me permet de cr\u00e9er des \u0153uvres uniques et sinc\u00e8res.<\/p>\n\n\n\n<p>D\u00e9marche artistique et inspirations<\/p>\n\n\n\n<p>Guid\u00e9e par l\u2019intuition et l\u2019instinct, ma d\u00e9marche repose sur l\u2019exploration du moment pr\u00e9sent. Mes \u0153uvres prennent forme \u00e0 travers des couleurs vibrantes et des mouvements spontan\u00e9s, cherchant \u00e0 capter l\u2019essence de l\u2019instant.<\/p>\n\n\n\n<p>Avant de me consacrer pleinement \u00e0 la peinture acrylique en 2016, j\u2019ai explor\u00e9 diverses techniques artistiques. La photographie a notamment \u00e9t\u00e9 une source d\u2019inspiration importante, m\u2019aidant \u00e0 d\u00e9velopper mon sens de l\u2019observation et \u00e0 exp\u00e9rimenter diff\u00e9rentes approches visuelles. L\u2019influence de l\u2019artiste peintre autodidacte \u00c9lisabeth Roche Alazet a \u00e9galement jou\u00e9 un r\u00f4le d\u00e9terminant dans mon parcours, m\u2019encourageant \u00e0 approfondir cette forme d\u2019expression et \u00e0 affiner mon style personnel.<\/p>\n\n\n\n<p>Objectif et vision artistique<\/p>\n\n\n\n<p>\u00c0 travers mes \u0153uvres, je souhaite offrir une exp\u00e9rience \u00e0 la fois sensorielle et \u00e9motionnelle. Mon objectif est de susciter des r\u00e9actions, d\u2019\u00e9veiller la curiosit\u00e9 et d\u2019inviter \u00e0 la r\u00e9flexion sur la beaut\u00e9 de l\u2019impr\u00e9visible et de l\u2019inattendu. Chaque tableau devient ainsi une exploration de l\u2019inconnu et une c\u00e9l\u00e9bration de la libert\u00e9 artistique.<\/p>\n\n\n\n<p>Techniques et mat\u00e9riaux<\/p>\n\n\n\n<p>Mon travail repose sur l\u2019utilisation de diverses techniques qui enrichissent la profondeur et la texture de mes \u0153uvres. J\u2019emploie notamment la superposition de couches afin de cr\u00e9er des effets de profondeur et de contrastes. Les spatules et couteaux me permettent de travailler le relief et le mouvement, tandis que les techniques de coul\u00e9e favorisent des m\u00e9langes de couleurs uniques et spontan\u00e9s. \u00c0 l\u2019occasion, j\u2019int\u00e8gre des m\u00e9diums pour obtenir des textures \u00e9paisses, sableuses ou des surfaces plus lisses. Le brossage et les \u00e9claboussures viennent enfin accentuer la dynamique et l\u2019\u00e9nergie du geste.<\/p>\n\n\n\n<p>Conclusion<\/p>\n\n\n\n<p>\u00c0 travers mes cr\u00e9ations, je cherche \u00e0 capturer l\u2019essence des moments \u00e9ph\u00e9m\u00e8res et \u00e0 transmettre des \u00e9motions authentiques. Engag\u00e9e dans une exploration artistique constante, j\u2019aspire \u00e0 ce que mes \u0153uvres deviennent une source d\u2019inspiration, invitant chacun \u00e0 d\u00e9couvrir de nouvelles perspectives et \u00e0 se laisser porter par la magie de l\u2019art.<\/p>\n\n\n\n<div style=\"height:66px\" aria-hidden=\"true\" class=\"wp-block-spacer\"><\/div>\n\n\n\n<h2 class=\"wp-block-heading\"><strong>Un avant go\u00fbt de ses oeuvres<\/strong><\/h2>\n\n\n\n<figure class=\"wp-block-gallery has-nested-images columns-default is-cropped wp-block-gallery-1 is-layout-flex wp-block-gallery-is-layout-flex\">\n<figure class=\"wp-block-image size-large\"><img loading=\"lazy\" decoding=\"async\" width=\"808\" height=\"1024\" data-id=\"2701\" src=\"https:\/\/routedesartsvaudreuilsoulanges.com\/wp-content\/uploads\/2026\/05\/Labelle2026-1_Ambivalence-DanielleLab-808x1024.jpg\" alt=\"\" class=\"wp-image-2701\" srcset=\"https:\/\/routedesartsvaudreuilsoulanges.com\/wp-content\/uploads\/2026\/05\/Labelle2026-1_Ambivalence-DanielleLab-808x1024.jpg 808w, https:\/\/routedesartsvaudreuilsoulanges.com\/wp-content\/uploads\/2026\/05\/Labelle2026-1_Ambivalence-DanielleLab-237x300.jpg 237w, https:\/\/routedesartsvaudreuilsoulanges.com\/wp-content\/uploads\/2026\/05\/Labelle2026-1_Ambivalence-DanielleLab-768x974.jpg 768w, https:\/\/routedesartsvaudreuilsoulanges.com\/wp-content\/uploads\/2026\/05\/Labelle2026-1_Ambivalence-DanielleLab-9x12.jpg 9w, https:\/\/routedesartsvaudreuilsoulanges.com\/wp-content\/uploads\/2026\/05\/Labelle2026-1_Ambivalence-DanielleLab.jpg 1183w\" sizes=\"auto, (max-width: 808px) 100vw, 808px\" \/><\/figure>\n\n\n\n<figure class=\"wp-block-image size-large\"><img loading=\"lazy\" decoding=\"async\" width=\"1024\" height=\"1024\" data-id=\"2702\" src=\"https:\/\/routedesartsvaudreuilsoulanges.com\/wp-content\/uploads\/2026\/05\/Labelle2026-2_Tumulte-DanielleLab-1024x1024.jpg\" alt=\"\" class=\"wp-image-2702\" srcset=\"https:\/\/routedesartsvaudreuilsoulanges.com\/wp-content\/uploads\/2026\/05\/Labelle2026-2_Tumulte-DanielleLab-1024x1024.jpg 1024w, https:\/\/routedesartsvaudreuilsoulanges.com\/wp-content\/uploads\/2026\/05\/Labelle2026-2_Tumulte-DanielleLab-300x300.jpg 300w, https:\/\/routedesartsvaudreuilsoulanges.com\/wp-content\/uploads\/2026\/05\/Labelle2026-2_Tumulte-DanielleLab-150x150.jpg 150w, https:\/\/routedesartsvaudreuilsoulanges.com\/wp-content\/uploads\/2026\/05\/Labelle2026-2_Tumulte-DanielleLab-768x769.jpg 768w, https:\/\/routedesartsvaudreuilsoulanges.com\/wp-content\/uploads\/2026\/05\/Labelle2026-2_Tumulte-DanielleLab-12x12.jpg 12w, https:\/\/routedesartsvaudreuilsoulanges.com\/wp-content\/uploads\/2026\/05\/Labelle2026-2_Tumulte-DanielleLab.jpg 1499w\" sizes=\"auto, (max-width: 1024px) 100vw, 1024px\" \/><\/figure>\n\n\n\n<figure class=\"wp-block-image size-large\"><img loading=\"lazy\" decoding=\"async\" width=\"498\" height=\"1024\" data-id=\"2704\" src=\"https:\/\/routedesartsvaudreuilsoulanges.com\/wp-content\/uploads\/2026\/05\/Labelle2026-4_LueurFertile-DanielleLab-498x1024.jpg\" alt=\"\" class=\"wp-image-2704\" srcset=\"https:\/\/routedesartsvaudreuilsoulanges.com\/wp-content\/uploads\/2026\/05\/Labelle2026-4_LueurFertile-DanielleLab-498x1024.jpg 498w, https:\/\/routedesartsvaudreuilsoulanges.com\/wp-content\/uploads\/2026\/05\/Labelle2026-4_LueurFertile-DanielleLab-146x300.jpg 146w, https:\/\/routedesartsvaudreuilsoulanges.com\/wp-content\/uploads\/2026\/05\/Labelle2026-4_LueurFertile-DanielleLab-6x12.jpg 6w, https:\/\/routedesartsvaudreuilsoulanges.com\/wp-content\/uploads\/2026\/05\/Labelle2026-4_LueurFertile-DanielleLab.jpg 730w\" sizes=\"auto, (max-width: 498px) 100vw, 498px\" \/><\/figure>\n\n\n\n<figure class=\"wp-block-image size-large\"><img loading=\"lazy\" decoding=\"async\" width=\"1024\" height=\"1019\" data-id=\"2703\" src=\"https:\/\/routedesartsvaudreuilsoulanges.com\/wp-content\/uploads\/2026\/05\/Labelle2026-3_Exaltation-DanielleLab-1024x1019.jpg\" alt=\"\" class=\"wp-image-2703\" srcset=\"https:\/\/routedesartsvaudreuilsoulanges.com\/wp-content\/uploads\/2026\/05\/Labelle2026-3_Exaltation-DanielleLab-1024x1019.jpg 1024w, https:\/\/routedesartsvaudreuilsoulanges.com\/wp-content\/uploads\/2026\/05\/Labelle2026-3_Exaltation-DanielleLab-300x300.jpg 300w, https:\/\/routedesartsvaudreuilsoulanges.com\/wp-content\/uploads\/2026\/05\/Labelle2026-3_Exaltation-DanielleLab-150x150.jpg 150w, https:\/\/routedesartsvaudreuilsoulanges.com\/wp-content\/uploads\/2026\/05\/Labelle2026-3_Exaltation-DanielleLab-768x764.jpg 768w, https:\/\/routedesartsvaudreuilsoulanges.com\/wp-content\/uploads\/2026\/05\/Labelle2026-3_Exaltation-DanielleLab-12x12.jpg 12w, https:\/\/routedesartsvaudreuilsoulanges.com\/wp-content\/uploads\/2026\/05\/Labelle2026-3_Exaltation-DanielleLab.jpg 1500w\" sizes=\"auto, (max-width: 1024px) 100vw, 1024px\" \/><\/figure>\n\n\n\n<figure class=\"wp-block-image size-large\"><img loading=\"lazy\" decoding=\"async\" width=\"1024\" height=\"1024\" data-id=\"2705\" src=\"https:\/\/routedesartsvaudreuilsoulanges.com\/wp-content\/uploads\/2026\/05\/Labelle2026-5_LaFaille-DanielleLab-1024x1024.jpg\" alt=\"\" class=\"wp-image-2705\" srcset=\"https:\/\/routedesartsvaudreuilsoulanges.com\/wp-content\/uploads\/2026\/05\/Labelle2026-5_LaFaille-DanielleLab-1024x1024.jpg 1024w, https:\/\/routedesartsvaudreuilsoulanges.com\/wp-content\/uploads\/2026\/05\/Labelle2026-5_LaFaille-DanielleLab-300x300.jpg 300w, https:\/\/routedesartsvaudreuilsoulanges.com\/wp-content\/uploads\/2026\/05\/Labelle2026-5_LaFaille-DanielleLab-150x150.jpg 150w, https:\/\/routedesartsvaudreuilsoulanges.com\/wp-content\/uploads\/2026\/05\/Labelle2026-5_LaFaille-DanielleLab-768x769.jpg 768w, https:\/\/routedesartsvaudreuilsoulanges.com\/wp-content\/uploads\/2026\/05\/Labelle2026-5_LaFaille-DanielleLab-12x12.jpg 12w, https:\/\/routedesartsvaudreuilsoulanges.com\/wp-content\/uploads\/2026\/05\/Labelle2026-5_LaFaille-DanielleLab.jpg 1499w\" sizes=\"auto, (max-width: 1024px) 100vw, 1024px\" \/><\/figure>\n<\/figure>\n","protected":false},"excerpt":{"rendered":"<p>Biographie \/ d\u00e9marche Artiste peintre autodidacte originaire de la Mont\u00e9r\u00e9gie, je me consacre principalement \u00e0 la peinture abstraite. La cr\u00e9ation artistique occupe une place privil\u00e9gi\u00e9e dans ma vie : peindre est pour moi un refuge, un espace de libert\u00e9 o\u00f9 je peux exprimer mes \u00e9motions et nourrir ma cr\u00e9ativit\u00e9. \u00c0 travers mon travail, j\u2019utilise l\u2019art [&hellip;]<\/p>\n","protected":false},"author":1,"featured_media":0,"parent":0,"menu_order":0,"comment_status":"closed","ping_status":"closed","template":"","meta":{"footnotes":""},"class_list":["post-2789","page","type-page","status-publish","hentry"],"_links":{"self":[{"href":"https:\/\/routedesartsvaudreuilsoulanges.com\/fr\/wp-json\/wp\/v2\/pages\/2789","targetHints":{"allow":["GET"]}}],"collection":[{"href":"https:\/\/routedesartsvaudreuilsoulanges.com\/fr\/wp-json\/wp\/v2\/pages"}],"about":[{"href":"https:\/\/routedesartsvaudreuilsoulanges.com\/fr\/wp-json\/wp\/v2\/types\/page"}],"author":[{"embeddable":true,"href":"https:\/\/routedesartsvaudreuilsoulanges.com\/fr\/wp-json\/wp\/v2\/users\/1"}],"replies":[{"embeddable":true,"href":"https:\/\/routedesartsvaudreuilsoulanges.com\/fr\/wp-json\/wp\/v2\/comments?post=2789"}],"version-history":[{"count":2,"href":"https:\/\/routedesartsvaudreuilsoulanges.com\/fr\/wp-json\/wp\/v2\/pages\/2789\/revisions"}],"predecessor-version":[{"id":2831,"href":"https:\/\/routedesartsvaudreuilsoulanges.com\/fr\/wp-json\/wp\/v2\/pages\/2789\/revisions\/2831"}],"wp:attachment":[{"href":"https:\/\/routedesartsvaudreuilsoulanges.com\/fr\/wp-json\/wp\/v2\/media?parent=2789"}],"curies":[{"name":"wp","href":"https:\/\/api.w.org\/{rel}","templated":true}]}}