{"id":2793,"date":"2026-05-05T11:18:00","date_gmt":"2026-05-05T16:18:00","guid":{"rendered":"https:\/\/routedesartsvaudreuilsoulanges.com\/?page_id=2793"},"modified":"2026-05-05T11:18:00","modified_gmt":"2026-05-05T16:18:00","slug":"2026-marie-claude-leblanc","status":"publish","type":"page","link":"https:\/\/routedesartsvaudreuilsoulanges.com\/fr\/2026-marie-claude-leblanc\/","title":{"rendered":"2026 Marie-Claude Leblanc"},"content":{"rendered":"\n<div class=\"wp-block-media-text is-stacked-on-mobile\"><figure class=\"wp-block-media-text__media\"><img loading=\"lazy\" decoding=\"async\" width=\"1024\" height=\"1024\" src=\"https:\/\/routedesartsvaudreuilsoulanges.com\/wp-content\/uploads\/2026\/05\/LeblancMC2026-Marie-Claude-Leblanc-1024x1024.jpg\" alt=\"\" class=\"wp-image-2706 size-full\" srcset=\"https:\/\/routedesartsvaudreuilsoulanges.com\/wp-content\/uploads\/2026\/05\/LeblancMC2026-Marie-Claude-Leblanc-1024x1024.jpg 1024w, https:\/\/routedesartsvaudreuilsoulanges.com\/wp-content\/uploads\/2026\/05\/LeblancMC2026-Marie-Claude-Leblanc-300x300.jpg 300w, https:\/\/routedesartsvaudreuilsoulanges.com\/wp-content\/uploads\/2026\/05\/LeblancMC2026-Marie-Claude-Leblanc-150x150.jpg 150w, https:\/\/routedesartsvaudreuilsoulanges.com\/wp-content\/uploads\/2026\/05\/LeblancMC2026-Marie-Claude-Leblanc-768x768.jpg 768w, https:\/\/routedesartsvaudreuilsoulanges.com\/wp-content\/uploads\/2026\/05\/LeblancMC2026-Marie-Claude-Leblanc-1536x1536.jpg 1536w, https:\/\/routedesartsvaudreuilsoulanges.com\/wp-content\/uploads\/2026\/05\/LeblancMC2026-Marie-Claude-Leblanc-12x12.jpg 12w, https:\/\/routedesartsvaudreuilsoulanges.com\/wp-content\/uploads\/2026\/05\/LeblancMC2026-Marie-Claude-Leblanc.jpg 1826w\" sizes=\"auto, (max-width: 1024px) 100vw, 1024px\" \/><\/figure><div class=\"wp-block-media-text__content\">\n<h2 class=\"wp-block-heading\">Marie-Claude Leblanc<\/h2>\n\n\n\n<h4 class=\"wp-block-heading\"><strong>Domaine artistique :&nbsp;<strong>Arts visuels, Arts num\u00e9riques<\/strong><\/strong><\/h4>\n\n\n\n<ul class=\"wp-block-social-links is-layout-flex wp-block-social-links-is-layout-flex\"><li class=\"wp-social-link wp-social-link-mail  wp-block-social-link\"><a href=\"mailto:&#109;&#099;&#108;.&#097;r&#116;i&#115;t&#101;pe&#105;n&#116;&#114;&#101;&#064;&#103;mai&#108;.&#099;o&#109;\" class=\"wp-block-social-link-anchor\"><svg width=\"24\" height=\"24\" viewBox=\"0 0 24 24\" version=\"1.1\" xmlns=\"http:\/\/www.w3.org\/2000\/svg\" aria-hidden=\"true\" focusable=\"false\"><path d=\"M19,5H5c-1.1,0-2,.9-2,2v10c0,1.1.9,2,2,2h14c1.1,0,2-.9,2-2V7c0-1.1-.9-2-2-2zm.5,12c0,.3-.2.5-.5.5H5c-.3,0-.5-.2-.5-.5V9.8l7.5,5.6,7.5-5.6V17zm0-9.1L12,13.6,4.5,7.9V7c0-.3.2-.5.5-.5h14c.3,0,.5.2.5.5v.9z\"><\/path><\/svg><span class=\"wp-block-social-link-label screen-reader-text\">Mail<\/span><\/a><\/li>\n\n<li class=\"wp-social-link wp-social-link-facebook  wp-block-social-link\"><a href=\"https:\/\/www.facebook.com\/mcleblanc.artiste\" class=\"wp-block-social-link-anchor\"><svg width=\"24\" height=\"24\" viewBox=\"0 0 24 24\" version=\"1.1\" xmlns=\"http:\/\/www.w3.org\/2000\/svg\" aria-hidden=\"true\" focusable=\"false\"><path d=\"M12 2C6.5 2 2 6.5 2 12c0 5 3.7 9.1 8.4 9.9v-7H7.9V12h2.5V9.8c0-2.5 1.5-3.9 3.8-3.9 1.1 0 2.2.2 2.2.2v2.5h-1.3c-1.2 0-1.6.8-1.6 1.6V12h2.8l-.4 2.9h-2.3v7C18.3 21.1 22 17 22 12c0-5.5-4.5-10-10-10z\"><\/path><\/svg><span class=\"wp-block-social-link-label screen-reader-text\">Facebook<\/span><\/a><\/li><\/ul>\n\n\n\n<p>Visitez l\u00e0 \u00e0 l&rsquo;\u00c9difice Laurier-L\u00e9ger :<\/p>\n\n\n\n<p>199 Rue Principale, Les Coteaux, Qu\u00e9bec J7X 1A1<\/p>\n<\/div><\/div>\n\n\n\n<div style=\"height:66px\" aria-hidden=\"true\" class=\"wp-block-spacer\"><\/div>\n\n\n\n<h2 class=\"wp-block-heading\">Biographie \/ d\u00e9marche<\/h2>\n\n\n\n<p>Je pratique la peinture depuis l\u2019adolescence. Au fil du temps, j\u2019ai suivi plusieurs cours de peinture \u00e0 l\u2019huile et \u00e0 l\u2019acrylique sur toile et bois afin de d\u00e9velopper mes techniques. Apr\u00e8s une pause, j\u2019ai repris les pinceaux il y a environ quatre ans par simple plaisir de cr\u00e9er. Depuis deux ans, je m\u2019implique davantage dans ma d\u00e9marche artistique et participe \u00e0 diff\u00e9rentes expositions<\/p>\n\n\n\n<p>Artiste peintre autodidacte, je pratique l\u2019art figuratif en laissant la nature inspirer mes \u00e9motions et mon geste. \u00c0 travers une approche intuitive et color\u00e9e, mes \u0153uvres cherchent \u00e0 susciter l\u2019\u00e9merveillement et \u00e0 \u00e9veiller la sensibilit\u00e9 du spectateur. Travaillant principalement \u00e0 l\u2019acrylique, je privil\u00e9gie la spontan\u00e9it\u00e9 du geste et la transparence des couleurs, cr\u00e9ant des espaces o\u00f9 observation, ressenti et po\u00e9sie se rencontrent, offrant \u00e0 l\u2019observateur un moment de contemplation et d\u2019introspection<\/p>\n\n\n\n<div style=\"height:66px\" aria-hidden=\"true\" class=\"wp-block-spacer\"><\/div>\n\n\n\n<h2 class=\"wp-block-heading\"><strong>Un avant go\u00fbt de ses oeuvres<\/strong><\/h2>\n\n\n\n<figure class=\"wp-block-gallery has-nested-images columns-default is-cropped wp-block-gallery-1 is-layout-flex wp-block-gallery-is-layout-flex\">\n<figure class=\"wp-block-image size-full\"><img loading=\"lazy\" decoding=\"async\" width=\"513\" height=\"1023\" data-id=\"2710\" src=\"https:\/\/routedesartsvaudreuilsoulanges.com\/wp-content\/uploads\/2026\/05\/LeblancMC2026-4-Marie-Claude-Leblanc.jpg\" alt=\"\" class=\"wp-image-2710\" srcset=\"https:\/\/routedesartsvaudreuilsoulanges.com\/wp-content\/uploads\/2026\/05\/LeblancMC2026-4-Marie-Claude-Leblanc.jpg 513w, https:\/\/routedesartsvaudreuilsoulanges.com\/wp-content\/uploads\/2026\/05\/LeblancMC2026-4-Marie-Claude-Leblanc-150x300.jpg 150w, https:\/\/routedesartsvaudreuilsoulanges.com\/wp-content\/uploads\/2026\/05\/LeblancMC2026-4-Marie-Claude-Leblanc-6x12.jpg 6w\" sizes=\"auto, (max-width: 513px) 100vw, 513px\" \/><\/figure>\n\n\n\n<figure class=\"wp-block-image size-large\"><img loading=\"lazy\" decoding=\"async\" width=\"1024\" height=\"1024\" data-id=\"2708\" src=\"https:\/\/routedesartsvaudreuilsoulanges.com\/wp-content\/uploads\/2026\/05\/LeblancMC2026-2-Marie-Claude-Leblanc-1024x1024.jpg\" alt=\"\" class=\"wp-image-2708\" srcset=\"https:\/\/routedesartsvaudreuilsoulanges.com\/wp-content\/uploads\/2026\/05\/LeblancMC2026-2-Marie-Claude-Leblanc-1024x1024.jpg 1024w, https:\/\/routedesartsvaudreuilsoulanges.com\/wp-content\/uploads\/2026\/05\/LeblancMC2026-2-Marie-Claude-Leblanc-300x300.jpg 300w, https:\/\/routedesartsvaudreuilsoulanges.com\/wp-content\/uploads\/2026\/05\/LeblancMC2026-2-Marie-Claude-Leblanc-150x150.jpg 150w, https:\/\/routedesartsvaudreuilsoulanges.com\/wp-content\/uploads\/2026\/05\/LeblancMC2026-2-Marie-Claude-Leblanc-768x768.jpg 768w, https:\/\/routedesartsvaudreuilsoulanges.com\/wp-content\/uploads\/2026\/05\/LeblancMC2026-2-Marie-Claude-Leblanc-1536x1536.jpg 1536w, https:\/\/routedesartsvaudreuilsoulanges.com\/wp-content\/uploads\/2026\/05\/LeblancMC2026-2-Marie-Claude-Leblanc-12x12.jpg 12w, https:\/\/routedesartsvaudreuilsoulanges.com\/wp-content\/uploads\/2026\/05\/LeblancMC2026-2-Marie-Claude-Leblanc.jpg 2048w\" sizes=\"auto, (max-width: 1024px) 100vw, 1024px\" \/><\/figure>\n\n\n\n<figure class=\"wp-block-image size-large\"><img loading=\"lazy\" decoding=\"async\" width=\"841\" height=\"1024\" data-id=\"2709\" src=\"https:\/\/routedesartsvaudreuilsoulanges.com\/wp-content\/uploads\/2026\/05\/LeblancMC2026-3-Marie-Claude-Leblanc-841x1024.jpg\" alt=\"\" class=\"wp-image-2709\" srcset=\"https:\/\/routedesartsvaudreuilsoulanges.com\/wp-content\/uploads\/2026\/05\/LeblancMC2026-3-Marie-Claude-Leblanc-841x1024.jpg 841w, https:\/\/routedesartsvaudreuilsoulanges.com\/wp-content\/uploads\/2026\/05\/LeblancMC2026-3-Marie-Claude-Leblanc-247x300.jpg 247w, https:\/\/routedesartsvaudreuilsoulanges.com\/wp-content\/uploads\/2026\/05\/LeblancMC2026-3-Marie-Claude-Leblanc-768x935.jpg 768w, https:\/\/routedesartsvaudreuilsoulanges.com\/wp-content\/uploads\/2026\/05\/LeblancMC2026-3-Marie-Claude-Leblanc-1262x1536.jpg 1262w, https:\/\/routedesartsvaudreuilsoulanges.com\/wp-content\/uploads\/2026\/05\/LeblancMC2026-3-Marie-Claude-Leblanc-10x12.jpg 10w, https:\/\/routedesartsvaudreuilsoulanges.com\/wp-content\/uploads\/2026\/05\/LeblancMC2026-3-Marie-Claude-Leblanc.jpg 1323w\" sizes=\"auto, (max-width: 841px) 100vw, 841px\" \/><\/figure>\n\n\n\n<figure class=\"wp-block-image size-large\"><img loading=\"lazy\" decoding=\"async\" width=\"1024\" height=\"1024\" data-id=\"2707\" src=\"https:\/\/routedesartsvaudreuilsoulanges.com\/wp-content\/uploads\/2026\/05\/LeblancMC2026-1-Marie-Claude-Leblanc-1024x1024.jpg\" alt=\"\" class=\"wp-image-2707\" srcset=\"https:\/\/routedesartsvaudreuilsoulanges.com\/wp-content\/uploads\/2026\/05\/LeblancMC2026-1-Marie-Claude-Leblanc-1024x1024.jpg 1024w, https:\/\/routedesartsvaudreuilsoulanges.com\/wp-content\/uploads\/2026\/05\/LeblancMC2026-1-Marie-Claude-Leblanc-300x300.jpg 300w, https:\/\/routedesartsvaudreuilsoulanges.com\/wp-content\/uploads\/2026\/05\/LeblancMC2026-1-Marie-Claude-Leblanc-150x150.jpg 150w, https:\/\/routedesartsvaudreuilsoulanges.com\/wp-content\/uploads\/2026\/05\/LeblancMC2026-1-Marie-Claude-Leblanc-768x768.jpg 768w, https:\/\/routedesartsvaudreuilsoulanges.com\/wp-content\/uploads\/2026\/05\/LeblancMC2026-1-Marie-Claude-Leblanc-12x12.jpg 12w, https:\/\/routedesartsvaudreuilsoulanges.com\/wp-content\/uploads\/2026\/05\/LeblancMC2026-1-Marie-Claude-Leblanc.jpg 1500w\" sizes=\"auto, (max-width: 1024px) 100vw, 1024px\" \/><\/figure>\n\n\n\n<figure class=\"wp-block-image size-large\"><img loading=\"lazy\" decoding=\"async\" width=\"1024\" height=\"1024\" data-id=\"2711\" src=\"https:\/\/routedesartsvaudreuilsoulanges.com\/wp-content\/uploads\/2026\/05\/LeblancMC2026-5-Marie-Claude-Leblanc-1024x1024.jpg\" alt=\"\" class=\"wp-image-2711\" srcset=\"https:\/\/routedesartsvaudreuilsoulanges.com\/wp-content\/uploads\/2026\/05\/LeblancMC2026-5-Marie-Claude-Leblanc-1024x1024.jpg 1024w, https:\/\/routedesartsvaudreuilsoulanges.com\/wp-content\/uploads\/2026\/05\/LeblancMC2026-5-Marie-Claude-Leblanc-300x300.jpg 300w, https:\/\/routedesartsvaudreuilsoulanges.com\/wp-content\/uploads\/2026\/05\/LeblancMC2026-5-Marie-Claude-Leblanc-150x150.jpg 150w, https:\/\/routedesartsvaudreuilsoulanges.com\/wp-content\/uploads\/2026\/05\/LeblancMC2026-5-Marie-Claude-Leblanc-768x768.jpg 768w, https:\/\/routedesartsvaudreuilsoulanges.com\/wp-content\/uploads\/2026\/05\/LeblancMC2026-5-Marie-Claude-Leblanc-12x12.jpg 12w, https:\/\/routedesartsvaudreuilsoulanges.com\/wp-content\/uploads\/2026\/05\/LeblancMC2026-5-Marie-Claude-Leblanc.jpg 1500w\" sizes=\"auto, (max-width: 1024px) 100vw, 1024px\" \/><\/figure>\n<\/figure>\n","protected":false},"excerpt":{"rendered":"<p>Biographie \/ d\u00e9marche Je pratique la peinture depuis l\u2019adolescence. Au fil du temps, j\u2019ai suivi plusieurs cours de peinture \u00e0 l\u2019huile et \u00e0 l\u2019acrylique sur toile et bois afin de d\u00e9velopper mes techniques. Apr\u00e8s une pause, j\u2019ai repris les pinceaux il y a environ quatre ans par simple plaisir de cr\u00e9er. Depuis deux ans, je [&hellip;]<\/p>\n","protected":false},"author":1,"featured_media":0,"parent":0,"menu_order":0,"comment_status":"closed","ping_status":"closed","template":"","meta":{"footnotes":""},"class_list":["post-2793","page","type-page","status-publish","hentry"],"_links":{"self":[{"href":"https:\/\/routedesartsvaudreuilsoulanges.com\/fr\/wp-json\/wp\/v2\/pages\/2793","targetHints":{"allow":["GET"]}}],"collection":[{"href":"https:\/\/routedesartsvaudreuilsoulanges.com\/fr\/wp-json\/wp\/v2\/pages"}],"about":[{"href":"https:\/\/routedesartsvaudreuilsoulanges.com\/fr\/wp-json\/wp\/v2\/types\/page"}],"author":[{"embeddable":true,"href":"https:\/\/routedesartsvaudreuilsoulanges.com\/fr\/wp-json\/wp\/v2\/users\/1"}],"replies":[{"embeddable":true,"href":"https:\/\/routedesartsvaudreuilsoulanges.com\/fr\/wp-json\/wp\/v2\/comments?post=2793"}],"version-history":[{"count":2,"href":"https:\/\/routedesartsvaudreuilsoulanges.com\/fr\/wp-json\/wp\/v2\/pages\/2793\/revisions"}],"predecessor-version":[{"id":2838,"href":"https:\/\/routedesartsvaudreuilsoulanges.com\/fr\/wp-json\/wp\/v2\/pages\/2793\/revisions\/2838"}],"wp:attachment":[{"href":"https:\/\/routedesartsvaudreuilsoulanges.com\/fr\/wp-json\/wp\/v2\/media?parent=2793"}],"curies":[{"name":"wp","href":"https:\/\/api.w.org\/{rel}","templated":true}]}}