{"id":2795,"date":"2026-05-05T11:12:57","date_gmt":"2026-05-05T16:12:57","guid":{"rendered":"https:\/\/routedesartsvaudreuilsoulanges.com\/?page_id=2795"},"modified":"2026-05-05T11:12:57","modified_gmt":"2026-05-05T16:12:57","slug":"2026-catherine-leroyer","status":"publish","type":"page","link":"https:\/\/routedesartsvaudreuilsoulanges.com\/fr\/2026-catherine-leroyer\/","title":{"rendered":"2026 Catherine Leroyer"},"content":{"rendered":"\n<div class=\"wp-block-media-text is-stacked-on-mobile\"><figure class=\"wp-block-media-text__media\"><img loading=\"lazy\" decoding=\"async\" width=\"848\" height=\"848\" src=\"https:\/\/routedesartsvaudreuilsoulanges.com\/wp-content\/uploads\/2025\/01\/467483582_3938314036388314_7964010899024242006_n.jpg\" alt=\"\" class=\"wp-image-1991 size-full\" srcset=\"https:\/\/routedesartsvaudreuilsoulanges.com\/wp-content\/uploads\/2025\/01\/467483582_3938314036388314_7964010899024242006_n.jpg 848w, https:\/\/routedesartsvaudreuilsoulanges.com\/wp-content\/uploads\/2025\/01\/467483582_3938314036388314_7964010899024242006_n-300x300.jpg 300w, https:\/\/routedesartsvaudreuilsoulanges.com\/wp-content\/uploads\/2025\/01\/467483582_3938314036388314_7964010899024242006_n-150x150.jpg 150w, https:\/\/routedesartsvaudreuilsoulanges.com\/wp-content\/uploads\/2025\/01\/467483582_3938314036388314_7964010899024242006_n-768x768.jpg 768w\" sizes=\"auto, (max-width: 848px) 100vw, 848px\" \/><\/figure><div class=\"wp-block-media-text__content\">\n<h2 class=\"wp-block-heading\">Catherine Leroyer<\/h2>\n\n\n\n<h4 class=\"wp-block-heading\"><strong>Domaine artistique :&nbsp;<strong>Arts visuels<\/strong><\/strong><\/h4>\n\n\n\n<ul class=\"wp-block-social-links is-layout-flex wp-block-social-links-is-layout-flex\"><li class=\"wp-social-link wp-social-link-mail  wp-block-social-link\"><a href=\"mailto:a&#116;t&#105;&#116;&#117;d&#101;&#100;&#101;&#115;ign1&#064;ya&#104;oo&#046;ca\" class=\"wp-block-social-link-anchor\"><svg width=\"24\" height=\"24\" viewBox=\"0 0 24 24\" version=\"1.1\" xmlns=\"http:\/\/www.w3.org\/2000\/svg\" aria-hidden=\"true\" focusable=\"false\"><path d=\"M19,5H5c-1.1,0-2,.9-2,2v10c0,1.1.9,2,2,2h14c1.1,0,2-.9,2-2V7c0-1.1-.9-2-2-2zm.5,12c0,.3-.2.5-.5.5H5c-.3,0-.5-.2-.5-.5V9.8l7.5,5.6,7.5-5.6V17zm0-9.1L12,13.6,4.5,7.9V7c0-.3.2-.5.5-.5h14c.3,0,.5.2.5.5v.9z\"><\/path><\/svg><span class=\"wp-block-social-link-label screen-reader-text\">Mail<\/span><\/a><\/li>\n\n<li class=\"wp-social-link wp-social-link-facebook  wp-block-social-link\"><a href=\"https:\/\/www.facebook.com\/profile.php?id=100064561277387\" class=\"wp-block-social-link-anchor\"><svg width=\"24\" height=\"24\" viewBox=\"0 0 24 24\" version=\"1.1\" xmlns=\"http:\/\/www.w3.org\/2000\/svg\" aria-hidden=\"true\" focusable=\"false\"><path d=\"M12 2C6.5 2 2 6.5 2 12c0 5 3.7 9.1 8.4 9.9v-7H7.9V12h2.5V9.8c0-2.5 1.5-3.9 3.8-3.9 1.1 0 2.2.2 2.2.2v2.5h-1.3c-1.2 0-1.6.8-1.6 1.6V12h2.8l-.4 2.9h-2.3v7C18.3 21.1 22 17 22 12c0-5.5-4.5-10-10-10z\"><\/path><\/svg><span class=\"wp-block-social-link-label screen-reader-text\">Facebook<\/span><\/a><\/li><\/ul>\n\n\n\n<p>Visitez l\u00e0 \u00e0 son atelier situ\u00e9 au :<\/p>\n\n\n\n<p>1214 des m\u00e9sanges Saint Lazare J7T 2N7<\/p>\n<\/div><\/div>\n\n\n\n<div style=\"height:66px\" aria-hidden=\"true\" class=\"wp-block-spacer\"><\/div>\n\n\n\n<h2 class=\"wp-block-heading\">Biographie \/ d\u00e9marche<\/h2>\n\n\n\n<p>N\u00e9e en France, en ayant toujours un crayon dans les mains, le cours d\u2019art plastique a toujours \u00e9t\u00e9 mon moment privil\u00e9gi\u00e9.J\u2019ai continu\u00e9 cette formation pendant mon cours de design d\u2019int\u00e9rieur au c\u00e9gep de Dawson; peinture, sculpture, histoire de l\u2019art, th\u00e9orie de la couleur et de la composition. J\u2019ai mis un peu de c\u00f4t\u00e9 l\u2019art pour me consacrer \u00e0 ma famille et ma carri\u00e8re de designer d\u2019int\u00e9rieur, mais la pand\u00e9mie m\u2019a reconnect\u00e9e avec mon artiste int\u00e9rieur et depuis 7 ans, je cr\u00e9e de fa\u00e7on plus soutenue.Cela m\u2019a permis de faire des projets qui sortent de l\u2019ordinaire comme le piano public de saint lazare et des participer \u00e0 plusieurs concours comme contamination culturelle de 2025.Mon implication comme vice pr\u00e9sidente de la RAVS me donne l\u2019occasion de connaitre une multitude d\u2019artistes talentueux et de m\u2019\u00e9panouir en tant qu\u2019artiste accomplie.<\/p>\n\n\n\n<p><strong>D\u00e9marche<\/strong><\/p>\n\n\n\n<p>La nature a toujours \u00e9t\u00e9 une source d\u2019inspiration qui se retrouve dans la plupart de mes toiles; les \u00e9l\u00e9ments naturels me fascinent; un coucher de soleil, le reflet de la v\u00e9g\u00e9tation sur une \u00e9tendue d\u2019eau, les nuages\u2026J\u2019essaie aussi de capturer la lumi\u00e8re autant dans mes toiles color\u00e9es que celles en noir et blanc.<br>Je me sers de divers m\u00e9diums pour r\u00e9aliser mes tableaux; l\u2019acrylique est celui que j\u2019utilise le plus, mais l\u2019introduction de m\u00e9dium \u00e0 texturer, la feuille d\u2019or et m\u00eame les bijoux ajoutent une touche unique et inattendue.<br>Je veux transmettre L\u2019\u00e9merveillement de la beaut\u00e9 de la nature, la complexit\u00e9 de la texture d\u2019un objet, ou l&rsquo;\u00e9motion d\u2019un regard.<\/p>\n\n\n\n<div style=\"height:66px\" aria-hidden=\"true\" class=\"wp-block-spacer\"><\/div>\n\n\n\n<h2 class=\"wp-block-heading\"><strong>Un avant go\u00fbt de ses oeuvres<\/strong><\/h2>\n\n\n\n<figure class=\"wp-block-gallery has-nested-images columns-default is-cropped wp-block-gallery-1 is-layout-flex wp-block-gallery-is-layout-flex\">\n<figure class=\"wp-block-image size-large\"><img loading=\"lazy\" decoding=\"async\" width=\"745\" height=\"1024\" data-id=\"2715\" src=\"https:\/\/routedesartsvaudreuilsoulanges.com\/wp-content\/uploads\/2026\/05\/IMG_5546-catherine-leroyer-745x1024.jpg\" alt=\"\" class=\"wp-image-2715\" srcset=\"https:\/\/routedesartsvaudreuilsoulanges.com\/wp-content\/uploads\/2026\/05\/IMG_5546-catherine-leroyer-745x1024.jpg 745w, https:\/\/routedesartsvaudreuilsoulanges.com\/wp-content\/uploads\/2026\/05\/IMG_5546-catherine-leroyer-218x300.jpg 218w, https:\/\/routedesartsvaudreuilsoulanges.com\/wp-content\/uploads\/2026\/05\/IMG_5546-catherine-leroyer-768x1056.jpg 768w, https:\/\/routedesartsvaudreuilsoulanges.com\/wp-content\/uploads\/2026\/05\/IMG_5546-catherine-leroyer-1117x1536.jpg 1117w, https:\/\/routedesartsvaudreuilsoulanges.com\/wp-content\/uploads\/2026\/05\/IMG_5546-catherine-leroyer-1489x2048.jpg 1489w, https:\/\/routedesartsvaudreuilsoulanges.com\/wp-content\/uploads\/2026\/05\/IMG_5546-catherine-leroyer-9x12.jpg 9w, https:\/\/routedesartsvaudreuilsoulanges.com\/wp-content\/uploads\/2026\/05\/IMG_5546-catherine-leroyer-scaled.jpg 1862w\" sizes=\"auto, (max-width: 745px) 100vw, 745px\" \/><\/figure>\n\n\n\n<figure class=\"wp-block-image size-large\"><img loading=\"lazy\" decoding=\"async\" width=\"830\" height=\"1024\" data-id=\"2714\" src=\"https:\/\/routedesartsvaudreuilsoulanges.com\/wp-content\/uploads\/2026\/05\/IMG_5230-catherine-leroyer-830x1024.jpg\" alt=\"\" class=\"wp-image-2714\" srcset=\"https:\/\/routedesartsvaudreuilsoulanges.com\/wp-content\/uploads\/2026\/05\/IMG_5230-catherine-leroyer-830x1024.jpg 830w, https:\/\/routedesartsvaudreuilsoulanges.com\/wp-content\/uploads\/2026\/05\/IMG_5230-catherine-leroyer-243x300.jpg 243w, https:\/\/routedesartsvaudreuilsoulanges.com\/wp-content\/uploads\/2026\/05\/IMG_5230-catherine-leroyer-768x947.jpg 768w, https:\/\/routedesartsvaudreuilsoulanges.com\/wp-content\/uploads\/2026\/05\/IMG_5230-catherine-leroyer-1245x1536.jpg 1245w, https:\/\/routedesartsvaudreuilsoulanges.com\/wp-content\/uploads\/2026\/05\/IMG_5230-catherine-leroyer-1660x2048.jpg 1660w, https:\/\/routedesartsvaudreuilsoulanges.com\/wp-content\/uploads\/2026\/05\/IMG_5230-catherine-leroyer-10x12.jpg 10w\" sizes=\"auto, (max-width: 830px) 100vw, 830px\" \/><\/figure>\n\n\n\n<figure class=\"wp-block-image size-large\"><img loading=\"lazy\" decoding=\"async\" width=\"813\" height=\"1024\" data-id=\"2713\" src=\"https:\/\/routedesartsvaudreuilsoulanges.com\/wp-content\/uploads\/2026\/05\/IMG_4945-catherine-leroyer-813x1024.jpg\" alt=\"\" class=\"wp-image-2713\" srcset=\"https:\/\/routedesartsvaudreuilsoulanges.com\/wp-content\/uploads\/2026\/05\/IMG_4945-catherine-leroyer-813x1024.jpg 813w, https:\/\/routedesartsvaudreuilsoulanges.com\/wp-content\/uploads\/2026\/05\/IMG_4945-catherine-leroyer-238x300.jpg 238w, https:\/\/routedesartsvaudreuilsoulanges.com\/wp-content\/uploads\/2026\/05\/IMG_4945-catherine-leroyer-768x967.jpg 768w, https:\/\/routedesartsvaudreuilsoulanges.com\/wp-content\/uploads\/2026\/05\/IMG_4945-catherine-leroyer-1219x1536.jpg 1219w, https:\/\/routedesartsvaudreuilsoulanges.com\/wp-content\/uploads\/2026\/05\/IMG_4945-catherine-leroyer-1626x2048.jpg 1626w, https:\/\/routedesartsvaudreuilsoulanges.com\/wp-content\/uploads\/2026\/05\/IMG_4945-catherine-leroyer-10x12.jpg 10w, https:\/\/routedesartsvaudreuilsoulanges.com\/wp-content\/uploads\/2026\/05\/IMG_4945-catherine-leroyer-scaled.jpg 2032w\" sizes=\"auto, (max-width: 813px) 100vw, 813px\" \/><\/figure>\n\n\n\n<figure class=\"wp-block-image size-full\"><img loading=\"lazy\" decoding=\"async\" width=\"375\" height=\"553\" data-id=\"2716\" src=\"https:\/\/routedesartsvaudreuilsoulanges.com\/wp-content\/uploads\/2026\/05\/Leroyer-Catherine-Un-soir-dete-24x36-catherine-leroyer.jpeg\" alt=\"\" class=\"wp-image-2716\" srcset=\"https:\/\/routedesartsvaudreuilsoulanges.com\/wp-content\/uploads\/2026\/05\/Leroyer-Catherine-Un-soir-dete-24x36-catherine-leroyer.jpeg 375w, https:\/\/routedesartsvaudreuilsoulanges.com\/wp-content\/uploads\/2026\/05\/Leroyer-Catherine-Un-soir-dete-24x36-catherine-leroyer-203x300.jpeg 203w, https:\/\/routedesartsvaudreuilsoulanges.com\/wp-content\/uploads\/2026\/05\/Leroyer-Catherine-Un-soir-dete-24x36-catherine-leroyer-8x12.jpeg 8w\" sizes=\"auto, (max-width: 375px) 100vw, 375px\" \/><\/figure>\n\n\n\n<figure class=\"wp-block-image size-full\"><img loading=\"lazy\" decoding=\"async\" width=\"501\" height=\"494\" data-id=\"2717\" src=\"https:\/\/routedesartsvaudreuilsoulanges.com\/wp-content\/uploads\/2026\/05\/Leroyer-Catherine-Aurore-24x24-catherine-leroyer.jpeg\" alt=\"\" class=\"wp-image-2717\" srcset=\"https:\/\/routedesartsvaudreuilsoulanges.com\/wp-content\/uploads\/2026\/05\/Leroyer-Catherine-Aurore-24x24-catherine-leroyer.jpeg 501w, https:\/\/routedesartsvaudreuilsoulanges.com\/wp-content\/uploads\/2026\/05\/Leroyer-Catherine-Aurore-24x24-catherine-leroyer-300x296.jpeg 300w, https:\/\/routedesartsvaudreuilsoulanges.com\/wp-content\/uploads\/2026\/05\/Leroyer-Catherine-Aurore-24x24-catherine-leroyer-12x12.jpeg 12w\" sizes=\"auto, (max-width: 501px) 100vw, 501px\" \/><\/figure>\n<\/figure>\n","protected":false},"excerpt":{"rendered":"<p>Biographie \/ d\u00e9marche N\u00e9e en France, en ayant toujours un crayon dans les mains, le cours d\u2019art plastique a toujours \u00e9t\u00e9 mon moment privil\u00e9gi\u00e9.J\u2019ai continu\u00e9 cette formation pendant mon cours de design d\u2019int\u00e9rieur au c\u00e9gep de Dawson; peinture, sculpture, histoire de l\u2019art, th\u00e9orie de la couleur et de la composition. J\u2019ai mis un peu de [&hellip;]<\/p>\n","protected":false},"author":1,"featured_media":0,"parent":0,"menu_order":0,"comment_status":"closed","ping_status":"closed","template":"","meta":{"footnotes":""},"class_list":["post-2795","page","type-page","status-publish","hentry"],"_links":{"self":[{"href":"https:\/\/routedesartsvaudreuilsoulanges.com\/fr\/wp-json\/wp\/v2\/pages\/2795","targetHints":{"allow":["GET"]}}],"collection":[{"href":"https:\/\/routedesartsvaudreuilsoulanges.com\/fr\/wp-json\/wp\/v2\/pages"}],"about":[{"href":"https:\/\/routedesartsvaudreuilsoulanges.com\/fr\/wp-json\/wp\/v2\/types\/page"}],"author":[{"embeddable":true,"href":"https:\/\/routedesartsvaudreuilsoulanges.com\/fr\/wp-json\/wp\/v2\/users\/1"}],"replies":[{"embeddable":true,"href":"https:\/\/routedesartsvaudreuilsoulanges.com\/fr\/wp-json\/wp\/v2\/comments?post=2795"}],"version-history":[{"count":2,"href":"https:\/\/routedesartsvaudreuilsoulanges.com\/fr\/wp-json\/wp\/v2\/pages\/2795\/revisions"}],"predecessor-version":[{"id":2828,"href":"https:\/\/routedesartsvaudreuilsoulanges.com\/fr\/wp-json\/wp\/v2\/pages\/2795\/revisions\/2828"}],"wp:attachment":[{"href":"https:\/\/routedesartsvaudreuilsoulanges.com\/fr\/wp-json\/wp\/v2\/media?parent=2795"}],"curies":[{"name":"wp","href":"https:\/\/api.w.org\/{rel}","templated":true}]}}