{"id":2800,"date":"2026-05-05T11:15:59","date_gmt":"2026-05-05T16:15:59","guid":{"rendered":"https:\/\/routedesartsvaudreuilsoulanges.com\/?page_id=2800"},"modified":"2026-05-05T11:16:00","modified_gmt":"2026-05-05T16:16:00","slug":"2026-emilie-parent","status":"publish","type":"page","link":"https:\/\/routedesartsvaudreuilsoulanges.com\/fr\/2026-emilie-parent\/","title":{"rendered":"2026 Emilie Parent"},"content":{"rendered":"\n<div class=\"wp-block-media-text is-stacked-on-mobile\"><figure class=\"wp-block-media-text__media\"><img loading=\"lazy\" decoding=\"async\" width=\"627\" height=\"1024\" src=\"https:\/\/routedesartsvaudreuilsoulanges.com\/wp-content\/uploads\/2026\/05\/Parent2026-Portrait-emilie-parent-627x1024.jpg\" alt=\"\" class=\"wp-image-2729 size-full\" srcset=\"https:\/\/routedesartsvaudreuilsoulanges.com\/wp-content\/uploads\/2026\/05\/Parent2026-Portrait-emilie-parent-627x1024.jpg 627w, https:\/\/routedesartsvaudreuilsoulanges.com\/wp-content\/uploads\/2026\/05\/Parent2026-Portrait-emilie-parent-184x300.jpg 184w, https:\/\/routedesartsvaudreuilsoulanges.com\/wp-content\/uploads\/2026\/05\/Parent2026-Portrait-emilie-parent-768x1254.jpg 768w, https:\/\/routedesartsvaudreuilsoulanges.com\/wp-content\/uploads\/2026\/05\/Parent2026-Portrait-emilie-parent-7x12.jpg 7w, https:\/\/routedesartsvaudreuilsoulanges.com\/wp-content\/uploads\/2026\/05\/Parent2026-Portrait-emilie-parent.jpg 919w\" sizes=\"auto, (max-width: 627px) 100vw, 627px\" \/><\/figure><div class=\"wp-block-media-text__content\">\n<h2 class=\"wp-block-heading\">Emilie Parent<\/h2>\n\n\n\n<h4 class=\"wp-block-heading\"><strong>Domaine artistique :&nbsp;<strong>Arts visuels<\/strong><\/strong><\/h4>\n\n\n\n<ul class=\"wp-block-social-links is-layout-flex wp-block-social-links-is-layout-flex\"><li class=\"wp-social-link wp-social-link-mail  wp-block-social-link\"><a href=\"mailto:&#101;&#109;&#121;.pa&#114;e&#110;t&#064;&#103;&#109;ail&#046;&#099;&#111;m\" class=\"wp-block-social-link-anchor\"><svg width=\"24\" height=\"24\" viewBox=\"0 0 24 24\" version=\"1.1\" xmlns=\"http:\/\/www.w3.org\/2000\/svg\" aria-hidden=\"true\" focusable=\"false\"><path d=\"M19,5H5c-1.1,0-2,.9-2,2v10c0,1.1.9,2,2,2h14c1.1,0,2-.9,2-2V7c0-1.1-.9-2-2-2zm.5,12c0,.3-.2.5-.5.5H5c-.3,0-.5-.2-.5-.5V9.8l7.5,5.6,7.5-5.6V17zm0-9.1L12,13.6,4.5,7.9V7c0-.3.2-.5.5-.5h14c.3,0,.5.2.5.5v.9z\"><\/path><\/svg><span class=\"wp-block-social-link-label screen-reader-text\">Mail<\/span><\/a><\/li>\n\n<li class=\"wp-social-link wp-social-link-chain  wp-block-social-link\"><a href=\"http:\/\/emilieparent.ca\" class=\"wp-block-social-link-anchor\"><svg width=\"24\" height=\"24\" viewBox=\"0 0 24 24\" version=\"1.1\" xmlns=\"http:\/\/www.w3.org\/2000\/svg\" aria-hidden=\"true\" focusable=\"false\"><path d=\"M15.6,7.2H14v1.5h1.6c2,0,3.7,1.7,3.7,3.7s-1.7,3.7-3.7,3.7H14v1.5h1.6c2.8,0,5.2-2.3,5.2-5.2,0-2.9-2.3-5.2-5.2-5.2zM4.7,12.4c0-2,1.7-3.7,3.7-3.7H10V7.2H8.4c-2.9,0-5.2,2.3-5.2,5.2,0,2.9,2.3,5.2,5.2,5.2H10v-1.5H8.4c-2,0-3.7-1.7-3.7-3.7zm4.6.9h5.3v-1.5H9.3v1.5z\"><\/path><\/svg><span class=\"wp-block-social-link-label screen-reader-text\">Link<\/span><\/a><\/li>\n\n<li class=\"wp-social-link wp-social-link-instagram  wp-block-social-link\"><a href=\"https:\/\/www.instagram.com\/emy.parent\/\" class=\"wp-block-social-link-anchor\"><svg width=\"24\" height=\"24\" viewBox=\"0 0 24 24\" version=\"1.1\" xmlns=\"http:\/\/www.w3.org\/2000\/svg\" aria-hidden=\"true\" focusable=\"false\"><path d=\"M12,4.622c2.403,0,2.688,0.009,3.637,0.052c0.877,0.04,1.354,0.187,1.671,0.31c0.42,0.163,0.72,0.358,1.035,0.673 c0.315,0.315,0.51,0.615,0.673,1.035c0.123,0.317,0.27,0.794,0.31,1.671c0.043,0.949,0.052,1.234,0.052,3.637 s-0.009,2.688-0.052,3.637c-0.04,0.877-0.187,1.354-0.31,1.671c-0.163,0.42-0.358,0.72-0.673,1.035 c-0.315,0.315-0.615,0.51-1.035,0.673c-0.317,0.123-0.794,0.27-1.671,0.31c-0.949,0.043-1.233,0.052-3.637,0.052 s-2.688-0.009-3.637-0.052c-0.877-0.04-1.354-0.187-1.671-0.31c-0.42-0.163-0.72-0.358-1.035-0.673 c-0.315-0.315-0.51-0.615-0.673-1.035c-0.123-0.317-0.27-0.794-0.31-1.671C4.631,14.688,4.622,14.403,4.622,12 s0.009-2.688,0.052-3.637c0.04-0.877,0.187-1.354,0.31-1.671c0.163-0.42,0.358-0.72,0.673-1.035 c0.315-0.315,0.615-0.51,1.035-0.673c0.317-0.123,0.794-0.27,1.671-0.31C9.312,4.631,9.597,4.622,12,4.622 M12,3 C9.556,3,9.249,3.01,8.289,3.054C7.331,3.098,6.677,3.25,6.105,3.472C5.513,3.702,5.011,4.01,4.511,4.511 c-0.5,0.5-0.808,1.002-1.038,1.594C3.25,6.677,3.098,7.331,3.054,8.289C3.01,9.249,3,9.556,3,12c0,2.444,0.01,2.751,0.054,3.711 c0.044,0.958,0.196,1.612,0.418,2.185c0.23,0.592,0.538,1.094,1.038,1.594c0.5,0.5,1.002,0.808,1.594,1.038 c0.572,0.222,1.227,0.375,2.185,0.418C9.249,20.99,9.556,21,12,21s2.751-0.01,3.711-0.054c0.958-0.044,1.612-0.196,2.185-0.418 c0.592-0.23,1.094-0.538,1.594-1.038c0.5-0.5,0.808-1.002,1.038-1.594c0.222-0.572,0.375-1.227,0.418-2.185 C20.99,14.751,21,14.444,21,12s-0.01-2.751-0.054-3.711c-0.044-0.958-0.196-1.612-0.418-2.185c-0.23-0.592-0.538-1.094-1.038-1.594 c-0.5-0.5-1.002-0.808-1.594-1.038c-0.572-0.222-1.227-0.375-2.185-0.418C14.751,3.01,14.444,3,12,3L12,3z M12,7.378 c-2.552,0-4.622,2.069-4.622,4.622S9.448,16.622,12,16.622s4.622-2.069,4.622-4.622S14.552,7.378,12,7.378z M12,15 c-1.657,0-3-1.343-3-3s1.343-3,3-3s3,1.343,3,3S13.657,15,12,15z M16.804,6.116c-0.596,0-1.08,0.484-1.08,1.08 s0.484,1.08,1.08,1.08c0.596,0,1.08-0.484,1.08-1.08S17.401,6.116,16.804,6.116z\"><\/path><\/svg><span class=\"wp-block-social-link-label screen-reader-text\">Instagram<\/span><\/a><\/li><\/ul>\n\n\n\n<p>Visitez l\u00e0 \u00e0 l&rsquo;atelier de Sonia Isabelle situ\u00e9 au  : <\/p>\n\n\n\n<p>988, chemin du Fleuve, Les C\u00e8dres, Qc J7T 1B6<\/p>\n<\/div><\/div>\n\n\n\n<div style=\"height:66px\" aria-hidden=\"true\" class=\"wp-block-spacer\"><\/div>\n\n\n\n<h2 class=\"wp-block-heading\">Biographie \/ d\u00e9marche<\/h2>\n\n\n\n<p>Emilie Parent, n\u00e9e \u00e0 Montr\u00e9al en 1985, d\u00e9veloppe tr\u00e8s t\u00f4t un int\u00e9r\u00eat marqu\u00e9 pour les arts. Apr\u00e8s des \u00e9tudes en infographie au Coll\u00e8ge Ahuntsic, elle poursuit une carri\u00e8re dans ce domaine tout en consacrant l\u2019essentiel de ses temps libres aux arts visuels. Au fil des ann\u00e9es, elle se tourne r\u00e9solument vers sa v\u00e9ritable passion\u202f: le dessin, qui devient le c\u0153ur de sa pratique.<\/p>\n\n\n\n<p>Depuis 2015, elle perfectionne l\u2019art du portrait, cherchant \u00e0 r\u00e9v\u00e9ler l\u2019authenticit\u00e9 des visages et \u00e0 mettre en lumi\u00e8re la dimension universelle des \u00e9motions humaines. En 2022, elle remporte le programme TRACE du Conseil des arts et de la culture de Vaudreuil\u2011Soulanges, marquant une \u00e9tape importante dans sa professionnalisation artistique.<\/p>\n\n\n\n<p>Sa d\u00e9marche repose sur une sensibilit\u00e9 profonde \u00e0 la beaut\u00e9 du monde\u202f: la r\u00e9silience de la nature, la richesse des \u00e9motions humaines, les d\u00e9tails souvent invisibles du quotidien et la m\u00e9moire port\u00e9e par les objets du patrimoine. \u00c0 travers divers m\u00e9diums, elle explore ces th\u00e8mes afin de cr\u00e9er des \u0153uvres qui invitent \u00e0 ressentir, \u00e0 observer autrement et \u00e0 reconna\u00eetre ce qui nous relie les uns aux autres.<\/p>\n\n\n\n<p><strong>D\u00e9marche<\/strong><\/p>\n\n\n\n<p>Au fil des derni\u00e8res ann\u00e9es, j\u2019ai pris le temps de revenir \u00e0 l\u2019essentiel\u202f: mes choix, mes objectifs, mon identit\u00e9. Ce cheminement m\u2019a r\u00e9v\u00e9l\u00e9 que ma plus grande force r\u00e9side dans ma capacit\u00e9 \u00e0 percevoir la beaut\u00e9 partout. Celle qui se manifeste dans la r\u00e9silience de la nature, dans l\u2019\u00e9ventail d\u2019\u00e9motions qui pousse l\u2019\u00eatre humain \u00e0 agir, dans les d\u00e9tails discrets des objets du quotidien que la plupart ne remarquent jamais, ou encore dans les souvenirs pr\u00e9cieux que portent certains \u00e9l\u00e9ments du patrimoine. \u00c0 travers mes \u0153uvres, je rends hommage \u00e0 tout cela \u2014 et \u00e0 bien plus encore.<\/p>\n\n\n\n<p>Curieuse et avide d\u2019exploration, je me laisse guider par une pluralit\u00e9 de m\u00e9diums. Du graphite au crayon de couleur, de l\u2019acrylique \u00e0 l\u2019aquarelle, chaque technique devient pour moi une nouvelle fa\u00e7on de d\u00e9couvrir, d\u2019exp\u00e9rimenter et de raconter. C\u2019est dans cette diversit\u00e9 que mon processus cr\u00e9atif s\u2019\u00e9panouit.<\/p>\n\n\n\n<div style=\"height:66px\" aria-hidden=\"true\" class=\"wp-block-spacer\"><\/div>\n\n\n\n<h2 class=\"wp-block-heading\"><strong>Un avant go\u00fbt de ses oeuvres<\/strong><\/h2>\n\n\n\n<figure class=\"wp-block-gallery has-nested-images columns-default is-cropped wp-block-gallery-1 is-layout-flex wp-block-gallery-is-layout-flex\">\n<figure class=\"wp-block-image size-large\"><img loading=\"lazy\" decoding=\"async\" width=\"755\" height=\"1024\" data-id=\"2724\" src=\"https:\/\/routedesartsvaudreuilsoulanges.com\/wp-content\/uploads\/2026\/05\/Parent2026-1-emilie-parent-755x1024.jpg\" alt=\"\" class=\"wp-image-2724\" srcset=\"https:\/\/routedesartsvaudreuilsoulanges.com\/wp-content\/uploads\/2026\/05\/Parent2026-1-emilie-parent-755x1024.jpg 755w, https:\/\/routedesartsvaudreuilsoulanges.com\/wp-content\/uploads\/2026\/05\/Parent2026-1-emilie-parent-221x300.jpg 221w, https:\/\/routedesartsvaudreuilsoulanges.com\/wp-content\/uploads\/2026\/05\/Parent2026-1-emilie-parent-768x1042.jpg 768w, https:\/\/routedesartsvaudreuilsoulanges.com\/wp-content\/uploads\/2026\/05\/Parent2026-1-emilie-parent-9x12.jpg 9w, https:\/\/routedesartsvaudreuilsoulanges.com\/wp-content\/uploads\/2026\/05\/Parent2026-1-emilie-parent.jpg 1106w\" sizes=\"auto, (max-width: 755px) 100vw, 755px\" \/><\/figure>\n\n\n\n<figure class=\"wp-block-image size-large\"><img loading=\"lazy\" decoding=\"async\" width=\"769\" height=\"1024\" data-id=\"2725\" src=\"https:\/\/routedesartsvaudreuilsoulanges.com\/wp-content\/uploads\/2026\/05\/Parent2026-2-emilie-parent-769x1024.jpg\" alt=\"\" class=\"wp-image-2725\" srcset=\"https:\/\/routedesartsvaudreuilsoulanges.com\/wp-content\/uploads\/2026\/05\/Parent2026-2-emilie-parent-769x1024.jpg 769w, https:\/\/routedesartsvaudreuilsoulanges.com\/wp-content\/uploads\/2026\/05\/Parent2026-2-emilie-parent-225x300.jpg 225w, https:\/\/routedesartsvaudreuilsoulanges.com\/wp-content\/uploads\/2026\/05\/Parent2026-2-emilie-parent-768x1023.jpg 768w, https:\/\/routedesartsvaudreuilsoulanges.com\/wp-content\/uploads\/2026\/05\/Parent2026-2-emilie-parent-9x12.jpg 9w, https:\/\/routedesartsvaudreuilsoulanges.com\/wp-content\/uploads\/2026\/05\/Parent2026-2-emilie-parent-480x640.jpg 480w, https:\/\/routedesartsvaudreuilsoulanges.com\/wp-content\/uploads\/2026\/05\/Parent2026-2-emilie-parent.jpg 1126w\" sizes=\"auto, (max-width: 769px) 100vw, 769px\" \/><\/figure>\n\n\n\n<figure class=\"wp-block-image size-large\"><img loading=\"lazy\" decoding=\"async\" width=\"915\" height=\"1024\" data-id=\"2728\" src=\"https:\/\/routedesartsvaudreuilsoulanges.com\/wp-content\/uploads\/2026\/05\/Parent2026-5-emilie-parent-915x1024.jpg\" alt=\"\" class=\"wp-image-2728\" srcset=\"https:\/\/routedesartsvaudreuilsoulanges.com\/wp-content\/uploads\/2026\/05\/Parent2026-5-emilie-parent-915x1024.jpg 915w, https:\/\/routedesartsvaudreuilsoulanges.com\/wp-content\/uploads\/2026\/05\/Parent2026-5-emilie-parent-268x300.jpg 268w, https:\/\/routedesartsvaudreuilsoulanges.com\/wp-content\/uploads\/2026\/05\/Parent2026-5-emilie-parent-768x860.jpg 768w, https:\/\/routedesartsvaudreuilsoulanges.com\/wp-content\/uploads\/2026\/05\/Parent2026-5-emilie-parent-11x12.jpg 11w, https:\/\/routedesartsvaudreuilsoulanges.com\/wp-content\/uploads\/2026\/05\/Parent2026-5-emilie-parent.jpg 1340w\" sizes=\"auto, (max-width: 915px) 100vw, 915px\" \/><\/figure>\n\n\n\n<figure class=\"wp-block-image size-large\"><img loading=\"lazy\" decoding=\"async\" width=\"1024\" height=\"699\" data-id=\"2727\" src=\"https:\/\/routedesartsvaudreuilsoulanges.com\/wp-content\/uploads\/2026\/05\/Parent2026-4-emilie-parent-1024x699.jpg\" alt=\"\" class=\"wp-image-2727\" srcset=\"https:\/\/routedesartsvaudreuilsoulanges.com\/wp-content\/uploads\/2026\/05\/Parent2026-4-emilie-parent-1024x699.jpg 1024w, https:\/\/routedesartsvaudreuilsoulanges.com\/wp-content\/uploads\/2026\/05\/Parent2026-4-emilie-parent-300x205.jpg 300w, https:\/\/routedesartsvaudreuilsoulanges.com\/wp-content\/uploads\/2026\/05\/Parent2026-4-emilie-parent-768x524.jpg 768w, https:\/\/routedesartsvaudreuilsoulanges.com\/wp-content\/uploads\/2026\/05\/Parent2026-4-emilie-parent-18x12.jpg 18w, https:\/\/routedesartsvaudreuilsoulanges.com\/wp-content\/uploads\/2026\/05\/Parent2026-4-emilie-parent.jpg 1500w\" sizes=\"auto, (max-width: 1024px) 100vw, 1024px\" \/><\/figure>\n\n\n\n<figure class=\"wp-block-image size-large\"><img loading=\"lazy\" decoding=\"async\" width=\"1024\" height=\"755\" data-id=\"2726\" src=\"https:\/\/routedesartsvaudreuilsoulanges.com\/wp-content\/uploads\/2026\/05\/Parent2026-3-emilie-parent-1024x755.jpg\" alt=\"\" class=\"wp-image-2726\" srcset=\"https:\/\/routedesartsvaudreuilsoulanges.com\/wp-content\/uploads\/2026\/05\/Parent2026-3-emilie-parent-1024x755.jpg 1024w, https:\/\/routedesartsvaudreuilsoulanges.com\/wp-content\/uploads\/2026\/05\/Parent2026-3-emilie-parent-300x221.jpg 300w, https:\/\/routedesartsvaudreuilsoulanges.com\/wp-content\/uploads\/2026\/05\/Parent2026-3-emilie-parent-768x566.jpg 768w, https:\/\/routedesartsvaudreuilsoulanges.com\/wp-content\/uploads\/2026\/05\/Parent2026-3-emilie-parent-16x12.jpg 16w, https:\/\/routedesartsvaudreuilsoulanges.com\/wp-content\/uploads\/2026\/05\/Parent2026-3-emilie-parent.jpg 1500w\" sizes=\"auto, (max-width: 1024px) 100vw, 1024px\" \/><\/figure>\n<\/figure>\n","protected":false},"excerpt":{"rendered":"<p>Biographie \/ d\u00e9marche Emilie Parent, n\u00e9e \u00e0 Montr\u00e9al en 1985, d\u00e9veloppe tr\u00e8s t\u00f4t un int\u00e9r\u00eat marqu\u00e9 pour les arts. Apr\u00e8s des \u00e9tudes en infographie au Coll\u00e8ge Ahuntsic, elle poursuit une carri\u00e8re dans ce domaine tout en consacrant l\u2019essentiel de ses temps libres aux arts visuels. Au fil des ann\u00e9es, elle se tourne r\u00e9solument vers sa [&hellip;]<\/p>\n","protected":false},"author":1,"featured_media":0,"parent":0,"menu_order":0,"comment_status":"closed","ping_status":"closed","template":"","meta":{"footnotes":""},"class_list":["post-2800","page","type-page","status-publish","hentry"],"_links":{"self":[{"href":"https:\/\/routedesartsvaudreuilsoulanges.com\/fr\/wp-json\/wp\/v2\/pages\/2800","targetHints":{"allow":["GET"]}}],"collection":[{"href":"https:\/\/routedesartsvaudreuilsoulanges.com\/fr\/wp-json\/wp\/v2\/pages"}],"about":[{"href":"https:\/\/routedesartsvaudreuilsoulanges.com\/fr\/wp-json\/wp\/v2\/types\/page"}],"author":[{"embeddable":true,"href":"https:\/\/routedesartsvaudreuilsoulanges.com\/fr\/wp-json\/wp\/v2\/users\/1"}],"replies":[{"embeddable":true,"href":"https:\/\/routedesartsvaudreuilsoulanges.com\/fr\/wp-json\/wp\/v2\/comments?post=2800"}],"version-history":[{"count":2,"href":"https:\/\/routedesartsvaudreuilsoulanges.com\/fr\/wp-json\/wp\/v2\/pages\/2800\/revisions"}],"predecessor-version":[{"id":2833,"href":"https:\/\/routedesartsvaudreuilsoulanges.com\/fr\/wp-json\/wp\/v2\/pages\/2800\/revisions\/2833"}],"wp:attachment":[{"href":"https:\/\/routedesartsvaudreuilsoulanges.com\/fr\/wp-json\/wp\/v2\/media?parent=2800"}],"curies":[{"name":"wp","href":"https:\/\/api.w.org\/{rel}","templated":true}]}}