{"id":2806,"date":"2026-05-05T11:20:08","date_gmt":"2026-05-05T16:20:08","guid":{"rendered":"https:\/\/routedesartsvaudreuilsoulanges.com\/?page_id=2806"},"modified":"2026-05-05T11:20:08","modified_gmt":"2026-05-05T16:20:08","slug":"2026-sarah-robinson","status":"publish","type":"page","link":"https:\/\/routedesartsvaudreuilsoulanges.com\/fr\/2026-sarah-robinson\/","title":{"rendered":"2026 Sarah Robinson"},"content":{"rendered":"\n<div class=\"wp-block-media-text is-stacked-on-mobile\"><figure class=\"wp-block-media-text__media\"><img loading=\"lazy\" decoding=\"async\" width=\"735\" height=\"1024\" src=\"https:\/\/routedesartsvaudreuilsoulanges.com\/wp-content\/uploads\/2026\/05\/Sarah-Robinson-Sarah-Robinson-735x1024.jpg\" alt=\"\" class=\"wp-image-2741 size-full\" srcset=\"https:\/\/routedesartsvaudreuilsoulanges.com\/wp-content\/uploads\/2026\/05\/Sarah-Robinson-Sarah-Robinson-735x1024.jpg 735w, https:\/\/routedesartsvaudreuilsoulanges.com\/wp-content\/uploads\/2026\/05\/Sarah-Robinson-Sarah-Robinson-215x300.jpg 215w, https:\/\/routedesartsvaudreuilsoulanges.com\/wp-content\/uploads\/2026\/05\/Sarah-Robinson-Sarah-Robinson-768x1071.jpg 768w, https:\/\/routedesartsvaudreuilsoulanges.com\/wp-content\/uploads\/2026\/05\/Sarah-Robinson-Sarah-Robinson-9x12.jpg 9w, https:\/\/routedesartsvaudreuilsoulanges.com\/wp-content\/uploads\/2026\/05\/Sarah-Robinson-Sarah-Robinson.jpg 1076w\" sizes=\"auto, (max-width: 735px) 100vw, 735px\" \/><\/figure><div class=\"wp-block-media-text__content\">\n<h2 class=\"wp-block-heading\">Sarah Robinson<\/h2>\n\n\n\n<h4 class=\"wp-block-heading\"><strong>Artistic field :\u00a0<strong>Visual arts, Publisher<\/strong><\/strong><\/h4>\n\n\n\n<ul class=\"wp-block-social-links is-layout-flex wp-block-social-links-is-layout-flex\"><li class=\"wp-social-link wp-social-link-mail  wp-block-social-link\"><a href=\"mailto:p&#097;&#100;dleho&#109;e&#064;&#098;&#101;&#108;&#108;.n&#101;&#116;\" class=\"wp-block-social-link-anchor\"><svg width=\"24\" height=\"24\" viewBox=\"0 0 24 24\" version=\"1.1\" xmlns=\"http:\/\/www.w3.org\/2000\/svg\" aria-hidden=\"true\" focusable=\"false\"><path d=\"M19,5H5c-1.1,0-2,.9-2,2v10c0,1.1.9,2,2,2h14c1.1,0,2-.9,2-2V7c0-1.1-.9-2-2-2zm.5,12c0,.3-.2.5-.5.5H5c-.3,0-.5-.2-.5-.5V9.8l7.5,5.6,7.5-5.6V17zm0-9.1L12,13.6,4.5,7.9V7c0-.3.2-.5.5-.5h14c.3,0,.5.2.5.5v.9z\"><\/path><\/svg><span class=\"wp-block-social-link-label screen-reader-text\">Mail<\/span><\/a><\/li>\n\n<li class=\"wp-social-link wp-social-link-chain  wp-block-social-link\"><a href=\"https:\/\/www.cornerstudio.ca\" class=\"wp-block-social-link-anchor\"><svg width=\"24\" height=\"24\" viewBox=\"0 0 24 24\" version=\"1.1\" xmlns=\"http:\/\/www.w3.org\/2000\/svg\" aria-hidden=\"true\" focusable=\"false\"><path d=\"M15.6,7.2H14v1.5h1.6c2,0,3.7,1.7,3.7,3.7s-1.7,3.7-3.7,3.7H14v1.5h1.6c2.8,0,5.2-2.3,5.2-5.2,0-2.9-2.3-5.2-5.2-5.2zM4.7,12.4c0-2,1.7-3.7,3.7-3.7H10V7.2H8.4c-2.9,0-5.2,2.3-5.2,5.2,0,2.9,2.3,5.2,5.2,5.2H10v-1.5H8.4c-2,0-3.7-1.7-3.7-3.7zm4.6.9h5.3v-1.5H9.3v1.5z\"><\/path><\/svg><span class=\"wp-block-social-link-label screen-reader-text\">Link<\/span><\/a><\/li>\n\n<li class=\"wp-social-link wp-social-link-facebook  wp-block-social-link\"><a href=\"https:\/\/www.facebook.com\/share\/1C3wjG1XaS\/?mibextid=wwXIfr%20@cornerstudio.27\" class=\"wp-block-social-link-anchor\"><svg width=\"24\" height=\"24\" viewBox=\"0 0 24 24\" version=\"1.1\" xmlns=\"http:\/\/www.w3.org\/2000\/svg\" aria-hidden=\"true\" focusable=\"false\"><path d=\"M12 2C6.5 2 2 6.5 2 12c0 5 3.7 9.1 8.4 9.9v-7H7.9V12h2.5V9.8c0-2.5 1.5-3.9 3.8-3.9 1.1 0 2.2.2 2.2.2v2.5h-1.3c-1.2 0-1.6.8-1.6 1.6V12h2.8l-.4 2.9h-2.3v7C18.3 21.1 22 17 22 12c0-5.5-4.5-10-10-10z\"><\/path><\/svg><span class=\"wp-block-social-link-label screen-reader-text\">Facebook<\/span><\/a><\/li>\n\n<li class=\"wp-social-link wp-social-link-chain  wp-block-social-link\"><a href=\"https:\/\/substack.com\/@sarahcornerstudio\" class=\"wp-block-social-link-anchor\"><svg width=\"24\" height=\"24\" viewBox=\"0 0 24 24\" version=\"1.1\" xmlns=\"http:\/\/www.w3.org\/2000\/svg\" aria-hidden=\"true\" focusable=\"false\"><path d=\"M15.6,7.2H14v1.5h1.6c2,0,3.7,1.7,3.7,3.7s-1.7,3.7-3.7,3.7H14v1.5h1.6c2.8,0,5.2-2.3,5.2-5.2,0-2.9-2.3-5.2-5.2-5.2zM4.7,12.4c0-2,1.7-3.7,3.7-3.7H10V7.2H8.4c-2.9,0-5.2,2.3-5.2,5.2,0,2.9,2.3,5.2,5.2,5.2H10v-1.5H8.4c-2,0-3.7-1.7-3.7-3.7zm4.6.9h5.3v-1.5H9.3v1.5z\"><\/path><\/svg><span class=\"wp-block-social-link-label screen-reader-text\">Link<\/span><\/a><\/li><\/ul>\n\n\n\n<p>Visit her at her studio :<\/p>\n\n\n\n<p>421 boul. Perrot, L\u2019Ile-Perrot QC. J7V 3G9<\/p>\n<\/div><\/div>\n\n\n\n<div style=\"height:66px\" aria-hidden=\"true\" class=\"wp-block-spacer\"><\/div>\n\n\n\n<h2 class=\"wp-block-heading\">Biography \/ approach<\/h2>\n\n\n\n<p>J&rsquo;ai \u00e9tudi\u00e9 l&rsquo;administration des arts cr\u00e9atifs au Fleming College, 1981-83. Acad\u00e9mie des Arts (Montr\u00e9al) 1983-86. \u00c9tudes sur les m\u00e9dias imprim\u00e9s (Intaglio, s\u00e9rigraphie, lithographie, num\u00e9rique) \u00e0 l&rsquo;Universit\u00e9 Concordia, 2011-2016. Ont suivi et donn\u00e9 plusieurs ateliers. R\u00e9sidence d&rsquo;artistes Pontiac, Melanie Matthews, David Sharpe.<\/p>\n\n\n\n<p><em>Studied Creative Arts Administration at Fleming College, 1981-83. Acad\u00e9mie des Arts (Montr\u00e9al) 1983-86. Print Media studies (Intaglio, screen print, litho, digital) at Concordia University, 2011-2016. Have taken and given several workshops. Pontiac Artists\u2019 Residency, Melanie Matthews, David Sharpe.<\/em><\/p>\n\n\n\n<p><strong>D\u00e9marche<\/strong><\/p>\n\n\n\n<p>En tant qu&rsquo;artiste multidisciplinaire, je travaille avec le paysage ; des espaces verts, parfois n\u00e9glig\u00e9s, qui ont r\u00e9sonn\u00e9 en moi. Un lien solide \u00e0 vie avec un lac d&rsquo;acc\u00e8s \u00e0 l&rsquo;eau dans les Laurentiens a eu le plus d&rsquo;impact sur qui je suis en tant qu&rsquo;artiste.<\/p>\n\n\n\n<p>2025 m&rsquo;a donn\u00e9 l&rsquo;occasion de voyager en train jusqu&rsquo;\u00e0 Vancouver tout en peignant mon chemin, puis sur Victoria et jusqu&rsquo;\u00e0 Ucluelet. Les photographies de ce voyage sont une nouvelle inspiration \u00e0 travailler dans des peintures et des gravures.<\/p>\n\n\n\n<p><em>As a multidisciplinary artist, I work with landscape; green spaces, sometimes overlooked, that have resonated with me. A strong lifetime connection with a water-access lake in the Laurentians has had the most impact on who I am as an artist.<\/em><\/p>\n\n\n\n<p><em>2025 gave me the opportunity to travel by train to Vancouver while painting my way, then onto Victoria &amp; up to Ucluelet. Photographs from this trip are new inspiration to be worked into paintings and etchings.<\/em><\/p>\n\n\n\n<div style=\"height:66px\" aria-hidden=\"true\" class=\"wp-block-spacer\"><\/div>\n\n\n\n<h2 class=\"wp-block-heading\"><strong>A preview of her work<\/strong><\/h2>\n\n\n\n<figure class=\"wp-block-gallery has-nested-images columns-default is-cropped wp-block-gallery-1 is-layout-flex wp-block-gallery-is-layout-flex\">\n<figure class=\"wp-block-image size-large\"><img loading=\"lazy\" decoding=\"async\" width=\"1024\" height=\"1021\" data-id=\"2740\" src=\"https:\/\/routedesartsvaudreuilsoulanges.com\/wp-content\/uploads\/2026\/05\/Robinson2026-5-Sarah-Robinson-1024x1021.jpg\" alt=\"\" class=\"wp-image-2740\" srcset=\"https:\/\/routedesartsvaudreuilsoulanges.com\/wp-content\/uploads\/2026\/05\/Robinson2026-5-Sarah-Robinson-1024x1021.jpg 1024w, https:\/\/routedesartsvaudreuilsoulanges.com\/wp-content\/uploads\/2026\/05\/Robinson2026-5-Sarah-Robinson-300x300.jpg 300w, https:\/\/routedesartsvaudreuilsoulanges.com\/wp-content\/uploads\/2026\/05\/Robinson2026-5-Sarah-Robinson-150x150.jpg 150w, https:\/\/routedesartsvaudreuilsoulanges.com\/wp-content\/uploads\/2026\/05\/Robinson2026-5-Sarah-Robinson-768x766.jpg 768w, https:\/\/routedesartsvaudreuilsoulanges.com\/wp-content\/uploads\/2026\/05\/Robinson2026-5-Sarah-Robinson-12x12.jpg 12w, https:\/\/routedesartsvaudreuilsoulanges.com\/wp-content\/uploads\/2026\/05\/Robinson2026-5-Sarah-Robinson.jpg 1500w\" sizes=\"auto, (max-width: 1024px) 100vw, 1024px\" \/><\/figure>\n\n\n\n<figure class=\"wp-block-image size-large\"><img loading=\"lazy\" decoding=\"async\" width=\"1013\" height=\"1024\" data-id=\"2739\" src=\"https:\/\/routedesartsvaudreuilsoulanges.com\/wp-content\/uploads\/2026\/05\/Robinson2026-4-Sarah-Robinson-1013x1024.jpg\" alt=\"\" class=\"wp-image-2739\" srcset=\"https:\/\/routedesartsvaudreuilsoulanges.com\/wp-content\/uploads\/2026\/05\/Robinson2026-4-Sarah-Robinson-1013x1024.jpg 1013w, https:\/\/routedesartsvaudreuilsoulanges.com\/wp-content\/uploads\/2026\/05\/Robinson2026-4-Sarah-Robinson-297x300.jpg 297w, https:\/\/routedesartsvaudreuilsoulanges.com\/wp-content\/uploads\/2026\/05\/Robinson2026-4-Sarah-Robinson-768x776.jpg 768w, https:\/\/routedesartsvaudreuilsoulanges.com\/wp-content\/uploads\/2026\/05\/Robinson2026-4-Sarah-Robinson-12x12.jpg 12w, https:\/\/routedesartsvaudreuilsoulanges.com\/wp-content\/uploads\/2026\/05\/Robinson2026-4-Sarah-Robinson.jpg 1484w\" sizes=\"auto, (max-width: 1013px) 100vw, 1013px\" \/><\/figure>\n\n\n\n<figure class=\"wp-block-image size-large\"><img loading=\"lazy\" decoding=\"async\" width=\"1020\" height=\"1024\" data-id=\"2738\" src=\"https:\/\/routedesartsvaudreuilsoulanges.com\/wp-content\/uploads\/2026\/05\/Robinson2026-3-Sarah-Robinson-1020x1024.jpg\" alt=\"\" class=\"wp-image-2738\" srcset=\"https:\/\/routedesartsvaudreuilsoulanges.com\/wp-content\/uploads\/2026\/05\/Robinson2026-3-Sarah-Robinson-1020x1024.jpg 1020w, https:\/\/routedesartsvaudreuilsoulanges.com\/wp-content\/uploads\/2026\/05\/Robinson2026-3-Sarah-Robinson-300x300.jpg 300w, https:\/\/routedesartsvaudreuilsoulanges.com\/wp-content\/uploads\/2026\/05\/Robinson2026-3-Sarah-Robinson-150x150.jpg 150w, https:\/\/routedesartsvaudreuilsoulanges.com\/wp-content\/uploads\/2026\/05\/Robinson2026-3-Sarah-Robinson-768x771.jpg 768w, https:\/\/routedesartsvaudreuilsoulanges.com\/wp-content\/uploads\/2026\/05\/Robinson2026-3-Sarah-Robinson-12x12.jpg 12w, https:\/\/routedesartsvaudreuilsoulanges.com\/wp-content\/uploads\/2026\/05\/Robinson2026-3-Sarah-Robinson.jpg 1500w\" sizes=\"auto, (max-width: 1020px) 100vw, 1020px\" \/><\/figure>\n\n\n\n<figure class=\"wp-block-image size-large\"><img loading=\"lazy\" decoding=\"async\" width=\"1024\" height=\"1021\" data-id=\"2736\" src=\"https:\/\/routedesartsvaudreuilsoulanges.com\/wp-content\/uploads\/2026\/05\/Robinson2026-1-Sarah-Robinson-1024x1021.jpg\" alt=\"\" class=\"wp-image-2736\" srcset=\"https:\/\/routedesartsvaudreuilsoulanges.com\/wp-content\/uploads\/2026\/05\/Robinson2026-1-Sarah-Robinson-1024x1021.jpg 1024w, https:\/\/routedesartsvaudreuilsoulanges.com\/wp-content\/uploads\/2026\/05\/Robinson2026-1-Sarah-Robinson-300x300.jpg 300w, https:\/\/routedesartsvaudreuilsoulanges.com\/wp-content\/uploads\/2026\/05\/Robinson2026-1-Sarah-Robinson-150x150.jpg 150w, https:\/\/routedesartsvaudreuilsoulanges.com\/wp-content\/uploads\/2026\/05\/Robinson2026-1-Sarah-Robinson-768x766.jpg 768w, https:\/\/routedesartsvaudreuilsoulanges.com\/wp-content\/uploads\/2026\/05\/Robinson2026-1-Sarah-Robinson-12x12.jpg 12w, https:\/\/routedesartsvaudreuilsoulanges.com\/wp-content\/uploads\/2026\/05\/Robinson2026-1-Sarah-Robinson.jpg 1504w\" sizes=\"auto, (max-width: 1024px) 100vw, 1024px\" \/><\/figure>\n\n\n\n<figure class=\"wp-block-image size-large\"><img loading=\"lazy\" decoding=\"async\" width=\"1008\" height=\"1024\" data-id=\"2737\" src=\"https:\/\/routedesartsvaudreuilsoulanges.com\/wp-content\/uploads\/2026\/05\/Robinson2026-2-Sarah-Robinson-1008x1024.jpg\" alt=\"\" class=\"wp-image-2737\" srcset=\"https:\/\/routedesartsvaudreuilsoulanges.com\/wp-content\/uploads\/2026\/05\/Robinson2026-2-Sarah-Robinson-1008x1024.jpg 1008w, https:\/\/routedesartsvaudreuilsoulanges.com\/wp-content\/uploads\/2026\/05\/Robinson2026-2-Sarah-Robinson-295x300.jpg 295w, https:\/\/routedesartsvaudreuilsoulanges.com\/wp-content\/uploads\/2026\/05\/Robinson2026-2-Sarah-Robinson-768x780.jpg 768w, https:\/\/routedesartsvaudreuilsoulanges.com\/wp-content\/uploads\/2026\/05\/Robinson2026-2-Sarah-Robinson-12x12.jpg 12w, https:\/\/routedesartsvaudreuilsoulanges.com\/wp-content\/uploads\/2026\/05\/Robinson2026-2-Sarah-Robinson.jpg 1476w\" sizes=\"auto, (max-width: 1008px) 100vw, 1008px\" \/><\/figure>\n<\/figure>\n","protected":false},"excerpt":{"rendered":"<p>Biography \/ approach J&rsquo;ai \u00e9tudi\u00e9 l&rsquo;administration des arts cr\u00e9atifs au Fleming College, 1981-83. Acad\u00e9mie des Arts (Montr\u00e9al) 1983-86. \u00c9tudes sur les m\u00e9dias imprim\u00e9s (Intaglio, s\u00e9rigraphie, lithographie, num\u00e9rique) \u00e0 l&rsquo;Universit\u00e9 Concordia, 2011-2016. Ont suivi et donn\u00e9 plusieurs ateliers. R\u00e9sidence d&rsquo;artistes Pontiac, Melanie Matthews, David Sharpe. Studied Creative Arts Administration at Fleming College, 1981-83. Acad\u00e9mie des Arts [&hellip;]<\/p>\n","protected":false},"author":1,"featured_media":0,"parent":0,"menu_order":0,"comment_status":"closed","ping_status":"closed","template":"","meta":{"footnotes":""},"class_list":["post-2806","page","type-page","status-publish","hentry"],"_links":{"self":[{"href":"https:\/\/routedesartsvaudreuilsoulanges.com\/fr\/wp-json\/wp\/v2\/pages\/2806","targetHints":{"allow":["GET"]}}],"collection":[{"href":"https:\/\/routedesartsvaudreuilsoulanges.com\/fr\/wp-json\/wp\/v2\/pages"}],"about":[{"href":"https:\/\/routedesartsvaudreuilsoulanges.com\/fr\/wp-json\/wp\/v2\/types\/page"}],"author":[{"embeddable":true,"href":"https:\/\/routedesartsvaudreuilsoulanges.com\/fr\/wp-json\/wp\/v2\/users\/1"}],"replies":[{"embeddable":true,"href":"https:\/\/routedesartsvaudreuilsoulanges.com\/fr\/wp-json\/wp\/v2\/comments?post=2806"}],"version-history":[{"count":1,"href":"https:\/\/routedesartsvaudreuilsoulanges.com\/fr\/wp-json\/wp\/v2\/pages\/2806\/revisions"}],"predecessor-version":[{"id":2807,"href":"https:\/\/routedesartsvaudreuilsoulanges.com\/fr\/wp-json\/wp\/v2\/pages\/2806\/revisions\/2807"}],"wp:attachment":[{"href":"https:\/\/routedesartsvaudreuilsoulanges.com\/fr\/wp-json\/wp\/v2\/media?parent=2806"}],"curies":[{"name":"wp","href":"https:\/\/api.w.org\/{rel}","templated":true}]}}